{"id":107,"date":"2015-11-30T14:09:00","date_gmt":"2015-11-30T13:09:00","guid":{"rendered":"https:\/\/ongd.lgs.lu\/?page_id=107"},"modified":"2023-02-14T13:52:56","modified_gmt":"2023-02-14T12:52:56","slug":"aje","status":"publish","type":"page","link":"https:\/\/ongd.lgs.lu\/fr\/projeten\/senegal\/aje\/","title":{"rendered":"Projet d\u2019atelier \u00e9cole 2015-2017"},"content":{"rendered":"<strong>Apprentissage traditionnel r\u00e9nov\u00e9 dans les ateliers d\u2019artisans \u00e0 Thi\u00e8s<\/strong><\/p>\n<p>Le secteur de l\u2019artisanat dans la r\u00e9gion de Thi\u00e8s est tr\u00e8s d\u00e9velopp\u00e9. Cependant, malgr\u00e9 des efforts de structuration faits par le gouvernement S\u00e9n\u00e9galais, le secteur reste principalement informel tout comme l\u2019apprentissage des m\u00e9tiers qu\u2019il r\u00e9unit.<\/p>\n<p>Les formations professionnelles pour les jeunes dans les ateliers ne sont souvent pas organis\u00e9es ni contr\u00f4l\u00e9es par les autorit\u00e9s comp\u00e9tentes. Ceci signifie que les jeunes apprentis n\u2019ont pas de cursus d\u2019apprentissage\u00a0: ils sont d\u00e9pendants des capacit\u00e9s p\u00e9dagogiques et de la bonne volont\u00e9 des ma\u00eetres qui n\u2019ont re\u00e7u aucune formation ni aucun encadrement pour leur t\u00e2che en tant qu\u2019\u00e9ducateurs. En d\u00e9coule une formation exclusivement pratique sans possibilit\u00e9s de certification pour les jeunes. Cependant, l\u2019Etat fait des efforts pour r\u00e9nover ce mode d\u2019apprentissage en incitant fortement les ma\u00eetres \u00e0 suivre un cursus et des objectifs d\u00e9finis pour que les jeunes apprennent de fa\u00e7on plus efficace, ce qui est important dans le monde d\u2019aujourd\u2019hui o\u00f9 l\u2019\u00e9ducation formelle et la certification deviennent de plus en plus importantes.<\/p>\n<p><strong>Partenaire local<\/strong><\/p>\n<p>Action Jeunesse et Environnement (AJE)<\/p>\n<p><strong>Objectif<\/strong><\/p>\n<p>AJE souhaite appuyer les jeunes apprentis et les ma\u00eetres artisans dans le processus d\u2019apprentissage d\u2019un m\u00e9tier (menuiserie bois et m\u00e9tallique, couture, coiffure, m\u00e9canique, transformation de fruits et l\u00e9gumes). Dans ce but, AJE organise des formations pour les ma\u00eetres artisans et les apprentis sur les m\u00e9thodes d\u2019apprentissage, les cursus officiels de l\u2019Etat, met en place des modules techniques, des syst\u00e8mes de suivi et appuie les apprentis dans le processus de certification de leur apprentissage. De plus, des formations en alphab\u00e9tisation et lettrisme num\u00e9rique sont mises en place pour que les b\u00e9n\u00e9ficiaires apprennent \u00e0 lire, \u00e0 \u00e9crire et \u00e0 se servir des nouvelles technologies.<\/p>\n<p><strong>Activit\u00e9s<\/strong><\/p>\n<p>Sur les trois ans (2015-2017), le projet va :<\/p>\n<ul>\n<li>Dispenser des sessions de formation technique sur les m\u00e9tiers choisis (menuiserie m\u00e9tallique, menuiserie bois, m\u00e9canique, couture, transformations de fruits et l\u00e9gumes, restauration).<\/li>\n<li>Dispenser des cours en alphab\u00e9tisation et en lettrisme num\u00e9rique pour les jeunes apprentis<\/li>\n<li>Organiser des ateliers de formation des Ma\u00eetres artisans.<\/li>\n<li>Sensibiliser et signer des contrats avec les ma\u00eetres artisans pour qu\u2019ils s\u2019engagent \u00e0 fournir une meilleure formation pour les jeunes.<\/li>\n<li>Renforcer l\u2019\u00e9quipement et le fonctionnement de la <em>Maison des M\u00e9tiers des Jeunes<\/em> \u00e0 Thi\u00e8s. Cette Maison des M\u00e9tiers a \u00e9t\u00e9 construite par AJE dans le but de mettre en r\u00e9seau les acteurs du secteur de l\u2019artisanat pour qu\u2019ils puissent \u00e9changer et se renforcer. C\u2019est aussi un espace disponible pour des formations et des rencontres.<\/li>\n<li>Renforcer les capacit\u00e9s de l\u2019\u00e9quipe d\u2019appui.<\/li>\n<\/ul>\n<p><strong>Dur\u00e9e:<\/strong> 3 ans\u00a0: 2015-2016-2017<\/p>\n<p><strong>Budget total\u00a0:<\/strong> 154 056 \u20ac<\/p>\n<p>Budgets annuels\u00a0:<\/p>\n<ul>\n<li>2015: 54 056 \u20ac<\/li>\n<li>2016: 50 000 \u20ac<\/li>\n<li>2017: 50 000 \u20ac<\/li>\n<\/ul>\n<p><strong>B\u00e9n\u00e9ficiaires\u00a0:<\/strong> 300 jeunes apprentis de Thi\u00e8s et leurs ma\u00eetres<\/p>\n<div id='gallery-2' class='gallery galleryid-107 gallery-columns-3 gallery-size-thumbnail'><figure class='gallery-item'>\n\t\t\t<div class='gallery-icon landscape'>\n\t\t\t\t<a data-lightbox=\"gallery\" href='https:\/\/ongd.lgs.lu\/wp-content\/uploads\/sites\/15\/2015\/11\/Thies-01.jpg'><img loading=\"lazy\" decoding=\"async\" width=\"150\" height=\"150\" src=\"https:\/\/ongd.lgs.lu\/wp-content\/uploads\/sites\/15\/2015\/11\/Thies-01-150x150.jpg\" class=\"attachment-thumbnail size-thumbnail\" alt=\"\" srcset=\"https:\/\/ongd.lgs.lu\/wp-content\/uploads\/sites\/15\/2015\/11\/Thies-01-150x150.jpg 150w, https:\/\/ongd.lgs.lu\/wp-content\/uploads\/sites\/15\/2015\/11\/Thies-01-125x125.jpg 125w\" sizes=\"auto, (max-width: 150px) 100vw, 150px\" \/><\/a>\n\t\t\t<\/div><\/figure><figure class='gallery-item'>\n\t\t\t<div class='gallery-icon landscape'>\n\t\t\t\t<a data-lightbox=\"gallery\" href='https:\/\/ongd.lgs.lu\/wp-content\/uploads\/sites\/15\/2015\/11\/Thies-02.jpg'><img loading=\"lazy\" decoding=\"async\" width=\"150\" height=\"150\" src=\"https:\/\/ongd.lgs.lu\/wp-content\/uploads\/sites\/15\/2015\/11\/Thies-02-150x150.jpg\" class=\"attachment-thumbnail size-thumbnail\" alt=\"\" srcset=\"https:\/\/ongd.lgs.lu\/wp-content\/uploads\/sites\/15\/2015\/11\/Thies-02-150x150.jpg 150w, https:\/\/ongd.lgs.lu\/wp-content\/uploads\/sites\/15\/2015\/11\/Thies-02-125x125.jpg 125w\" sizes=\"auto, (max-width: 150px) 100vw, 150px\" \/><\/a>\n\t\t\t<\/div><\/figure><figure class='gallery-item'>\n\t\t\t<div class='gallery-icon landscape'>\n\t\t\t\t<a data-lightbox=\"gallery\" href='https:\/\/ongd.lgs.lu\/wp-content\/uploads\/sites\/15\/2015\/11\/Thies-03.jpg'><img loading=\"lazy\" decoding=\"async\" width=\"150\" height=\"150\" src=\"https:\/\/ongd.lgs.lu\/wp-content\/uploads\/sites\/15\/2015\/11\/Thies-03-150x150.jpg\" class=\"attachment-thumbnail size-thumbnail\" alt=\"\" srcset=\"https:\/\/ongd.lgs.lu\/wp-content\/uploads\/sites\/15\/2015\/11\/Thies-03-150x150.jpg 150w, https:\/\/ongd.lgs.lu\/wp-content\/uploads\/sites\/15\/2015\/11\/Thies-03-125x125.jpg 125w\" sizes=\"auto, (max-width: 150px) 100vw, 150px\" \/><\/a>\n\t\t\t<\/div><\/figure><figure class='gallery-item'>\n\t\t\t<div class='gallery-icon landscape'>\n\t\t\t\t<a data-lightbox=\"gallery\" href='https:\/\/ongd.lgs.lu\/wp-content\/uploads\/sites\/15\/2015\/11\/Thies-04.jpg'><img loading=\"lazy\" decoding=\"async\" width=\"150\" height=\"150\" src=\"https:\/\/ongd.lgs.lu\/wp-content\/uploads\/sites\/15\/2015\/11\/Thies-04-150x150.jpg\" class=\"attachment-thumbnail size-thumbnail\" alt=\"\" srcset=\"https:\/\/ongd.lgs.lu\/wp-content\/uploads\/sites\/15\/2015\/11\/Thies-04-150x150.jpg 150w, https:\/\/ongd.lgs.lu\/wp-content\/uploads\/sites\/15\/2015\/11\/Thies-04-125x125.jpg 125w\" sizes=\"auto, (max-width: 150px) 100vw, 150px\" \/><\/a>\n\t\t\t<\/div><\/figure><figure class='gallery-item'>\n\t\t\t<div class='gallery-icon landscape'>\n\t\t\t\t<a data-lightbox=\"gallery\" href='https:\/\/ongd.lgs.lu\/wp-content\/uploads\/sites\/15\/2015\/11\/Thies-05.jpg'><img loading=\"lazy\" decoding=\"async\" width=\"150\" height=\"150\" src=\"https:\/\/ongd.lgs.lu\/wp-content\/uploads\/sites\/15\/2015\/11\/Thies-05-150x150.jpg\" class=\"attachment-thumbnail size-thumbnail\" alt=\"\" srcset=\"https:\/\/ongd.lgs.lu\/wp-content\/uploads\/sites\/15\/2015\/11\/Thies-05-150x150.jpg 150w, https:\/\/ongd.lgs.lu\/wp-content\/uploads\/sites\/15\/2015\/11\/Thies-05-125x125.jpg 125w\" sizes=\"auto, (max-width: 150px) 100vw, 150px\" \/><\/a>\n\t\t\t<\/div><\/figure><figure class='gallery-item'>\n\t\t\t<div class='gallery-icon landscape'>\n\t\t\t\t<a data-lightbox=\"gallery\" href='https:\/\/ongd.lgs.lu\/wp-content\/uploads\/sites\/15\/2015\/11\/Thies-06.jpg'><img loading=\"lazy\" decoding=\"async\" width=\"150\" height=\"150\" src=\"https:\/\/ongd.lgs.lu\/wp-content\/uploads\/sites\/15\/2015\/11\/Thies-06-150x150.jpg\" class=\"attachment-thumbnail size-thumbnail\" alt=\"\" srcset=\"https:\/\/ongd.lgs.lu\/wp-content\/uploads\/sites\/15\/2015\/11\/Thies-06-150x150.jpg 150w, https:\/\/ongd.lgs.lu\/wp-content\/uploads\/sites\/15\/2015\/11\/Thies-06-125x125.jpg 125w\" sizes=\"auto, (max-width: 150px) 100vw, 150px\" \/><\/a>\n\t\t\t<\/div><\/figure><figure class='gallery-item'>\n\t\t\t<div class='gallery-icon landscape'>\n\t\t\t\t<a data-lightbox=\"gallery\" href='https:\/\/ongd.lgs.lu\/wp-content\/uploads\/sites\/15\/2015\/11\/Thies-07.jpg'><img loading=\"lazy\" decoding=\"async\" width=\"150\" height=\"150\" src=\"https:\/\/ongd.lgs.lu\/wp-content\/uploads\/sites\/15\/2015\/11\/Thies-07-150x150.jpg\" class=\"attachment-thumbnail size-thumbnail\" alt=\"\" srcset=\"https:\/\/ongd.lgs.lu\/wp-content\/uploads\/sites\/15\/2015\/11\/Thies-07-150x150.jpg 150w, https:\/\/ongd.lgs.lu\/wp-content\/uploads\/sites\/15\/2015\/11\/Thies-07-700x700.jpg 700w, https:\/\/ongd.lgs.lu\/wp-content\/uploads\/sites\/15\/2015\/11\/Thies-07-125x125.jpg 125w\" sizes=\"auto, (max-width: 150px) 100vw, 150px\" \/><\/a>\n\t\t\t<\/div><\/figure><figure class='gallery-item'>\n\t\t\t<div class='gallery-icon portrait'>\n\t\t\t\t<a data-lightbox=\"gallery\" href='https:\/\/ongd.lgs.lu\/wp-content\/uploads\/sites\/15\/2015\/11\/Thies-08.jpg'><img loading=\"lazy\" decoding=\"async\" width=\"150\" height=\"150\" src=\"https:\/\/ongd.lgs.lu\/wp-content\/uploads\/sites\/15\/2015\/11\/Thies-08-150x150.jpg\" class=\"attachment-thumbnail size-thumbnail\" alt=\"\" srcset=\"https:\/\/ongd.lgs.lu\/wp-content\/uploads\/sites\/15\/2015\/11\/Thies-08-150x150.jpg 150w, https:\/\/ongd.lgs.lu\/wp-content\/uploads\/sites\/15\/2015\/11\/Thies-08-700x700.jpg 700w, https:\/\/ongd.lgs.lu\/wp-content\/uploads\/sites\/15\/2015\/11\/Thies-08-125x125.jpg 125w\" sizes=\"auto, (max-width: 150px) 100vw, 150px\" \/><\/a>\n\t\t\t<\/div><\/figure><figure class='gallery-item'>\n\t\t\t<div class='gallery-icon landscape'>\n\t\t\t\t<a data-lightbox=\"gallery\" href='https:\/\/ongd.lgs.lu\/wp-content\/uploads\/sites\/15\/2015\/11\/Thies-09.jpg'><img loading=\"lazy\" decoding=\"async\" width=\"150\" height=\"150\" src=\"https:\/\/ongd.lgs.lu\/wp-content\/uploads\/sites\/15\/2015\/11\/Thies-09-150x150.jpg\" class=\"attachment-thumbnail size-thumbnail\" alt=\"\" srcset=\"https:\/\/ongd.lgs.lu\/wp-content\/uploads\/sites\/15\/2015\/11\/Thies-09-150x150.jpg 150w, https:\/\/ongd.lgs.lu\/wp-content\/uploads\/sites\/15\/2015\/11\/Thies-09-700x700.jpg 700w, https:\/\/ongd.lgs.lu\/wp-content\/uploads\/sites\/15\/2015\/11\/Thies-09-125x125.jpg 125w\" sizes=\"auto, (max-width: 150px) 100vw, 150px\" \/><\/a>\n\t\t\t<\/div><\/figure><figure class='gallery-item'>\n\t\t\t<div class='gallery-icon landscape'>\n\t\t\t\t<a data-lightbox=\"gallery\" href='https:\/\/ongd.lgs.lu\/wp-content\/uploads\/sites\/15\/2015\/11\/Thies-10.jpg'><img loading=\"lazy\" decoding=\"async\" width=\"150\" height=\"150\" src=\"https:\/\/ongd.lgs.lu\/wp-content\/uploads\/sites\/15\/2015\/11\/Thies-10-150x150.jpg\" class=\"attachment-thumbnail size-thumbnail\" alt=\"\" srcset=\"https:\/\/ongd.lgs.lu\/wp-content\/uploads\/sites\/15\/2015\/11\/Thies-10-150x150.jpg 150w, https:\/\/ongd.lgs.lu\/wp-content\/uploads\/sites\/15\/2015\/11\/Thies-10-700x700.jpg 700w, https:\/\/ongd.lgs.lu\/wp-content\/uploads\/sites\/15\/2015\/11\/Thies-10-125x125.jpg 125w\" sizes=\"auto, (max-width: 150px) 100vw, 150px\" \/><\/a>\n\t\t\t<\/div><\/figure><figure class='gallery-item'>\n\t\t\t<div class='gallery-icon portrait'>\n\t\t\t\t<a data-lightbox=\"gallery\" href='https:\/\/ongd.lgs.lu\/wp-content\/uploads\/sites\/15\/2015\/11\/Thies-11.jpg'><img loading=\"lazy\" decoding=\"async\" width=\"150\" height=\"150\" src=\"https:\/\/ongd.lgs.lu\/wp-content\/uploads\/sites\/15\/2015\/11\/Thies-11-150x150.jpg\" class=\"attachment-thumbnail size-thumbnail\" alt=\"\" srcset=\"https:\/\/ongd.lgs.lu\/wp-content\/uploads\/sites\/15\/2015\/11\/Thies-11-150x150.jpg 150w, https:\/\/ongd.lgs.lu\/wp-content\/uploads\/sites\/15\/2015\/11\/Thies-11-700x700.jpg 700w, https:\/\/ongd.lgs.lu\/wp-content\/uploads\/sites\/15\/2015\/11\/Thies-11-125x125.jpg 125w\" sizes=\"auto, (max-width: 150px) 100vw, 150px\" \/><\/a>\n\t\t\t<\/div><\/figure><figure class='gallery-item'>\n\t\t\t<div class='gallery-icon landscape'>\n\t\t\t\t<a data-lightbox=\"gallery\" href='https:\/\/ongd.lgs.lu\/wp-content\/uploads\/sites\/15\/2015\/11\/Thies-12.jpg'><img loading=\"lazy\" decoding=\"async\" width=\"150\" height=\"150\" src=\"https:\/\/ongd.lgs.lu\/wp-content\/uploads\/sites\/15\/2015\/11\/Thies-12-150x150.jpg\" class=\"attachment-thumbnail size-thumbnail\" alt=\"\" srcset=\"https:\/\/ongd.lgs.lu\/wp-content\/uploads\/sites\/15\/2015\/11\/Thies-12-150x150.jpg 150w, https:\/\/ongd.lgs.lu\/wp-content\/uploads\/sites\/15\/2015\/11\/Thies-12-700x700.jpg 700w, https:\/\/ongd.lgs.lu\/wp-content\/uploads\/sites\/15\/2015\/11\/Thies-12-125x125.jpg 125w\" sizes=\"auto, (max-width: 150px) 100vw, 150px\" \/><\/a>\n\t\t\t<\/div><\/figure><figure class='gallery-item'>\n\t\t\t<div class='gallery-icon landscape'>\n\t\t\t\t<a data-lightbox=\"gallery\" href='https:\/\/ongd.lgs.lu\/wp-content\/uploads\/sites\/15\/2015\/11\/Thies-13.jpg'><img loading=\"lazy\" decoding=\"async\" width=\"150\" height=\"150\" src=\"https:\/\/ongd.lgs.lu\/wp-content\/uploads\/sites\/15\/2015\/11\/Thies-13-150x150.jpg\" class=\"attachment-thumbnail size-thumbnail\" alt=\"\" srcset=\"https:\/\/ongd.lgs.lu\/wp-content\/uploads\/sites\/15\/2015\/11\/Thies-13-150x150.jpg 150w, https:\/\/ongd.lgs.lu\/wp-content\/uploads\/sites\/15\/2015\/11\/Thies-13-700x700.jpg 700w, https:\/\/ongd.lgs.lu\/wp-content\/uploads\/sites\/15\/2015\/11\/Thies-13-125x125.jpg 125w\" sizes=\"auto, (max-width: 150px) 100vw, 150px\" \/><\/a>\n\t\t\t<\/div><\/figure><figure class='gallery-item'>\n\t\t\t<div class='gallery-icon landscape'>\n\t\t\t\t<a data-lightbox=\"gallery\" href='https:\/\/ongd.lgs.lu\/wp-content\/uploads\/sites\/15\/2015\/11\/Thies-14.jpg'><img loading=\"lazy\" decoding=\"async\" width=\"150\" height=\"150\" src=\"https:\/\/ongd.lgs.lu\/wp-content\/uploads\/sites\/15\/2015\/11\/Thies-14-150x150.jpg\" class=\"attachment-thumbnail size-thumbnail\" alt=\"\" srcset=\"https:\/\/ongd.lgs.lu\/wp-content\/uploads\/sites\/15\/2015\/11\/Thies-14-150x150.jpg 150w, https:\/\/ongd.lgs.lu\/wp-content\/uploads\/sites\/15\/2015\/11\/Thies-14-700x700.jpg 700w, https:\/\/ongd.lgs.lu\/wp-content\/uploads\/sites\/15\/2015\/11\/Thies-14-125x125.jpg 125w\" sizes=\"auto, (max-width: 150px) 100vw, 150px\" \/><\/a>\n\t\t\t<\/div><\/figure><figure class='gallery-item'>\n\t\t\t<div class='gallery-icon landscape'>\n\t\t\t\t<a data-lightbox=\"gallery\" href='https:\/\/ongd.lgs.lu\/wp-content\/uploads\/sites\/15\/2015\/11\/Thies-15.jpg'><img loading=\"lazy\" decoding=\"async\" width=\"150\" height=\"150\" src=\"https:\/\/ongd.lgs.lu\/wp-content\/uploads\/sites\/15\/2015\/11\/Thies-15-150x150.jpg\" class=\"attachment-thumbnail size-thumbnail\" alt=\"\" srcset=\"https:\/\/ongd.lgs.lu\/wp-content\/uploads\/sites\/15\/2015\/11\/Thies-15-150x150.jpg 150w, https:\/\/ongd.lgs.lu\/wp-content\/uploads\/sites\/15\/2015\/11\/Thies-15-700x700.jpg 700w, https:\/\/ongd.lgs.lu\/wp-content\/uploads\/sites\/15\/2015\/11\/Thies-15-125x125.jpg 125w\" sizes=\"auto, (max-width: 150px) 100vw, 150px\" \/><\/a>\n\t\t\t<\/div><\/figure><figure class='gallery-item'>\n\t\t\t<div class='gallery-icon landscape'>\n\t\t\t\t<a data-lightbox=\"gallery\" href='https:\/\/ongd.lgs.lu\/wp-content\/uploads\/sites\/15\/2015\/11\/Thies-16.jpg'><img loading=\"lazy\" decoding=\"async\" width=\"150\" height=\"150\" src=\"https:\/\/ongd.lgs.lu\/wp-content\/uploads\/sites\/15\/2015\/11\/Thies-16-150x150.jpg\" class=\"attachment-thumbnail size-thumbnail\" alt=\"\" srcset=\"https:\/\/ongd.lgs.lu\/wp-content\/uploads\/sites\/15\/2015\/11\/Thies-16-150x150.jpg 150w, https:\/\/ongd.lgs.lu\/wp-content\/uploads\/sites\/15\/2015\/11\/Thies-16-700x700.jpg 700w, https:\/\/ongd.lgs.lu\/wp-content\/uploads\/sites\/15\/2015\/11\/Thies-16-125x125.jpg 125w\" sizes=\"auto, (max-width: 150px) 100vw, 150px\" \/><\/a>\n\t\t\t<\/div><\/figure>\n\t\t<\/div>","protected":false},"excerpt":{"rendered":"<p>Apprentissage traditionnel r\u00e9nov\u00e9 dans les ateliers d\u2019artisans \u00e0 Thi\u00e8s Le secteur de l\u2019artisanat dans la r\u00e9gion de Thi\u00e8s est tr\u00e8s d\u00e9velopp\u00e9. Cependant, malgr\u00e9 des efforts de structuration faits par le gouvernement S\u00e9n\u00e9galais, le secteur reste principalement informel tout comme l\u2019apprentissage des m\u00e9tiers qu\u2019il r\u00e9unit. Les formations professionnelles pour les jeunes dans les ateliers ne sont&#8230;  <a class=\"excerpt-read-more\" href=\"https:\/\/ongd.lgs.lu\/fr\/projeten\/senegal\/aje\/\" title=\"ReadProjet d\u2019atelier \u00e9cole 2015-2017\">Read more &raquo;<\/a><\/p>\n","protected":false},"author":1871,"featured_media":108,"parent":27,"menu_order":5,"comment_status":"closed","ping_status":"closed","template":"","meta":{"footnotes":""},"class_list":["post-107","page","type-page","status-publish","has-post-thumbnail","hentry"],"_links":{"self":[{"href":"https:\/\/ongd.lgs.lu\/fr\/wp-json\/wp\/v2\/pages\/107","targetHints":{"allow":["GET"]}}],"collection":[{"href":"https:\/\/ongd.lgs.lu\/fr\/wp-json\/wp\/v2\/pages"}],"about":[{"href":"https:\/\/ongd.lgs.lu\/fr\/wp-json\/wp\/v2\/types\/page"}],"author":[{"embeddable":true,"href":"https:\/\/ongd.lgs.lu\/fr\/wp-json\/wp\/v2\/users\/1871"}],"replies":[{"embeddable":true,"href":"https:\/\/ongd.lgs.lu\/fr\/wp-json\/wp\/v2\/comments?post=107"}],"version-history":[{"count":8,"href":"https:\/\/ongd.lgs.lu\/fr\/wp-json\/wp\/v2\/pages\/107\/revisions"}],"predecessor-version":[{"id":3409,"href":"https:\/\/ongd.lgs.lu\/fr\/wp-json\/wp\/v2\/pages\/107\/revisions\/3409"}],"up":[{"embeddable":true,"href":"https:\/\/ongd.lgs.lu\/fr\/wp-json\/wp\/v2\/pages\/27"}],"wp:featuredmedia":[{"embeddable":true,"href":"https:\/\/ongd.lgs.lu\/fr\/wp-json\/wp\/v2\/media\/108"}],"wp:attachment":[{"href":"https:\/\/ongd.lgs.lu\/fr\/wp-json\/wp\/v2\/media?parent=107"}],"curies":[{"name":"wp","href":"https:\/\/api.w.org\/{rel}","templated":true}]}}