{"id":110,"date":"2015-11-30T14:09:39","date_gmt":"2015-11-30T13:09:39","guid":{"rendered":"https:\/\/ongd.lgs.lu\/?page_id=110"},"modified":"2023-02-14T13:52:35","modified_gmt":"2023-02-14T12:52:35","slug":"fonees","status":"publish","type":"page","link":"https:\/\/ongd.lgs.lu\/fr\/projeten\/senegal\/fonees\/","title":{"rendered":"Projet MEC FONEES 2015-2017"},"content":{"rendered":"<strong>Promotion des activit\u00e9s g\u00e9n\u00e9ratrices de revenus \u00e0 Mboro et Dakar<\/strong><\/p>\n<p>Le sous emploi et les probl\u00e8mes d\u2019insertion \u00e9conomique constituent des probl\u00e9matiques majeures pour les couches d\u00e9favoris\u00e9es de la population et notamment pour les jeunes, les femmes et les personnes handicap\u00e9es. Les populations en zones rurales tel que Mboro et des quartiers populaires de Dakar tels qu\u2019HLM et Yeumbeul pr\u00e9sentent un besoin d\u2019accompagnement pour cr\u00e9er des activit\u00e9s g\u00e9n\u00e9ratrices de revenus. MEC\/FONEES offre cet appui \u00e0 des groupes qui n\u2019ont pas d\u2019autres possibilit\u00e9s. De plus, MEC\/FONEES travaille en \u00e9troite collaboration avec Jeunesse et D\u00e9veloppement (JED) qui est aussi partenaire de l\u2019ONGD et accompagne des jeunes qui ont \u00e9t\u00e9 form\u00e9s \u00e0 travers des activit\u00e9s de JED, par exemple le projet JAPPOO ou le CIFOP.<\/p>\n<p><strong>Partenaire local<\/strong><\/p>\n<p>La Mutuelle d\u2019\u00e9pargne et de cr\u00e9dit du fonds national des \u00e9claireuses et \u00e9claireurs du S\u00e9n\u00e9gal (MEC\/FONEES)<\/p>\n<p><strong>Objectif<\/strong><\/p>\n<p>Offrir des services financiers et non financiers adapt\u00e9s, pour contribuer \u00e0 l\u2019am\u00e9lioration durable des conditions de vie des groupes vuln\u00e9rables notamment les jeunes, les femmes et les personnes handicap\u00e9s, conform\u00e9ment aux valeurs scoutes.<\/p>\n<p><strong>Activit\u00e9s<\/strong><\/p>\n<p>Sur les trois ans (2015-2017), le projet va :<\/p>\n<ul>\n<li>Organiser cinq ateliers de formation par an au profit de 510 jeunes en cr\u00e9ation et gestion de PME (petite et moyenne entreprise).<\/li>\n<li>Mettre en place un fonds de cr\u00e9dit pour la mise en place de micro-entreprises \u00e0 Mboro. Les cr\u00e9dits sont parfois octroy\u00e9s \u00e0 des groupements, par exemple des groupements de femmes, qui par apr\u00e8s s\u2019organisent \u00e0 l\u2019interne sur comment utiliser les fonds. Les b\u00e9n\u00e9ficiaires peuvent avoir des activit\u00e9s de commerce, d\u2019agriculture, de coiffure, de couture, etc.<\/li>\n<li>Organiser le suivi des b\u00e9n\u00e9ficiaires\u00a0: une r\u00e9union mensuelle avec les b\u00e9n\u00e9ficiaires de cr\u00e9dit et des r\u00e9unions de suivi p\u00e9riodique avec les b\u00e9n\u00e9ficiaires des formations.<\/li>\n<li>Renforcer les capacit\u00e9s de l\u2019\u00e9quipe de MEC\/FONEES \u00e0 travers la formation continue et le soutien \u00e0 la structure m\u00eame.<\/li>\n<\/ul>\n<p><strong>Dur\u00e9e:<\/strong> 3 ans\u00a0: 2015-2016-2017<\/p>\n<p><strong>Budget total\u00a0:<\/strong>\u00a090 881\u00a0 \u20ac<\/p>\n<p>Budgets annuels\u00a0:<\/p>\n<ul>\n<li>2015: 29 734 \u20ac<\/li>\n<li>2016: 29 734 \u20ac<\/li>\n<li>2017: 31 413 \u20ac<\/li>\n<\/ul>\n<p><strong>B\u00e9n\u00e9ficiaires\u00a0:<\/strong> 510 jeunes de Mboro et de Dakar vont b\u00e9n\u00e9ficier de l\u2019appui des activit\u00e9s du projet \u00e0 travers des formations et des cr\u00e9dits pour leurs micro-entreprises.<\/p>\n<div id='gallery-2' class='gallery galleryid-110 gallery-columns-3 gallery-size-thumbnail'><figure class='gallery-item'>\n\t\t\t<div class='gallery-icon landscape'>\n\t\t\t\t<a data-lightbox=\"gallery\" href='https:\/\/ongd.lgs.lu\/wp-content\/uploads\/sites\/15\/2015\/11\/FONEES-01.jpg'><img loading=\"lazy\" decoding=\"async\" width=\"150\" height=\"150\" src=\"https:\/\/ongd.lgs.lu\/wp-content\/uploads\/sites\/15\/2015\/11\/FONEES-01-150x150.jpg\" class=\"attachment-thumbnail size-thumbnail\" alt=\"\" srcset=\"https:\/\/ongd.lgs.lu\/wp-content\/uploads\/sites\/15\/2015\/11\/FONEES-01-150x150.jpg 150w, https:\/\/ongd.lgs.lu\/wp-content\/uploads\/sites\/15\/2015\/11\/FONEES-01-700x700.jpg 700w, https:\/\/ongd.lgs.lu\/wp-content\/uploads\/sites\/15\/2015\/11\/FONEES-01-125x125.jpg 125w\" sizes=\"auto, (max-width: 150px) 100vw, 150px\" \/><\/a>\n\t\t\t<\/div><\/figure><figure class='gallery-item'>\n\t\t\t<div class='gallery-icon landscape'>\n\t\t\t\t<a data-lightbox=\"gallery\" href='https:\/\/ongd.lgs.lu\/wp-content\/uploads\/sites\/15\/2015\/11\/FONEES-02.jpg'><img loading=\"lazy\" decoding=\"async\" width=\"150\" height=\"150\" src=\"https:\/\/ongd.lgs.lu\/wp-content\/uploads\/sites\/15\/2015\/11\/FONEES-02-150x150.jpg\" class=\"attachment-thumbnail size-thumbnail\" alt=\"\" srcset=\"https:\/\/ongd.lgs.lu\/wp-content\/uploads\/sites\/15\/2015\/11\/FONEES-02-150x150.jpg 150w, https:\/\/ongd.lgs.lu\/wp-content\/uploads\/sites\/15\/2015\/11\/FONEES-02-700x700.jpg 700w, https:\/\/ongd.lgs.lu\/wp-content\/uploads\/sites\/15\/2015\/11\/FONEES-02-125x125.jpg 125w\" sizes=\"auto, (max-width: 150px) 100vw, 150px\" \/><\/a>\n\t\t\t<\/div><\/figure><figure class='gallery-item'>\n\t\t\t<div class='gallery-icon landscape'>\n\t\t\t\t<a data-lightbox=\"gallery\" href='https:\/\/ongd.lgs.lu\/wp-content\/uploads\/sites\/15\/2015\/11\/FONEES-03.jpg'><img loading=\"lazy\" decoding=\"async\" width=\"150\" height=\"150\" src=\"https:\/\/ongd.lgs.lu\/wp-content\/uploads\/sites\/15\/2015\/11\/FONEES-03-150x150.jpg\" class=\"attachment-thumbnail size-thumbnail\" alt=\"\" srcset=\"https:\/\/ongd.lgs.lu\/wp-content\/uploads\/sites\/15\/2015\/11\/FONEES-03-150x150.jpg 150w, https:\/\/ongd.lgs.lu\/wp-content\/uploads\/sites\/15\/2015\/11\/FONEES-03-700x700.jpg 700w, https:\/\/ongd.lgs.lu\/wp-content\/uploads\/sites\/15\/2015\/11\/FONEES-03-125x125.jpg 125w\" sizes=\"auto, (max-width: 150px) 100vw, 150px\" \/><\/a>\n\t\t\t<\/div><\/figure><figure class='gallery-item'>\n\t\t\t<div class='gallery-icon landscape'>\n\t\t\t\t<a data-lightbox=\"gallery\" href='https:\/\/ongd.lgs.lu\/wp-content\/uploads\/sites\/15\/2015\/11\/FONEES-04.jpg'><img loading=\"lazy\" decoding=\"async\" width=\"150\" height=\"150\" src=\"https:\/\/ongd.lgs.lu\/wp-content\/uploads\/sites\/15\/2015\/11\/FONEES-04-150x150.jpg\" class=\"attachment-thumbnail size-thumbnail\" alt=\"\" srcset=\"https:\/\/ongd.lgs.lu\/wp-content\/uploads\/sites\/15\/2015\/11\/FONEES-04-150x150.jpg 150w, https:\/\/ongd.lgs.lu\/wp-content\/uploads\/sites\/15\/2015\/11\/FONEES-04-700x700.jpg 700w, https:\/\/ongd.lgs.lu\/wp-content\/uploads\/sites\/15\/2015\/11\/FONEES-04-125x125.jpg 125w\" sizes=\"auto, (max-width: 150px) 100vw, 150px\" \/><\/a>\n\t\t\t<\/div><\/figure><figure class='gallery-item'>\n\t\t\t<div class='gallery-icon landscape'>\n\t\t\t\t<a data-lightbox=\"gallery\" href='https:\/\/ongd.lgs.lu\/wp-content\/uploads\/sites\/15\/2015\/11\/FONEES-05.jpg'><img loading=\"lazy\" decoding=\"async\" width=\"150\" height=\"150\" src=\"https:\/\/ongd.lgs.lu\/wp-content\/uploads\/sites\/15\/2015\/11\/FONEES-05-150x150.jpg\" class=\"attachment-thumbnail size-thumbnail\" alt=\"\" srcset=\"https:\/\/ongd.lgs.lu\/wp-content\/uploads\/sites\/15\/2015\/11\/FONEES-05-150x150.jpg 150w, https:\/\/ongd.lgs.lu\/wp-content\/uploads\/sites\/15\/2015\/11\/FONEES-05-700x700.jpg 700w, https:\/\/ongd.lgs.lu\/wp-content\/uploads\/sites\/15\/2015\/11\/FONEES-05-125x125.jpg 125w\" sizes=\"auto, (max-width: 150px) 100vw, 150px\" \/><\/a>\n\t\t\t<\/div><\/figure><figure class='gallery-item'>\n\t\t\t<div class='gallery-icon portrait'>\n\t\t\t\t<a data-lightbox=\"gallery\" href='https:\/\/ongd.lgs.lu\/wp-content\/uploads\/sites\/15\/2015\/11\/FONEES-06.jpg'><img loading=\"lazy\" decoding=\"async\" width=\"150\" height=\"150\" src=\"https:\/\/ongd.lgs.lu\/wp-content\/uploads\/sites\/15\/2015\/11\/FONEES-06-150x150.jpg\" class=\"attachment-thumbnail size-thumbnail\" alt=\"\" srcset=\"https:\/\/ongd.lgs.lu\/wp-content\/uploads\/sites\/15\/2015\/11\/FONEES-06-150x150.jpg 150w, https:\/\/ongd.lgs.lu\/wp-content\/uploads\/sites\/15\/2015\/11\/FONEES-06-700x700.jpg 700w, https:\/\/ongd.lgs.lu\/wp-content\/uploads\/sites\/15\/2015\/11\/FONEES-06-125x125.jpg 125w\" sizes=\"auto, (max-width: 150px) 100vw, 150px\" \/><\/a>\n\t\t\t<\/div><\/figure><figure class='gallery-item'>\n\t\t\t<div class='gallery-icon landscape'>\n\t\t\t\t<a data-lightbox=\"gallery\" href='https:\/\/ongd.lgs.lu\/wp-content\/uploads\/sites\/15\/2015\/11\/FONEES-07.jpg'><img loading=\"lazy\" decoding=\"async\" width=\"150\" height=\"150\" src=\"https:\/\/ongd.lgs.lu\/wp-content\/uploads\/sites\/15\/2015\/11\/FONEES-07-150x150.jpg\" class=\"attachment-thumbnail size-thumbnail\" alt=\"\" srcset=\"https:\/\/ongd.lgs.lu\/wp-content\/uploads\/sites\/15\/2015\/11\/FONEES-07-150x150.jpg 150w, https:\/\/ongd.lgs.lu\/wp-content\/uploads\/sites\/15\/2015\/11\/FONEES-07-700x700.jpg 700w, https:\/\/ongd.lgs.lu\/wp-content\/uploads\/sites\/15\/2015\/11\/FONEES-07-125x125.jpg 125w\" sizes=\"auto, (max-width: 150px) 100vw, 150px\" \/><\/a>\n\t\t\t<\/div><\/figure><figure class='gallery-item'>\n\t\t\t<div class='gallery-icon landscape'>\n\t\t\t\t<a data-lightbox=\"gallery\" href='https:\/\/ongd.lgs.lu\/wp-content\/uploads\/sites\/15\/2015\/11\/FONEES-08.jpg'><img loading=\"lazy\" decoding=\"async\" width=\"150\" height=\"150\" src=\"https:\/\/ongd.lgs.lu\/wp-content\/uploads\/sites\/15\/2015\/11\/FONEES-08-150x150.jpg\" class=\"attachment-thumbnail size-thumbnail\" alt=\"\" srcset=\"https:\/\/ongd.lgs.lu\/wp-content\/uploads\/sites\/15\/2015\/11\/FONEES-08-150x150.jpg 150w, https:\/\/ongd.lgs.lu\/wp-content\/uploads\/sites\/15\/2015\/11\/FONEES-08-700x700.jpg 700w, https:\/\/ongd.lgs.lu\/wp-content\/uploads\/sites\/15\/2015\/11\/FONEES-08-125x125.jpg 125w\" sizes=\"auto, (max-width: 150px) 100vw, 150px\" \/><\/a>\n\t\t\t<\/div><\/figure><figure class='gallery-item'>\n\t\t\t<div class='gallery-icon landscape'>\n\t\t\t\t<a data-lightbox=\"gallery\" href='https:\/\/ongd.lgs.lu\/wp-content\/uploads\/sites\/15\/2015\/11\/FONEES-09.jpg'><img loading=\"lazy\" decoding=\"async\" width=\"150\" height=\"150\" src=\"https:\/\/ongd.lgs.lu\/wp-content\/uploads\/sites\/15\/2015\/11\/FONEES-09-150x150.jpg\" class=\"attachment-thumbnail size-thumbnail\" alt=\"\" srcset=\"https:\/\/ongd.lgs.lu\/wp-content\/uploads\/sites\/15\/2015\/11\/FONEES-09-150x150.jpg 150w, https:\/\/ongd.lgs.lu\/wp-content\/uploads\/sites\/15\/2015\/11\/FONEES-09-700x700.jpg 700w, https:\/\/ongd.lgs.lu\/wp-content\/uploads\/sites\/15\/2015\/11\/FONEES-09-125x125.jpg 125w\" sizes=\"auto, (max-width: 150px) 100vw, 150px\" \/><\/a>\n\t\t\t<\/div><\/figure><figure class='gallery-item'>\n\t\t\t<div class='gallery-icon landscape'>\n\t\t\t\t<a data-lightbox=\"gallery\" href='https:\/\/ongd.lgs.lu\/wp-content\/uploads\/sites\/15\/2015\/11\/FONEES-10.jpg'><img loading=\"lazy\" decoding=\"async\" width=\"150\" height=\"150\" src=\"https:\/\/ongd.lgs.lu\/wp-content\/uploads\/sites\/15\/2015\/11\/FONEES-10-150x150.jpg\" class=\"attachment-thumbnail size-thumbnail\" alt=\"\" srcset=\"https:\/\/ongd.lgs.lu\/wp-content\/uploads\/sites\/15\/2015\/11\/FONEES-10-150x150.jpg 150w, https:\/\/ongd.lgs.lu\/wp-content\/uploads\/sites\/15\/2015\/11\/FONEES-10-700x700.jpg 700w, https:\/\/ongd.lgs.lu\/wp-content\/uploads\/sites\/15\/2015\/11\/FONEES-10-125x125.jpg 125w\" sizes=\"auto, (max-width: 150px) 100vw, 150px\" \/><\/a>\n\t\t\t<\/div><\/figure>\n\t\t<\/div>","protected":false},"excerpt":{"rendered":"<p>Promotion des activit\u00e9s g\u00e9n\u00e9ratrices de revenus \u00e0 Mboro et Dakar Le sous emploi et les probl\u00e8mes d\u2019insertion \u00e9conomique constituent des probl\u00e9matiques majeures pour les couches d\u00e9favoris\u00e9es de la population et notamment pour les jeunes, les femmes et les personnes handicap\u00e9es. Les populations en zones rurales tel que Mboro et des quartiers populaires de Dakar tels&#8230;  <a class=\"excerpt-read-more\" href=\"https:\/\/ongd.lgs.lu\/fr\/projeten\/senegal\/fonees\/\" title=\"ReadProjet MEC FONEES 2015-2017\">Read more &raquo;<\/a><\/p>\n","protected":false},"author":1871,"featured_media":96,"parent":27,"menu_order":5,"comment_status":"closed","ping_status":"closed","template":"","meta":{"footnotes":""},"class_list":["post-110","page","type-page","status-publish","has-post-thumbnail","hentry"],"_links":{"self":[{"href":"https:\/\/ongd.lgs.lu\/fr\/wp-json\/wp\/v2\/pages\/110","targetHints":{"allow":["GET"]}}],"collection":[{"href":"https:\/\/ongd.lgs.lu\/fr\/wp-json\/wp\/v2\/pages"}],"about":[{"href":"https:\/\/ongd.lgs.lu\/fr\/wp-json\/wp\/v2\/types\/page"}],"author":[{"embeddable":true,"href":"https:\/\/ongd.lgs.lu\/fr\/wp-json\/wp\/v2\/users\/1871"}],"replies":[{"embeddable":true,"href":"https:\/\/ongd.lgs.lu\/fr\/wp-json\/wp\/v2\/comments?post=110"}],"version-history":[{"count":7,"href":"https:\/\/ongd.lgs.lu\/fr\/wp-json\/wp\/v2\/pages\/110\/revisions"}],"predecessor-version":[{"id":3408,"href":"https:\/\/ongd.lgs.lu\/fr\/wp-json\/wp\/v2\/pages\/110\/revisions\/3408"}],"up":[{"embeddable":true,"href":"https:\/\/ongd.lgs.lu\/fr\/wp-json\/wp\/v2\/pages\/27"}],"wp:featuredmedia":[{"embeddable":true,"href":"https:\/\/ongd.lgs.lu\/fr\/wp-json\/wp\/v2\/media\/96"}],"wp:attachment":[{"href":"https:\/\/ongd.lgs.lu\/fr\/wp-json\/wp\/v2\/media?parent=110"}],"curies":[{"name":"wp","href":"https:\/\/api.w.org\/{rel}","templated":true}]}}