{"id":1250,"date":"2018-06-28T09:53:59","date_gmt":"2018-06-28T07:53:59","guid":{"rendered":"https:\/\/ongd.lgs.lu\/?page_id=1250"},"modified":"2024-04-19T09:23:21","modified_gmt":"2024-04-19T07:23:21","slug":"benefiziessen","status":"publish","type":"page","link":"https:\/\/ongd.lgs.lu\/fr\/news\/benefiziessen\/","title":{"rendered":"Benefiziessen 2024"},"content":{"rendered":"<p>L\u00e9if Fr\u00ebnn,<\/p>\n<p>L&rsquo;ONGD Guiden a Scouten fir ENG Welt a le plaisir de vous inviter \u00e0 une nouvelle \u00e9dition de notre diner de bienfaisance, soutenant nos projets de coop\u00e9ration au Niger le 3 mai !<\/p>\n<p>Pour vous inscrire, merci de remplir le formulaire ci dessous, les r\u00e9servations sont ouvertes jusqu&rsquo;au 28 avril 2024.<\/p>\n<p>Nous nous r\u00e9jouissons de vous compter parmi nous!<\/p>\n<p>Roy Grotz<br \/>\nan d\u2019Ekipp l\u2019ONGD Guiden a Scouten fir ENG Welt<\/p>\n<p>&nbsp;<\/p>\n\n","protected":false},"excerpt":{"rendered":"<p>L\u00e9if Fr\u00ebnn, L&rsquo;ONGD Guiden a Scouten fir ENG Welt a le plaisir de vous inviter \u00e0 une nouvelle \u00e9dition de notre diner de bienfaisance, soutenant nos projets de coop\u00e9ration au Niger le 3 mai ! Pour vous inscrire, merci de remplir le formulaire ci dessous, les r\u00e9servations sont ouvertes jusqu&rsquo;au 28 avril 2024. Nous nous&#8230;  <a class=\"excerpt-read-more\" href=\"https:\/\/ongd.lgs.lu\/fr\/news\/benefiziessen\/\" title=\"ReadBenefiziessen 2024\">Read more &raquo;<\/a><\/p>\n","protected":false},"author":1209,"featured_media":3714,"parent":8,"menu_order":10,"comment_status":"closed","ping_status":"closed","template":"","meta":{"footnotes":""},"class_list":["post-1250","page","type-page","status-publish","has-post-thumbnail","hentry"],"_links":{"self":[{"href":"https:\/\/ongd.lgs.lu\/fr\/wp-json\/wp\/v2\/pages\/1250","targetHints":{"allow":["GET"]}}],"collection":[{"href":"https:\/\/ongd.lgs.lu\/fr\/wp-json\/wp\/v2\/pages"}],"about":[{"href":"https:\/\/ongd.lgs.lu\/fr\/wp-json\/wp\/v2\/types\/page"}],"author":[{"embeddable":true,"href":"https:\/\/ongd.lgs.lu\/fr\/wp-json\/wp\/v2\/users\/1209"}],"replies":[{"embeddable":true,"href":"https:\/\/ongd.lgs.lu\/fr\/wp-json\/wp\/v2\/comments?post=1250"}],"version-history":[{"count":25,"href":"https:\/\/ongd.lgs.lu\/fr\/wp-json\/wp\/v2\/pages\/1250\/revisions"}],"predecessor-version":[{"id":3734,"href":"https:\/\/ongd.lgs.lu\/fr\/wp-json\/wp\/v2\/pages\/1250\/revisions\/3734"}],"up":[{"embeddable":true,"href":"https:\/\/ongd.lgs.lu\/fr\/wp-json\/wp\/v2\/pages\/8"}],"wp:featuredmedia":[{"embeddable":true,"href":"https:\/\/ongd.lgs.lu\/fr\/wp-json\/wp\/v2\/media\/3714"}],"wp:attachment":[{"href":"https:\/\/ongd.lgs.lu\/fr\/wp-json\/wp\/v2\/media?parent=1250"}],"curies":[{"name":"wp","href":"https:\/\/api.w.org\/{rel}","templated":true}]}}