{"id":2170,"date":"2022-03-11T12:17:49","date_gmt":"2022-03-11T11:17:49","guid":{"rendered":"https:\/\/ongd.lgs.lu\/?page_id=2170"},"modified":"2023-02-14T13:54:16","modified_gmt":"2023-02-14T12:54:16","slug":"fr-projet-dappui-a-lemploi-a-travers-une-formation-professionnelle-de-qualite-a-cochabamba","status":"publish","type":"page","link":"https:\/\/ongd.lgs.lu\/fr\/projeten\/bolivien\/fr-projet-dappui-a-lemploi-a-travers-une-formation-professionnelle-de-qualite-a-cochabamba\/","title":{"rendered":"Appui \u00e0 l\u2019emploi \u00e0 travers une formation professionnelle de qualit\u00e9 \u00e0 Cochabamba &#8211; 2022-2025"},"content":{"rendered":"<strong>Lieu<\/strong> (pays, r\u00e9gion, localit\u00e9)\u00a0: Bolivie, ville de Cochabamba<\/p>\n<p><strong>Contenu et d\u00e9roulement du projet<\/strong>\u00a0:<\/p>\n<p>Le projet a pour objectif de renforcer la formation professionnelle et l\u2019appui \u00e0 l\u2019emploi des jeunes de Cochabamba.<\/p>\n<p>Le projet appuie l\u2019Institut Technique Sayarinapaj \u00e0 travers la formation, les \u00e9quipements, le suivi psycho-social des \u00e9tudiants en grande difficult\u00e9, des bourses d\u2019\u00e9tudes et un fonds de roulement destin\u00e9 \u00e0 la mise en place d\u2019entreprises pour les \u00e9l\u00e8ves de l\u2019Institut.<\/p>\n<p><strong><u>B\u00e9n\u00e9ficiaires<\/u><\/strong>\u00a0: Les 500 \u00e9tudiants (annuellement) de l\u2019Institut Technique Sayarinapaj.<\/p>\n<p><strong>Les activit\u00e9s du projet sont r\u00e9parties sur quatre r\u00e9sultats et plusieurs activit\u00e9s<\/strong>:<\/p>\n<ol>\n<li><strong><em>La formation pratique professionnelle a \u00e9t\u00e9 renforc\u00e9e <\/em><\/strong>\n<ul>\n<li>Appui aux formations et aux remises \u00e0 niveaux des professeurs<\/li>\n<li>Achat d\u2019\u00e9quipements pour les cours pratiques<\/li>\n<li>Int\u00e9gration des contenus d\u2019entreprenariat et employabilit\u00e9 dans toutes les fili\u00e8res enseign\u00e9es<\/li>\n<\/ul>\n<\/li>\n<\/ol>\n<ol start=\"2\">\n<li><strong><em>L\u2019accompagnement psycho-social de jeunes en situation difficile est assur\u00e9 pour les aider \u00e0 terminer leurs \u00e9tudes<\/em><\/strong>\n<ul>\n<li>Le cabinet d\u2019appui psychologique est fonctionnel<\/li>\n<li>Des visites de suivi chez les jeunes de familles tr\u00e8s vuln\u00e9rables sont effectu\u00e9es et les \u00e9tudiants qui ont le plus de difficult\u00e9s sont aid\u00e9s pour contrer l\u2019abandon scolaire<\/li>\n<li>75 bourses-travail sont octroy\u00e9s aux \u00e9tudiants<\/li>\n<li>La cr\u00e8che est fonctionnelle pour permettre aux jeunes filles m\u00e8res de continuer les \u00e9tudes.<\/li>\n<\/ul>\n<\/li>\n<\/ol>\n<ol start=\"3\">\n<li><strong><em>Les jeunes \u00e9tudiants sortants sont appuy\u00e9s dans l\u2019auto-entreprenariat<\/em><\/strong>\n<ul>\n<li>Les jeunes participent aux foires de l\u2019entreprenariat<\/li>\n<li>Accompagner l\u2019installation des jeunes dans leur micro ou petite entreprise<\/li>\n<li>Des fonds de roulement sont mis en place pour des investissements des jeunes dipl\u00f4m\u00e9s ou sortants.<\/li>\n<\/ul>\n<\/li>\n<\/ol>\n<ol start=\"4\">\n<li><strong><em>Les unit\u00e9s productives de l\u2019Institut Sayarinapaj ont \u00e9t\u00e9 consolid\u00e9es <\/em><\/strong>\n<ul>\n<li>La boulangerie de l\u2019\u00e9cole fonctionne de fa\u00e7on associative entre les jeunes dipl\u00f4m\u00e9s et l\u2019institut<\/li>\n<li>La cr\u00e8che fonctionne de fa\u00e7on associative entre les jeunes dipl\u00f4m\u00e9s et l\u2019institut<\/li>\n<\/ul>\n<\/li>\n<\/ol>\n<p><strong><em>La Fundacion Cristo Vive Bolivia (FCVB) <\/em><\/strong>est une a.s.b.l. qui travaille pour la cr\u00e9ation de services sociaux pour les personnes en situation de vuln\u00e9rabilit\u00e9 afin de contribuer \u00e0 am\u00e9liorer leurs conditions de vie et donc de cr\u00e9er une soci\u00e9t\u00e9 plus juste et \u00e9quitable. L\u2019\u00e9ducation des enfants et des jeunes, ainsi que la sant\u00e9 des communaut\u00e9s, sont au c\u0153ur de l\u2019action de la FCVB. De base chr\u00e9tienne, l\u2019association promeut les valeurs de paix, justice, v\u00e9rit\u00e9 et amour.<\/p>\n<p>L\u2019ONGD Guiden a Scouten fir ENG Welt et la Fundaci\u00f2n Cristo Vive Bolivia travaillent ensemble depuis presque vingt ans pour offrir une formation professionnelle de qualit\u00e9 \u00e0 des jeunes de milieux d\u00e9favoris\u00e9s. C\u2019est dans cet objectif que <strong><em>l\u2019Institut Sayarinapaj<\/em><\/strong> a \u00e9t\u00e9 construit et inaugur\u00e9 en 2005. Si pour sa 1<sup>\u00e8re<\/sup> ann\u00e9e d\u2019existence l\u2019Institut avait trois fili\u00e8res (menuiserie, pu\u00e9riculture et agraire) pour un total de 30 \u00e9tudiants, pour l\u2019ann\u00e9e 2022\/2023 les six fili\u00e8res ouvertes sont\u00a0: \u00e9lectricit\u00e9 industrielle, m\u00e9canique industrielle, agro\u00e9cologie, gastronomie, pu\u00e9riculture et assistance sociale et comptent 756 \u00e9tudiants inscrits\u00a0!<\/p>\n<p><strong>Dur\u00e9e du projet\u00a0: <\/strong><\/p>\n<p>Projet de 4 ans, du 01\/01\/2022 au 31\/12\/2025<\/p>\n<p><strong>Budget\u00a0: <\/strong><\/p>\n<p>Budget global\u00a0: 217.718 \u20ac<\/p>\n<p>Participation du MAEE\u00a0: 60%\u00a0: 130.631 \u20ac<\/p>\n<p>Fonds propres ONG\u00a0: 40% 87.087 \u20ac<\/p>\n<p>&nbsp;<\/p>\n<div id='gallery-1' class='gallery galleryid-2170 gallery-columns-3 gallery-size-thumbnail'><figure class='gallery-item'>\n\t\t\t<div class='gallery-icon landscape'>\n\t\t\t\t<a data-lightbox=\"gallery\" href='https:\/\/ongd.lgs.lu\/wp-content\/uploads\/sites\/15\/2022\/03\/Gastronomia.jpg'><img loading=\"lazy\" decoding=\"async\" width=\"150\" height=\"150\" src=\"https:\/\/ongd.lgs.lu\/wp-content\/uploads\/sites\/15\/2022\/03\/Gastronomia-150x150.jpg\" class=\"attachment-thumbnail size-thumbnail\" alt=\"\" srcset=\"https:\/\/ongd.lgs.lu\/wp-content\/uploads\/sites\/15\/2022\/03\/Gastronomia-150x150.jpg 150w, https:\/\/ongd.lgs.lu\/wp-content\/uploads\/sites\/15\/2022\/03\/Gastronomia-700x700.jpg 700w, https:\/\/ongd.lgs.lu\/wp-content\/uploads\/sites\/15\/2022\/03\/Gastronomia-125x125.jpg 125w\" sizes=\"auto, (max-width: 150px) 100vw, 150px\" \/><\/a>\n\t\t\t<\/div><\/figure><figure class='gallery-item'>\n\t\t\t<div class='gallery-icon landscape'>\n\t\t\t\t<a data-lightbox=\"gallery\" href='https:\/\/ongd.lgs.lu\/wp-content\/uploads\/sites\/15\/2022\/03\/Taller-de-Prevencion-de-la-Violencia-hacia-la-Mujer-3-scaled.jpg'><img loading=\"lazy\" decoding=\"async\" width=\"150\" height=\"150\" src=\"https:\/\/ongd.lgs.lu\/wp-content\/uploads\/sites\/15\/2022\/03\/Taller-de-Prevencion-de-la-Violencia-hacia-la-Mujer-3-150x150.jpg\" class=\"attachment-thumbnail size-thumbnail\" alt=\"\" srcset=\"https:\/\/ongd.lgs.lu\/wp-content\/uploads\/sites\/15\/2022\/03\/Taller-de-Prevencion-de-la-Violencia-hacia-la-Mujer-3-150x150.jpg 150w, https:\/\/ongd.lgs.lu\/wp-content\/uploads\/sites\/15\/2022\/03\/Taller-de-Prevencion-de-la-Violencia-hacia-la-Mujer-3-700x700.jpg 700w, https:\/\/ongd.lgs.lu\/wp-content\/uploads\/sites\/15\/2022\/03\/Taller-de-Prevencion-de-la-Violencia-hacia-la-Mujer-3-125x125.jpg 125w\" sizes=\"auto, (max-width: 150px) 100vw, 150px\" \/><\/a>\n\t\t\t<\/div><\/figure><figure class='gallery-item'>\n\t\t\t<div class='gallery-icon landscape'>\n\t\t\t\t<a data-lightbox=\"gallery\" href='https:\/\/ongd.lgs.lu\/wp-content\/uploads\/sites\/15\/2022\/03\/Taller-de-Prevencion-de-la-Violencia-hacia-la-Mujer-2.jpg'><img loading=\"lazy\" decoding=\"async\" width=\"150\" height=\"150\" src=\"https:\/\/ongd.lgs.lu\/wp-content\/uploads\/sites\/15\/2022\/03\/Taller-de-Prevencion-de-la-Violencia-hacia-la-Mujer-2-150x150.jpg\" class=\"attachment-thumbnail size-thumbnail\" alt=\"\" srcset=\"https:\/\/ongd.lgs.lu\/wp-content\/uploads\/sites\/15\/2022\/03\/Taller-de-Prevencion-de-la-Violencia-hacia-la-Mujer-2-150x150.jpg 150w, https:\/\/ongd.lgs.lu\/wp-content\/uploads\/sites\/15\/2022\/03\/Taller-de-Prevencion-de-la-Violencia-hacia-la-Mujer-2-700x700.jpg 700w, https:\/\/ongd.lgs.lu\/wp-content\/uploads\/sites\/15\/2022\/03\/Taller-de-Prevencion-de-la-Violencia-hacia-la-Mujer-2-125x125.jpg 125w\" sizes=\"auto, (max-width: 150px) 100vw, 150px\" \/><\/a>\n\t\t\t<\/div><\/figure><figure class='gallery-item'>\n\t\t\t<div class='gallery-icon landscape'>\n\t\t\t\t<a data-lightbox=\"gallery\" href='https:\/\/ongd.lgs.lu\/wp-content\/uploads\/sites\/15\/2022\/03\/Sembrando-maiz-en-el-terreno-nuevo-de-Marquina.jpg'><img loading=\"lazy\" decoding=\"async\" width=\"150\" height=\"150\" src=\"https:\/\/ongd.lgs.lu\/wp-content\/uploads\/sites\/15\/2022\/03\/Sembrando-maiz-en-el-terreno-nuevo-de-Marquina-150x150.jpg\" class=\"attachment-thumbnail size-thumbnail\" alt=\"\" srcset=\"https:\/\/ongd.lgs.lu\/wp-content\/uploads\/sites\/15\/2022\/03\/Sembrando-maiz-en-el-terreno-nuevo-de-Marquina-150x150.jpg 150w, https:\/\/ongd.lgs.lu\/wp-content\/uploads\/sites\/15\/2022\/03\/Sembrando-maiz-en-el-terreno-nuevo-de-Marquina-700x700.jpg 700w, https:\/\/ongd.lgs.lu\/wp-content\/uploads\/sites\/15\/2022\/03\/Sembrando-maiz-en-el-terreno-nuevo-de-Marquina-125x125.jpg 125w\" sizes=\"auto, (max-width: 150px) 100vw, 150px\" \/><\/a>\n\t\t\t<\/div><\/figure><figure class='gallery-item'>\n\t\t\t<div class='gallery-icon landscape'>\n\t\t\t\t<a data-lightbox=\"gallery\" href='https:\/\/ongd.lgs.lu\/wp-content\/uploads\/sites\/15\/2022\/03\/Reunion-de-coordinacion-FCVB-Sayarinapaj-scaled.jpg'><img loading=\"lazy\" decoding=\"async\" width=\"150\" height=\"150\" src=\"https:\/\/ongd.lgs.lu\/wp-content\/uploads\/sites\/15\/2022\/03\/Reunion-de-coordinacion-FCVB-Sayarinapaj-150x150.jpg\" class=\"attachment-thumbnail size-thumbnail\" alt=\"\" srcset=\"https:\/\/ongd.lgs.lu\/wp-content\/uploads\/sites\/15\/2022\/03\/Reunion-de-coordinacion-FCVB-Sayarinapaj-150x150.jpg 150w, https:\/\/ongd.lgs.lu\/wp-content\/uploads\/sites\/15\/2022\/03\/Reunion-de-coordinacion-FCVB-Sayarinapaj-700x700.jpg 700w, https:\/\/ongd.lgs.lu\/wp-content\/uploads\/sites\/15\/2022\/03\/Reunion-de-coordinacion-FCVB-Sayarinapaj-125x125.jpg 125w\" sizes=\"auto, (max-width: 150px) 100vw, 150px\" \/><\/a>\n\t\t\t<\/div><\/figure><figure class='gallery-item'>\n\t\t\t<div class='gallery-icon landscape'>\n\t\t\t\t<a data-lightbox=\"gallery\" href='https:\/\/ongd.lgs.lu\/wp-content\/uploads\/sites\/15\/2022\/03\/Reuniojn-con-Sindicato-Agrario-de-Bella-Vista-scaled.jpg'><img loading=\"lazy\" decoding=\"async\" width=\"150\" height=\"150\" src=\"https:\/\/ongd.lgs.lu\/wp-content\/uploads\/sites\/15\/2022\/03\/Reuniojn-con-Sindicato-Agrario-de-Bella-Vista-150x150.jpg\" class=\"attachment-thumbnail size-thumbnail\" alt=\"\" srcset=\"https:\/\/ongd.lgs.lu\/wp-content\/uploads\/sites\/15\/2022\/03\/Reuniojn-con-Sindicato-Agrario-de-Bella-Vista-150x150.jpg 150w, https:\/\/ongd.lgs.lu\/wp-content\/uploads\/sites\/15\/2022\/03\/Reuniojn-con-Sindicato-Agrario-de-Bella-Vista-700x700.jpg 700w, https:\/\/ongd.lgs.lu\/wp-content\/uploads\/sites\/15\/2022\/03\/Reuniojn-con-Sindicato-Agrario-de-Bella-Vista-125x125.jpg 125w\" sizes=\"auto, (max-width: 150px) 100vw, 150px\" \/><\/a>\n\t\t\t<\/div><\/figure><figure class='gallery-item'>\n\t\t\t<div class='gallery-icon landscape'>\n\t\t\t\t<a data-lightbox=\"gallery\" href='https:\/\/ongd.lgs.lu\/wp-content\/uploads\/sites\/15\/2022\/03\/Modulo-de-Hidroponia.-Cultivo-de-Lechugas-scaled.jpg'><img loading=\"lazy\" decoding=\"async\" width=\"150\" height=\"150\" src=\"https:\/\/ongd.lgs.lu\/wp-content\/uploads\/sites\/15\/2022\/03\/Modulo-de-Hidroponia.-Cultivo-de-Lechugas-150x150.jpg\" class=\"attachment-thumbnail size-thumbnail\" alt=\"\" srcset=\"https:\/\/ongd.lgs.lu\/wp-content\/uploads\/sites\/15\/2022\/03\/Modulo-de-Hidroponia.-Cultivo-de-Lechugas-150x150.jpg 150w, https:\/\/ongd.lgs.lu\/wp-content\/uploads\/sites\/15\/2022\/03\/Modulo-de-Hidroponia.-Cultivo-de-Lechugas-700x700.jpg 700w, https:\/\/ongd.lgs.lu\/wp-content\/uploads\/sites\/15\/2022\/03\/Modulo-de-Hidroponia.-Cultivo-de-Lechugas-125x125.jpg 125w\" sizes=\"auto, (max-width: 150px) 100vw, 150px\" \/><\/a>\n\t\t\t<\/div><\/figure><figure class='gallery-item'>\n\t\t\t<div class='gallery-icon landscape'>\n\t\t\t\t<a data-lightbox=\"gallery\" href='https:\/\/ongd.lgs.lu\/wp-content\/uploads\/sites\/15\/2022\/03\/Labores-agricolas.jpg'><img loading=\"lazy\" decoding=\"async\" width=\"150\" height=\"150\" src=\"https:\/\/ongd.lgs.lu\/wp-content\/uploads\/sites\/15\/2022\/03\/Labores-agricolas-150x150.jpg\" class=\"attachment-thumbnail size-thumbnail\" alt=\"\" srcset=\"https:\/\/ongd.lgs.lu\/wp-content\/uploads\/sites\/15\/2022\/03\/Labores-agricolas-150x150.jpg 150w, https:\/\/ongd.lgs.lu\/wp-content\/uploads\/sites\/15\/2022\/03\/Labores-agricolas-700x700.jpg 700w, https:\/\/ongd.lgs.lu\/wp-content\/uploads\/sites\/15\/2022\/03\/Labores-agricolas-125x125.jpg 125w\" sizes=\"auto, (max-width: 150px) 100vw, 150px\" \/><\/a>\n\t\t\t<\/div><\/figure><figure class='gallery-item'>\n\t\t\t<div class='gallery-icon landscape'>\n\t\t\t\t<a data-lightbox=\"gallery\" href='https:\/\/ongd.lgs.lu\/wp-content\/uploads\/sites\/15\/2022\/03\/Estudiantes-de-Parvulario-1.jpg'><img loading=\"lazy\" decoding=\"async\" width=\"150\" height=\"150\" src=\"https:\/\/ongd.lgs.lu\/wp-content\/uploads\/sites\/15\/2022\/03\/Estudiantes-de-Parvulario-1-150x150.jpg\" class=\"attachment-thumbnail size-thumbnail\" alt=\"\" srcset=\"https:\/\/ongd.lgs.lu\/wp-content\/uploads\/sites\/15\/2022\/03\/Estudiantes-de-Parvulario-1-150x150.jpg 150w, https:\/\/ongd.lgs.lu\/wp-content\/uploads\/sites\/15\/2022\/03\/Estudiantes-de-Parvulario-1-700x700.jpg 700w, https:\/\/ongd.lgs.lu\/wp-content\/uploads\/sites\/15\/2022\/03\/Estudiantes-de-Parvulario-1-125x125.jpg 125w\" sizes=\"auto, (max-width: 150px) 100vw, 150px\" \/><\/a>\n\t\t\t<\/div><\/figure><figure class='gallery-item'>\n\t\t\t<div class='gallery-icon landscape'>\n\t\t\t\t<a data-lightbox=\"gallery\" href='https:\/\/ongd.lgs.lu\/wp-content\/uploads\/sites\/15\/2022\/03\/Clases.jpeg'><img loading=\"lazy\" decoding=\"async\" width=\"150\" height=\"150\" src=\"https:\/\/ongd.lgs.lu\/wp-content\/uploads\/sites\/15\/2022\/03\/Clases-150x150.jpeg\" class=\"attachment-thumbnail size-thumbnail\" alt=\"\" srcset=\"https:\/\/ongd.lgs.lu\/wp-content\/uploads\/sites\/15\/2022\/03\/Clases-150x150.jpeg 150w, https:\/\/ongd.lgs.lu\/wp-content\/uploads\/sites\/15\/2022\/03\/Clases-700x700.jpeg 700w, https:\/\/ongd.lgs.lu\/wp-content\/uploads\/sites\/15\/2022\/03\/Clases-125x125.jpeg 125w\" sizes=\"auto, (max-width: 150px) 100vw, 150px\" \/><\/a>\n\t\t\t<\/div><\/figure><figure class='gallery-item'>\n\t\t\t<div class='gallery-icon landscape'>\n\t\t\t\t<a data-lightbox=\"gallery\" href='https:\/\/ongd.lgs.lu\/wp-content\/uploads\/sites\/15\/2022\/03\/Capacitacion-en-Carpinteria-de-Aluminio-scaled.jpg'><img loading=\"lazy\" decoding=\"async\" width=\"150\" height=\"150\" src=\"https:\/\/ongd.lgs.lu\/wp-content\/uploads\/sites\/15\/2022\/03\/Capacitacion-en-Carpinteria-de-Aluminio-150x150.jpg\" class=\"attachment-thumbnail size-thumbnail\" alt=\"\" srcset=\"https:\/\/ongd.lgs.lu\/wp-content\/uploads\/sites\/15\/2022\/03\/Capacitacion-en-Carpinteria-de-Aluminio-150x150.jpg 150w, https:\/\/ongd.lgs.lu\/wp-content\/uploads\/sites\/15\/2022\/03\/Capacitacion-en-Carpinteria-de-Aluminio-700x700.jpg 700w, https:\/\/ongd.lgs.lu\/wp-content\/uploads\/sites\/15\/2022\/03\/Capacitacion-en-Carpinteria-de-Aluminio-125x125.jpg 125w\" sizes=\"auto, (max-width: 150px) 100vw, 150px\" \/><\/a>\n\t\t\t<\/div><\/figure><figure class='gallery-item'>\n\t\t\t<div class='gallery-icon landscape'>\n\t\t\t\t<a data-lightbox=\"gallery\" href='https:\/\/ongd.lgs.lu\/wp-content\/uploads\/sites\/15\/2022\/03\/Clases-de-Gastronomia-en-Tirani-scaled.jpg'><img loading=\"lazy\" decoding=\"async\" width=\"150\" height=\"150\" src=\"https:\/\/ongd.lgs.lu\/wp-content\/uploads\/sites\/15\/2022\/03\/Clases-de-Gastronomia-en-Tirani-150x150.jpg\" class=\"attachment-thumbnail size-thumbnail\" alt=\"\" srcset=\"https:\/\/ongd.lgs.lu\/wp-content\/uploads\/sites\/15\/2022\/03\/Clases-de-Gastronomia-en-Tirani-150x150.jpg 150w, https:\/\/ongd.lgs.lu\/wp-content\/uploads\/sites\/15\/2022\/03\/Clases-de-Gastronomia-en-Tirani-700x700.jpg 700w, https:\/\/ongd.lgs.lu\/wp-content\/uploads\/sites\/15\/2022\/03\/Clases-de-Gastronomia-en-Tirani-125x125.jpg 125w\" sizes=\"auto, (max-width: 150px) 100vw, 150px\" \/><\/a>\n\t\t\t<\/div><\/figure><figure class='gallery-item'>\n\t\t\t<div class='gallery-icon portrait'>\n\t\t\t\t<a data-lightbox=\"gallery\" href='https:\/\/ongd.lgs.lu\/wp-content\/uploads\/sites\/15\/2022\/03\/Convenio-con-organizacion-en-comunidad-Vacas-para-Agropecuaria-y-Asistencia-Social.jpg'><img loading=\"lazy\" decoding=\"async\" width=\"150\" height=\"150\" src=\"https:\/\/ongd.lgs.lu\/wp-content\/uploads\/sites\/15\/2022\/03\/Convenio-con-organizacion-en-comunidad-Vacas-para-Agropecuaria-y-Asistencia-Social-150x150.jpg\" class=\"attachment-thumbnail size-thumbnail\" alt=\"\" srcset=\"https:\/\/ongd.lgs.lu\/wp-content\/uploads\/sites\/15\/2022\/03\/Convenio-con-organizacion-en-comunidad-Vacas-para-Agropecuaria-y-Asistencia-Social-150x150.jpg 150w, https:\/\/ongd.lgs.lu\/wp-content\/uploads\/sites\/15\/2022\/03\/Convenio-con-organizacion-en-comunidad-Vacas-para-Agropecuaria-y-Asistencia-Social-700x700.jpg 700w, https:\/\/ongd.lgs.lu\/wp-content\/uploads\/sites\/15\/2022\/03\/Convenio-con-organizacion-en-comunidad-Vacas-para-Agropecuaria-y-Asistencia-Social-125x125.jpg 125w\" sizes=\"auto, (max-width: 150px) 100vw, 150px\" \/><\/a>\n\t\t\t<\/div><\/figure>\n\t\t<\/div>","protected":false},"excerpt":{"rendered":"<p>Lieu (pays, r\u00e9gion, localit\u00e9)\u00a0: Bolivie, ville de Cochabamba Contenu et d\u00e9roulement du projet\u00a0: Le projet a pour objectif de renforcer la formation professionnelle et l\u2019appui \u00e0 l\u2019emploi des jeunes de Cochabamba. Le projet appuie l\u2019Institut Technique Sayarinapaj \u00e0 travers la formation, les \u00e9quipements, le suivi psycho-social des \u00e9tudiants en grande difficult\u00e9, des bourses d\u2019\u00e9tudes et&#8230;  <a class=\"excerpt-read-more\" href=\"https:\/\/ongd.lgs.lu\/fr\/projeten\/bolivien\/fr-projet-dappui-a-lemploi-a-travers-une-formation-professionnelle-de-qualite-a-cochabamba\/\" title=\"ReadAppui \u00e0 l\u2019emploi \u00e0 travers une formation professionnelle de qualit\u00e9 \u00e0 Cochabamba &#8211; 2022-2025\">Read more &raquo;<\/a><\/p>\n","protected":false},"author":1298,"featured_media":2204,"parent":33,"menu_order":5,"comment_status":"closed","ping_status":"closed","template":"","meta":{"footnotes":""},"class_list":["post-2170","page","type-page","status-publish","has-post-thumbnail","hentry"],"_links":{"self":[{"href":"https:\/\/ongd.lgs.lu\/fr\/wp-json\/wp\/v2\/pages\/2170","targetHints":{"allow":["GET"]}}],"collection":[{"href":"https:\/\/ongd.lgs.lu\/fr\/wp-json\/wp\/v2\/pages"}],"about":[{"href":"https:\/\/ongd.lgs.lu\/fr\/wp-json\/wp\/v2\/types\/page"}],"author":[{"embeddable":true,"href":"https:\/\/ongd.lgs.lu\/fr\/wp-json\/wp\/v2\/users\/1298"}],"replies":[{"embeddable":true,"href":"https:\/\/ongd.lgs.lu\/fr\/wp-json\/wp\/v2\/comments?post=2170"}],"version-history":[{"count":7,"href":"https:\/\/ongd.lgs.lu\/fr\/wp-json\/wp\/v2\/pages\/2170\/revisions"}],"predecessor-version":[{"id":3411,"href":"https:\/\/ongd.lgs.lu\/fr\/wp-json\/wp\/v2\/pages\/2170\/revisions\/3411"}],"up":[{"embeddable":true,"href":"https:\/\/ongd.lgs.lu\/fr\/wp-json\/wp\/v2\/pages\/33"}],"wp:featuredmedia":[{"embeddable":true,"href":"https:\/\/ongd.lgs.lu\/fr\/wp-json\/wp\/v2\/media\/2204"}],"wp:attachment":[{"href":"https:\/\/ongd.lgs.lu\/fr\/wp-json\/wp\/v2\/media?parent=2170"}],"curies":[{"name":"wp","href":"https:\/\/api.w.org\/{rel}","templated":true}]}}