{"id":2176,"date":"2022-03-10T15:02:59","date_gmt":"2022-03-10T14:02:59","guid":{"rendered":"https:\/\/ongd.lgs.lu\/?page_id=2176"},"modified":"2026-04-14T11:05:26","modified_gmt":"2026-04-14T09:05:26","slug":"cabo-verde","status":"publish","type":"page","link":"https:\/\/ongd.lgs.lu\/fr\/projeten\/cabo-verde\/","title":{"rendered":"Cabo Verde"},"content":{"rendered":"<h1><strong>Nos projets en cours<\/strong><\/h1>\n<div class=\"infoboxes items-3 clearfix\"><a href=\"https:\/\/ongd.lgs.lu\/fr\/projeten\/cabo-verde\/fr-ameliorer-la-qualite-de-leducation-et-les-opportunites-pour-les-enfants-et-les-jeunes-sur-lile-de-santo-antao-2026-2030\/\" class=\"box\"><div class=\"inner\"><div class=\"image\" style=\"background-image: url(https:\/\/ongd.lgs.lu\/wp-content\/uploads\/sites\/15\/2026\/04\/622d18df-cdf3-48ef-ba1a-2140314c7821-700x700.jpeg)\"><img decoding=\"async\" src=\"https:\/\/ongd.lgs.lu\/wp-content\/themes\/lgs\/images\/square.png\" \/><\/div><h3>Am\u00e9liorer la qualit\u00e9 de l\u2019\u00e9ducation et les opportunit\u00e9s pour les enfants et les jeunes sur l\u2019\u00eele de Santo Ant\u00e3o 2026-2030<\/h3><\/div><\/a><a href=\"https:\/\/ongd.lgs.lu\/fr\/projeten\/cabo-verde\/fr-eduquer-avec-dignite-un-soutien-integral-a-lenfance-de-varzea-da-companhia-2026-2030\/\" class=\"box\"><div class=\"inner\"><div class=\"image\" style=\"background-image: url(https:\/\/ongd.lgs.lu\/wp-content\/uploads\/sites\/15\/2026\/04\/PHOTO-2025-09-13-19-04-47-700x700.jpg)\"><img decoding=\"async\" src=\"https:\/\/ongd.lgs.lu\/wp-content\/themes\/lgs\/images\/square.png\" \/><\/div><h3>Eduquer avec dignit\u00e9 un soutien int\u00e9gral \u00e0 l\u2019enfance de V\u00e1rzea da Companhia 2026-2030<\/h3><\/div><\/a><\/div>\n<h1>Notre projet termin\u00e9<\/h1>\n<p><a href=\"https:\/\/ongd.lgs.lu\/fr\/projeten\/cabo-verde\/projet-dappui-a-leducation-secondaire-et-a-leducation-professionnelle-au-cabo-verde\/\">Appui \u00e0 l&rsquo;\u00e9ducation secondaire et \u00e0 la formation professionnelle au Cabo Verde 2022-2025<\/a><\/p>\n<p>&#8212;&#8212;&#8212;&#8212;&#8212;&#8212;&#8212;&#8212;&#8212;&#8212;&#8212;&#8212;&#8212;&#8211;<\/p>\n<p>\u2139\ufe0f <a href=\"https:\/\/data.worldbank.org\/country\/cabo-verde\" target=\"_blank\" rel=\"noopener\">Cabo Verde en faits et en chiffres<\/a>","protected":false},"excerpt":{"rendered":"<p>Nos projets en cours Notre projet termin\u00e9 Appui \u00e0 l&rsquo;\u00e9ducation secondaire et \u00e0 la formation professionnelle au Cabo Verde 2022-2025 &#8212;&#8212;&#8212;&#8212;&#8212;&#8212;&#8212;&#8212;&#8212;&#8212;&#8212;&#8212;&#8212;&#8211; \u2139\ufe0f Cabo Verde en faits et en chiffres<\/p>\n","protected":false},"author":1298,"featured_media":4376,"parent":25,"menu_order":3,"comment_status":"closed","ping_status":"closed","template":"page-no-sidebar.php","meta":{"footnotes":""},"class_list":["post-2176","page","type-page","status-publish","has-post-thumbnail","hentry"],"_links":{"self":[{"href":"https:\/\/ongd.lgs.lu\/fr\/wp-json\/wp\/v2\/pages\/2176","targetHints":{"allow":["GET"]}}],"collection":[{"href":"https:\/\/ongd.lgs.lu\/fr\/wp-json\/wp\/v2\/pages"}],"about":[{"href":"https:\/\/ongd.lgs.lu\/fr\/wp-json\/wp\/v2\/types\/page"}],"author":[{"embeddable":true,"href":"https:\/\/ongd.lgs.lu\/fr\/wp-json\/wp\/v2\/users\/1298"}],"replies":[{"embeddable":true,"href":"https:\/\/ongd.lgs.lu\/fr\/wp-json\/wp\/v2\/comments?post=2176"}],"version-history":[{"count":17,"href":"https:\/\/ongd.lgs.lu\/fr\/wp-json\/wp\/v2\/pages\/2176\/revisions"}],"predecessor-version":[{"id":4378,"href":"https:\/\/ongd.lgs.lu\/fr\/wp-json\/wp\/v2\/pages\/2176\/revisions\/4378"}],"up":[{"embeddable":true,"href":"https:\/\/ongd.lgs.lu\/fr\/wp-json\/wp\/v2\/pages\/25"}],"wp:featuredmedia":[{"embeddable":true,"href":"https:\/\/ongd.lgs.lu\/fr\/wp-json\/wp\/v2\/media\/4376"}],"wp:attachment":[{"href":"https:\/\/ongd.lgs.lu\/fr\/wp-json\/wp\/v2\/media?parent=2176"}],"curies":[{"name":"wp","href":"https:\/\/api.w.org\/{rel}","templated":true}]}}