{"id":2184,"date":"2022-03-10T15:08:44","date_gmt":"2022-03-10T14:08:44","guid":{"rendered":"https:\/\/ongd.lgs.lu\/?page_id=2184"},"modified":"2026-04-14T09:55:16","modified_gmt":"2026-04-14T07:55:16","slug":"projet-dappui-a-leducation-secondaire-et-a-leducation-professionnelle-au-cabo-verde","status":"publish","type":"page","link":"https:\/\/ongd.lgs.lu\/fr\/projeten\/cabo-verde\/projet-dappui-a-leducation-secondaire-et-a-leducation-professionnelle-au-cabo-verde\/","title":{"rendered":"Projet d\u2019appui \u00e0 l\u2019\u00e9ducation secondaire et \u00e0 l\u2019\u00e9ducation professionnelle au Cabo Verde 2022-2025"},"content":{"rendered":"<strong>Lieu<\/strong> (pays, r\u00e9gion, localit\u00e9)\u00a0: Cabo Verde, ville de Ribeira Grande, \u00eele de Santo Ant\u00e3o<\/p>\n<p><strong>Contenu et d\u00e9roulement du projet<\/strong>\u00a0:<\/p>\n<p>Le projet a pour objectif d\u2019appuyer l\u2019\u00e9ducation secondaire pour 300 jeunes et l\u2019\u00e9ducation professionnelle pour 100 jeunes dans la ville de Ribeira Grande.<\/p>\n<p>Le projet soutient l\u2019am\u00e9lioration des conditions p\u00e9dagogiques du lyc\u00e9e \u00e0 travers l\u2019appui \u00e0 l\u2019\u00e9quipement informatique, \u00e0 la cantine scolaire et au mat\u00e9riel pour les \u00e9l\u00e8ves les plus d\u00e9favoris\u00e9s. Des bourses d\u2019\u00e9tudes sont octroy\u00e9es aux \u00e9l\u00e8ves qui ont eu leur Bac et qui souhaitent acc\u00e9der \u00e0 la formation professionnelle.<\/p>\n<p><strong>Les activit\u00e9s du projet sont r\u00e9parties sur trois r\u00e9sultats et plusieurs activit\u00e9s<\/strong>:<\/p>\n<ol>\n<li><strong><em>L\u2019am\u00e9lioration de l\u2019environnement \u00e9ducatif du complexe scolaire Suzete Delgado <\/em><\/strong>\n<ul>\n<li>Equipement et mise en route de la cantine scolaire<\/li>\n<li>Equipement et maintenance du parc informatique du lyc\u00e9e<\/li>\n<\/ul>\n<\/li>\n<\/ol>\n<ol start=\"2\">\n<li><strong><em>Les conditions d\u2019acc\u00e8s au lyc\u00e9e des \u00e9l\u00e8ves en difficult\u00e9 a \u00e9t\u00e9 am\u00e9lior\u00e9 <\/em><\/strong>\n<ul>\n<li>Identification des \u00e9l\u00e8ves en situation pr\u00e9caire<\/li>\n<li>Mise en place d\u2019un syst\u00e8me d\u2019appui \u00e0 ces \u00e9l\u00e8ves (mat\u00e9riel p\u00e9dagogique, uniformes)<\/li>\n<\/ul>\n<\/li>\n<\/ol>\n<ol start=\"3\">\n<li><strong><em>Les jeunes en situation de vuln\u00e9rabilit\u00e9 ont acc\u00e8s \u00e0 la formation professionnelle <\/em><\/strong>\n<ul>\n<li>Mise en place de crit\u00e8re d\u2019octroi de bourses<\/li>\n<li>Lancer un appel d\u2019offre<\/li>\n<li>S\u00e9lectionner 25 \u00e9l\u00e8ves sortant par an pour b\u00e9n\u00e9ficier des bourses d\u2019\u00e9tudes<\/li>\n<\/ul>\n<\/li>\n<\/ol>\n<p><strong>L\u2019 Ecole Secondaire Suzete Delgado <\/strong><\/p>\n<p>L\u2019\u00e9cole secondaire Suzete Delgado accueille en moyenne 875 \u00e9l\u00e8ves par an. Elle est sise sur deux lieux diff\u00e9rents, pas tr\u00e8s loin l\u2019un de l\u2019autre, un pour le coll\u00e8ge et un pour le lyc\u00e9e. Les classes sont limit\u00e9es \u00e0 25 \u00e9l\u00e8ves, comme pr\u00e9vu par l\u2019\u00e9tat.<\/p>\n<p>Sur l\u2019\u00eele de Santo Ant\u00e3o, il y a trois lyc\u00e9es en tout pour une population de presque 45.000 habitants.<\/p>\n<p>Les grands probl\u00e8mes auxquels fait face l\u2019\u00e9cole secondaire Suzete Delgado sont au niveau de l\u2019\u00e9quipement\u00a0:<\/p>\n<ol>\n<li>Le coll\u00e8ge poss\u00e8de une cuisine, car un service de cantine est pr\u00e9vu pour les \u00e9l\u00e8ves. Mais pour le moment ni la cuisine ni la cantine ne sont \u00e9quip\u00e9es.<\/li>\n<li>Il manque beaucoup d\u2019\u00e9quipement informatique. Selon le cursus scolaire pr\u00e9vu par l\u2019\u00e9tat, les classes d\u2019informatiques sont obligatoires \u00e0 partir de la 9<sup>\u00e8me <\/sup>(correspondant \u00e0 une 5<sup>\u00e8me<\/sup> classique au Luxembourg), mais le mat\u00e9riel fait d\u00e9faut et il est difficile de dispenser ces cours. En outre, tout le syst\u00e8me d\u2019\u00e9ducation secondaire est sur une plateforme informatique du minist\u00e8re de l\u2019\u00e9ducation, ce qui signifie que le personnel et les jeunes sont de plus en plus tenu d\u2019acc\u00e9der \u00e0 l\u2019outil informatique pour suivre les cours. Par contre, l\u2019\u00e9cole n\u2019a b\u00e9n\u00e9fici\u00e9 d\u2019aucun \u00e9quipement depuis plus de 12 ans, \u00e9quipement qui \u00e9tait d\u00e9j\u00e0 de deuxi\u00e8me main.<\/li>\n<\/ol>\n<p>C\u2019est pourquoi le partenaire a demand\u00e9 \u00e0 l\u2019ONGD Guiden a Scouten fir ENG Welt d\u2019appuyer ces acquisitions.<\/p>\n<p><strong>Dur\u00e9e du projet\u00a0: <\/strong><\/p>\n<p>Projet de 4 ans, du 01\/01\/2022 au 31\/12\/2025<\/p>\n<p><strong>Budget\u00a0: <\/strong><\/p>\n<p>Budget global\u00a0: 200.000 \u20ac<\/p>\n<p>Participation du MAEE\u00a0: 80% 160.000 \u20ac<\/p>\n<p>Fonds propres ONG\u00a0: 20% 40.000 \u20ac<\/p>\n<p>&nbsp;<\/p>\n<div id='gallery-1' class='gallery galleryid-2184 gallery-columns-3 gallery-size-thumbnail'><figure class='gallery-item'>\n\t\t\t<div class='gallery-icon portrait'>\n\t\t\t\t<a data-lightbox=\"gallery\" href='https:\/\/ongd.lgs.lu\/wp-content\/uploads\/sites\/15\/2022\/03\/CABO-VERDE-5.jpg'><img loading=\"lazy\" decoding=\"async\" width=\"150\" height=\"150\" src=\"https:\/\/ongd.lgs.lu\/wp-content\/uploads\/sites\/15\/2022\/03\/CABO-VERDE-5-150x150.jpg\" class=\"attachment-thumbnail size-thumbnail\" alt=\"\" srcset=\"https:\/\/ongd.lgs.lu\/wp-content\/uploads\/sites\/15\/2022\/03\/CABO-VERDE-5-150x150.jpg 150w, https:\/\/ongd.lgs.lu\/wp-content\/uploads\/sites\/15\/2022\/03\/CABO-VERDE-5-700x700.jpg 700w, https:\/\/ongd.lgs.lu\/wp-content\/uploads\/sites\/15\/2022\/03\/CABO-VERDE-5-125x125.jpg 125w\" sizes=\"auto, (max-width: 150px) 100vw, 150px\" \/><\/a>\n\t\t\t<\/div><\/figure><figure class='gallery-item'>\n\t\t\t<div class='gallery-icon landscape'>\n\t\t\t\t<a data-lightbox=\"gallery\" href='https:\/\/ongd.lgs.lu\/wp-content\/uploads\/sites\/15\/2022\/03\/P1020213.jpg'><img loading=\"lazy\" decoding=\"async\" width=\"150\" height=\"150\" src=\"https:\/\/ongd.lgs.lu\/wp-content\/uploads\/sites\/15\/2022\/03\/P1020213-150x150.jpg\" class=\"attachment-thumbnail size-thumbnail\" alt=\"\" srcset=\"https:\/\/ongd.lgs.lu\/wp-content\/uploads\/sites\/15\/2022\/03\/P1020213-150x150.jpg 150w, https:\/\/ongd.lgs.lu\/wp-content\/uploads\/sites\/15\/2022\/03\/P1020213-700x700.jpg 700w, https:\/\/ongd.lgs.lu\/wp-content\/uploads\/sites\/15\/2022\/03\/P1020213-125x125.jpg 125w\" sizes=\"auto, (max-width: 150px) 100vw, 150px\" \/><\/a>\n\t\t\t<\/div><\/figure><figure class='gallery-item'>\n\t\t\t<div class='gallery-icon landscape'>\n\t\t\t\t<a data-lightbox=\"gallery\" href='https:\/\/ongd.lgs.lu\/wp-content\/uploads\/sites\/15\/2022\/03\/P1020417.jpg'><img loading=\"lazy\" decoding=\"async\" width=\"150\" height=\"150\" src=\"https:\/\/ongd.lgs.lu\/wp-content\/uploads\/sites\/15\/2022\/03\/P1020417-150x150.jpg\" class=\"attachment-thumbnail size-thumbnail\" alt=\"\" srcset=\"https:\/\/ongd.lgs.lu\/wp-content\/uploads\/sites\/15\/2022\/03\/P1020417-150x150.jpg 150w, https:\/\/ongd.lgs.lu\/wp-content\/uploads\/sites\/15\/2022\/03\/P1020417-700x700.jpg 700w, https:\/\/ongd.lgs.lu\/wp-content\/uploads\/sites\/15\/2022\/03\/P1020417-125x125.jpg 125w\" sizes=\"auto, (max-width: 150px) 100vw, 150px\" \/><\/a>\n\t\t\t<\/div><\/figure><figure class='gallery-item'>\n\t\t\t<div class='gallery-icon landscape'>\n\t\t\t\t<a data-lightbox=\"gallery\" href='https:\/\/ongd.lgs.lu\/wp-content\/uploads\/sites\/15\/2022\/03\/P1020394.jpg'><img loading=\"lazy\" decoding=\"async\" width=\"150\" height=\"150\" src=\"https:\/\/ongd.lgs.lu\/wp-content\/uploads\/sites\/15\/2022\/03\/P1020394-150x150.jpg\" class=\"attachment-thumbnail size-thumbnail\" alt=\"\" srcset=\"https:\/\/ongd.lgs.lu\/wp-content\/uploads\/sites\/15\/2022\/03\/P1020394-150x150.jpg 150w, https:\/\/ongd.lgs.lu\/wp-content\/uploads\/sites\/15\/2022\/03\/P1020394-700x700.jpg 700w, https:\/\/ongd.lgs.lu\/wp-content\/uploads\/sites\/15\/2022\/03\/P1020394-125x125.jpg 125w\" sizes=\"auto, (max-width: 150px) 100vw, 150px\" \/><\/a>\n\t\t\t<\/div><\/figure><figure class='gallery-item'>\n\t\t\t<div class='gallery-icon portrait'>\n\t\t\t\t<a data-lightbox=\"gallery\" href='https:\/\/ongd.lgs.lu\/wp-content\/uploads\/sites\/15\/2022\/03\/P1020350.jpg'><img loading=\"lazy\" decoding=\"async\" width=\"150\" height=\"150\" src=\"https:\/\/ongd.lgs.lu\/wp-content\/uploads\/sites\/15\/2022\/03\/P1020350-150x150.jpg\" class=\"attachment-thumbnail size-thumbnail\" alt=\"\" srcset=\"https:\/\/ongd.lgs.lu\/wp-content\/uploads\/sites\/15\/2022\/03\/P1020350-150x150.jpg 150w, https:\/\/ongd.lgs.lu\/wp-content\/uploads\/sites\/15\/2022\/03\/P1020350-700x700.jpg 700w, https:\/\/ongd.lgs.lu\/wp-content\/uploads\/sites\/15\/2022\/03\/P1020350-125x125.jpg 125w\" sizes=\"auto, (max-width: 150px) 100vw, 150px\" \/><\/a>\n\t\t\t<\/div><\/figure><figure class='gallery-item'>\n\t\t\t<div class='gallery-icon landscape'>\n\t\t\t\t<a data-lightbox=\"gallery\" href='https:\/\/ongd.lgs.lu\/wp-content\/uploads\/sites\/15\/2022\/03\/P1020225.jpg'><img loading=\"lazy\" decoding=\"async\" width=\"150\" height=\"150\" src=\"https:\/\/ongd.lgs.lu\/wp-content\/uploads\/sites\/15\/2022\/03\/P1020225-150x150.jpg\" class=\"attachment-thumbnail size-thumbnail\" alt=\"\" srcset=\"https:\/\/ongd.lgs.lu\/wp-content\/uploads\/sites\/15\/2022\/03\/P1020225-150x150.jpg 150w, https:\/\/ongd.lgs.lu\/wp-content\/uploads\/sites\/15\/2022\/03\/P1020225-700x700.jpg 700w, https:\/\/ongd.lgs.lu\/wp-content\/uploads\/sites\/15\/2022\/03\/P1020225-125x125.jpg 125w\" sizes=\"auto, (max-width: 150px) 100vw, 150px\" \/><\/a>\n\t\t\t<\/div><\/figure><figure class='gallery-item'>\n\t\t\t<div class='gallery-icon landscape'>\n\t\t\t\t<a data-lightbox=\"gallery\" href='https:\/\/ongd.lgs.lu\/wp-content\/uploads\/sites\/15\/2022\/03\/CABO-VERDE-4.jpg'><img loading=\"lazy\" decoding=\"async\" width=\"150\" height=\"150\" src=\"https:\/\/ongd.lgs.lu\/wp-content\/uploads\/sites\/15\/2022\/03\/CABO-VERDE-4-150x150.jpg\" class=\"attachment-thumbnail size-thumbnail\" alt=\"\" srcset=\"https:\/\/ongd.lgs.lu\/wp-content\/uploads\/sites\/15\/2022\/03\/CABO-VERDE-4-150x150.jpg 150w, https:\/\/ongd.lgs.lu\/wp-content\/uploads\/sites\/15\/2022\/03\/CABO-VERDE-4-700x700.jpg 700w, https:\/\/ongd.lgs.lu\/wp-content\/uploads\/sites\/15\/2022\/03\/CABO-VERDE-4-125x125.jpg 125w\" sizes=\"auto, (max-width: 150px) 100vw, 150px\" \/><\/a>\n\t\t\t<\/div><\/figure><figure class='gallery-item'>\n\t\t\t<div class='gallery-icon landscape'>\n\t\t\t\t<a data-lightbox=\"gallery\" href='https:\/\/ongd.lgs.lu\/wp-content\/uploads\/sites\/15\/2022\/03\/CABO-VERDE-1.jpg'><img loading=\"lazy\" decoding=\"async\" width=\"150\" height=\"150\" src=\"https:\/\/ongd.lgs.lu\/wp-content\/uploads\/sites\/15\/2022\/03\/CABO-VERDE-1-150x150.jpg\" class=\"attachment-thumbnail size-thumbnail\" alt=\"\" srcset=\"https:\/\/ongd.lgs.lu\/wp-content\/uploads\/sites\/15\/2022\/03\/CABO-VERDE-1-150x150.jpg 150w, https:\/\/ongd.lgs.lu\/wp-content\/uploads\/sites\/15\/2022\/03\/CABO-VERDE-1-700x700.jpg 700w, https:\/\/ongd.lgs.lu\/wp-content\/uploads\/sites\/15\/2022\/03\/CABO-VERDE-1-125x125.jpg 125w\" sizes=\"auto, (max-width: 150px) 100vw, 150px\" \/><\/a>\n\t\t\t<\/div><\/figure><figure class='gallery-item'>\n\t\t\t<div class='gallery-icon portrait'>\n\t\t\t\t<a data-lightbox=\"gallery\" href='https:\/\/ongd.lgs.lu\/wp-content\/uploads\/sites\/15\/2022\/03\/IMG_20211105_131436.jpg'><img loading=\"lazy\" decoding=\"async\" width=\"150\" height=\"150\" src=\"https:\/\/ongd.lgs.lu\/wp-content\/uploads\/sites\/15\/2022\/03\/IMG_20211105_131436-150x150.jpg\" class=\"attachment-thumbnail size-thumbnail\" alt=\"\" srcset=\"https:\/\/ongd.lgs.lu\/wp-content\/uploads\/sites\/15\/2022\/03\/IMG_20211105_131436-150x150.jpg 150w, https:\/\/ongd.lgs.lu\/wp-content\/uploads\/sites\/15\/2022\/03\/IMG_20211105_131436-700x700.jpg 700w, https:\/\/ongd.lgs.lu\/wp-content\/uploads\/sites\/15\/2022\/03\/IMG_20211105_131436-125x125.jpg 125w\" sizes=\"auto, (max-width: 150px) 100vw, 150px\" \/><\/a>\n\t\t\t<\/div><\/figure><figure class='gallery-item'>\n\t\t\t<div class='gallery-icon landscape'>\n\t\t\t\t<a data-lightbox=\"gallery\" href='https:\/\/ongd.lgs.lu\/wp-content\/uploads\/sites\/15\/2022\/03\/P1020203.jpg'><img loading=\"lazy\" decoding=\"async\" width=\"150\" height=\"150\" src=\"https:\/\/ongd.lgs.lu\/wp-content\/uploads\/sites\/15\/2022\/03\/P1020203-150x150.jpg\" class=\"attachment-thumbnail size-thumbnail\" alt=\"\" srcset=\"https:\/\/ongd.lgs.lu\/wp-content\/uploads\/sites\/15\/2022\/03\/P1020203-150x150.jpg 150w, https:\/\/ongd.lgs.lu\/wp-content\/uploads\/sites\/15\/2022\/03\/P1020203-700x700.jpg 700w, https:\/\/ongd.lgs.lu\/wp-content\/uploads\/sites\/15\/2022\/03\/P1020203-125x125.jpg 125w\" sizes=\"auto, (max-width: 150px) 100vw, 150px\" \/><\/a>\n\t\t\t<\/div><\/figure><figure class='gallery-item'>\n\t\t\t<div class='gallery-icon landscape'>\n\t\t\t\t<a data-lightbox=\"gallery\" href='https:\/\/ongd.lgs.lu\/wp-content\/uploads\/sites\/15\/2022\/03\/IMG_20211107_081951.jpg'><img loading=\"lazy\" decoding=\"async\" width=\"150\" height=\"150\" src=\"https:\/\/ongd.lgs.lu\/wp-content\/uploads\/sites\/15\/2022\/03\/IMG_20211107_081951-150x150.jpg\" class=\"attachment-thumbnail size-thumbnail\" alt=\"\" srcset=\"https:\/\/ongd.lgs.lu\/wp-content\/uploads\/sites\/15\/2022\/03\/IMG_20211107_081951-150x150.jpg 150w, https:\/\/ongd.lgs.lu\/wp-content\/uploads\/sites\/15\/2022\/03\/IMG_20211107_081951-700x700.jpg 700w, https:\/\/ongd.lgs.lu\/wp-content\/uploads\/sites\/15\/2022\/03\/IMG_20211107_081951-125x125.jpg 125w\" sizes=\"auto, (max-width: 150px) 100vw, 150px\" \/><\/a>\n\t\t\t<\/div><\/figure><figure class='gallery-item'>\n\t\t\t<div class='gallery-icon portrait'>\n\t\t\t\t<a data-lightbox=\"gallery\" href='https:\/\/ongd.lgs.lu\/wp-content\/uploads\/sites\/15\/2022\/03\/CABO-VERDE-2-scaled.jpg'><img loading=\"lazy\" decoding=\"async\" width=\"150\" height=\"150\" src=\"https:\/\/ongd.lgs.lu\/wp-content\/uploads\/sites\/15\/2022\/03\/CABO-VERDE-2-150x150.jpg\" class=\"attachment-thumbnail size-thumbnail\" alt=\"\" srcset=\"https:\/\/ongd.lgs.lu\/wp-content\/uploads\/sites\/15\/2022\/03\/CABO-VERDE-2-150x150.jpg 150w, https:\/\/ongd.lgs.lu\/wp-content\/uploads\/sites\/15\/2022\/03\/CABO-VERDE-2-700x700.jpg 700w, https:\/\/ongd.lgs.lu\/wp-content\/uploads\/sites\/15\/2022\/03\/CABO-VERDE-2-125x125.jpg 125w\" sizes=\"auto, (max-width: 150px) 100vw, 150px\" \/><\/a>\n\t\t\t<\/div><\/figure><figure class='gallery-item'>\n\t\t\t<div class='gallery-icon landscape'>\n\t\t\t\t<a data-lightbox=\"gallery\" href='https:\/\/ongd.lgs.lu\/wp-content\/uploads\/sites\/15\/2022\/03\/CABO-VERDE3-scaled.jpg'><img loading=\"lazy\" decoding=\"async\" width=\"150\" height=\"150\" src=\"https:\/\/ongd.lgs.lu\/wp-content\/uploads\/sites\/15\/2022\/03\/CABO-VERDE3-150x150.jpg\" class=\"attachment-thumbnail size-thumbnail\" alt=\"\" srcset=\"https:\/\/ongd.lgs.lu\/wp-content\/uploads\/sites\/15\/2022\/03\/CABO-VERDE3-150x150.jpg 150w, https:\/\/ongd.lgs.lu\/wp-content\/uploads\/sites\/15\/2022\/03\/CABO-VERDE3-700x700.jpg 700w, https:\/\/ongd.lgs.lu\/wp-content\/uploads\/sites\/15\/2022\/03\/CABO-VERDE3-125x125.jpg 125w\" sizes=\"auto, (max-width: 150px) 100vw, 150px\" \/><\/a>\n\t\t\t<\/div><\/figure><figure class='gallery-item'>\n\t\t\t<div class='gallery-icon landscape'>\n\t\t\t\t<a data-lightbox=\"gallery\" href='https:\/\/ongd.lgs.lu\/wp-content\/uploads\/sites\/15\/2022\/03\/P1020182.jpg'><img loading=\"lazy\" decoding=\"async\" width=\"150\" height=\"150\" src=\"https:\/\/ongd.lgs.lu\/wp-content\/uploads\/sites\/15\/2022\/03\/P1020182-150x150.jpg\" class=\"attachment-thumbnail size-thumbnail\" alt=\"\" srcset=\"https:\/\/ongd.lgs.lu\/wp-content\/uploads\/sites\/15\/2022\/03\/P1020182-150x150.jpg 150w, https:\/\/ongd.lgs.lu\/wp-content\/uploads\/sites\/15\/2022\/03\/P1020182-700x700.jpg 700w, https:\/\/ongd.lgs.lu\/wp-content\/uploads\/sites\/15\/2022\/03\/P1020182-125x125.jpg 125w\" sizes=\"auto, (max-width: 150px) 100vw, 150px\" \/><\/a>\n\t\t\t<\/div><\/figure><figure class='gallery-item'>\n\t\t\t<div class='gallery-icon landscape'>\n\t\t\t\t<a data-lightbox=\"gallery\" href='https:\/\/ongd.lgs.lu\/wp-content\/uploads\/sites\/15\/2022\/03\/P1020231.jpg'><img loading=\"lazy\" decoding=\"async\" width=\"150\" height=\"150\" src=\"https:\/\/ongd.lgs.lu\/wp-content\/uploads\/sites\/15\/2022\/03\/P1020231-150x150.jpg\" class=\"attachment-thumbnail size-thumbnail\" alt=\"\" srcset=\"https:\/\/ongd.lgs.lu\/wp-content\/uploads\/sites\/15\/2022\/03\/P1020231-150x150.jpg 150w, https:\/\/ongd.lgs.lu\/wp-content\/uploads\/sites\/15\/2022\/03\/P1020231-700x700.jpg 700w, https:\/\/ongd.lgs.lu\/wp-content\/uploads\/sites\/15\/2022\/03\/P1020231-125x125.jpg 125w\" sizes=\"auto, (max-width: 150px) 100vw, 150px\" \/><\/a>\n\t\t\t<\/div><\/figure><figure class='gallery-item'>\n\t\t\t<div class='gallery-icon landscape'>\n\t\t\t\t<a data-lightbox=\"gallery\" href='https:\/\/ongd.lgs.lu\/wp-content\/uploads\/sites\/15\/2022\/03\/P1020275.jpg'><img loading=\"lazy\" decoding=\"async\" width=\"150\" height=\"150\" src=\"https:\/\/ongd.lgs.lu\/wp-content\/uploads\/sites\/15\/2022\/03\/P1020275-150x150.jpg\" class=\"attachment-thumbnail size-thumbnail\" alt=\"\" srcset=\"https:\/\/ongd.lgs.lu\/wp-content\/uploads\/sites\/15\/2022\/03\/P1020275-150x150.jpg 150w, https:\/\/ongd.lgs.lu\/wp-content\/uploads\/sites\/15\/2022\/03\/P1020275-700x700.jpg 700w, https:\/\/ongd.lgs.lu\/wp-content\/uploads\/sites\/15\/2022\/03\/P1020275-125x125.jpg 125w\" sizes=\"auto, (max-width: 150px) 100vw, 150px\" \/><\/a>\n\t\t\t<\/div><\/figure>\n\t\t<\/div>","protected":false},"excerpt":{"rendered":"<p>Lieu (pays, r\u00e9gion, localit\u00e9)\u00a0: Cabo Verde, ville de Ribeira Grande, \u00eele de Santo Ant\u00e3o Contenu et d\u00e9roulement du projet\u00a0: Le projet a pour objectif d\u2019appuyer l\u2019\u00e9ducation secondaire pour 300 jeunes et l\u2019\u00e9ducation professionnelle pour 100 jeunes dans la ville de Ribeira Grande. Le projet soutient l\u2019am\u00e9lioration des conditions p\u00e9dagogiques du lyc\u00e9e \u00e0 travers l\u2019appui \u00e0&#8230;  <a class=\"excerpt-read-more\" href=\"https:\/\/ongd.lgs.lu\/fr\/projeten\/cabo-verde\/projet-dappui-a-leducation-secondaire-et-a-leducation-professionnelle-au-cabo-verde\/\" title=\"ReadProjet d\u2019appui \u00e0 l\u2019\u00e9ducation secondaire et \u00e0 l\u2019\u00e9ducation professionnelle au Cabo Verde 2022-2025\">Read more &raquo;<\/a><\/p>\n","protected":false},"author":1298,"featured_media":2192,"parent":2176,"menu_order":5,"comment_status":"closed","ping_status":"closed","template":"","meta":{"footnotes":""},"class_list":["post-2184","page","type-page","status-publish","has-post-thumbnail","hentry"],"_links":{"self":[{"href":"https:\/\/ongd.lgs.lu\/fr\/wp-json\/wp\/v2\/pages\/2184","targetHints":{"allow":["GET"]}}],"collection":[{"href":"https:\/\/ongd.lgs.lu\/fr\/wp-json\/wp\/v2\/pages"}],"about":[{"href":"https:\/\/ongd.lgs.lu\/fr\/wp-json\/wp\/v2\/types\/page"}],"author":[{"embeddable":true,"href":"https:\/\/ongd.lgs.lu\/fr\/wp-json\/wp\/v2\/users\/1298"}],"replies":[{"embeddable":true,"href":"https:\/\/ongd.lgs.lu\/fr\/wp-json\/wp\/v2\/comments?post=2184"}],"version-history":[{"count":5,"href":"https:\/\/ongd.lgs.lu\/fr\/wp-json\/wp\/v2\/pages\/2184\/revisions"}],"predecessor-version":[{"id":4293,"href":"https:\/\/ongd.lgs.lu\/fr\/wp-json\/wp\/v2\/pages\/2184\/revisions\/4293"}],"up":[{"embeddable":true,"href":"https:\/\/ongd.lgs.lu\/fr\/wp-json\/wp\/v2\/pages\/2176"}],"wp:featuredmedia":[{"embeddable":true,"href":"https:\/\/ongd.lgs.lu\/fr\/wp-json\/wp\/v2\/media\/2192"}],"wp:attachment":[{"href":"https:\/\/ongd.lgs.lu\/fr\/wp-json\/wp\/v2\/media?parent=2184"}],"curies":[{"name":"wp","href":"https:\/\/api.w.org\/{rel}","templated":true}]}}