{"id":2223,"date":"2022-03-14T15:14:24","date_gmt":"2022-03-14T14:14:24","guid":{"rendered":"https:\/\/ongd.lgs.lu\/?page_id=2223"},"modified":"2023-11-13T15:39:14","modified_gmt":"2023-11-13T14:39:14","slug":"fr-appui-a-lamelioration-de-la-qualite-de-lenseignement-dans-les-ecoles-partenaires-2022-2025","status":"publish","type":"page","link":"https:\/\/ongd.lgs.lu\/fr\/projeten\/niger\/fr-appui-a-lamelioration-de-la-qualite-de-lenseignement-dans-les-ecoles-partenaires-2022-2025\/","title":{"rendered":"Appui \u00e0 l\u2019am\u00e9lioration de la qualit\u00e9 de l\u2019enseignement dans les \u00e9coles partenaires &#8211; 2022-2025"},"content":{"rendered":"<strong>Lieu<\/strong> (pays, r\u00e9gion, localit\u00e9)\u00a0: Niger, ville de Niamey, r\u00e9gions de Dosso et r\u00e9gion de Tillab\u00e9ry<\/p>\n<p><strong>Contenu et d\u00e9roulement du projet<\/strong>\u00a0:<\/p>\n<p>Le projet a pour objectif d\u2019appuyer la scolarisation des enfants et la formation professionnelle des jeunes des communes cit\u00e9es. Le projet renforce l\u2019acc\u00e8s \u00e0 l\u2019\u00e9ducation et il sensibilise toute la communaut\u00e9 \u00e0 l\u2019importance de l\u2019\u00e9ducation en tant que droit fondamental de chaque enfant.<\/p>\n<p>Les conditions de vie dans les zones du projet sont pr\u00e9caires avec une forte incidence de la pauvret\u00e9 et de travail des enfants, notamment pour les communes les plus rurales.<\/p>\n<p>Le soutient \u00e0 ces familles en termes de fournitures scolaires, mais aussi de sensibilisation, est fondamental pour que les enfants continuent d\u2019aller \u00e0 l\u2019\u00e9cole.<\/p>\n<p><strong><u>B\u00e9n\u00e9ficiaires<\/u><\/strong>\u00a0: Environ 12.500 enfants de 34 \u00e9coles, 1000 professionnels de l\u2019\u00e9ducation, 1000 parents d\u2019\u00e9l\u00e8ves et 120 jeunes en d\u00e9crochage scolaire.<\/p>\n<p><strong>Les activit\u00e9s du projet sont r\u00e9parties sur cinq r\u00e9sultats et plusieurs activit\u00e9s<\/strong>:<\/p>\n<ol>\n<li><strong>L\u2019am\u00e9lioration des conditions d\u2019apprentissage \u00e0 travers la mise \u00e0 disposition de fournitures scolaires et de table-bancs<\/strong>\n<ul>\n<li>Mise \u00e0 disposition de mat\u00e9riel p\u00e9dagogique et didactique, de mat\u00e9riel sportif et informatique et mise en place de jardins potagers dans les \u00e9coles partenaires.<\/li>\n<\/ul>\n<\/li>\n<\/ol>\n<ol start=\"2\">\n<li><strong><em>Le renforcement des comp\u00e9tences des acteurs de l\u2019\u00e9ducation (\u00e9l\u00e8ves, enseignants et des membres comit\u00e9s de gestion des \u00e9coles, directeurs etc) des \u00e9coles partenaires \u00e0 travers les formations et les \u00e9changes p\u00e9dagogiques <\/em><\/strong>\n<ul>\n<li>Formations p\u00e9dagogiques et forums pour les directeurs, les enseignants et tous les acteurs de l\u2019enseignements<\/li>\n<li>Formation des \u00e9l\u00e8ves en droits des enfants, en hygi\u00e8ne et sant\u00e9 et formation \u00e0 la paix et \u00e0 la tol\u00e9rance<\/li>\n<li>S\u00e9ances d\u2019alphab\u00e9tisation num\u00e9rique<\/li>\n<\/ul>\n<\/li>\n<\/ol>\n<ol start=\"3\">\n<li><strong><em>Le d\u00e9veloppement des activit\u00e9s sportives et culturelles dans les \u00e9coles <\/em><\/strong>\n<ul>\n<li>Organisation de championnats scolaires (football)<\/li>\n<li>Organisation du journal \u00ab\u00a0L\u2019\u00e9colier\u00a0\u00bb<\/li>\n<\/ul>\n<\/li>\n<\/ol>\n<ol start=\"4\">\n<li><strong>L\u2019accompagnement des \u00e9l\u00e8ves en d\u00e9crochage scolaire et des associations des m\u00e8res \u00e9ducatrices qui aident les jeunes <\/strong>\n<ul>\n<li>Insertion de jeunes en d\u00e9crochage scolaire en formation professionnelle<\/li>\n<\/ul>\n<\/li>\n<\/ol>\n<ol start=\"5\">\n<li><strong>L\u2019appui \u00e0 l\u2019hygi\u00e8ne dans les \u00e9coles <\/strong>\n<ul>\n<li>Dotation en kits d\u2019hygi\u00e8ne et d\u2019assainissement<\/li>\n<\/ul>\n<\/li>\n<\/ol>\n<ol start=\"6\">\n<li><strong>Le renforcement institutionnel du partenaire<\/strong>, ainsi que les formations \u00e0 la s\u00e9curit\u00e9, face notamment aux menaces terroristes. Formation en leadership et vie associative des 20 responsables scouts des diff\u00e9rentes<\/li>\n<\/ol>\n<p><strong>Le partenaire: <\/strong>L\u2019Association \u00ab\u00a0Les Amis de l\u2019Ecole\u00a0\u00bb est une association \u00e0 but non lucratif qui a pour objectif g\u00e9n\u00e9ral de contribuer \u00e0 l\u2019am\u00e9lioration de l\u2019acc\u00e8s et de la qualit\u00e9 du syst\u00e8me \u00e9ducatif nig\u00e9rien. Elle \u0153uvre pour l\u2019am\u00e9lioration de l\u2019environnement scolaire et notamment de disponibilit\u00e9 de mat\u00e9riel \u00e9ducatif et p\u00e9dagogique, pour la dynamisation des comit\u00e9s de gestion et des espaces de concertation des diff\u00e9rents acteurs, pour la sensibilisation autour de l\u2019importance de l\u2019\u00e9ducation de tous les enfants, \u00a0pour l\u2019am\u00e9lioration de la prise en charge des enfants en situation de handicap, pour le renforcement de la r\u00e9silience des acteurs et pour promouvoir l\u2019esprit de solidarit\u00e9 et d\u2019ouverture sur le monde.<\/p>\n<p><strong>Dur\u00e9e du projet\u00a0: <\/strong><\/p>\n<p>Projet de 4 ans, du 01\/01\/2022 au 31\/12\/2025<\/p>\n<p><strong>Budget\u00a0: <\/strong><\/p>\n<p>Budget global\u00a0: 388.750 \u20ac<strong><em>\u00a0 <\/em><\/strong><\/p>\n<p>Participation du MAEE\u00a0: 80%\u00a0: 311.000 \u20ac<\/p>\n<p>Fonds propres ONG\u00a0: 20% 77.750 \u20ac<\/p>\n<div id='gallery-1' class='gallery galleryid-2223 gallery-columns-3 gallery-size-thumbnail'><figure class='gallery-item'>\n\t\t\t<div class='gallery-icon portrait'>\n\t\t\t\t<a data-lightbox=\"gallery\" href='https:\/\/ongd.lgs.lu\/wp-content\/uploads\/sites\/15\/2022\/03\/IMG-20210617-WA0610.jpg'><img loading=\"lazy\" decoding=\"async\" width=\"150\" height=\"150\" src=\"https:\/\/ongd.lgs.lu\/wp-content\/uploads\/sites\/15\/2022\/03\/IMG-20210617-WA0610-150x150.jpg\" class=\"attachment-thumbnail size-thumbnail\" alt=\"\" srcset=\"https:\/\/ongd.lgs.lu\/wp-content\/uploads\/sites\/15\/2022\/03\/IMG-20210617-WA0610-150x150.jpg 150w, https:\/\/ongd.lgs.lu\/wp-content\/uploads\/sites\/15\/2022\/03\/IMG-20210617-WA0610-700x700.jpg 700w, https:\/\/ongd.lgs.lu\/wp-content\/uploads\/sites\/15\/2022\/03\/IMG-20210617-WA0610-125x125.jpg 125w\" sizes=\"auto, (max-width: 150px) 100vw, 150px\" \/><\/a>\n\t\t\t<\/div><\/figure><figure class='gallery-item'>\n\t\t\t<div class='gallery-icon portrait'>\n\t\t\t\t<a data-lightbox=\"gallery\" href='https:\/\/ongd.lgs.lu\/wp-content\/uploads\/sites\/15\/2022\/03\/IMG-20210617-WA0608.jpg'><img loading=\"lazy\" decoding=\"async\" width=\"150\" height=\"150\" src=\"https:\/\/ongd.lgs.lu\/wp-content\/uploads\/sites\/15\/2022\/03\/IMG-20210617-WA0608-150x150.jpg\" class=\"attachment-thumbnail size-thumbnail\" alt=\"\" srcset=\"https:\/\/ongd.lgs.lu\/wp-content\/uploads\/sites\/15\/2022\/03\/IMG-20210617-WA0608-150x150.jpg 150w, https:\/\/ongd.lgs.lu\/wp-content\/uploads\/sites\/15\/2022\/03\/IMG-20210617-WA0608-700x700.jpg 700w, https:\/\/ongd.lgs.lu\/wp-content\/uploads\/sites\/15\/2022\/03\/IMG-20210617-WA0608-125x125.jpg 125w\" sizes=\"auto, (max-width: 150px) 100vw, 150px\" \/><\/a>\n\t\t\t<\/div><\/figure><figure class='gallery-item'>\n\t\t\t<div class='gallery-icon landscape'>\n\t\t\t\t<a data-lightbox=\"gallery\" href='https:\/\/ongd.lgs.lu\/wp-content\/uploads\/sites\/15\/2022\/03\/IMG-20210617-WA0022.jpg'><img loading=\"lazy\" decoding=\"async\" width=\"150\" height=\"150\" src=\"https:\/\/ongd.lgs.lu\/wp-content\/uploads\/sites\/15\/2022\/03\/IMG-20210617-WA0022-150x150.jpg\" class=\"attachment-thumbnail size-thumbnail\" alt=\"\" srcset=\"https:\/\/ongd.lgs.lu\/wp-content\/uploads\/sites\/15\/2022\/03\/IMG-20210617-WA0022-150x150.jpg 150w, https:\/\/ongd.lgs.lu\/wp-content\/uploads\/sites\/15\/2022\/03\/IMG-20210617-WA0022-125x125.jpg 125w\" sizes=\"auto, (max-width: 150px) 100vw, 150px\" \/><\/a>\n\t\t\t<\/div><\/figure><figure class='gallery-item'>\n\t\t\t<div class='gallery-icon landscape'>\n\t\t\t\t<a data-lightbox=\"gallery\" href='https:\/\/ongd.lgs.lu\/wp-content\/uploads\/sites\/15\/2022\/03\/IMG-20210617-WA0016.jpg'><img loading=\"lazy\" decoding=\"async\" width=\"150\" height=\"150\" src=\"https:\/\/ongd.lgs.lu\/wp-content\/uploads\/sites\/15\/2022\/03\/IMG-20210617-WA0016-150x150.jpg\" class=\"attachment-thumbnail size-thumbnail\" alt=\"\" srcset=\"https:\/\/ongd.lgs.lu\/wp-content\/uploads\/sites\/15\/2022\/03\/IMG-20210617-WA0016-150x150.jpg 150w, https:\/\/ongd.lgs.lu\/wp-content\/uploads\/sites\/15\/2022\/03\/IMG-20210617-WA0016-125x125.jpg 125w\" sizes=\"auto, (max-width: 150px) 100vw, 150px\" \/><\/a>\n\t\t\t<\/div><\/figure><figure class='gallery-item'>\n\t\t\t<div class='gallery-icon portrait'>\n\t\t\t\t<a data-lightbox=\"gallery\" href='https:\/\/ongd.lgs.lu\/wp-content\/uploads\/sites\/15\/2022\/03\/IMG-20200609-WA0010.jpg'><img loading=\"lazy\" decoding=\"async\" width=\"150\" height=\"150\" src=\"https:\/\/ongd.lgs.lu\/wp-content\/uploads\/sites\/15\/2022\/03\/IMG-20200609-WA0010-150x150.jpg\" class=\"attachment-thumbnail size-thumbnail\" alt=\"\" srcset=\"https:\/\/ongd.lgs.lu\/wp-content\/uploads\/sites\/15\/2022\/03\/IMG-20200609-WA0010-150x150.jpg 150w, https:\/\/ongd.lgs.lu\/wp-content\/uploads\/sites\/15\/2022\/03\/IMG-20200609-WA0010-125x125.jpg 125w\" sizes=\"auto, (max-width: 150px) 100vw, 150px\" \/><\/a>\n\t\t\t<\/div><\/figure><figure class='gallery-item'>\n\t\t\t<div class='gallery-icon portrait'>\n\t\t\t\t<a data-lightbox=\"gallery\" href='https:\/\/ongd.lgs.lu\/wp-content\/uploads\/sites\/15\/2022\/03\/IMG-20200609-WA0009.jpg'><img loading=\"lazy\" decoding=\"async\" width=\"150\" height=\"150\" src=\"https:\/\/ongd.lgs.lu\/wp-content\/uploads\/sites\/15\/2022\/03\/IMG-20200609-WA0009-150x150.jpg\" class=\"attachment-thumbnail size-thumbnail\" alt=\"\" srcset=\"https:\/\/ongd.lgs.lu\/wp-content\/uploads\/sites\/15\/2022\/03\/IMG-20200609-WA0009-150x150.jpg 150w, https:\/\/ongd.lgs.lu\/wp-content\/uploads\/sites\/15\/2022\/03\/IMG-20200609-WA0009-125x125.jpg 125w\" sizes=\"auto, (max-width: 150px) 100vw, 150px\" \/><\/a>\n\t\t\t<\/div><\/figure><figure class='gallery-item'>\n\t\t\t<div class='gallery-icon portrait'>\n\t\t\t\t<a data-lightbox=\"gallery\" href='https:\/\/ongd.lgs.lu\/wp-content\/uploads\/sites\/15\/2022\/03\/IMG-20200609-WA0008.jpg'><img loading=\"lazy\" decoding=\"async\" width=\"150\" height=\"150\" src=\"https:\/\/ongd.lgs.lu\/wp-content\/uploads\/sites\/15\/2022\/03\/IMG-20200609-WA0008-150x150.jpg\" class=\"attachment-thumbnail size-thumbnail\" alt=\"\" srcset=\"https:\/\/ongd.lgs.lu\/wp-content\/uploads\/sites\/15\/2022\/03\/IMG-20200609-WA0008-150x150.jpg 150w, https:\/\/ongd.lgs.lu\/wp-content\/uploads\/sites\/15\/2022\/03\/IMG-20200609-WA0008-125x125.jpg 125w\" sizes=\"auto, (max-width: 150px) 100vw, 150px\" \/><\/a>\n\t\t\t<\/div><\/figure><figure class='gallery-item'>\n\t\t\t<div class='gallery-icon portrait'>\n\t\t\t\t<a data-lightbox=\"gallery\" href='https:\/\/ongd.lgs.lu\/wp-content\/uploads\/sites\/15\/2022\/03\/IMG-20200609-WA0004.jpg'><img loading=\"lazy\" decoding=\"async\" width=\"150\" height=\"150\" src=\"https:\/\/ongd.lgs.lu\/wp-content\/uploads\/sites\/15\/2022\/03\/IMG-20200609-WA0004-150x150.jpg\" class=\"attachment-thumbnail size-thumbnail\" alt=\"\" srcset=\"https:\/\/ongd.lgs.lu\/wp-content\/uploads\/sites\/15\/2022\/03\/IMG-20200609-WA0004-150x150.jpg 150w, https:\/\/ongd.lgs.lu\/wp-content\/uploads\/sites\/15\/2022\/03\/IMG-20200609-WA0004-125x125.jpg 125w\" sizes=\"auto, (max-width: 150px) 100vw, 150px\" \/><\/a>\n\t\t\t<\/div><\/figure><figure class='gallery-item'>\n\t\t\t<div class='gallery-icon portrait'>\n\t\t\t\t<a data-lightbox=\"gallery\" href='https:\/\/ongd.lgs.lu\/wp-content\/uploads\/sites\/15\/2022\/03\/IMG-20200609-WA0003.jpg'><img loading=\"lazy\" decoding=\"async\" width=\"150\" height=\"150\" src=\"https:\/\/ongd.lgs.lu\/wp-content\/uploads\/sites\/15\/2022\/03\/IMG-20200609-WA0003-150x150.jpg\" class=\"attachment-thumbnail size-thumbnail\" alt=\"\" srcset=\"https:\/\/ongd.lgs.lu\/wp-content\/uploads\/sites\/15\/2022\/03\/IMG-20200609-WA0003-150x150.jpg 150w, https:\/\/ongd.lgs.lu\/wp-content\/uploads\/sites\/15\/2022\/03\/IMG-20200609-WA0003-125x125.jpg 125w\" sizes=\"auto, (max-width: 150px) 100vw, 150px\" \/><\/a>\n\t\t\t<\/div><\/figure><figure class='gallery-item'>\n\t\t\t<div class='gallery-icon landscape'>\n\t\t\t\t<a data-lightbox=\"gallery\" href='https:\/\/ongd.lgs.lu\/wp-content\/uploads\/sites\/15\/2022\/03\/NIGER-5.jpg'><img loading=\"lazy\" decoding=\"async\" width=\"150\" height=\"150\" src=\"https:\/\/ongd.lgs.lu\/wp-content\/uploads\/sites\/15\/2022\/03\/NIGER-5-150x150.jpg\" class=\"attachment-thumbnail size-thumbnail\" alt=\"\" srcset=\"https:\/\/ongd.lgs.lu\/wp-content\/uploads\/sites\/15\/2022\/03\/NIGER-5-150x150.jpg 150w, https:\/\/ongd.lgs.lu\/wp-content\/uploads\/sites\/15\/2022\/03\/NIGER-5-125x125.jpg 125w\" sizes=\"auto, (max-width: 150px) 100vw, 150px\" \/><\/a>\n\t\t\t<\/div><\/figure><figure class='gallery-item'>\n\t\t\t<div class='gallery-icon landscape'>\n\t\t\t\t<a data-lightbox=\"gallery\" href='https:\/\/ongd.lgs.lu\/wp-content\/uploads\/sites\/15\/2022\/03\/NIGER-4.jpg'><img loading=\"lazy\" decoding=\"async\" width=\"150\" height=\"150\" src=\"https:\/\/ongd.lgs.lu\/wp-content\/uploads\/sites\/15\/2022\/03\/NIGER-4-150x150.jpg\" class=\"attachment-thumbnail size-thumbnail\" alt=\"\" srcset=\"https:\/\/ongd.lgs.lu\/wp-content\/uploads\/sites\/15\/2022\/03\/NIGER-4-150x150.jpg 150w, https:\/\/ongd.lgs.lu\/wp-content\/uploads\/sites\/15\/2022\/03\/NIGER-4-125x125.jpg 125w\" sizes=\"auto, (max-width: 150px) 100vw, 150px\" \/><\/a>\n\t\t\t<\/div><\/figure><figure class='gallery-item'>\n\t\t\t<div class='gallery-icon landscape'>\n\t\t\t\t<a data-lightbox=\"gallery\" href='https:\/\/ongd.lgs.lu\/wp-content\/uploads\/sites\/15\/2022\/03\/NIGER-3.jpg'><img loading=\"lazy\" decoding=\"async\" width=\"150\" height=\"150\" src=\"https:\/\/ongd.lgs.lu\/wp-content\/uploads\/sites\/15\/2022\/03\/NIGER-3-150x150.jpg\" class=\"attachment-thumbnail size-thumbnail\" alt=\"\" srcset=\"https:\/\/ongd.lgs.lu\/wp-content\/uploads\/sites\/15\/2022\/03\/NIGER-3-150x150.jpg 150w, https:\/\/ongd.lgs.lu\/wp-content\/uploads\/sites\/15\/2022\/03\/NIGER-3-125x125.jpg 125w\" sizes=\"auto, (max-width: 150px) 100vw, 150px\" \/><\/a>\n\t\t\t<\/div><\/figure>\n\t\t<\/div>","protected":false},"excerpt":{"rendered":"<p>Lieu (pays, r\u00e9gion, localit\u00e9)\u00a0: Niger, ville de Niamey, r\u00e9gions de Dosso et r\u00e9gion de Tillab\u00e9ry Contenu et d\u00e9roulement du projet\u00a0: Le projet a pour objectif d\u2019appuyer la scolarisation des enfants et la formation professionnelle des jeunes des communes cit\u00e9es. Le projet renforce l\u2019acc\u00e8s \u00e0 l\u2019\u00e9ducation et il sensibilise toute la communaut\u00e9 \u00e0 l\u2019importance de l\u2019\u00e9ducation&#8230;  <a class=\"excerpt-read-more\" href=\"https:\/\/ongd.lgs.lu\/fr\/projeten\/niger\/fr-appui-a-lamelioration-de-la-qualite-de-lenseignement-dans-les-ecoles-partenaires-2022-2025\/\" title=\"ReadAppui \u00e0 l\u2019am\u00e9lioration de la qualit\u00e9 de l\u2019enseignement dans les \u00e9coles partenaires &#8211; 2022-2025\">Read more &raquo;<\/a><\/p>\n","protected":false},"author":1298,"featured_media":2143,"parent":30,"menu_order":5,"comment_status":"closed","ping_status":"closed","template":"","meta":{"footnotes":""},"class_list":["post-2223","page","type-page","status-publish","has-post-thumbnail","hentry"],"_links":{"self":[{"href":"https:\/\/ongd.lgs.lu\/fr\/wp-json\/wp\/v2\/pages\/2223","targetHints":{"allow":["GET"]}}],"collection":[{"href":"https:\/\/ongd.lgs.lu\/fr\/wp-json\/wp\/v2\/pages"}],"about":[{"href":"https:\/\/ongd.lgs.lu\/fr\/wp-json\/wp\/v2\/types\/page"}],"author":[{"embeddable":true,"href":"https:\/\/ongd.lgs.lu\/fr\/wp-json\/wp\/v2\/users\/1298"}],"replies":[{"embeddable":true,"href":"https:\/\/ongd.lgs.lu\/fr\/wp-json\/wp\/v2\/comments?post=2223"}],"version-history":[{"count":4,"href":"https:\/\/ongd.lgs.lu\/fr\/wp-json\/wp\/v2\/pages\/2223\/revisions"}],"predecessor-version":[{"id":3679,"href":"https:\/\/ongd.lgs.lu\/fr\/wp-json\/wp\/v2\/pages\/2223\/revisions\/3679"}],"up":[{"embeddable":true,"href":"https:\/\/ongd.lgs.lu\/fr\/wp-json\/wp\/v2\/pages\/30"}],"wp:featuredmedia":[{"embeddable":true,"href":"https:\/\/ongd.lgs.lu\/fr\/wp-json\/wp\/v2\/media\/2143"}],"wp:attachment":[{"href":"https:\/\/ongd.lgs.lu\/fr\/wp-json\/wp\/v2\/media?parent=2223"}],"curies":[{"name":"wp","href":"https:\/\/api.w.org\/{rel}","templated":true}]}}