{"id":25,"date":"2015-11-30T12:01:43","date_gmt":"2015-11-30T11:01:43","guid":{"rendered":"https:\/\/ongd.lgs.lu\/?page_id=25"},"modified":"2026-04-14T11:12:50","modified_gmt":"2026-04-14T09:12:50","slug":"projeten","status":"publish","type":"page","link":"https:\/\/ongd.lgs.lu\/fr\/projeten\/","title":{"rendered":"Eis Projeten"},"content":{"rendered":"<p style=\"text-align: left\">L\u2019\u00e9ducation est un droit fondamental pour tous les enfants du monde et fait partie de la Convention internationale des droits de l&rsquo;enfant des Nations Unies. Le droit \u00e0 l&rsquo;\u00e9ducation est aussi l\u2019objectif n\u00b04 des Objectifs du D\u00e9veloppement Durable (ODD) sign\u00e9s par les pays des Nations Unies en 2015 pour l\u2019horizon 2030.<\/p>\n<p style=\"text-align: left\">L\u2019ONGD Guiden a Scouten fir ENG Welt et ses partenaires souhaitent apporter une contribution concr\u00e8te \u00e0 la r\u00e9alisation de cet objectif pour que tous les enfants et les jeunes de Bolivie, du Cabo-Verde, du Niger et du S\u00e9n\u00e9gal puissent jouir de leur droit \u00e0 une \u00e9ducation de qualit\u00e9. C&rsquo;est dans ce but que l&rsquo;ONGD Guiden a Scouten fir ENG Welt a eu l&rsquo;honneur de signer son 9\u00e8me accord-cadre de coop\u00e9ration avec le Minist\u00e8re des Affaires \u00e9trang\u00e8res et europ\u00e9ennes le 27 f\u00e9vrier 2026 pour une p\u00e9riode de cinq ans.<\/p>\n<a href=\"https:\/\/ongd.lgs.lu\/wp-content\/uploads\/sites\/15\/2016\/02\/Footer_small-blank.png\" rel=\"attachment wp-att-121\"><img loading=\"lazy\" decoding=\"async\" class=\" wp-image-121 aligncenter\" src=\"https:\/\/ongd.lgs.lu\/wp-content\/uploads\/sites\/15\/2016\/02\/Footer_small-blank-300x16.png\" alt=\"Footer_small-blank\" width=\"772\" height=\"41\" srcset=\"https:\/\/ongd.lgs.lu\/wp-content\/uploads\/sites\/15\/2016\/02\/Footer_small-blank-300x16.png 300w, https:\/\/ongd.lgs.lu\/wp-content\/uploads\/sites\/15\/2016\/02\/Footer_small-blank-768x42.png 768w, https:\/\/ongd.lgs.lu\/wp-content\/uploads\/sites\/15\/2016\/02\/Footer_small-blank.png 1014w\" sizes=\"auto, (max-width: 772px) 100vw, 772px\" \/><\/a>\n<p style=\"text-align: center\"><a href=\"https:\/\/ongd.lgs.lu\/wp-content\/uploads\/sites\/15\/2022\/04\/ONG-Publication-2022-WEB5.pdf\" target=\"_blank\" rel=\"noopener\">ONGD Projets 2022-2025<\/a><\/p>\n<p style=\"text-align: center\"><a href=\"https:\/\/ongd.lgs.lu\/wp-content\/uploads\/sites\/15\/2018\/09\/ONGD-D\u00e9pliant-2018-2021-Final.pdf\" target=\"_blank\" rel=\"noopener\">ONGD D\u00e9pliant 2018-2021<\/a><\/p>","protected":false},"excerpt":{"rendered":"<p>L\u2019\u00e9ducation est un droit fondamental pour tous les enfants du monde et fait partie de la Convention internationale des droits de l&rsquo;enfant des Nations Unies. Le droit \u00e0 l&rsquo;\u00e9ducation est aussi l\u2019objectif n\u00b04 des Objectifs du D\u00e9veloppement Durable (ODD) sign\u00e9s par les pays des Nations Unies en 2015 pour l\u2019horizon 2030. L\u2019ONGD Guiden a Scouten&#8230;  <a class=\"excerpt-read-more\" href=\"https:\/\/ongd.lgs.lu\/fr\/projeten\/\" title=\"ReadEis Projeten\">Read more &raquo;<\/a><\/p>\n","protected":false},"author":1871,"featured_media":0,"parent":0,"menu_order":1,"comment_status":"closed","ping_status":"closed","template":"page-boxes.php","meta":{"footnotes":""},"class_list":["post-25","page","type-page","status-publish","hentry"],"_links":{"self":[{"href":"https:\/\/ongd.lgs.lu\/fr\/wp-json\/wp\/v2\/pages\/25","targetHints":{"allow":["GET"]}}],"collection":[{"href":"https:\/\/ongd.lgs.lu\/fr\/wp-json\/wp\/v2\/pages"}],"about":[{"href":"https:\/\/ongd.lgs.lu\/fr\/wp-json\/wp\/v2\/types\/page"}],"author":[{"embeddable":true,"href":"https:\/\/ongd.lgs.lu\/fr\/wp-json\/wp\/v2\/users\/1871"}],"replies":[{"embeddable":true,"href":"https:\/\/ongd.lgs.lu\/fr\/wp-json\/wp\/v2\/comments?post=25"}],"version-history":[{"count":28,"href":"https:\/\/ongd.lgs.lu\/fr\/wp-json\/wp\/v2\/pages\/25\/revisions"}],"predecessor-version":[{"id":4383,"href":"https:\/\/ongd.lgs.lu\/fr\/wp-json\/wp\/v2\/pages\/25\/revisions\/4383"}],"wp:attachment":[{"href":"https:\/\/ongd.lgs.lu\/fr\/wp-json\/wp\/v2\/media?parent=25"}],"curies":[{"name":"wp","href":"https:\/\/api.w.org\/{rel}","templated":true}]}}