{"id":2614,"date":"2022-12-27T14:27:39","date_gmt":"2022-12-27T13:27:39","guid":{"rendered":"https:\/\/ongd.lgs.lu\/?page_id=2614"},"modified":"2023-02-15T16:04:35","modified_gmt":"2023-02-15T15:04:35","slug":"lgs-versammlungen","status":"publish","type":"page","link":"https:\/\/ongd.lgs.lu\/fr\/lgs-versammlungen\/","title":{"rendered":"R\u00e9unions scoutes"},"content":{"rendered":"Pour l&rsquo;ONGD Guiden a Scouten, l&rsquo;\u00e9ducation est le pilier de notre travail, comme elle l&rsquo;est au mouvement scout. Notre mission est de sensibiliser les jeunes et plus particuli\u00e8rement les scouts aux th\u00e9matiques li\u00e9es au d\u00e9veloppement et aux relations Nord\/Sud afin de les aider \u00e0 devenir des citoyens responsables et conscients du monde qui les entoure.<\/p>\n<p>Nous proposons des ateliers sur les droits de l&rsquo;enfant et les objectifs du d\u00e9veloppement durable. Nous aimerions \u00e9galement venir \u00e0 l&rsquo;une de vos r\u00e9unions, \u00e9crivez-nous simplement un <a href=\"https:\/\/ongd.lgs.lu\/kontakt\/\" target=\"_blank\" rel=\"noopener\">message<\/a>.<\/p>\n<img loading=\"lazy\" decoding=\"async\" class=\"wp-image-121 aligncenter\" src=\"https:\/\/ongd.lgs.lu\/wp-content\/uploads\/sites\/15\/2016\/02\/Footer_small-blank-300x16.png\" alt=\"\" width=\"772\" height=\"42\" srcset=\"https:\/\/ongd.lgs.lu\/wp-content\/uploads\/sites\/15\/2016\/02\/Footer_small-blank-300x16.png 300w, https:\/\/ongd.lgs.lu\/wp-content\/uploads\/sites\/15\/2016\/02\/Footer_small-blank-768x42.png 768w, https:\/\/ongd.lgs.lu\/wp-content\/uploads\/sites\/15\/2016\/02\/Footer_small-blank.png 1014w\" sizes=\"auto, (max-width: 772px) 100vw, 772px\" \/>\n<p>&nbsp;<\/p>\n<h2>Informations et activit\u00e9s pour vos r\u00e9unions<\/h2>\n<p>En tant que guides et scouts nous avons tous la responsabilit\u00e9 d&rsquo;\u0153uvrer pour un monde plus juste, de paix, de libert\u00e9 et de solidarit\u00e9. La premi\u00e8re \u00e9tape est de s&rsquo;informer ! Nos 4 \u00ab<strong>Learning Snacks<\/strong>\u00bb sont donc exactement ce qu&rsquo;il vous faut ! Jetez-y un \u0153il, informez-vous et trouvez des id\u00e9es pour inclure les sujets dans vos r\u00e9unions avec des jeux et des activit\u00e9s.<\/p>\n\n\t\t<!-- MasterSlider -->\n\t\t<div id=\"P_MS69f47a395afa9\" class=\"master-slider-parent msl ms-parent-id-9\" style=\"max-width:476px;\">\n\n\t\t\t\n\t\t\t<!-- MasterSlider Main -->\n\t\t\t<div id=\"MS69f47a395afa9\" class=\"master-slider ms-skin-default\" >\n\t\t\t\t \t\t\t\t \n\t\t\t\t<div  class=\"ms-slide\" data-delay=\"3\" data-fill-mode=\"fill\"  >\n\t\t\t\t\t<img decoding=\"async\" src=\"https:\/\/ongd.lgs.lu\/wp-content\/plugins\/master-slider\/public\/assets\/css\/blank.gif\" alt=\"\" title=\"\" data-src=\"https:\/\/ongd.lgs.lu\/wp-content\/uploads\/sites\/15\/2023\/01\/Slider-images_Learning-Snacks-3-1-476x454.png\" \/>\n\t<a href=\"https:\/\/www.learningsnacks.de\/share\/327642\/863c0a3678fb058194d4d71de4d4b4270f256a4f\" target=\"_blank\"    ><\/a>\n\n\n\t<img decoding=\"async\" class=\"ms-thumb\" src=\"https:\/\/ongd.lgs.lu\/wp-content\/uploads\/sites\/15\/2023\/01\/Liewen_an_Armut.png\" alt=\"\" \/>\n\t<div class=\"ms-thumb\" ><div class=\"ms-tab-context\"><div class=\"&quot;ms-tab-context&quot;\"><\/div><\/div>\n<\/div>\n\t\t\t\t<\/div>\n\t\t\t\t<div  class=\"ms-slide\" data-delay=\"3\" data-fill-mode=\"fill\"  >\n\t\t\t\t\t<img decoding=\"async\" src=\"https:\/\/ongd.lgs.lu\/wp-content\/plugins\/master-slider\/public\/assets\/css\/blank.gif\" alt=\"\" title=\"\" data-src=\"https:\/\/ongd.lgs.lu\/wp-content\/uploads\/sites\/15\/2023\/01\/Slider-images_Learning-Snacks-2-1-476x454.png\" \/>\n\t<a href=\"https:\/\/www.learningsnacks.de\/share\/328014\/e75042476cd503d07c7f3e90fcbbe3371f048838\" target=\"_blank\"    ><\/a>\n\n\n\t<img decoding=\"async\" class=\"ms-thumb\" src=\"https:\/\/ongd.lgs.lu\/wp-content\/uploads\/sites\/15\/2023\/01\/Kannerrechter.jpg\" alt=\"\" \/>\n\t<div class=\"ms-thumb\" ><div class=\"ms-tab-context\"><div class=\"&quot;ms-tab-context&quot;\"><\/div><\/div>\n<\/div>\n\t\t\t\t<\/div>\n\t\t\t\t<div  class=\"ms-slide\" data-delay=\"3\" data-fill-mode=\"fill\"  >\n\t\t\t\t\t<img decoding=\"async\" src=\"https:\/\/ongd.lgs.lu\/wp-content\/plugins\/master-slider\/public\/assets\/css\/blank.gif\" alt=\"\" title=\"\" data-src=\"https:\/\/ongd.lgs.lu\/wp-content\/uploads\/sites\/15\/2023\/01\/Slider-images_Learning-Snacks-1-2-476x454.png\" \/>\n\t<a href=\"https:\/\/www.learningsnacks.de\/share\/332281\/e43a775e0adf31389eb7715b2135759ce68dc40e\" target=\"_blank\"    ><\/a>\n\n\n\t<img decoding=\"async\" class=\"ms-thumb\" src=\"https:\/\/ongd.lgs.lu\/wp-content\/uploads\/sites\/15\/2023\/01\/Fairen-Handel.jpg\" alt=\"\" \/>\n\t<div class=\"ms-thumb\" ><div class=\"ms-tab-context\"><div class=\"&quot;ms-tab-context&quot;\"><\/div><\/div>\n<\/div>\n\t\t\t\t<\/div>\n\t\t\t\t<div  class=\"ms-slide\" data-delay=\"3\" data-fill-mode=\"fill\"  >\n\t\t\t\t\t<img decoding=\"async\" src=\"https:\/\/ongd.lgs.lu\/wp-content\/plugins\/master-slider\/public\/assets\/css\/blank.gif\" alt=\"\" title=\"\" data-src=\"https:\/\/ongd.lgs.lu\/wp-content\/uploads\/sites\/15\/2023\/01\/Slider-images_Learning-Snacks-4-1-476x454.png\" \/>\n\t<a href=\"https:\/\/www.learningsnacks.de\/share\/332340\/be91769a8bbecb301f7b1db46dc7b971fc96cca4\" target=\"_blank\"    ><\/a>\n\n\n\t<img decoding=\"async\" class=\"ms-thumb\" src=\"https:\/\/ongd.lgs.lu\/wp-content\/uploads\/sites\/15\/2023\/01\/Vill-Kulturen-1.png\" alt=\"\" \/>\n\t<div class=\"ms-thumb\" ><div class=\"ms-tab-context\"><div class=\"&quot;ms-tab-context&quot;\"><\/div><\/div>\n<\/div>\n\t\t\t\t<\/div>\n\n\t\t\t<\/div>\n\t\t\t<!-- END MasterSlider Main -->\n\n\t\t\t \n\t\t<\/div>\n\t\t<!-- END MasterSlider -->\n\n\t\t<script>\n\t\t(function ( $ ) {\n\t\t\t\"use strict\";\n\n\t\t\t$(function () {\n\t\t\t\tvar masterslider_afa9 = new MasterSlider();\n\n\t\t\t\t\/\/ slider controls\n\t\t\t\tmasterslider_afa9.control('arrows'     ,{ autohide:true, overVideo:true  });\n\t\t\t\tmasterslider_afa9.control('thumblist'  ,{ autohide:false, overVideo:true, dir:'h', speed:17, inset:false, arrows:false, hover:false, customClass:'', align:'bottom',type:'thumbs', margin:10, width:100, height:80, space:5, fillMode:'fill'  });\n\t\t\t\t\/\/ slider setup\n\t\t\t\tmasterslider_afa9.setup(\"MS69f47a395afa9\", {\n\t\t\t\t\t\twidth           : 476,\n\t\t\t\t\t\theight          : 454,\n\t\t\t\t\t\tminHeight       : 0,\n\t\t\t\t\t\tspace           : 0,\n\t\t\t\t\t\tstart           : 1,\n\t\t\t\t\t\tgrabCursor      : true,\n\t\t\t\t\t\tswipe           : true,\n\t\t\t\t\t\tmouse           : true,\n\t\t\t\t\t\tlayout          : \"boxed\",\n\t\t\t\t\t\twheel           : false,\n\t\t\t\t\t\tautoplay        : true,\n\t\t\t\t\t\tinstantStartLayers:false,\n\t\t\t\t\t\tloop            : true,\n\t\t\t\t\t\tshuffle         : false,\n\t\t\t\t\t\tpreload         : 0,\n\t\t\t\t\t\theightLimit     : true,\n\t\t\t\t\t\tautoHeight      : true,\n\t\t\t\t\t\tsmoothHeight    : true,\n\t\t\t\t\t\tendPause        : false,\n\t\t\t\t\t\toverPause       : true,\n\t\t\t\t\t\tfillMode        : \"fill\",\n\t\t\t\t\t\tcenterControls  : true,\n\t\t\t\t\t\tstartOnAppear   : false,\n\t\t\t\t\t\tlayersMode      : \"center\",\n\t\t\t\t\t\thideLayers      : false,\n\t\t\t\t\t\tfullscreenMargin: 0,\n\t\t\t\t\t\tspeed           : 50,\n\t\t\t\t\t\tdir             : \"h\",\n\t\t\t\t\t\tparallaxMode    : 'swipe',\n\t\t\t\t\t\tview            : \"parallaxMask\"\n\t\t\t\t});\n\n\t\t\t\t\n\t\t\t\twindow.masterslider_instances = window.masterslider_instances || [];\n\t\t\t\twindow.masterslider_instances.push( masterslider_afa9 );\n\t\t\t });\n\n\t\t})(jQuery);\n\t\t<\/script>\n\n\n<p><strong>Notre jeu de cartes (FR)<\/strong><\/p>\n<p>Ce jeu interactif mets en sc\u00e8ne les liens existants entre des choix \u00e0 faire et leurs implications. Il illustre les relations entre personnes, l\u2019\u00e9ducation, les changements climatiques, les conditions de travail et les r\u00e9alit\u00e9s dans un pays du Sud.<\/p>\n<p>&#x27a1;&#xfe0f; <a href=\"https:\/\/ongd.lgs.lu\/wp-content\/uploads\/sites\/15\/2023\/01\/ONGD-Jeu-de-cartes.pdf\" target=\"_blank\" rel=\"noopener\">Le jeu de la Ficelle sur l&rsquo;\u00c9ducation.pdf<\/a><\/p>\n<p>&nbsp;<\/p>\n<p><strong>Notre dossier de jeux (LU)<\/strong><\/p>\n<p>Le dossier de jeux a \u00e9t\u00e9 publi\u00e9 en collaboration avec les \u00abL\u00ebtzebuerger Guiden a Scouten\u00bb en septembre 2010 \u2013 comme une aide et un outil pratique de l&rsquo;\u00e9ducation au d\u00e9veloppement des LGS.<\/p>\n<p>&#x27a1;&#xfe0f; <a href=\"https:\/\/ongd.lgs.lu\/wp-content\/uploads\/sites\/15\/2023\/02\/Spillclasseur_Zesumme-fir-eng-Welt.pdf\" target=\"_blank\" rel=\"noopener\">Spillclasseur &#8211; Zesumme fir eng Welt.pdf<\/a><\/p>\n<p>&nbsp;<\/p>\n<p><strong>Quelques jeux et activit\u00e9s du dossier de jeux (LU)<\/strong><\/p>\n<p>&#x27a1;&#xfe0f; <a href=\"https:\/\/ongd.lgs.lu\/wp-content\/uploads\/sites\/15\/2022\/12\/Spillclasseur_Smokey-Mountain.pdf\" target=\"_blank\" rel=\"noopener\">Smokey Mountain.pdf<\/a> (Thema: Liewen an Aarmut)<\/p>\n<p>&#x27a1;&#xfe0f; <a href=\"https:\/\/ongd.lgs.lu\/wp-content\/uploads\/sites\/15\/2022\/12\/Spillclasseur_Kannerrechter.pdf\" target=\"_blank\" rel=\"noopener\">De Birame aus dem Senegal erzielt.pdf<\/a> (Thema: Kannerrechter)<\/p>\n<p>&#x27a1;&#xfe0f; <a href=\"https:\/\/ongd.lgs.lu\/wp-content\/uploads\/sites\/15\/2022\/12\/Spillclasseur_Fair-Banann.pdf\" target=\"_blank\" rel=\"noopener\">Fair Banann.pdf<\/a> (Thema: Fairen Handel)<\/p>\n<p>&nbsp;<\/p>\n\n\t\t<!-- MasterSlider -->\n\t\t<div id=\"P_MS69f47a395bd42\" class=\"master-slider-parent msl ms-parent-id-8\" style=\"\">\n\n\t\t\t\n\t\t\t<!-- MasterSlider Main -->\n\t\t\t<div id=\"MS69f47a395bd42\" class=\"master-slider ms-skin-default\" >\n\t\t\t\t \t\t\t\t \n\t\t\t\t<div  class=\"ms-slide\" data-delay=\"3\" data-fill-mode=\"fill\"  >\n\t\t\t\t\t<img decoding=\"async\" src=\"https:\/\/ongd.lgs.lu\/wp-content\/plugins\/master-slider\/public\/assets\/css\/blank.gif\" alt=\"\" title=\"\" data-src=\"https:\/\/ongd.lgs.lu\/wp-content\/uploads\/sites\/15\/2023\/01\/P1020088-scaled.jpg\" \/>\n\n\n\t<div class=\"ms-thumb\" ><div class=\"ms-tab-context\"><div class=\"&quot;ms-tab-context&quot;\"><\/div><\/div>\n<\/div>\n\t\t\t\t<\/div>\n\t\t\t\t<div  class=\"ms-slide\" data-delay=\"3\" data-fill-mode=\"fill\"  >\n\t\t\t\t\t<img decoding=\"async\" src=\"https:\/\/ongd.lgs.lu\/wp-content\/plugins\/master-slider\/public\/assets\/css\/blank.gif\" alt=\"\" title=\"\" data-src=\"https:\/\/ongd.lgs.lu\/wp-content\/uploads\/sites\/15\/2023\/01\/photo-groupe-jeu-de-loie.jpg\" \/>\n\n\n\t<div class=\"ms-thumb\" ><div class=\"ms-tab-context\"><div class=\"&quot;ms-tab-context&quot;\"><\/div><\/div>\n<\/div>\n\t\t\t\t<\/div>\n\t\t\t\t<div  class=\"ms-slide\" data-delay=\"3\" data-fill-mode=\"fill\"  >\n\t\t\t\t\t<img decoding=\"async\" src=\"https:\/\/ongd.lgs.lu\/wp-content\/plugins\/master-slider\/public\/assets\/css\/blank.gif\" alt=\"\" title=\"\" data-src=\"https:\/\/ongd.lgs.lu\/wp-content\/uploads\/sites\/15\/2023\/01\/groupe2-scaled.jpg\" \/>\n\n\n\t<div class=\"ms-thumb\" ><div class=\"ms-tab-context\"><div class=\"&quot;ms-tab-context&quot;\"><\/div><\/div>\n<\/div>\n\t\t\t\t<\/div>\n\t\t\t\t<div  class=\"ms-slide\" data-delay=\"3\" data-fill-mode=\"fill\"  >\n\t\t\t\t\t<img decoding=\"async\" src=\"https:\/\/ongd.lgs.lu\/wp-content\/plugins\/master-slider\/public\/assets\/css\/blank.gif\" alt=\"\" title=\"\" data-src=\"https:\/\/ongd.lgs.lu\/wp-content\/uploads\/sites\/15\/2023\/01\/20210424_174935-scaled.jpg\" \/>\n\n\n\t<div class=\"ms-thumb\" ><div class=\"ms-tab-context\"><div class=\"&quot;ms-tab-context&quot;\"><\/div><\/div>\n<\/div>\n\t\t\t\t<\/div>\n\t\t\t\t<div  class=\"ms-slide\" data-delay=\"3\" data-fill-mode=\"fill\"  >\n\t\t\t\t\t<img decoding=\"async\" src=\"https:\/\/ongd.lgs.lu\/wp-content\/plugins\/master-slider\/public\/assets\/css\/blank.gif\" alt=\"\" title=\"\" data-src=\"https:\/\/ongd.lgs.lu\/wp-content\/uploads\/sites\/15\/2023\/01\/icon-heichwaerteg-bildung-scaled.jpg\" \/>\n\n\n\t<div class=\"ms-thumb\" ><div class=\"ms-tab-context\"><div class=\"&quot;ms-tab-context&quot;\"><\/div><\/div>\n<\/div>\n\t\t\t\t<\/div>\n\n\t\t\t<\/div>\n\t\t\t<!-- END MasterSlider Main -->\n\n\t\t\t \n\t\t<\/div>\n\t\t<!-- END MasterSlider -->\n\n\t\t<script>\n\t\t(function ( $ ) {\n\t\t\t\"use strict\";\n\n\t\t\t$(function () {\n\t\t\t\tvar masterslider_bd42 = new MasterSlider();\n\n\t\t\t\t\/\/ slider controls\n\t\t\t\tmasterslider_bd42.control('arrows'     ,{ autohide:true, overVideo:true  });\t\t\t\tmasterslider_bd42.control('bullets'    ,{ autohide:true, overVideo:true, dir:'h', align:'bottom' , margin:10  });\n\n\t\t\t\t\/\/ slider setup\n\t\t\t\tmasterslider_bd42.setup(\"MS69f47a395bd42\", {\n\t\t\t\t\t\twidth           : 1600,\n\t\t\t\t\t\theight          : 600,\n\t\t\t\t\t\tminHeight       : 0,\n\t\t\t\t\t\tspace           : 0,\n\t\t\t\t\t\tstart           : 1,\n\t\t\t\t\t\tgrabCursor      : true,\n\t\t\t\t\t\tswipe           : true,\n\t\t\t\t\t\tmouse           : true,\n\t\t\t\t\t\tlayout          : \"fullwidth\",\n\t\t\t\t\t\twheel           : false,\n\t\t\t\t\t\tautoplay        : true,\n\t\t\t\t\t\tinstantStartLayers:false,\n\t\t\t\t\t\tloop            : true,\n\t\t\t\t\t\tshuffle         : false,\n\t\t\t\t\t\tpreload         : 0,\n\t\t\t\t\t\theightLimit     : true,\n\t\t\t\t\t\tautoHeight      : false,\n\t\t\t\t\t\tsmoothHeight    : true,\n\t\t\t\t\t\tendPause        : false,\n\t\t\t\t\t\toverPause       : false,\n\t\t\t\t\t\tfillMode        : \"fill\",\n\t\t\t\t\t\tcenterControls  : true,\n\t\t\t\t\t\tstartOnAppear   : false,\n\t\t\t\t\t\tlayersMode      : \"center\",\n\t\t\t\t\t\thideLayers      : false,\n\t\t\t\t\t\tfullscreenMargin: 0,\n\t\t\t\t\t\tspeed           : 40,\n\t\t\t\t\t\tdir             : \"h\",\n\t\t\t\t\t\tparallaxMode    : 'swipe',\n\t\t\t\t\t\tview            : \"parallaxMask\"\n\t\t\t\t});\n\n\t\t\t\t\n\t\t\t\twindow.masterslider_instances = window.masterslider_instances || [];\n\t\t\t\twindow.masterslider_instances.push( masterslider_bd42 );\n\t\t\t });\n\n\t\t})(jQuery);\n\t\t<\/script>","protected":false},"excerpt":{"rendered":"<p>Pour l&rsquo;ONGD Guiden a Scouten, l&rsquo;\u00e9ducation est le pilier de notre travail, comme elle l&rsquo;est au mouvement scout. Notre mission est de sensibiliser les jeunes et plus particuli\u00e8rement les scouts aux th\u00e9matiques li\u00e9es au d\u00e9veloppement et aux relations Nord\/Sud afin de les aider \u00e0 devenir des citoyens responsables et conscients du monde qui les entoure&#8230;.  <a class=\"excerpt-read-more\" href=\"https:\/\/ongd.lgs.lu\/fr\/lgs-versammlungen\/\" title=\"ReadR\u00e9unions scoutes\">Read more &raquo;<\/a><\/p>\n","protected":false},"author":2315,"featured_media":2615,"parent":0,"menu_order":1,"comment_status":"closed","ping_status":"closed","template":"page-no-sidebar.php","meta":{"footnotes":""},"class_list":["post-2614","page","type-page","status-publish","has-post-thumbnail","hentry"],"_links":{"self":[{"href":"https:\/\/ongd.lgs.lu\/fr\/wp-json\/wp\/v2\/pages\/2614","targetHints":{"allow":["GET"]}}],"collection":[{"href":"https:\/\/ongd.lgs.lu\/fr\/wp-json\/wp\/v2\/pages"}],"about":[{"href":"https:\/\/ongd.lgs.lu\/fr\/wp-json\/wp\/v2\/types\/page"}],"author":[{"embeddable":true,"href":"https:\/\/ongd.lgs.lu\/fr\/wp-json\/wp\/v2\/users\/2315"}],"replies":[{"embeddable":true,"href":"https:\/\/ongd.lgs.lu\/fr\/wp-json\/wp\/v2\/comments?post=2614"}],"version-history":[{"count":66,"href":"https:\/\/ongd.lgs.lu\/fr\/wp-json\/wp\/v2\/pages\/2614\/revisions"}],"predecessor-version":[{"id":3421,"href":"https:\/\/ongd.lgs.lu\/fr\/wp-json\/wp\/v2\/pages\/2614\/revisions\/3421"}],"wp:featuredmedia":[{"embeddable":true,"href":"https:\/\/ongd.lgs.lu\/fr\/wp-json\/wp\/v2\/media\/2615"}],"wp:attachment":[{"href":"https:\/\/ongd.lgs.lu\/fr\/wp-json\/wp\/v2\/media?parent=2614"}],"curies":[{"name":"wp","href":"https:\/\/api.w.org\/{rel}","templated":true}]}}