{"id":27,"date":"2015-11-30T12:03:01","date_gmt":"2015-11-30T11:03:01","guid":{"rendered":"https:\/\/ongd.lgs.lu\/?page_id=27"},"modified":"2026-04-14T11:09:11","modified_gmt":"2026-04-14T09:09:11","slug":"senegal","status":"publish","type":"page","link":"https:\/\/ongd.lgs.lu\/fr\/projeten\/senegal\/","title":{"rendered":"S\u00e9n\u00e9gal"},"content":{"rendered":"<h1><strong>Nos projets en cours Accord-cadre 2026-2030<\/strong><\/h1>\n<div class=\"infoboxes items-3 clearfix\"><a href=\"https:\/\/ongd.lgs.lu\/fr\/projeten\/senegal\/fr-programme-de-developpement-integral-des-jeunes-et-des-enfants-au-senegal-prodije-2026-2030\/\" class=\"box\"><div class=\"inner\"><div class=\"image\" style=\"background-image: url(https:\/\/ongd.lgs.lu\/wp-content\/uploads\/sites\/15\/2026\/04\/CREVAQ-1-700x700.jpg)\"><img decoding=\"async\" src=\"https:\/\/ongd.lgs.lu\/wp-content\/themes\/lgs\/images\/square.png\" \/><\/div><h3>Programme de d\u00e9veloppement int\u00e9gral des jeunes et des enfants au S\u00e9n\u00e9gal (PRODIJE) 2026-2030<\/h3><\/div><\/a><a href=\"https:\/\/ongd.lgs.lu\/fr\/projeten\/senegal\/fr-renforcer-linclusion-financiere-et-la-resilience-des-micro-entrepreneures-vulnerables-au-senegal-2026-2030\/\" class=\"box\"><div class=\"inner\"><div class=\"image\" style=\"background-image: url(https:\/\/ongd.lgs.lu\/wp-content\/uploads\/sites\/15\/2026\/04\/thumbnail_IMG_8523-700x700.jpg)\"><img decoding=\"async\" src=\"https:\/\/ongd.lgs.lu\/wp-content\/themes\/lgs\/images\/square.png\" \/><\/div><h3>Renforcer l&rsquo;inclusion financi\u00e8re et la r\u00e9silience des micro-entrepreneur(e)s vuln\u00e9rables au S\u00e9n\u00e9gal 2026-2030<\/h3><\/div><\/a><\/div>\n<hr \/>\n<h1>Projet Climat 2024-2028<\/h1>\n<div class=\"infoboxes items-3 clearfix\"><a href=\"https:\/\/ongd.lgs.lu\/fr\/projeten\/senegal\/fr-centre-de-formation-deguilaye-lama-docile\/\" class=\"box\"><div class=\"inner\"><div class=\"image\" style=\"background-image: url(https:\/\/ongd.lgs.lu\/wp-content\/uploads\/sites\/15\/2024\/05\/DJI_0348-700x700.jpg)\"><img decoding=\"async\" src=\"https:\/\/ongd.lgs.lu\/wp-content\/themes\/lgs\/images\/square.png\" \/><\/div><h3>Projet de valorisation de la chaine agricole pour une r\u00e9silience des populations face aux effets n\u00e9fastes du changement climatique \u00e0 Eguilaye \u2013 2024-2028<\/h3><\/div><\/a><\/div>\n<hr \/>\n<p>&nbsp;<\/p>\n<h1><span style=\"font-weight: 400\">Nos projets termin\u00e9s<\/span><\/h1>\n<p><a href=\"https:\/\/ongd.lgs.lu\/fr\/projeten\/senegal\/fr-projet-dappui-a-leducation-a-la-formation-professionnelle-et-a-lemploi-des-jeunes-au-senegal-2022-2025-jed\/\">Jeunesse et D\u00e9veloppement 2022-2025<\/a><\/p>\n<p><a href=\"https:\/\/ongd.lgs.lu\/fr\/projeten\/senegal\/fr-projet-de-promotion-des-activites-generatrices-de-revenus-a-dakar-thies-et-fatick-mec-fonees\/\">MEC FONEES 2022-2025<\/a><\/p>\n<p><a href=\"https:\/\/ongd.lgs.lu\/projeten\/senegal\/projeten-2\/\">Jeunesse et D\u00e9veloppement 2018-2021<\/a><\/p>\n<p><a href=\"https:\/\/ongd.lgs.lu\/projeten\/senegal\/projeten\/\">MEC FONEES 2018-2021<\/a><\/p>\n<p><a href=\"https:\/\/ongd.lgs.lu\/projeten\/senegal\/fr-projet-dentrepreneuriat-des-jeunes-aje-2018-2020\/\">AJE 2018-2020<\/a><\/p>\n<p><a href=\"https:\/\/ongd.lgs.lu\/projeten\/senegal\/crepe\/\">Projet Crepe 2015-2017<\/a><\/p>\n<p><a href=\"https:\/\/ongd.lgs.lu\/projeten\/senegal\/aje\/\">Projet d\u2019atelier \u00e9cole 2015-2017<\/a><\/p>\n<p><a href=\"https:\/\/ongd.lgs.lu\/projeten\/senegal\/projet-jappoo\/\">Projet Jappoo 2015-2017<\/a><\/p>\n<p><a href=\"https:\/\/ongd.lgs.lu\/projeten\/senegal\/fonees\/\">Projet MEC FONEES 2015-2017<\/a><\/p>\n<p>&nbsp;<\/p>\n<p>&#8212;&#8212;&#8212;&#8212;&#8212;&#8212;&#8212;&#8212;&#8212;&#8212;&#8212;&#8212;&#8212;&#8211;<\/p>\n<p><a href=\"https:\/\/data.worldbank.org\/country\/senegal\" target=\"_blank\" rel=\"noopener\">\u2139\ufe0f Le S\u00e9n\u00e9gal en faits et chiffres<\/a>","protected":false},"excerpt":{"rendered":"<p>Nos projets en cours Accord-cadre 2026-2030 Projet Climat 2024-2028 &nbsp; Nos projets termin\u00e9s Jeunesse et D\u00e9veloppement 2022-2025 MEC FONEES 2022-2025 Jeunesse et D\u00e9veloppement 2018-2021 MEC FONEES 2018-2021 AJE 2018-2020 Projet Crepe 2015-2017 Projet d\u2019atelier \u00e9cole 2015-2017 Projet Jappoo 2015-2017 Projet MEC FONEES 2015-2017 &nbsp; &#8212;&#8212;&#8212;&#8212;&#8212;&#8212;&#8212;&#8212;&#8212;&#8212;&#8212;&#8212;&#8212;&#8211; \u2139\ufe0f Le S\u00e9n\u00e9gal en faits et chiffres<\/p>\n","protected":false},"author":1871,"featured_media":4344,"parent":25,"menu_order":3,"comment_status":"closed","ping_status":"closed","template":"page-no-sidebar.php","meta":{"footnotes":""},"class_list":["post-27","page","type-page","status-publish","has-post-thumbnail","hentry"],"_links":{"self":[{"href":"https:\/\/ongd.lgs.lu\/fr\/wp-json\/wp\/v2\/pages\/27","targetHints":{"allow":["GET"]}}],"collection":[{"href":"https:\/\/ongd.lgs.lu\/fr\/wp-json\/wp\/v2\/pages"}],"about":[{"href":"https:\/\/ongd.lgs.lu\/fr\/wp-json\/wp\/v2\/types\/page"}],"author":[{"embeddable":true,"href":"https:\/\/ongd.lgs.lu\/fr\/wp-json\/wp\/v2\/users\/1871"}],"replies":[{"embeddable":true,"href":"https:\/\/ongd.lgs.lu\/fr\/wp-json\/wp\/v2\/comments?post=27"}],"version-history":[{"count":35,"href":"https:\/\/ongd.lgs.lu\/fr\/wp-json\/wp\/v2\/pages\/27\/revisions"}],"predecessor-version":[{"id":4381,"href":"https:\/\/ongd.lgs.lu\/fr\/wp-json\/wp\/v2\/pages\/27\/revisions\/4381"}],"up":[{"embeddable":true,"href":"https:\/\/ongd.lgs.lu\/fr\/wp-json\/wp\/v2\/pages\/25"}],"wp:featuredmedia":[{"embeddable":true,"href":"https:\/\/ongd.lgs.lu\/fr\/wp-json\/wp\/v2\/media\/4344"}],"wp:attachment":[{"href":"https:\/\/ongd.lgs.lu\/fr\/wp-json\/wp\/v2\/media?parent=27"}],"curies":[{"name":"wp","href":"https:\/\/api.w.org\/{rel}","templated":true}]}}