{"id":2802,"date":"2023-01-12T12:56:59","date_gmt":"2023-01-12T11:56:59","guid":{"rendered":"https:\/\/ongd.lgs.lu\/?page_id=2802"},"modified":"2023-02-14T10:17:54","modified_gmt":"2023-02-14T09:17:54","slug":"edukativ-aarbecht","status":"publish","type":"page","link":"https:\/\/ongd.lgs.lu\/fr\/edukativ-aarbecht\/","title":{"rendered":"Sensibilisation"},"content":{"rendered":"L&rsquo;ONGD est active au Luxembourg en \u00e9ducation au d\u00e9veloppement et vise \u00e0 sensibiliser les jeunes aux th\u00e9matiques li\u00e9es au d\u00e9veloppement et aux relations Nord\/Sud. Notre objectif est de sensibiliser les enfants, les jeunes et les scouts aux enjeux et aux r\u00e9alit\u00e9s de nos pays partenaires.<\/p>\n<p>Nous organisons des ateliers sur les th\u00e9matiques des droits de l&rsquo;enfant et du d\u00e9veloppement durable, ces activit\u00e9s sont anim\u00e9es par les responsables de l&rsquo;association dans les \u00e9coles et groupes scouts. Nous proposons \u00e9galement plusieurs jeux et outils p\u00e9dagogiques \u00e0 destination des groupes scouts et enseignants souhaitant r\u00e9aliser des activit\u00e9s de sensibilisation.<\/p>\n<p>Des camps-chantier sont organis\u00e9s \u00e0 intervalles r\u00e9guliers en collaboration avec les L\u00ebtzebuerger Guiden a Scouten, ils permettent aux jeunes adultes de d\u00e9couvrir un autre pays, une autre culture et un autre mode de vie.<\/p>\n<img loading=\"lazy\" decoding=\"async\" class=\"wp-image-121 aligncenter\" src=\"https:\/\/ongd.lgs.lu\/wp-content\/uploads\/sites\/15\/2016\/02\/Footer_small-blank-300x16.png\" alt=\"\" width=\"772\" height=\"42\" srcset=\"https:\/\/ongd.lgs.lu\/wp-content\/uploads\/sites\/15\/2016\/02\/Footer_small-blank-300x16.png 300w, https:\/\/ongd.lgs.lu\/wp-content\/uploads\/sites\/15\/2016\/02\/Footer_small-blank-768x42.png 768w, https:\/\/ongd.lgs.lu\/wp-content\/uploads\/sites\/15\/2016\/02\/Footer_small-blank.png 1014w\" sizes=\"auto, (max-width: 772px) 100vw, 772px\" \/>\n<div class=\"infoboxes items-3 clearfix\"><a href=\"https:\/\/ongd.lgs.lu\/fr\/schoul-projeten\/\" class=\"box\"><div class=\"inner\"><div class=\"image\" style=\"background-image: url(https:\/\/ongd.lgs.lu\/wp-content\/uploads\/sites\/15\/2022\/12\/314742585_465880955645578_1422626495554759657_n-700x700.jpg)\"><img decoding=\"async\" src=\"https:\/\/ongd.lgs.lu\/wp-content\/themes\/lgs\/images\/square.png\" \/><\/div><h3>Projets scolaires<\/h3><\/div><\/a><a href=\"https:\/\/ongd.lgs.lu\/fr\/lgs-versammlungen\/\" class=\"box\"><div class=\"inner\"><div class=\"image\" style=\"background-image: url(https:\/\/ongd.lgs.lu\/wp-content\/uploads\/sites\/15\/2022\/12\/272923123_4976359105787742_3690031990783968226_n-700x640.jpg)\"><img decoding=\"async\" src=\"https:\/\/ongd.lgs.lu\/wp-content\/themes\/lgs\/images\/square.png\" \/><\/div><h3>R\u00e9unions scoutes<\/h3><\/div><\/a><a href=\"https:\/\/ongd.lgs.lu\/fr\/lgs-camp-chantier\/\" class=\"box\"><div class=\"inner\"><div class=\"image\" style=\"background-image: url(https:\/\/ongd.lgs.lu\/wp-content\/uploads\/sites\/15\/2015\/11\/2016-Camp-Chantier.jpg)\"><img decoding=\"async\" src=\"https:\/\/ongd.lgs.lu\/wp-content\/themes\/lgs\/images\/square.png\" \/><\/div><h3>LGS Camps-Chantiers<\/h3><\/div><\/a><\/div>\n<img loading=\"lazy\" decoding=\"async\" class=\"wp-image-121 aligncenter\" src=\"https:\/\/ongd.lgs.lu\/wp-content\/uploads\/sites\/15\/2016\/02\/Footer_small-blank-300x16.png\" alt=\"\" width=\"772\" height=\"42\" srcset=\"https:\/\/ongd.lgs.lu\/wp-content\/uploads\/sites\/15\/2016\/02\/Footer_small-blank-300x16.png 300w, https:\/\/ongd.lgs.lu\/wp-content\/uploads\/sites\/15\/2016\/02\/Footer_small-blank-768x42.png 768w, https:\/\/ongd.lgs.lu\/wp-content\/uploads\/sites\/15\/2016\/02\/Footer_small-blank.png 1014w\" sizes=\"auto, (max-width: 772px) 100vw, 772px\" \/>\n<p>&nbsp;<\/p>\n<h2>Le groupe Nord-Sud<\/h2>\n<p>Le groupe Nord-Sud est un groupe de travail des guides et scouts b\u00e9n\u00e9voles et\/ou membres de l&rsquo;ONG, qui sont impliqu\u00e9s dans les activit\u00e9s suivantes depuis 2007 :<\/p>\n<ul>\n<li>Co-organisation des week-ends de pr\u00e9paration, o\u00f9 les jeunes sont pr\u00e9par\u00e9s pour le camp-chantier au Sud<\/li>\n<li>Cr\u00e9ation d&rsquo;activit\u00e9s pour les enfants et les jeunes sur le th\u00e8me du d\u00e9veloppement durable avec la probl\u00e9matique Nord-Sud<\/li>\n<li>Publication d&rsquo;un r\u00e9pertoire des jeux pour les jeunes chefs et autres personnes int\u00e9ress\u00e9es<\/li>\n<li>Participation \u00e0 la formation des jeunes chefs lors des week-ends de formation<\/li>\n<\/ul>\n<p>Le groupe Nord-Sud est un groupe ouvert auquel chacun peut participer en tant que membre permanent du groupe ou dans des activit\u00e9s individuelles. Si vous \u00eates int\u00e9ress\u00e9, <a href=\"https:\/\/ongd.lgs.lu\/fr\/kontakt\/\">contactez-nous<\/a> pour en savoir plus.","protected":false},"excerpt":{"rendered":"<p>L&rsquo;ONGD est active au Luxembourg en \u00e9ducation au d\u00e9veloppement et vise \u00e0 sensibiliser les jeunes aux th\u00e9matiques li\u00e9es au d\u00e9veloppement et aux relations Nord\/Sud. Notre objectif est de sensibiliser les enfants, les jeunes et les scouts aux enjeux et aux r\u00e9alit\u00e9s de nos pays partenaires. Nous organisons des ateliers sur les th\u00e9matiques des droits de&#8230;  <a class=\"excerpt-read-more\" href=\"https:\/\/ongd.lgs.lu\/fr\/lgs-camp-chantier\/\" title=\"ReadLGS Camps-Chantiers\">Read more &raquo;<\/a><\/p>\n","protected":false},"author":2315,"featured_media":0,"parent":0,"menu_order":1,"comment_status":"closed","ping_status":"closed","template":"page-boxes.php","meta":{"footnotes":""},"class_list":["post-2802","page","type-page","status-publish","hentry"],"_links":{"self":[{"href":"https:\/\/ongd.lgs.lu\/fr\/wp-json\/wp\/v2\/pages\/2802","targetHints":{"allow":["GET"]}}],"collection":[{"href":"https:\/\/ongd.lgs.lu\/fr\/wp-json\/wp\/v2\/pages"}],"about":[{"href":"https:\/\/ongd.lgs.lu\/fr\/wp-json\/wp\/v2\/types\/page"}],"author":[{"embeddable":true,"href":"https:\/\/ongd.lgs.lu\/fr\/wp-json\/wp\/v2\/users\/2315"}],"replies":[{"embeddable":true,"href":"https:\/\/ongd.lgs.lu\/fr\/wp-json\/wp\/v2\/comments?post=2802"}],"version-history":[{"count":34,"href":"https:\/\/ongd.lgs.lu\/fr\/wp-json\/wp\/v2\/pages\/2802\/revisions"}],"predecessor-version":[{"id":3360,"href":"https:\/\/ongd.lgs.lu\/fr\/wp-json\/wp\/v2\/pages\/2802\/revisions\/3360"}],"wp:attachment":[{"href":"https:\/\/ongd.lgs.lu\/fr\/wp-json\/wp\/v2\/media?parent=2802"}],"curies":[{"name":"wp","href":"https:\/\/api.w.org\/{rel}","templated":true}]}}