{"id":2944,"date":"2023-01-18T13:51:50","date_gmt":"2023-01-18T12:51:50","guid":{"rendered":"https:\/\/ongd.lgs.lu\/?page_id=2944"},"modified":"2023-02-15T16:06:21","modified_gmt":"2023-02-15T15:06:21","slug":"sech-engageieren","status":"publish","type":"page","link":"https:\/\/ongd.lgs.lu\/fr\/sech-engageieren\/","title":{"rendered":"S&rsquo;engager"},"content":{"rendered":"Vous souhaitez vous engager au sein de l&rsquo;ONGD Guiden a Scouten fir ENG Welt ? Nous sommes toujours \u00e0 la recherche de b\u00e9n\u00e9voles enthousiastes qui veulent s&rsquo;impliquer dans nos projets et activit\u00e9s. Nous sommes heureux d&rsquo;accueillir toutes les personnes qui peuvent consacrer un peu de temps \u00e0 notre travail et nous soutenir dans les t\u00e2ches suivantes :<\/p>\n<ul>\n<li>R\u00e9daction et traduction d&rsquo;articles pour notre site Web et notre pr\u00e9sence sur les r\u00e9seaux sociaux<\/li>\n<li>Accompagnement lors d&rsquo;\u00e9v\u00e9nements et d&rsquo;ateliers p\u00e9dagogiques<\/li>\n<li>Accompagnement dans la lev\u00e9e de fonds<\/li>\n<\/ul>\n<p>Cela vous semble int\u00e9ressant? \u00c9crivez-nous un <a href=\"https:\/\/ongd.lgs.lu\/kontakt\/\" target=\"_blank\" rel=\"noopener\">message<\/a> et nous verrons ensemble comment vous pouvez vous impliquer.<\/p>\n<img loading=\"lazy\" decoding=\"async\" class=\"wp-image-121 aligncenter\" src=\"https:\/\/ongd.lgs.lu\/wp-content\/uploads\/sites\/15\/2016\/02\/Footer_small-blank-300x16.png\" alt=\"\" width=\"772\" height=\"42\" srcset=\"https:\/\/ongd.lgs.lu\/wp-content\/uploads\/sites\/15\/2016\/02\/Footer_small-blank-300x16.png 300w, https:\/\/ongd.lgs.lu\/wp-content\/uploads\/sites\/15\/2016\/02\/Footer_small-blank-768x42.png 768w, https:\/\/ongd.lgs.lu\/wp-content\/uploads\/sites\/15\/2016\/02\/Footer_small-blank.png 1014w\" sizes=\"auto, (max-width: 772px) 100vw, 772px\" \/>\n<h2><strong>Partenariat avec le SNJ<\/strong><\/h2>\n<p>Vous avez entre 18 et 30 ans ? Vous avez la possibilit\u00e9 de vous impliquez via le service volontaire du Service National de la Jeunesse (SNJ) pour un projet, par exemple avec nous \u00e0 l&rsquo;ONGD Guiden a Scouten. Vous pouvez nous soutenir avec un SVN dans notre travail au Luxembourg ou travailler sur le terrain avec un SVC dans l&rsquo;un de nos pays partenaires.<\/p>\n<p>&#x27a1;&#xfe0f; <a href=\"https:\/\/www.volontaires.lu\/lu\/accueil-lu\/\" target=\"_blank\" rel=\"noopener noreferrer\">plus d&rsquo;infos<\/a><\/p>\n<h3><strong>Service Volontaire National (SVN)<\/strong><\/h3>\n<p>En s&rsquo;engageant pour un SVN, vous vous engagez pour un projet concret ici au Luxembourg. Chez nous, \u00e0 l&rsquo;ONGD, vous pouvez par exemple soutenir les activit\u00e9s de relations publiques, la communication ou encore participer \u00e0 nos \u00e9v\u00e9nements et ateliers.<\/p>\n<p>&#x27a1;&#xfe0f; <a href=\"https:\/\/www.volontaires.lu\/missions\/appui-a-la-communication-de-longd-guiden-a-scouten-fir-eng-welt\/\" target=\"_blank\" rel=\"noopener noreferrer\">plus d&rsquo;infos<\/a><\/p>\n<h3><strong>Service Volontaire de Coop\u00e9ration (SVC)<\/strong><\/h3>\n<p>Le Service Volontaire de Coop\u00e9ration vous donne l&rsquo;opportunit\u00e9 de vous engager en collaboration avec une ONG luxembourgeoise pour un projet dans un pays partenaire. Nous sommes une organisation d&rsquo;envoi reconnue et pouvons envoyer chaque ann\u00e9e des volontaires chez l&rsquo;une de nos organisations partenaires.<\/p>\n<p>&#x27a1;&#xfe0f; <a href=\"https:\/\/www.volontaires.lu\/moi-volontaire\/#:~:text=Le%20Service%20volontaire%20de%20coop%C3%A9ration,de%20vie%20qui%20t'attend.\" target=\"_blank\" rel=\"noopener noreferrer\">plus d&rsquo;infos<\/a>","protected":false},"excerpt":{"rendered":"<p>Vous souhaitez vous engager au sein de l&rsquo;ONGD Guiden a Scouten fir ENG Welt ? Nous sommes toujours \u00e0 la recherche de b\u00e9n\u00e9voles enthousiastes qui veulent s&rsquo;impliquer dans nos projets et activit\u00e9s. Nous sommes heureux d&rsquo;accueillir toutes les personnes qui peuvent consacrer un peu de temps \u00e0 notre travail et nous soutenir dans les t\u00e2ches&#8230;  <a class=\"excerpt-read-more\" href=\"https:\/\/ongd.lgs.lu\/fr\/sech-engageieren\/\" title=\"ReadS&rsquo;engager\">Read more &raquo;<\/a><\/p>\n","protected":false},"author":2315,"featured_media":1270,"parent":0,"menu_order":1,"comment_status":"closed","ping_status":"closed","template":"","meta":{"footnotes":""},"class_list":["post-2944","page","type-page","status-publish","has-post-thumbnail","hentry"],"_links":{"self":[{"href":"https:\/\/ongd.lgs.lu\/fr\/wp-json\/wp\/v2\/pages\/2944","targetHints":{"allow":["GET"]}}],"collection":[{"href":"https:\/\/ongd.lgs.lu\/fr\/wp-json\/wp\/v2\/pages"}],"about":[{"href":"https:\/\/ongd.lgs.lu\/fr\/wp-json\/wp\/v2\/types\/page"}],"author":[{"embeddable":true,"href":"https:\/\/ongd.lgs.lu\/fr\/wp-json\/wp\/v2\/users\/2315"}],"replies":[{"embeddable":true,"href":"https:\/\/ongd.lgs.lu\/fr\/wp-json\/wp\/v2\/comments?post=2944"}],"version-history":[{"count":43,"href":"https:\/\/ongd.lgs.lu\/fr\/wp-json\/wp\/v2\/pages\/2944\/revisions"}],"predecessor-version":[{"id":2978,"href":"https:\/\/ongd.lgs.lu\/fr\/wp-json\/wp\/v2\/pages\/2944\/revisions\/2978"}],"wp:featuredmedia":[{"embeddable":true,"href":"https:\/\/ongd.lgs.lu\/fr\/wp-json\/wp\/v2\/media\/1270"}],"wp:attachment":[{"href":"https:\/\/ongd.lgs.lu\/fr\/wp-json\/wp\/v2\/media?parent=2944"}],"curies":[{"name":"wp","href":"https:\/\/api.w.org\/{rel}","templated":true}]}}