{"id":30,"date":"2015-11-30T12:03:55","date_gmt":"2015-11-30T11:03:55","guid":{"rendered":"https:\/\/ongd.lgs.lu\/?page_id=30"},"modified":"2026-04-14T11:06:34","modified_gmt":"2026-04-14T09:06:34","slug":"niger","status":"publish","type":"page","link":"https:\/\/ongd.lgs.lu\/fr\/projeten\/niger\/","title":{"rendered":"Niger"},"content":{"rendered":"<h1><span style=\"font-weight: 400\">Nos projets en cours<\/span><\/h1>\n<div class=\"infoboxes items-3 clearfix\"><a href=\"https:\/\/ongd.lgs.lu\/fr\/projeten\/niger\/fr-projet-dappui-a-lamelioration-de-la-qualite-de-lenseignement-dans-les-ecoles-partenaires-de-niamey-dosso-et-tillaberi-2026-2030\/\" class=\"box\"><div class=\"inner\"><div class=\"image\" style=\"background-image: url(https:\/\/ongd.lgs.lu\/wp-content\/uploads\/sites\/15\/2026\/04\/C1A9039-700x700.jpg)\"><img decoding=\"async\" src=\"https:\/\/ongd.lgs.lu\/wp-content\/themes\/lgs\/images\/square.png\" \/><\/div><h3>Projet d\u2019appui \u00e0 l\u2019am\u00e9lioration de la qualit\u00e9 de l\u2019enseignement dans les \u00e9coles partenaires de Niamey, Dosso et Tillab\u00e9ri 2026-2030<\/h3><\/div><\/a><a href=\"https:\/\/ongd.lgs.lu\/fr\/projeten\/niger\/fr-contribuer-a-leducation-et-a-lapprentissage-informel-des-jeunes-a-travers-le-renforcement-des-capacites-de-la-radio-et-de-long-gakassiney-2026-2030\/\" class=\"box\"><div class=\"inner\"><div class=\"image\" style=\"background-image: url(https:\/\/ongd.lgs.lu\/wp-content\/uploads\/sites\/15\/2026\/04\/Festival-ongg-700x700.jpg)\"><img decoding=\"async\" src=\"https:\/\/ongd.lgs.lu\/wp-content\/themes\/lgs\/images\/square.png\" \/><\/div><h3>Contribuer \u00e0 l\u2019\u00e9ducation et \u00e0 l\u2019apprentissage informel des jeunes \u00e0 travers le renforcement des capacit\u00e9s 2026-2030<\/h3><\/div><\/a><\/div>\n<p>&nbsp;<\/p>\n<h1><span style=\"font-weight: 400\">Nos projets termin\u00e9s<\/span><\/h1>\n<p><a href=\"https:\/\/ongd.lgs.lu\/fr\/projeten\/niger\/fr-projet-dappui-a-leducation-informelle-et-a-la-formation-professionnelle-2022-2025-ong-gakassiney\/\">Appui \u00e0 l&rsquo;\u00e9ducation informelle et \u00e0 la formation professionnelle ONG Gakassiney 2022-2025<\/a><\/p>\n<p><a href=\"https:\/\/ongd.lgs.lu\/fr\/projeten\/niger\/fr-appui-a-lamelioration-de-la-qualite-de-lenseignement-dans-les-ecoles-partenaires-2022-2025\/\">E Bl\u00e4isteft fir den Niger 2022-2025<\/a><\/p>\n<p><a href=\"https:\/\/ongd.lgs.lu\/projeten\/niger\/fr-e-bleisteft-fir-den-niger-2018-2021\/\">E Bl\u00e4isteft fir den Niger 2018-2021<\/a><\/p>\n<p><a href=\"https:\/\/ongd.lgs.lu\/projeten\/niger\/fr-centre-zumuntchi-de-long-gakassiney-2018-2021\/\">Appui au Centre Zumuntchi de l\u2019ONG Gakassiney 2018-2021<\/a><\/p>\n<p><a href=\"https:\/\/ongd.lgs.lu\/projeten\/niger\/e-blaisteft-fir-den-niger\/\">E Bl\u00e4ist\u00ebft fir den NIGER 2015-2017<\/a><\/p>\n<p><a href=\"https:\/\/ongd.lgs.lu\/projeten\/niger\/strukturell-an-organisatoresch-ennerstetzung-vun-der-ong-gakassiney\/\">Renforcement de l\u2019ONG Gakassiney 2015-2017<\/a><\/p>\n<p>&nbsp;<\/p>\n<p>&#8212;&#8212;&#8212;&#8212;&#8212;&#8212;&#8212;&#8212;&#8212;&#8212;&#8212;&#8212;&#8212;&#8211;<\/p>\n<p>\u2139\ufe0f <a href=\"https:\/\/data.worldbank.org\/country\/niger\" target=\"_blank\" rel=\"noopener\">Le Niger en chiffres et en faits<\/a>","protected":false},"excerpt":{"rendered":"<p>Nos projets en cours &nbsp; Nos projets termin\u00e9s Appui \u00e0 l&rsquo;\u00e9ducation informelle et \u00e0 la formation professionnelle ONG Gakassiney 2022-2025 E Bl\u00e4isteft fir den Niger 2022-2025 E Bl\u00e4isteft fir den Niger 2018-2021 Appui au Centre Zumuntchi de l\u2019ONG Gakassiney 2018-2021 E Bl\u00e4ist\u00ebft fir den NIGER 2015-2017 Renforcement de l\u2019ONG Gakassiney 2015-2017 &nbsp; &#8212;&#8212;&#8212;&#8212;&#8212;&#8212;&#8212;&#8212;&#8212;&#8212;&#8212;&#8212;&#8212;&#8211; \u2139\ufe0f Le&#8230;  <a class=\"excerpt-read-more\" href=\"https:\/\/ongd.lgs.lu\/fr\/projeten\/niger\/fr-contribuer-a-leducation-et-a-lapprentissage-informel-des-jeunes-a-travers-le-renforcement-des-capacites-de-la-radio-et-de-long-gakassiney-2026-2030\/\" title=\"ReadContribuer \u00e0 l\u2019\u00e9ducation et \u00e0 l\u2019apprentissage informel des jeunes \u00e0 travers le renforcement des capacit\u00e9s 2026-2030\">Read more &raquo;<\/a><\/p>\n","protected":false},"author":1871,"featured_media":4329,"parent":25,"menu_order":3,"comment_status":"closed","ping_status":"closed","template":"page-no-sidebar.php","meta":{"footnotes":""},"class_list":["post-30","page","type-page","status-publish","has-post-thumbnail","hentry"],"_links":{"self":[{"href":"https:\/\/ongd.lgs.lu\/fr\/wp-json\/wp\/v2\/pages\/30","targetHints":{"allow":["GET"]}}],"collection":[{"href":"https:\/\/ongd.lgs.lu\/fr\/wp-json\/wp\/v2\/pages"}],"about":[{"href":"https:\/\/ongd.lgs.lu\/fr\/wp-json\/wp\/v2\/types\/page"}],"author":[{"embeddable":true,"href":"https:\/\/ongd.lgs.lu\/fr\/wp-json\/wp\/v2\/users\/1871"}],"replies":[{"embeddable":true,"href":"https:\/\/ongd.lgs.lu\/fr\/wp-json\/wp\/v2\/comments?post=30"}],"version-history":[{"count":31,"href":"https:\/\/ongd.lgs.lu\/fr\/wp-json\/wp\/v2\/pages\/30\/revisions"}],"predecessor-version":[{"id":4380,"href":"https:\/\/ongd.lgs.lu\/fr\/wp-json\/wp\/v2\/pages\/30\/revisions\/4380"}],"up":[{"embeddable":true,"href":"https:\/\/ongd.lgs.lu\/fr\/wp-json\/wp\/v2\/pages\/25"}],"wp:featuredmedia":[{"embeddable":true,"href":"https:\/\/ongd.lgs.lu\/fr\/wp-json\/wp\/v2\/media\/4329"}],"wp:attachment":[{"href":"https:\/\/ongd.lgs.lu\/fr\/wp-json\/wp\/v2\/media?parent=30"}],"curies":[{"name":"wp","href":"https:\/\/api.w.org\/{rel}","templated":true}]}}