{"id":3039,"date":"2023-01-25T16:16:33","date_gmt":"2023-01-25T15:16:33","guid":{"rendered":"https:\/\/ongd.lgs.lu\/?page_id=3039"},"modified":"2024-05-13T10:20:47","modified_gmt":"2024-05-13T08:20:47","slug":"fr-centre-de-formation-deguilaye-lama-docile","status":"publish","type":"page","link":"https:\/\/ongd.lgs.lu\/fr\/projeten\/senegal\/fr-centre-de-formation-deguilaye-lama-docile\/","title":{"rendered":"Projet de valorisation de la chaine agricole pour une r\u00e9silience des populations face aux effets n\u00e9fastes du changement climatique \u00e0 Eguilaye \u2013 2024-2028"},"content":{"rendered":"<strong>Lieu<\/strong>\u00a0(pays, r\u00e9gion, localit\u00e9)\u00a0: S\u00e9n\u00e9gal, Casamance, r\u00e9gion de Ziguinchor, village de Eguilaye<\/p>\n<p><strong>Contenu et d\u00e9roulement du projet<\/strong>\u00a0:<\/p>\n<p>En Casamance, les effets du changement climatique engendrent une d\u00e9gradation importante des \u00e9cosyst\u00e8mes, qui demeurent les seuls moyens de subsistance des personnes pauvres en zone rurale. Les fluctuations de la pluviom\u00e9trie d\u00e9truisant les cultures, l\u2019\u00e9rosion c\u00f4ti\u00e8re, la salinisation croissante impactant les terres arables, la perte de diversit\u00e9 v\u00e9g\u00e9tale d\u00fb \u00e0 l\u2019exploitation foresti\u00e8re ill\u00e9gale\u2026 Ces menaces ont des r\u00e9percussions sur le syst\u00e8me de production occasionnant ainsi des flux migratoires et un exode vers les grandes villes par manque de perspectives \u00e9conomiques.<\/p>\n<p>Ce projet vise \u00e0 d\u00e9velopper un environnement favorable \u00e0 des mesures d\u2019adaptation bas\u00e9s sur la gestion de l\u2019\u00e9cosyst\u00e8me\u00a0via des solutions alternatives pour faire face \u00e0 la variabilit\u00e9 et au changement climatique.<\/p>\n<p>L\u2019objectif est de mettre en place une chaine de valeur agro-\u00e9cologique via un centre de formation innovant visant \u00e0 d\u00e9velopper des emplois durables et des comportements responsables de la part des communaut\u00e9s. Notamment gr\u00e2ce \u00e0 la mise en \u0153uvre d\u2019activit\u00e9s de sensibilisation, et de renforcement de la r\u00e9silience du syst\u00e8me socio-\u00e9conomique et \u00e9cologique par la diversification \u00e9conomique et la gestion durable des ressources naturelles.<\/p>\n<p><strong>Les activit\u00e9s du projet sont r\u00e9parties sur quatre r\u00e9sultats et plusieurs activit\u00e9s <\/strong>:<\/p>\n<ol>\n<li><strong><em>Les capacit\u00e9s des jeunes sont renforc\u00e9es gr\u00e2ce \u00e0 un centre de formation agro\u00e9cologique situ\u00e9 dans le d\u00e9partement de Eguilaye<\/em><\/strong>\n<ul>\n<li>Construire des salles de formation<\/li>\n<li>Am\u00e9nager les espaces de formation<\/li>\n<li>D\u00e9velopper les 5 fili\u00e8res de formation (apiculture, agriculture, \u00e9levage, aviculture, pisciculture)<\/li>\n<li>D\u00e9rouler les formations aupr\u00e8s de 250 apprenants<\/li>\n<\/ul>\n<\/li>\n<li><strong><em>Une ferme agro\u00e9cologique permet de d\u00e9velopper une production agricole et \u00e9nerg\u00e9tique durable et circulaire <\/em><\/strong>\n<ul>\n<li>Am\u00e9nager les espaces agricoles<\/li>\n<li>D\u00e9velopper les syst\u00e8mes de production agricole responsable et circulaire<\/li>\n<li>D\u00e9velopper un syst\u00e8me de transformation et de stockage<\/li>\n<li>D\u00e9velopper le syst\u00e8me d\u2019\u00e9levage<\/li>\n<li>D\u00e9velopper le syst\u00e8me de production d\u2019\u00e9nergie verte (production de biogaz)<\/li>\n<li>Faire le suivi de la production<\/li>\n<\/ul>\n<\/li>\n<li><strong><em>Les communaut\u00e9s valorisent et commercialisent les produits et savoirs du terroir<\/em><\/strong>\n<ul>\n<li>Former les jeunes et les femmes \u00e0 la transformation<\/li>\n<li>Former 75 femmes \u00e0 l\u2019entreprenariat et aux techniques de vente<\/li>\n<li>Impulser le d\u00e9veloppement de la production d\u2019au moins 4 produits (savon, teinture, alimentaire, herbes m\u00e9dicinale)<\/li>\n<li>D\u00e9velopper un syst\u00e8me de commercialisation efficace<\/li>\n<\/ul>\n<\/li>\n<li><strong><em>La communaut\u00e9 est actrice de la r\u00e9silience face aux changements climatiques et de la protection de l&rsquo;environnement <\/em><\/strong>\n<ul>\n<li>Cartographie des probl\u00e9matiques environnementales<\/li>\n<li>Actualiser les modules d\u2019\u00e9ducation environnementale<\/li>\n<li>Former 15 professeurs aux d\u00e9roulements des modules environnementaux<\/li>\n<li>D\u00e9rouler les modules dans 15 \u00e9coles et sensibiliser 1500 enfants aux enjeux li\u00e9s aux changements climatiques<\/li>\n<li>Mettre en place une veille \u00e9cologique et environnementale<\/li>\n<li>Organiser des campagnes de reboisements et de restauration des esp\u00e8ces rares<\/li>\n<li>Mettre en place une campagne de sensibilisation sur les enjeux climatiques<\/li>\n<\/ul>\n<\/li>\n<\/ol>\n<p><strong>Le partenaire \u2013 Jeunesse et D\u00e9veloppement (JED)<\/strong><\/p>\n<p>Jeunesse et d\u00e9veloppement est une ONG qui est n\u00e9e du mouvement scout et a donc toujours eu un fort ancrage communautaire et une approche communautaire dans son travail, c\u2019est-\u00e0-dire qu\u2019elle prend beaucoup de temps \u00e0 conna\u00eetre, \u00e0 comprendre et \u00e0 parler avec la communaut\u00e9 pour trouver des solutions \u00e0 des probl\u00e8mes pos\u00e9s.<\/p>\n<p>JED se donne aussi pour mission de contribuer \u00e0 l\u2019am\u00e9lioration des conditions de vies des populations des zones o\u00f9 elle intervient. En tant qu\u2019ONG issue du mouvement scout elle travaille particuli\u00e8rement avec les enfants et les jeunes. La protection de l\u2019enfance et l\u2019acc\u00e8s \u00e0 une \u00e9ducation de qualit\u00e9 pour tous les enfants et les jeunes sont des domaines de travail privil\u00e9gi\u00e9s.<\/p>\n<p>JED a une strat\u00e9gie de transition \u00e9cologique pour sensibiliser son personnel, ses b\u00e9n\u00e9ficiaires \u00e0 la r\u00e9duction de l&#8217;empreinte environnementale. Cela implique des projets de sensibilisation sur les probl\u00e8mes environnementaux, comme la reforestation et la promotion de foyers am\u00e9lior\u00e9s pour \u00e9conomiser les ressources \u00e9nerg\u00e9tiques.<\/p>\n<p><strong>Dur\u00e9e du projet\u00a0:<\/strong><\/p>\n<p>Projet de 5 ans, du 01\/01\/2024 au 31\/12\/2028<\/p>\n<p><strong>\u00a0Budget\u00a0<\/strong><\/p>\n<p>Budget global\u00a0: 499.963 \u20ac<\/p>\n<p>Participation du MECB\u00a0: 100% \u2013 499.963 \u20ac<\/p>\n<div id='gallery-1' class='gallery galleryid-3039 gallery-columns-3 gallery-size-thumbnail'><figure class='gallery-item'>\n\t\t\t<div class='gallery-icon landscape'>\n\t\t\t\t<a data-lightbox=\"gallery\" href='https:\/\/ongd.lgs.lu\/wp-content\/uploads\/sites\/15\/2023\/01\/fete-eguilaye.jpg'><img loading=\"lazy\" decoding=\"async\" width=\"150\" height=\"150\" src=\"https:\/\/ongd.lgs.lu\/wp-content\/uploads\/sites\/15\/2023\/01\/fete-eguilaye-150x150.jpg\" class=\"attachment-thumbnail size-thumbnail\" alt=\"\" srcset=\"https:\/\/ongd.lgs.lu\/wp-content\/uploads\/sites\/15\/2023\/01\/fete-eguilaye-150x150.jpg 150w, https:\/\/ongd.lgs.lu\/wp-content\/uploads\/sites\/15\/2023\/01\/fete-eguilaye-700x700.jpg 700w, https:\/\/ongd.lgs.lu\/wp-content\/uploads\/sites\/15\/2023\/01\/fete-eguilaye-125x125.jpg 125w\" sizes=\"auto, (max-width: 150px) 100vw, 150px\" \/><\/a>\n\t\t\t<\/div><\/figure><figure class='gallery-item'>\n\t\t\t<div class='gallery-icon landscape'>\n\t\t\t\t<a data-lightbox=\"gallery\" href='https:\/\/ongd.lgs.lu\/wp-content\/uploads\/sites\/15\/2024\/05\/DJI_0334-scaled.jpg'><img loading=\"lazy\" decoding=\"async\" width=\"150\" height=\"150\" src=\"https:\/\/ongd.lgs.lu\/wp-content\/uploads\/sites\/15\/2024\/05\/DJI_0334-150x150.jpg\" class=\"attachment-thumbnail size-thumbnail\" alt=\"\" srcset=\"https:\/\/ongd.lgs.lu\/wp-content\/uploads\/sites\/15\/2024\/05\/DJI_0334-150x150.jpg 150w, https:\/\/ongd.lgs.lu\/wp-content\/uploads\/sites\/15\/2024\/05\/DJI_0334-700x700.jpg 700w, https:\/\/ongd.lgs.lu\/wp-content\/uploads\/sites\/15\/2024\/05\/DJI_0334-125x125.jpg 125w\" sizes=\"auto, (max-width: 150px) 100vw, 150px\" \/><\/a>\n\t\t\t<\/div><\/figure><figure class='gallery-item'>\n\t\t\t<div class='gallery-icon landscape'>\n\t\t\t\t<a data-lightbox=\"gallery\" href='https:\/\/ongd.lgs.lu\/wp-content\/uploads\/sites\/15\/2024\/05\/DJI_0319-scaled.jpg'><img loading=\"lazy\" decoding=\"async\" width=\"150\" height=\"150\" src=\"https:\/\/ongd.lgs.lu\/wp-content\/uploads\/sites\/15\/2024\/05\/DJI_0319-150x150.jpg\" class=\"attachment-thumbnail size-thumbnail\" alt=\"\" srcset=\"https:\/\/ongd.lgs.lu\/wp-content\/uploads\/sites\/15\/2024\/05\/DJI_0319-150x150.jpg 150w, https:\/\/ongd.lgs.lu\/wp-content\/uploads\/sites\/15\/2024\/05\/DJI_0319-700x700.jpg 700w, https:\/\/ongd.lgs.lu\/wp-content\/uploads\/sites\/15\/2024\/05\/DJI_0319-125x125.jpg 125w\" sizes=\"auto, (max-width: 150px) 100vw, 150px\" \/><\/a>\n\t\t\t<\/div><\/figure><figure class='gallery-item'>\n\t\t\t<div class='gallery-icon landscape'>\n\t\t\t\t<a data-lightbox=\"gallery\" href='https:\/\/ongd.lgs.lu\/wp-content\/uploads\/sites\/15\/2024\/05\/DSC02815-scaled.jpg'><img loading=\"lazy\" decoding=\"async\" width=\"150\" height=\"150\" src=\"https:\/\/ongd.lgs.lu\/wp-content\/uploads\/sites\/15\/2024\/05\/DSC02815-150x150.jpg\" class=\"attachment-thumbnail size-thumbnail\" alt=\"\" srcset=\"https:\/\/ongd.lgs.lu\/wp-content\/uploads\/sites\/15\/2024\/05\/DSC02815-150x150.jpg 150w, https:\/\/ongd.lgs.lu\/wp-content\/uploads\/sites\/15\/2024\/05\/DSC02815-700x700.jpg 700w, https:\/\/ongd.lgs.lu\/wp-content\/uploads\/sites\/15\/2024\/05\/DSC02815-125x125.jpg 125w\" sizes=\"auto, (max-width: 150px) 100vw, 150px\" \/><\/a>\n\t\t\t<\/div><\/figure><figure class='gallery-item'>\n\t\t\t<div class='gallery-icon landscape'>\n\t\t\t\t<a data-lightbox=\"gallery\" href='https:\/\/ongd.lgs.lu\/wp-content\/uploads\/sites\/15\/2023\/01\/PA300502-scaled.jpg'><img loading=\"lazy\" decoding=\"async\" width=\"150\" height=\"150\" src=\"https:\/\/ongd.lgs.lu\/wp-content\/uploads\/sites\/15\/2023\/01\/PA300502-150x150.jpg\" class=\"attachment-thumbnail size-thumbnail\" alt=\"\" srcset=\"https:\/\/ongd.lgs.lu\/wp-content\/uploads\/sites\/15\/2023\/01\/PA300502-150x150.jpg 150w, https:\/\/ongd.lgs.lu\/wp-content\/uploads\/sites\/15\/2023\/01\/PA300502-700x700.jpg 700w, https:\/\/ongd.lgs.lu\/wp-content\/uploads\/sites\/15\/2023\/01\/PA300502-125x125.jpg 125w\" sizes=\"auto, (max-width: 150px) 100vw, 150px\" \/><\/a>\n\t\t\t<\/div><\/figure><figure class='gallery-item'>\n\t\t\t<div class='gallery-icon portrait'>\n\t\t\t\t<a data-lightbox=\"gallery\" href='https:\/\/ongd.lgs.lu\/wp-content\/uploads\/sites\/15\/2023\/01\/Sen22FS-66.jpg'><img loading=\"lazy\" decoding=\"async\" width=\"150\" height=\"150\" src=\"https:\/\/ongd.lgs.lu\/wp-content\/uploads\/sites\/15\/2023\/01\/Sen22FS-66-150x150.jpg\" class=\"attachment-thumbnail size-thumbnail\" alt=\"\" srcset=\"https:\/\/ongd.lgs.lu\/wp-content\/uploads\/sites\/15\/2023\/01\/Sen22FS-66-150x150.jpg 150w, https:\/\/ongd.lgs.lu\/wp-content\/uploads\/sites\/15\/2023\/01\/Sen22FS-66-700x700.jpg 700w, https:\/\/ongd.lgs.lu\/wp-content\/uploads\/sites\/15\/2023\/01\/Sen22FS-66-125x125.jpg 125w\" sizes=\"auto, (max-width: 150px) 100vw, 150px\" \/><\/a>\n\t\t\t<\/div><\/figure><figure class='gallery-item'>\n\t\t\t<div class='gallery-icon landscape'>\n\t\t\t\t<a data-lightbox=\"gallery\" href='https:\/\/ongd.lgs.lu\/wp-content\/uploads\/sites\/15\/2023\/01\/plante.jpg'><img loading=\"lazy\" decoding=\"async\" width=\"150\" height=\"150\" src=\"https:\/\/ongd.lgs.lu\/wp-content\/uploads\/sites\/15\/2023\/01\/plante-150x150.jpg\" class=\"attachment-thumbnail size-thumbnail\" alt=\"\" srcset=\"https:\/\/ongd.lgs.lu\/wp-content\/uploads\/sites\/15\/2023\/01\/plante-150x150.jpg 150w, https:\/\/ongd.lgs.lu\/wp-content\/uploads\/sites\/15\/2023\/01\/plante-700x700.jpg 700w, https:\/\/ongd.lgs.lu\/wp-content\/uploads\/sites\/15\/2023\/01\/plante-125x125.jpg 125w\" sizes=\"auto, (max-width: 150px) 100vw, 150px\" \/><\/a>\n\t\t\t<\/div><\/figure><figure class='gallery-item'>\n\t\t\t<div class='gallery-icon landscape'>\n\t\t\t\t<a data-lightbox=\"gallery\" href='https:\/\/ongd.lgs.lu\/wp-content\/uploads\/sites\/15\/2023\/01\/f.jpg'><img loading=\"lazy\" decoding=\"async\" width=\"150\" height=\"150\" src=\"https:\/\/ongd.lgs.lu\/wp-content\/uploads\/sites\/15\/2023\/01\/f-150x150.jpg\" class=\"attachment-thumbnail size-thumbnail\" alt=\"\" srcset=\"https:\/\/ongd.lgs.lu\/wp-content\/uploads\/sites\/15\/2023\/01\/f-150x150.jpg 150w, https:\/\/ongd.lgs.lu\/wp-content\/uploads\/sites\/15\/2023\/01\/f-700x700.jpg 700w, https:\/\/ongd.lgs.lu\/wp-content\/uploads\/sites\/15\/2023\/01\/f-125x125.jpg 125w\" sizes=\"auto, (max-width: 150px) 100vw, 150px\" \/><\/a>\n\t\t\t<\/div><\/figure><figure class='gallery-item'>\n\t\t\t<div class='gallery-icon landscape'>\n\t\t\t\t<a data-lightbox=\"gallery\" href='https:\/\/ongd.lgs.lu\/wp-content\/uploads\/sites\/15\/2024\/05\/DJI_0343-scaled.jpg'><img loading=\"lazy\" decoding=\"async\" width=\"150\" height=\"150\" src=\"https:\/\/ongd.lgs.lu\/wp-content\/uploads\/sites\/15\/2024\/05\/DJI_0343-150x150.jpg\" class=\"attachment-thumbnail size-thumbnail\" alt=\"\" srcset=\"https:\/\/ongd.lgs.lu\/wp-content\/uploads\/sites\/15\/2024\/05\/DJI_0343-150x150.jpg 150w, https:\/\/ongd.lgs.lu\/wp-content\/uploads\/sites\/15\/2024\/05\/DJI_0343-700x700.jpg 700w, https:\/\/ongd.lgs.lu\/wp-content\/uploads\/sites\/15\/2024\/05\/DJI_0343-125x125.jpg 125w\" sizes=\"auto, (max-width: 150px) 100vw, 150px\" \/><\/a>\n\t\t\t<\/div><\/figure><figure class='gallery-item'>\n\t\t\t<div class='gallery-icon landscape'>\n\t\t\t\t<a data-lightbox=\"gallery\" href='https:\/\/ongd.lgs.lu\/wp-content\/uploads\/sites\/15\/2023\/01\/PA300438-scaled.jpg'><img loading=\"lazy\" decoding=\"async\" width=\"150\" height=\"150\" src=\"https:\/\/ongd.lgs.lu\/wp-content\/uploads\/sites\/15\/2023\/01\/PA300438-150x150.jpg\" class=\"attachment-thumbnail size-thumbnail\" alt=\"\" srcset=\"https:\/\/ongd.lgs.lu\/wp-content\/uploads\/sites\/15\/2023\/01\/PA300438-150x150.jpg 150w, https:\/\/ongd.lgs.lu\/wp-content\/uploads\/sites\/15\/2023\/01\/PA300438-700x700.jpg 700w, https:\/\/ongd.lgs.lu\/wp-content\/uploads\/sites\/15\/2023\/01\/PA300438-125x125.jpg 125w\" sizes=\"auto, (max-width: 150px) 100vw, 150px\" \/><\/a>\n\t\t\t<\/div><\/figure><figure class='gallery-item'>\n\t\t\t<div class='gallery-icon landscape'>\n\t\t\t\t<a data-lightbox=\"gallery\" href='https:\/\/ongd.lgs.lu\/wp-content\/uploads\/sites\/15\/2023\/01\/PA300445-scaled.jpg'><img loading=\"lazy\" decoding=\"async\" width=\"150\" height=\"150\" src=\"https:\/\/ongd.lgs.lu\/wp-content\/uploads\/sites\/15\/2023\/01\/PA300445-150x150.jpg\" class=\"attachment-thumbnail size-thumbnail\" alt=\"\" srcset=\"https:\/\/ongd.lgs.lu\/wp-content\/uploads\/sites\/15\/2023\/01\/PA300445-150x150.jpg 150w, https:\/\/ongd.lgs.lu\/wp-content\/uploads\/sites\/15\/2023\/01\/PA300445-700x700.jpg 700w, https:\/\/ongd.lgs.lu\/wp-content\/uploads\/sites\/15\/2023\/01\/PA300445-125x125.jpg 125w\" sizes=\"auto, (max-width: 150px) 100vw, 150px\" \/><\/a>\n\t\t\t<\/div><\/figure><figure class='gallery-item'>\n\t\t\t<div class='gallery-icon landscape'>\n\t\t\t\t<a data-lightbox=\"gallery\" href='https:\/\/ongd.lgs.lu\/wp-content\/uploads\/sites\/15\/2024\/05\/DJI_0348-scaled.jpg'><img loading=\"lazy\" decoding=\"async\" width=\"150\" height=\"150\" src=\"https:\/\/ongd.lgs.lu\/wp-content\/uploads\/sites\/15\/2024\/05\/DJI_0348-150x150.jpg\" class=\"attachment-thumbnail size-thumbnail\" alt=\"\" srcset=\"https:\/\/ongd.lgs.lu\/wp-content\/uploads\/sites\/15\/2024\/05\/DJI_0348-150x150.jpg 150w, https:\/\/ongd.lgs.lu\/wp-content\/uploads\/sites\/15\/2024\/05\/DJI_0348-700x700.jpg 700w, https:\/\/ongd.lgs.lu\/wp-content\/uploads\/sites\/15\/2024\/05\/DJI_0348-125x125.jpg 125w\" sizes=\"auto, (max-width: 150px) 100vw, 150px\" \/><\/a>\n\t\t\t<\/div><\/figure><figure class='gallery-item'>\n\t\t\t<div class='gallery-icon landscape'>\n\t\t\t\t<a data-lightbox=\"gallery\" href='https:\/\/ongd.lgs.lu\/wp-content\/uploads\/sites\/15\/2024\/05\/DJI_0354-scaled.jpg'><img loading=\"lazy\" decoding=\"async\" width=\"150\" height=\"150\" src=\"https:\/\/ongd.lgs.lu\/wp-content\/uploads\/sites\/15\/2024\/05\/DJI_0354-150x150.jpg\" class=\"attachment-thumbnail size-thumbnail\" alt=\"\" srcset=\"https:\/\/ongd.lgs.lu\/wp-content\/uploads\/sites\/15\/2024\/05\/DJI_0354-150x150.jpg 150w, https:\/\/ongd.lgs.lu\/wp-content\/uploads\/sites\/15\/2024\/05\/DJI_0354-700x700.jpg 700w, https:\/\/ongd.lgs.lu\/wp-content\/uploads\/sites\/15\/2024\/05\/DJI_0354-125x125.jpg 125w\" sizes=\"auto, (max-width: 150px) 100vw, 150px\" \/><\/a>\n\t\t\t<\/div><\/figure><figure class='gallery-item'>\n\t\t\t<div class='gallery-icon landscape'>\n\t\t\t\t<a data-lightbox=\"gallery\" href='https:\/\/ongd.lgs.lu\/wp-content\/uploads\/sites\/15\/2024\/05\/DSC02349-scaled.jpg'><img loading=\"lazy\" decoding=\"async\" width=\"150\" height=\"150\" src=\"https:\/\/ongd.lgs.lu\/wp-content\/uploads\/sites\/15\/2024\/05\/DSC02349-150x150.jpg\" class=\"attachment-thumbnail size-thumbnail\" alt=\"\" srcset=\"https:\/\/ongd.lgs.lu\/wp-content\/uploads\/sites\/15\/2024\/05\/DSC02349-150x150.jpg 150w, https:\/\/ongd.lgs.lu\/wp-content\/uploads\/sites\/15\/2024\/05\/DSC02349-700x700.jpg 700w, https:\/\/ongd.lgs.lu\/wp-content\/uploads\/sites\/15\/2024\/05\/DSC02349-125x125.jpg 125w\" sizes=\"auto, (max-width: 150px) 100vw, 150px\" \/><\/a>\n\t\t\t<\/div><\/figure><figure class='gallery-item'>\n\t\t\t<div class='gallery-icon landscape'>\n\t\t\t\t<a data-lightbox=\"gallery\" href='https:\/\/ongd.lgs.lu\/wp-content\/uploads\/sites\/15\/2024\/05\/DSC02362-scaled.jpg'><img loading=\"lazy\" decoding=\"async\" width=\"150\" height=\"150\" src=\"https:\/\/ongd.lgs.lu\/wp-content\/uploads\/sites\/15\/2024\/05\/DSC02362-150x150.jpg\" class=\"attachment-thumbnail size-thumbnail\" alt=\"\" srcset=\"https:\/\/ongd.lgs.lu\/wp-content\/uploads\/sites\/15\/2024\/05\/DSC02362-150x150.jpg 150w, https:\/\/ongd.lgs.lu\/wp-content\/uploads\/sites\/15\/2024\/05\/DSC02362-700x700.jpg 700w, https:\/\/ongd.lgs.lu\/wp-content\/uploads\/sites\/15\/2024\/05\/DSC02362-125x125.jpg 125w\" sizes=\"auto, (max-width: 150px) 100vw, 150px\" \/><\/a>\n\t\t\t<\/div><\/figure><figure class='gallery-item'>\n\t\t\t<div class='gallery-icon landscape'>\n\t\t\t\t<a data-lightbox=\"gallery\" href='https:\/\/ongd.lgs.lu\/wp-content\/uploads\/sites\/15\/2024\/05\/DSC02411-scaled.jpg'><img loading=\"lazy\" decoding=\"async\" width=\"150\" height=\"150\" src=\"https:\/\/ongd.lgs.lu\/wp-content\/uploads\/sites\/15\/2024\/05\/DSC02411-150x150.jpg\" class=\"attachment-thumbnail size-thumbnail\" alt=\"\" srcset=\"https:\/\/ongd.lgs.lu\/wp-content\/uploads\/sites\/15\/2024\/05\/DSC02411-150x150.jpg 150w, https:\/\/ongd.lgs.lu\/wp-content\/uploads\/sites\/15\/2024\/05\/DSC02411-700x700.jpg 700w, https:\/\/ongd.lgs.lu\/wp-content\/uploads\/sites\/15\/2024\/05\/DSC02411-125x125.jpg 125w\" sizes=\"auto, (max-width: 150px) 100vw, 150px\" \/><\/a>\n\t\t\t<\/div><\/figure><figure class='gallery-item'>\n\t\t\t<div class='gallery-icon landscape'>\n\t\t\t\t<a data-lightbox=\"gallery\" href='https:\/\/ongd.lgs.lu\/wp-content\/uploads\/sites\/15\/2024\/05\/PB260352-scaled.jpeg'><img loading=\"lazy\" decoding=\"async\" width=\"150\" height=\"150\" src=\"https:\/\/ongd.lgs.lu\/wp-content\/uploads\/sites\/15\/2024\/05\/PB260352-150x150.jpeg\" class=\"attachment-thumbnail size-thumbnail\" alt=\"\" aria-describedby=\"gallery-1-3791\" srcset=\"https:\/\/ongd.lgs.lu\/wp-content\/uploads\/sites\/15\/2024\/05\/PB260352-150x150.jpeg 150w, https:\/\/ongd.lgs.lu\/wp-content\/uploads\/sites\/15\/2024\/05\/PB260352-700x700.jpeg 700w, https:\/\/ongd.lgs.lu\/wp-content\/uploads\/sites\/15\/2024\/05\/PB260352-125x125.jpeg 125w\" sizes=\"auto, (max-width: 150px) 100vw, 150px\" \/><\/a>\n\t\t\t<\/div>\n\t\t\t\t<figcaption class='wp-caption-text gallery-caption' id='gallery-1-3791'>\n\t\t\t\tOLYMPUS DIGITAL CAMERA\n\t\t\t\t<\/figcaption><\/figure>\n\t\t<\/div>","protected":false},"excerpt":{"rendered":"<p>Lieu\u00a0(pays, r\u00e9gion, localit\u00e9)\u00a0: S\u00e9n\u00e9gal, Casamance, r\u00e9gion de Ziguinchor, village de Eguilaye Contenu et d\u00e9roulement du projet\u00a0: En Casamance, les effets du changement climatique engendrent une d\u00e9gradation importante des \u00e9cosyst\u00e8mes, qui demeurent les seuls moyens de subsistance des personnes pauvres en zone rurale. Les fluctuations de la pluviom\u00e9trie d\u00e9truisant les cultures, l\u2019\u00e9rosion c\u00f4ti\u00e8re, la salinisation croissante&#8230;  <a class=\"excerpt-read-more\" href=\"https:\/\/ongd.lgs.lu\/fr\/projeten\/senegal\/fr-centre-de-formation-deguilaye-lama-docile\/\" title=\"ReadProjet de valorisation de la chaine agricole pour une r\u00e9silience des populations face aux effets n\u00e9fastes du changement climatique \u00e0 Eguilaye \u2013 2024-2028\">Read more &raquo;<\/a><\/p>\n","protected":false},"author":2315,"featured_media":3786,"parent":27,"menu_order":5,"comment_status":"closed","ping_status":"closed","template":"","meta":{"footnotes":""},"class_list":["post-3039","page","type-page","status-publish","has-post-thumbnail","hentry"],"_links":{"self":[{"href":"https:\/\/ongd.lgs.lu\/fr\/wp-json\/wp\/v2\/pages\/3039","targetHints":{"allow":["GET"]}}],"collection":[{"href":"https:\/\/ongd.lgs.lu\/fr\/wp-json\/wp\/v2\/pages"}],"about":[{"href":"https:\/\/ongd.lgs.lu\/fr\/wp-json\/wp\/v2\/types\/page"}],"author":[{"embeddable":true,"href":"https:\/\/ongd.lgs.lu\/fr\/wp-json\/wp\/v2\/users\/2315"}],"replies":[{"embeddable":true,"href":"https:\/\/ongd.lgs.lu\/fr\/wp-json\/wp\/v2\/comments?post=3039"}],"version-history":[{"count":27,"href":"https:\/\/ongd.lgs.lu\/fr\/wp-json\/wp\/v2\/pages\/3039\/revisions"}],"predecessor-version":[{"id":3793,"href":"https:\/\/ongd.lgs.lu\/fr\/wp-json\/wp\/v2\/pages\/3039\/revisions\/3793"}],"up":[{"embeddable":true,"href":"https:\/\/ongd.lgs.lu\/fr\/wp-json\/wp\/v2\/pages\/27"}],"wp:featuredmedia":[{"embeddable":true,"href":"https:\/\/ongd.lgs.lu\/fr\/wp-json\/wp\/v2\/media\/3786"}],"wp:attachment":[{"href":"https:\/\/ongd.lgs.lu\/fr\/wp-json\/wp\/v2\/media?parent=3039"}],"curies":[{"name":"wp","href":"https:\/\/api.w.org\/{rel}","templated":true}]}}