{"id":4257,"date":"2026-04-14T09:35:53","date_gmt":"2026-04-14T07:35:53","guid":{"rendered":"https:\/\/ongd.lgs.lu\/?page_id=4257"},"modified":"2026-04-14T09:35:53","modified_gmt":"2026-04-14T07:35:53","slug":"fr-renforcer-linstitut-sayarinapaj-et-la-formation-professionnelle-des-jeunes-defavorises-en-bolivie-2026-2027","status":"publish","type":"page","link":"https:\/\/ongd.lgs.lu\/fr\/projeten\/bolivien\/fr-renforcer-linstitut-sayarinapaj-et-la-formation-professionnelle-des-jeunes-defavorises-en-bolivie-2026-2027\/","title":{"rendered":"Renforcer l&rsquo;Institut Sayarinapaj et la formation professionnelle des jeunes d\u00e9favoris\u00e9s en Bolivie 2026 &#8211; 2027"},"content":{"rendered":"<strong>Lieu<\/strong> (pays, r\u00e9gion, localit\u00e9)\u00a0: Bolivie, ville de Cochabamba<\/p>\n<p><strong>Contenu et d\u00e9roulement du projet<\/strong>\u00a0:<\/p>\n<p>Le projet vise \u00e0 renforcer la formation professionnelle et l\u2019acc\u00e8s \u00e0 l\u2019emploi des jeunes de Cochabamba. Il soutient l\u2019Institut Technique Sayarinapaj \u00e0 travers la formation, le suivi psycho-social des \u00e9tudiants en grande difficult\u00e9, et la gestion du fonds de roulement destin\u00e9 \u00e0 la cr\u00e9ation d\u2019entreprises par les \u00e9l\u00e8ves.<\/p>\n<p>Apr\u00e8s pr\u00e8s de 20 ans d\u2019accompagnement par l\u2019ONGD, l\u2019institut est progressivement repris par l\u2019Etat bolivien, pour devenir un \u00e9tablissement 100 % public, ce qui permettra \u00e0 l\u2019ensemble des enseignants de devenir salari\u00e9s de l\u2019Etat. Cette transition all\u00e9gera les charges de la Fundaci\u00f3n Cristo Vive Bolivia (FCVB) et concentrera l\u2019appui sur les services sociaux essentiels aux \u00e9l\u00e8ves, indispensables \u00e0 leur r\u00e9ussite. Le projet accompagne \u00e9galement l\u2019institut dans ce processus de transition institutionnelle de l\u2019Institut.<\/p>\n<p>L\u2019ONGD continuera de soutenir ces services jusqu\u2019en 2027, assurant une transition fluide et la p\u00e9rennit\u00e9 de l\u2019enseignement et du projet.<\/p>\n<p><strong><u>B\u00e9n\u00e9ficiaires<\/u><\/strong>\u00a0: Les 600 \u00e9tudiants (annuellement) de l\u2019Institut Technique Sayarinapaj.<\/p>\n<p><strong>Les activit\u00e9s du projet sont r\u00e9parties sur trois r\u00e9sultats et plusieurs activit\u00e9s <\/strong>:<\/p>\n<p><strong><em>1. Une \u00e9quipe multidisciplinaire propose des formations compl\u00e9mentaires et un accompagnement personnalis\u00e9 pour favoriser l\u2019insertion et la r\u00e9ussite professionnelles ainsi que la finalisation des \u00e9tudes techniques.<\/em><\/strong><\/p>\n<ul>\n<li>Visites de suivi au domicile des \u00e9l\u00e8ves afin d\u2019identifier les situations de vuln\u00e9rabilit\u00e9 socio-\u00e9conomique et d\u2019apporter une aide sociale si n\u00e9cessaire.<\/li>\n<li>Prise en charge permanente par le cabinet psychologique afin d\u2019appuyer les \u00e9tudiants en cas de vuln\u00e9rabilit\u00e9 \u00e9motionnelle et psychologique pour contrer l\u2019abandon scolaire.<\/li>\n<li>R\u00e9aliser le suivi des stages professionnels des jeunes, ainsi que celui de l\u2019orientation et de l\u2019insertion professionnelles, du fonds renouvelable et des accords interinstitutionnels associ\u00e9s.<\/li>\n<li>Organiser les conditions n\u00e9cessaires \u00e0 la r\u00e9alisation des visites \u00e0 domicile, du travail administratif, de la signature des accords et du suivi des stages professionnels et du fonds renouvelable.<\/li>\n<\/ul>\n<p><strong><em>2. Les capacit\u00e9s des enseignants \u00e0 encadrer les travaux de fin d\u2019\u00e9tudes et celles des \u00e9tudiants \u00e0 les r\u00e9diger, pr\u00e9senter et d\u00e9fendre ont \u00e9t\u00e9 renforc\u00e9es.<\/em><\/strong><\/p>\n<ul>\n<li>Organiser des formations compl\u00e9mentaires pour les \u00e9tudiants en r\u00e9daction, pr\u00e9sentation et soutenance des travaux de fin d\u2019\u00e9tudes.<\/li>\n<li>Organiser des formations pour les enseignants sur les outils, supports et ressources n\u00e9cessaires pour accompagner et conseiller efficacement les \u00e9tudiants dans la r\u00e9alisation de leurs travaux de fin d\u2019\u00e9tudes.<\/li>\n<li>Soutenir financi\u00e8rement les \u00e9tudiants qui optent pour le mode de dipl\u00f4me entreprenariat lorsque leurs projets contribuent \u00e0 am\u00e9liorer les conditions mat\u00e9rielles d\u2019apprentissage au sein de l\u2019Institut.<\/li>\n<\/ul>\n<p><strong><em>3. L\u2019institut a engag\u00e9 une transformation institutionnelle vers un mod\u00e8le public visant le transfert complet de son administration \u00e0 l\u2019\u00c9tat bolivien afin d\u2019offrir aux \u00e9tudiants de meilleures opportunit\u00e9s d\u2019emploi dans le secteur public.<\/em><\/strong><\/p>\n<ul>\n<li>Appuyer et officialiser, avec les autorit\u00e9s comp\u00e9tentes, la transition vers un institut public d\u2019ici 2027.<\/li>\n<li>R\u00e9aliser des activit\u00e9s administratives contribuant \u00e0 la consolidation de l\u2019Institut en tant qu\u2019\u00e9tablissement public.<\/li>\n<li>Assurer le suivi et la gestion des dossiers aupr\u00e8s des autorit\u00e9s comp\u00e9tentes<\/li>\n<li>Promouvoir des accords avec des entreprises et des organismes publics pour d\u00e9velopper les stages et l\u2019insertion professionnelle des \u00e9tudiants.<\/li>\n<\/ul>\n<p><strong>Le partenaire local &#8211; La Fundaci\u00f3n Cristo Vive Bolivia (FCVB)<\/strong><\/p>\n<p>La Fundaci\u00f3n Cristo Vive Bolivia est une association sans but lucratif, fond\u00e9e sur des valeurs humanistes et chr\u00e9tiennes, qui \u0153uvre pour l\u2019inclusion sociale, \u00e9conomique et culturelle des personnes vivant dans la pauvret\u00e9. Elle a pour mission de d\u00e9velopper, avec et pour les plus d\u00e9munis, des services sociaux visant \u00e0 b\u00e2tir une soci\u00e9t\u00e9 plus \u00e9quitable. Elle s&rsquo;adresse aux enfants, aux jeunes, aux personnes \u00e2g\u00e9es et aux familles, qu\u2019ils vivent en zones p\u00e9riurbaines ou en milieux ruraux, afin de leur garantir l\u2019acc\u00e8s \u00e0 l\u2019\u00e9ducation de base, \u00e0 la formation professionnelle, aux soins de sant\u00e9 et \u00e0 la d\u00e9fense des droits humains.<\/p>\n<p>L\u2019ONGD Guiden a Scouten fir ENG Welt et la Fundaci\u00f2n Cristo Vive Bolivia travaillent ensemble depuis pr\u00e8s de vingt ans pour offrir une formation professionnelle de qualit\u00e9 \u00e0 des jeunes de milieux d\u00e9favoris\u00e9s. C\u2019est dans cet objectif que <strong>l\u2019Institut Sayarinapaj<\/strong> a \u00e9t\u00e9 construit et inaugur\u00e9 en 2005. Si pour sa 1<sup>\u00e8re<\/sup> ann\u00e9e d\u2019existence l\u2019Institut avait trois fili\u00e8res (menuiserie, pu\u00e9riculture et agraire) pour un total de 30 \u00e9tudiants, pour l\u2019ann\u00e9e 2025\/2026 les six fili\u00e8res ouvertes sont\u00a0: \u00e9lectricit\u00e9 industrielle, m\u00e9canique industrielle, agro\u00e9cologie, gastronomie, pu\u00e9riculture et assistance sociale et comptent 632 \u00e9tudiants inscrits\u00a0!<\/p>\n<p><strong>Dur\u00e9e du projet\u00a0: <\/strong><\/p>\n<p>Projet de 2 ans, du 01\/01\/2026 au 31\/12\/2027<\/p>\n<p><strong>Budget\u00a0: <\/strong><\/p>\n<p>Budget global\u00a0: 41.676 \u20ac<\/p>\n<p>Participation du MAEE\u00a0(60 %)\u00a0: 25.006 \u20ac<\/p>\n<p>Fonds propres ONGD\u00a0(40 %)\u00a0: 16.670 \u20ac<\/p>\n<p>&nbsp;<\/p>\n<div id='gallery-1' class='gallery galleryid-4257 gallery-columns-3 gallery-size-thumbnail'><figure class='gallery-item'>\n\t\t\t<div class='gallery-icon landscape'>\n\t\t\t\t<a data-lightbox=\"gallery\" href='https:\/\/ongd.lgs.lu\/wp-content\/uploads\/sites\/15\/2026\/04\/Inicio-de-la-actividad-academica.jpeg'><img loading=\"lazy\" decoding=\"async\" width=\"150\" height=\"150\" src=\"https:\/\/ongd.lgs.lu\/wp-content\/uploads\/sites\/15\/2026\/04\/Inicio-de-la-actividad-academica-150x150.jpeg\" class=\"attachment-thumbnail size-thumbnail\" alt=\"\" srcset=\"https:\/\/ongd.lgs.lu\/wp-content\/uploads\/sites\/15\/2026\/04\/Inicio-de-la-actividad-academica-150x150.jpeg 150w, https:\/\/ongd.lgs.lu\/wp-content\/uploads\/sites\/15\/2026\/04\/Inicio-de-la-actividad-academica-700x700.jpeg 700w, https:\/\/ongd.lgs.lu\/wp-content\/uploads\/sites\/15\/2026\/04\/Inicio-de-la-actividad-academica-125x125.jpeg 125w\" sizes=\"auto, (max-width: 150px) 100vw, 150px\" \/><\/a>\n\t\t\t<\/div><\/figure><figure class='gallery-item'>\n\t\t\t<div class='gallery-icon landscape'>\n\t\t\t\t<a data-lightbox=\"gallery\" href='https:\/\/ongd.lgs.lu\/wp-content\/uploads\/sites\/15\/2026\/04\/Inicio-de-Actividad-Academica-Febrero.jpeg'><img loading=\"lazy\" decoding=\"async\" width=\"150\" height=\"150\" src=\"https:\/\/ongd.lgs.lu\/wp-content\/uploads\/sites\/15\/2026\/04\/Inicio-de-Actividad-Academica-Febrero-150x150.jpeg\" class=\"attachment-thumbnail size-thumbnail\" alt=\"\" srcset=\"https:\/\/ongd.lgs.lu\/wp-content\/uploads\/sites\/15\/2026\/04\/Inicio-de-Actividad-Academica-Febrero-150x150.jpeg 150w, https:\/\/ongd.lgs.lu\/wp-content\/uploads\/sites\/15\/2026\/04\/Inicio-de-Actividad-Academica-Febrero-700x700.jpeg 700w, https:\/\/ongd.lgs.lu\/wp-content\/uploads\/sites\/15\/2026\/04\/Inicio-de-Actividad-Academica-Febrero-125x125.jpeg 125w\" sizes=\"auto, (max-width: 150px) 100vw, 150px\" \/><\/a>\n\t\t\t<\/div><\/figure><figure class='gallery-item'>\n\t\t\t<div class='gallery-icon landscape'>\n\t\t\t\t<a data-lightbox=\"gallery\" href='https:\/\/ongd.lgs.lu\/wp-content\/uploads\/sites\/15\/2026\/04\/Clase-demostrativa.-Seleccion-docentes-nuevos-enero-2025-1.jpeg'><img loading=\"lazy\" decoding=\"async\" width=\"150\" height=\"150\" src=\"https:\/\/ongd.lgs.lu\/wp-content\/uploads\/sites\/15\/2026\/04\/Clase-demostrativa.-Seleccion-docentes-nuevos-enero-2025-1-150x150.jpeg\" class=\"attachment-thumbnail size-thumbnail\" alt=\"\" srcset=\"https:\/\/ongd.lgs.lu\/wp-content\/uploads\/sites\/15\/2026\/04\/Clase-demostrativa.-Seleccion-docentes-nuevos-enero-2025-1-150x150.jpeg 150w, https:\/\/ongd.lgs.lu\/wp-content\/uploads\/sites\/15\/2026\/04\/Clase-demostrativa.-Seleccion-docentes-nuevos-enero-2025-1-700x700.jpeg 700w, https:\/\/ongd.lgs.lu\/wp-content\/uploads\/sites\/15\/2026\/04\/Clase-demostrativa.-Seleccion-docentes-nuevos-enero-2025-1-125x125.jpeg 125w\" sizes=\"auto, (max-width: 150px) 100vw, 150px\" \/><\/a>\n\t\t\t<\/div><\/figure><figure class='gallery-item'>\n\t\t\t<div class='gallery-icon landscape'>\n\t\t\t\t<a data-lightbox=\"gallery\" href='https:\/\/ongd.lgs.lu\/wp-content\/uploads\/sites\/15\/2026\/04\/Carrera-de-Electricidad-Industrial-1-scaled.jpeg'><img loading=\"lazy\" decoding=\"async\" width=\"150\" height=\"150\" src=\"https:\/\/ongd.lgs.lu\/wp-content\/uploads\/sites\/15\/2026\/04\/Carrera-de-Electricidad-Industrial-1-150x150.jpeg\" class=\"attachment-thumbnail size-thumbnail\" alt=\"\" srcset=\"https:\/\/ongd.lgs.lu\/wp-content\/uploads\/sites\/15\/2026\/04\/Carrera-de-Electricidad-Industrial-1-150x150.jpeg 150w, https:\/\/ongd.lgs.lu\/wp-content\/uploads\/sites\/15\/2026\/04\/Carrera-de-Electricidad-Industrial-1-700x700.jpeg 700w, https:\/\/ongd.lgs.lu\/wp-content\/uploads\/sites\/15\/2026\/04\/Carrera-de-Electricidad-Industrial-1-125x125.jpeg 125w\" sizes=\"auto, (max-width: 150px) 100vw, 150px\" \/><\/a>\n\t\t\t<\/div><\/figure><figure class='gallery-item'>\n\t\t\t<div class='gallery-icon landscape'>\n\t\t\t\t<a data-lightbox=\"gallery\" href='https:\/\/ongd.lgs.lu\/wp-content\/uploads\/sites\/15\/2026\/04\/Carrera-de-Agropecuaria-1.jpeg'><img loading=\"lazy\" decoding=\"async\" width=\"150\" height=\"150\" src=\"https:\/\/ongd.lgs.lu\/wp-content\/uploads\/sites\/15\/2026\/04\/Carrera-de-Agropecuaria-1-150x150.jpeg\" class=\"attachment-thumbnail size-thumbnail\" alt=\"\" srcset=\"https:\/\/ongd.lgs.lu\/wp-content\/uploads\/sites\/15\/2026\/04\/Carrera-de-Agropecuaria-1-150x150.jpeg 150w, https:\/\/ongd.lgs.lu\/wp-content\/uploads\/sites\/15\/2026\/04\/Carrera-de-Agropecuaria-1-125x125.jpeg 125w\" sizes=\"auto, (max-width: 150px) 100vw, 150px\" \/><\/a>\n\t\t\t<\/div><\/figure><figure class='gallery-item'>\n\t\t\t<div class='gallery-icon landscape'>\n\t\t\t\t<a data-lightbox=\"gallery\" href='https:\/\/ongd.lgs.lu\/wp-content\/uploads\/sites\/15\/2026\/04\/WhatsApp-Image-2025-03-11-at-08.04.20-5.jpeg'><img loading=\"lazy\" decoding=\"async\" width=\"150\" height=\"150\" src=\"https:\/\/ongd.lgs.lu\/wp-content\/uploads\/sites\/15\/2026\/04\/WhatsApp-Image-2025-03-11-at-08.04.20-5-150x150.jpeg\" class=\"attachment-thumbnail size-thumbnail\" alt=\"\" srcset=\"https:\/\/ongd.lgs.lu\/wp-content\/uploads\/sites\/15\/2026\/04\/WhatsApp-Image-2025-03-11-at-08.04.20-5-150x150.jpeg 150w, https:\/\/ongd.lgs.lu\/wp-content\/uploads\/sites\/15\/2026\/04\/WhatsApp-Image-2025-03-11-at-08.04.20-5-700x700.jpeg 700w, https:\/\/ongd.lgs.lu\/wp-content\/uploads\/sites\/15\/2026\/04\/WhatsApp-Image-2025-03-11-at-08.04.20-5-125x125.jpeg 125w\" sizes=\"auto, (max-width: 150px) 100vw, 150px\" \/><\/a>\n\t\t\t<\/div><\/figure><figure class='gallery-item'>\n\t\t\t<div class='gallery-icon landscape'>\n\t\t\t\t<a data-lightbox=\"gallery\" href='https:\/\/ongd.lgs.lu\/wp-content\/uploads\/sites\/15\/2026\/04\/Reunion-interinstitucional-de-fomento-a-los-emprendedores.-Alcaldia-de-Quillacollo.jpeg'><img loading=\"lazy\" decoding=\"async\" width=\"150\" height=\"150\" src=\"https:\/\/ongd.lgs.lu\/wp-content\/uploads\/sites\/15\/2026\/04\/Reunion-interinstitucional-de-fomento-a-los-emprendedores.-Alcaldia-de-Quillacollo-150x150.jpeg\" class=\"attachment-thumbnail size-thumbnail\" alt=\"\" srcset=\"https:\/\/ongd.lgs.lu\/wp-content\/uploads\/sites\/15\/2026\/04\/Reunion-interinstitucional-de-fomento-a-los-emprendedores.-Alcaldia-de-Quillacollo-150x150.jpeg 150w, https:\/\/ongd.lgs.lu\/wp-content\/uploads\/sites\/15\/2026\/04\/Reunion-interinstitucional-de-fomento-a-los-emprendedores.-Alcaldia-de-Quillacollo-125x125.jpeg 125w\" sizes=\"auto, (max-width: 150px) 100vw, 150px\" \/><\/a>\n\t\t\t<\/div><\/figure><figure class='gallery-item'>\n\t\t\t<div class='gallery-icon landscape'>\n\t\t\t\t<a data-lightbox=\"gallery\" href='https:\/\/ongd.lgs.lu\/wp-content\/uploads\/sites\/15\/2026\/04\/IMG_2165-scaled.jpeg'><img loading=\"lazy\" decoding=\"async\" width=\"150\" height=\"150\" src=\"https:\/\/ongd.lgs.lu\/wp-content\/uploads\/sites\/15\/2026\/04\/IMG_2165-150x150.jpeg\" class=\"attachment-thumbnail size-thumbnail\" alt=\"\" srcset=\"https:\/\/ongd.lgs.lu\/wp-content\/uploads\/sites\/15\/2026\/04\/IMG_2165-150x150.jpeg 150w, https:\/\/ongd.lgs.lu\/wp-content\/uploads\/sites\/15\/2026\/04\/IMG_2165-700x700.jpeg 700w, https:\/\/ongd.lgs.lu\/wp-content\/uploads\/sites\/15\/2026\/04\/IMG_2165-125x125.jpeg 125w\" sizes=\"auto, (max-width: 150px) 100vw, 150px\" \/><\/a>\n\t\t\t<\/div><\/figure><figure class='gallery-item'>\n\t\t\t<div class='gallery-icon portrait'>\n\t\t\t\t<a data-lightbox=\"gallery\" href='https:\/\/ongd.lgs.lu\/wp-content\/uploads\/sites\/15\/2026\/04\/IMG_2225-scaled.jpeg'><img loading=\"lazy\" decoding=\"async\" width=\"150\" height=\"150\" src=\"https:\/\/ongd.lgs.lu\/wp-content\/uploads\/sites\/15\/2026\/04\/IMG_2225-150x150.jpeg\" class=\"attachment-thumbnail size-thumbnail\" alt=\"\" srcset=\"https:\/\/ongd.lgs.lu\/wp-content\/uploads\/sites\/15\/2026\/04\/IMG_2225-150x150.jpeg 150w, https:\/\/ongd.lgs.lu\/wp-content\/uploads\/sites\/15\/2026\/04\/IMG_2225-700x700.jpeg 700w, https:\/\/ongd.lgs.lu\/wp-content\/uploads\/sites\/15\/2026\/04\/IMG_2225-125x125.jpeg 125w\" sizes=\"auto, (max-width: 150px) 100vw, 150px\" \/><\/a>\n\t\t\t<\/div><\/figure><figure class='gallery-item'>\n\t\t\t<div class='gallery-icon portrait'>\n\t\t\t\t<a data-lightbox=\"gallery\" href='https:\/\/ongd.lgs.lu\/wp-content\/uploads\/sites\/15\/2026\/04\/IMG_2228-scaled.jpeg'><img loading=\"lazy\" decoding=\"async\" width=\"150\" height=\"150\" src=\"https:\/\/ongd.lgs.lu\/wp-content\/uploads\/sites\/15\/2026\/04\/IMG_2228-150x150.jpeg\" class=\"attachment-thumbnail size-thumbnail\" alt=\"\" srcset=\"https:\/\/ongd.lgs.lu\/wp-content\/uploads\/sites\/15\/2026\/04\/IMG_2228-150x150.jpeg 150w, https:\/\/ongd.lgs.lu\/wp-content\/uploads\/sites\/15\/2026\/04\/IMG_2228-700x700.jpeg 700w, https:\/\/ongd.lgs.lu\/wp-content\/uploads\/sites\/15\/2026\/04\/IMG_2228-125x125.jpeg 125w\" sizes=\"auto, (max-width: 150px) 100vw, 150px\" \/><\/a>\n\t\t\t<\/div><\/figure><figure class='gallery-item'>\n\t\t\t<div class='gallery-icon portrait'>\n\t\t\t\t<a data-lightbox=\"gallery\" href='https:\/\/ongd.lgs.lu\/wp-content\/uploads\/sites\/15\/2026\/04\/IMG_2237-scaled.jpeg'><img loading=\"lazy\" decoding=\"async\" width=\"150\" height=\"150\" src=\"https:\/\/ongd.lgs.lu\/wp-content\/uploads\/sites\/15\/2026\/04\/IMG_2237-150x150.jpeg\" class=\"attachment-thumbnail size-thumbnail\" alt=\"\" srcset=\"https:\/\/ongd.lgs.lu\/wp-content\/uploads\/sites\/15\/2026\/04\/IMG_2237-150x150.jpeg 150w, https:\/\/ongd.lgs.lu\/wp-content\/uploads\/sites\/15\/2026\/04\/IMG_2237-700x700.jpeg 700w, https:\/\/ongd.lgs.lu\/wp-content\/uploads\/sites\/15\/2026\/04\/IMG_2237-125x125.jpeg 125w\" sizes=\"auto, (max-width: 150px) 100vw, 150px\" \/><\/a>\n\t\t\t<\/div><\/figure>\n\t\t<\/div>","protected":false},"excerpt":{"rendered":"<p>Lieu (pays, r\u00e9gion, localit\u00e9)\u00a0: Bolivie, ville de Cochabamba Contenu et d\u00e9roulement du projet\u00a0: Le projet vise \u00e0 renforcer la formation professionnelle et l\u2019acc\u00e8s \u00e0 l\u2019emploi des jeunes de Cochabamba. Il soutient l\u2019Institut Technique Sayarinapaj \u00e0 travers la formation, le suivi psycho-social des \u00e9tudiants en grande difficult\u00e9, et la gestion du fonds de roulement destin\u00e9 \u00e0&#8230;  <a class=\"excerpt-read-more\" href=\"https:\/\/ongd.lgs.lu\/fr\/projeten\/bolivien\/fr-renforcer-linstitut-sayarinapaj-et-la-formation-professionnelle-des-jeunes-defavorises-en-bolivie-2026-2027\/\" title=\"ReadRenforcer l&rsquo;Institut Sayarinapaj et la formation professionnelle des jeunes d\u00e9favoris\u00e9s en Bolivie 2026 &#8211; 2027\">Read more &raquo;<\/a><\/p>\n","protected":false},"author":2258,"featured_media":4264,"parent":33,"menu_order":0,"comment_status":"closed","ping_status":"closed","template":"","meta":{"footnotes":""},"class_list":["post-4257","page","type-page","status-publish","has-post-thumbnail","hentry"],"_links":{"self":[{"href":"https:\/\/ongd.lgs.lu\/fr\/wp-json\/wp\/v2\/pages\/4257","targetHints":{"allow":["GET"]}}],"collection":[{"href":"https:\/\/ongd.lgs.lu\/fr\/wp-json\/wp\/v2\/pages"}],"about":[{"href":"https:\/\/ongd.lgs.lu\/fr\/wp-json\/wp\/v2\/types\/page"}],"author":[{"embeddable":true,"href":"https:\/\/ongd.lgs.lu\/fr\/wp-json\/wp\/v2\/users\/2258"}],"replies":[{"embeddable":true,"href":"https:\/\/ongd.lgs.lu\/fr\/wp-json\/wp\/v2\/comments?post=4257"}],"version-history":[{"count":7,"href":"https:\/\/ongd.lgs.lu\/fr\/wp-json\/wp\/v2\/pages\/4257\/revisions"}],"predecessor-version":[{"id":4275,"href":"https:\/\/ongd.lgs.lu\/fr\/wp-json\/wp\/v2\/pages\/4257\/revisions\/4275"}],"up":[{"embeddable":true,"href":"https:\/\/ongd.lgs.lu\/fr\/wp-json\/wp\/v2\/pages\/33"}],"wp:featuredmedia":[{"embeddable":true,"href":"https:\/\/ongd.lgs.lu\/fr\/wp-json\/wp\/v2\/media\/4264"}],"wp:attachment":[{"href":"https:\/\/ongd.lgs.lu\/fr\/wp-json\/wp\/v2\/media?parent=4257"}],"curies":[{"name":"wp","href":"https:\/\/api.w.org\/{rel}","templated":true}]}}