{"id":4281,"date":"2026-04-14T09:54:56","date_gmt":"2026-04-14T07:54:56","guid":{"rendered":"https:\/\/ongd.lgs.lu\/?page_id=4281"},"modified":"2026-04-14T09:54:56","modified_gmt":"2026-04-14T07:54:56","slug":"fr-ameliorer-la-qualite-de-leducation-et-les-opportunites-pour-les-enfants-et-les-jeunes-sur-lile-de-santo-antao-2026-2030","status":"publish","type":"page","link":"https:\/\/ongd.lgs.lu\/fr\/projeten\/cabo-verde\/fr-ameliorer-la-qualite-de-leducation-et-les-opportunites-pour-les-enfants-et-les-jeunes-sur-lile-de-santo-antao-2026-2030\/","title":{"rendered":"Am\u00e9liorer la qualit\u00e9 de l\u2019\u00e9ducation et les opportunit\u00e9s pour les enfants et les jeunes sur l\u2019\u00eele de Santo Ant\u00e3o 2026-2030"},"content":{"rendered":"<strong>Lieu<\/strong> (pays, r\u00e9gion, localit\u00e9)\u00a0: Cabo Verde, ville de Ribeira Grande, \u00eele de Santo Ant\u00e3o<\/p>\n<p><strong>Contenu et d\u00e9roulement du projet<\/strong>\u00a0:<\/p>\n<p>Le projet vise \u00e0 appuyer l\u2019<strong>\u00e9ducation secondaire et la formation professionnelle des jeunes <\/strong>de la commune de Ribeira Grande.<\/p>\n<p>Il a pour ambition d\u2019am\u00e9liorer l\u2019acc\u00e8s et la qualit\u00e9 de l\u2019\u00e9ducation pour les \u00e9l\u00e8ves en difficult\u00e9 en facilitant leur scolarisation et en renfor\u00e7ant les pratiques p\u00e9dagogiques gr\u00e2ce \u00e0 la formation des enseignants et \u00e0 la mise en \u0153uvre d\u2019activit\u00e9s \u00e9ducatives adapt\u00e9es.<\/p>\n<p>Il int\u00e8gre \u00e9galement des actions d\u2019<strong>\u00e9ducation \u00e0 la citoyennet\u00e9 et \u00e0 la sant\u00e9 <\/strong>\u00e0 travers des ateliers de pr\u00e9vention et un accompagnement \u00e0 la formation professionnelle. Enfin, <strong>un appui institutionnel<\/strong> est pr\u00e9vu pour la cr\u00e9ation de l\u2019association AMA-RG afin d\u2019assurer la p\u00e9rennit\u00e9 des actions.<\/p>\n<p><strong><u>B\u00e9n\u00e9ficiaires\u00a0<\/u><\/strong>: environ 5.000 jeunes b\u00e9n\u00e9ficieront des actions de ce projet<\/p>\n<p><strong>Les activit\u00e9s du projet sont r\u00e9parties sur cinq r\u00e9sultats <\/strong>:<\/p>\n<ol>\n<li><strong><em>Les conditions d\u2019acc\u00e8s au lyc\u00e9e pour les \u00e9l\u00e8ves en difficult\u00e9 ont \u00e9t\u00e9 am\u00e9lior\u00e9es <\/em><\/strong>\n<ul>\n<li>Mise en place d\u2019un syst\u00e8me d\u2019appui aux \u00e9l\u00e8ves (mat\u00e9riel p\u00e9dagogique, uniformes, transport scolaire)<\/li>\n<li>Appui aux \u00e9l\u00e8ves en difficult\u00e9 de l\u2019internat<\/li>\n<li>Attribution de bourses d\u2019\u00e9tudes pour l\u2019\u00e9cole technique de Porto Novo<\/li>\n<\/ul>\n<\/li>\n<\/ol>\n<ol start=\"2\">\n<li><strong><em>Renforcement de l\u2019environnement \u00e9ducatif et du processus d\u2019enseignement\/apprentissage des \u00e9l\u00e8ves et des professeurs<\/em><\/strong>\n<ul>\n<li>Formation en m\u00e9thodologies actives et en gestion de projet<\/li>\n<li>Renforcement des activit\u00e9s avec les \u00e9l\u00e8ves (projet de lecture, olympiades de math\u00e9matiques, activit\u00e9s pour les \u00e9l\u00e8ves en situation de handicap, visite d\u2019\u00e9tudes)<\/li>\n<li>Foire de l\u2019entreprenariat<\/li>\n<\/ul>\n<\/li>\n<\/ol>\n<ol start=\"3\">\n<li><strong><em>Education pour la citoyennet\u00e9 et la sant\u00e9<\/em><\/strong>\n<ul>\n<li>Atelier de pr\u00e9vention contre les violences sexuelles<\/li>\n<li>Atelier de pr\u00e9vention sur la criminalit\u00e9 juv\u00e9nile<\/li>\n<li>Atelier de sant\u00e9 hygi\u00e9nique<\/li>\n<\/ul>\n<\/li>\n<\/ol>\n<ol start=\"4\">\n<li><strong><em>Appui \u00e0 la formation professionnelle<\/em><\/strong>\n<ul>\n<li>Appui au transport pour les \u00e9l\u00e8ves en difficult\u00e9s suivant une formation professionnelle<\/li>\n<li>Kits d\u2019entreprenariat<\/li>\n<\/ul>\n<\/li>\n<\/ol>\n<ol start=\"5\">\n<li><strong><em>Appui institutionnel \u00e0 la cr\u00e9ation de l\u2019ONGD AMA<\/em><\/strong><\/li>\n<\/ol>\n<p><strong>Partenaire local &#8211; <\/strong>Associa\u00e7\u00e3o M\u00e3o Amiga \u2013 Ribeira Grande (AMA-RG)<\/p>\n<p>L\u2019association AMA-RG est une association \u00e0 but non lucratif, qui a pour mission principale d\u2019am\u00e9liorer la qualit\u00e9 de vie des populations vuln\u00e9rables, en particulier les enfants et les jeunes priv\u00e9s de soutien familial ou institutionnel sur l\u2019\u00eele de Santo Ant\u00e3o. Ses actions visent \u00e0 sensibiliser le grand public aux probl\u00e9matiques de l\u2019enfance, \u00e0 promouvoir la solidarit\u00e9 et \u00e0 favoriser l\u2019int\u00e9gration des jeunes dans leur communaut\u00e9. Elle encourage \u00e9galement des initiatives culturelles et p\u00e9dagogiques, soutient la formation des enseignants, la formation professionnelle, et collabore \u00e9troitement avec les familles et les \u00e9coles. Enfin, l\u2019association \u0153uvre pour l\u2019\u00e9galit\u00e9 des chances et la pr\u00e9vention de toutes les formes de violence, notamment domestique et entre pairs.<\/p>\n<p>Cette collaboration avec le partenaire AMA-RG prolonge notre partenariat avec le partenaire GSSD (Groupement Scolaire Suzete Delgado) de l\u2019accord-cadre 2022-2025, afin de renforcer les impacts \u00e0 l\u2019\u00e9chelle de toute la commune et non plus uniquement au niveau d\u2019un lyc\u00e9e.<\/p>\n<p><strong>Dur\u00e9e du projet\u00a0: <\/strong><\/p>\n<p>Projet de 5 ans, du 01\/01\/2026 au 31\/12\/2030<\/p>\n<p><strong>Budget\u00a0: <\/strong><\/p>\n<p>Budget global\u00a0: 127.321 \u20ac<\/p>\n<p>Participation du MAEE\u00a0(80%)\u00a0: 101.857 \u20ac<\/p>\n<p>Fonds propres ONG\u00a0(20%)\u00a0: 25.464 \u20ac<\/p>\n<div id='gallery-1' class='gallery galleryid-4281 gallery-columns-3 gallery-size-thumbnail'><figure class='gallery-item'>\n\t\t\t<div class='gallery-icon landscape'>\n\t\t\t\t<a data-lightbox=\"gallery\" href='https:\/\/ongd.lgs.lu\/wp-content\/uploads\/sites\/15\/2026\/04\/b4f1e0aa-5f1b-433b-a8f4-d810c672ad77.jpeg'><img loading=\"lazy\" decoding=\"async\" width=\"150\" height=\"150\" src=\"https:\/\/ongd.lgs.lu\/wp-content\/uploads\/sites\/15\/2026\/04\/b4f1e0aa-5f1b-433b-a8f4-d810c672ad77-150x150.jpeg\" class=\"attachment-thumbnail size-thumbnail\" alt=\"\" srcset=\"https:\/\/ongd.lgs.lu\/wp-content\/uploads\/sites\/15\/2026\/04\/b4f1e0aa-5f1b-433b-a8f4-d810c672ad77-150x150.jpeg 150w, https:\/\/ongd.lgs.lu\/wp-content\/uploads\/sites\/15\/2026\/04\/b4f1e0aa-5f1b-433b-a8f4-d810c672ad77-700x700.jpeg 700w, https:\/\/ongd.lgs.lu\/wp-content\/uploads\/sites\/15\/2026\/04\/b4f1e0aa-5f1b-433b-a8f4-d810c672ad77-125x125.jpeg 125w\" sizes=\"auto, (max-width: 150px) 100vw, 150px\" \/><\/a>\n\t\t\t<\/div><\/figure><figure class='gallery-item'>\n\t\t\t<div class='gallery-icon landscape'>\n\t\t\t\t<a data-lightbox=\"gallery\" href='https:\/\/ongd.lgs.lu\/wp-content\/uploads\/sites\/15\/2026\/04\/f43985be-09d9-49ec-8b08-e30c0819b11b.jpeg'><img loading=\"lazy\" decoding=\"async\" width=\"150\" height=\"150\" src=\"https:\/\/ongd.lgs.lu\/wp-content\/uploads\/sites\/15\/2026\/04\/f43985be-09d9-49ec-8b08-e30c0819b11b-150x150.jpeg\" class=\"attachment-thumbnail size-thumbnail\" alt=\"\" srcset=\"https:\/\/ongd.lgs.lu\/wp-content\/uploads\/sites\/15\/2026\/04\/f43985be-09d9-49ec-8b08-e30c0819b11b-150x150.jpeg 150w, https:\/\/ongd.lgs.lu\/wp-content\/uploads\/sites\/15\/2026\/04\/f43985be-09d9-49ec-8b08-e30c0819b11b-700x700.jpeg 700w, https:\/\/ongd.lgs.lu\/wp-content\/uploads\/sites\/15\/2026\/04\/f43985be-09d9-49ec-8b08-e30c0819b11b-125x125.jpeg 125w\" sizes=\"auto, (max-width: 150px) 100vw, 150px\" \/><\/a>\n\t\t\t<\/div><\/figure><figure class='gallery-item'>\n\t\t\t<div class='gallery-icon landscape'>\n\t\t\t\t<a data-lightbox=\"gallery\" href='https:\/\/ongd.lgs.lu\/wp-content\/uploads\/sites\/15\/2026\/04\/d42da45f-f6ce-4036-a3e4-7f6cc8aa3c9a.jpeg'><img loading=\"lazy\" decoding=\"async\" width=\"150\" height=\"150\" src=\"https:\/\/ongd.lgs.lu\/wp-content\/uploads\/sites\/15\/2026\/04\/d42da45f-f6ce-4036-a3e4-7f6cc8aa3c9a-150x150.jpeg\" class=\"attachment-thumbnail size-thumbnail\" alt=\"\" srcset=\"https:\/\/ongd.lgs.lu\/wp-content\/uploads\/sites\/15\/2026\/04\/d42da45f-f6ce-4036-a3e4-7f6cc8aa3c9a-150x150.jpeg 150w, https:\/\/ongd.lgs.lu\/wp-content\/uploads\/sites\/15\/2026\/04\/d42da45f-f6ce-4036-a3e4-7f6cc8aa3c9a-700x700.jpeg 700w, https:\/\/ongd.lgs.lu\/wp-content\/uploads\/sites\/15\/2026\/04\/d42da45f-f6ce-4036-a3e4-7f6cc8aa3c9a-125x125.jpeg 125w\" sizes=\"auto, (max-width: 150px) 100vw, 150px\" \/><\/a>\n\t\t\t<\/div><\/figure><figure class='gallery-item'>\n\t\t\t<div class='gallery-icon landscape'>\n\t\t\t\t<a data-lightbox=\"gallery\" href='https:\/\/ongd.lgs.lu\/wp-content\/uploads\/sites\/15\/2026\/04\/dd47d019-ff40-422d-9580-3927d987dd4d.jpeg'><img loading=\"lazy\" decoding=\"async\" width=\"150\" height=\"150\" src=\"https:\/\/ongd.lgs.lu\/wp-content\/uploads\/sites\/15\/2026\/04\/dd47d019-ff40-422d-9580-3927d987dd4d-150x150.jpeg\" class=\"attachment-thumbnail size-thumbnail\" alt=\"\" srcset=\"https:\/\/ongd.lgs.lu\/wp-content\/uploads\/sites\/15\/2026\/04\/dd47d019-ff40-422d-9580-3927d987dd4d-150x150.jpeg 150w, https:\/\/ongd.lgs.lu\/wp-content\/uploads\/sites\/15\/2026\/04\/dd47d019-ff40-422d-9580-3927d987dd4d-700x700.jpeg 700w, https:\/\/ongd.lgs.lu\/wp-content\/uploads\/sites\/15\/2026\/04\/dd47d019-ff40-422d-9580-3927d987dd4d-125x125.jpeg 125w\" sizes=\"auto, (max-width: 150px) 100vw, 150px\" \/><\/a>\n\t\t\t<\/div><\/figure><figure class='gallery-item'>\n\t\t\t<div class='gallery-icon landscape'>\n\t\t\t\t<a data-lightbox=\"gallery\" href='https:\/\/ongd.lgs.lu\/wp-content\/uploads\/sites\/15\/2026\/04\/3acea4f9-94c0-483d-9772-9f8d482f4a30.jpeg'><img loading=\"lazy\" decoding=\"async\" width=\"150\" height=\"150\" src=\"https:\/\/ongd.lgs.lu\/wp-content\/uploads\/sites\/15\/2026\/04\/3acea4f9-94c0-483d-9772-9f8d482f4a30-150x150.jpeg\" class=\"attachment-thumbnail size-thumbnail\" alt=\"\" srcset=\"https:\/\/ongd.lgs.lu\/wp-content\/uploads\/sites\/15\/2026\/04\/3acea4f9-94c0-483d-9772-9f8d482f4a30-150x150.jpeg 150w, https:\/\/ongd.lgs.lu\/wp-content\/uploads\/sites\/15\/2026\/04\/3acea4f9-94c0-483d-9772-9f8d482f4a30-700x700.jpeg 700w, https:\/\/ongd.lgs.lu\/wp-content\/uploads\/sites\/15\/2026\/04\/3acea4f9-94c0-483d-9772-9f8d482f4a30-125x125.jpeg 125w\" sizes=\"auto, (max-width: 150px) 100vw, 150px\" \/><\/a>\n\t\t\t<\/div><\/figure><figure class='gallery-item'>\n\t\t\t<div class='gallery-icon portrait'>\n\t\t\t\t<a data-lightbox=\"gallery\" href='https:\/\/ongd.lgs.lu\/wp-content\/uploads\/sites\/15\/2026\/04\/0e3c4d64-46cc-4fe7-bfc0-8d0959c1fa52.jpeg'><img loading=\"lazy\" decoding=\"async\" width=\"150\" height=\"150\" src=\"https:\/\/ongd.lgs.lu\/wp-content\/uploads\/sites\/15\/2026\/04\/0e3c4d64-46cc-4fe7-bfc0-8d0959c1fa52-150x150.jpeg\" class=\"attachment-thumbnail size-thumbnail\" alt=\"\" srcset=\"https:\/\/ongd.lgs.lu\/wp-content\/uploads\/sites\/15\/2026\/04\/0e3c4d64-46cc-4fe7-bfc0-8d0959c1fa52-150x150.jpeg 150w, https:\/\/ongd.lgs.lu\/wp-content\/uploads\/sites\/15\/2026\/04\/0e3c4d64-46cc-4fe7-bfc0-8d0959c1fa52-700x700.jpeg 700w, https:\/\/ongd.lgs.lu\/wp-content\/uploads\/sites\/15\/2026\/04\/0e3c4d64-46cc-4fe7-bfc0-8d0959c1fa52-125x125.jpeg 125w\" sizes=\"auto, (max-width: 150px) 100vw, 150px\" \/><\/a>\n\t\t\t<\/div><\/figure><figure class='gallery-item'>\n\t\t\t<div class='gallery-icon portrait'>\n\t\t\t\t<a data-lightbox=\"gallery\" href='https:\/\/ongd.lgs.lu\/wp-content\/uploads\/sites\/15\/2026\/04\/a4d14703-1c5d-466d-9536-116d9a7e8901.jpeg'><img loading=\"lazy\" decoding=\"async\" width=\"150\" height=\"150\" src=\"https:\/\/ongd.lgs.lu\/wp-content\/uploads\/sites\/15\/2026\/04\/a4d14703-1c5d-466d-9536-116d9a7e8901-150x150.jpeg\" class=\"attachment-thumbnail size-thumbnail\" alt=\"\" srcset=\"https:\/\/ongd.lgs.lu\/wp-content\/uploads\/sites\/15\/2026\/04\/a4d14703-1c5d-466d-9536-116d9a7e8901-150x150.jpeg 150w, https:\/\/ongd.lgs.lu\/wp-content\/uploads\/sites\/15\/2026\/04\/a4d14703-1c5d-466d-9536-116d9a7e8901-700x700.jpeg 700w, https:\/\/ongd.lgs.lu\/wp-content\/uploads\/sites\/15\/2026\/04\/a4d14703-1c5d-466d-9536-116d9a7e8901-125x125.jpeg 125w\" sizes=\"auto, (max-width: 150px) 100vw, 150px\" \/><\/a>\n\t\t\t<\/div><\/figure><figure class='gallery-item'>\n\t\t\t<div class='gallery-icon landscape'>\n\t\t\t\t<a data-lightbox=\"gallery\" href='https:\/\/ongd.lgs.lu\/wp-content\/uploads\/sites\/15\/2026\/04\/60112994-3b95-4d92-8781-f31ddbc29b30.jpeg'><img loading=\"lazy\" decoding=\"async\" width=\"150\" height=\"150\" src=\"https:\/\/ongd.lgs.lu\/wp-content\/uploads\/sites\/15\/2026\/04\/60112994-3b95-4d92-8781-f31ddbc29b30-150x150.jpeg\" class=\"attachment-thumbnail size-thumbnail\" alt=\"\" srcset=\"https:\/\/ongd.lgs.lu\/wp-content\/uploads\/sites\/15\/2026\/04\/60112994-3b95-4d92-8781-f31ddbc29b30-150x150.jpeg 150w, https:\/\/ongd.lgs.lu\/wp-content\/uploads\/sites\/15\/2026\/04\/60112994-3b95-4d92-8781-f31ddbc29b30-700x700.jpeg 700w, https:\/\/ongd.lgs.lu\/wp-content\/uploads\/sites\/15\/2026\/04\/60112994-3b95-4d92-8781-f31ddbc29b30-125x125.jpeg 125w\" sizes=\"auto, (max-width: 150px) 100vw, 150px\" \/><\/a>\n\t\t\t<\/div><\/figure><figure class='gallery-item'>\n\t\t\t<div class='gallery-icon landscape'>\n\t\t\t\t<a data-lightbox=\"gallery\" href='https:\/\/ongd.lgs.lu\/wp-content\/uploads\/sites\/15\/2026\/04\/d639d3f3-4c34-4d8c-a49e-79d5ba45edb7.jpeg'><img loading=\"lazy\" decoding=\"async\" width=\"150\" height=\"150\" src=\"https:\/\/ongd.lgs.lu\/wp-content\/uploads\/sites\/15\/2026\/04\/d639d3f3-4c34-4d8c-a49e-79d5ba45edb7-150x150.jpeg\" class=\"attachment-thumbnail size-thumbnail\" alt=\"\" srcset=\"https:\/\/ongd.lgs.lu\/wp-content\/uploads\/sites\/15\/2026\/04\/d639d3f3-4c34-4d8c-a49e-79d5ba45edb7-150x150.jpeg 150w, https:\/\/ongd.lgs.lu\/wp-content\/uploads\/sites\/15\/2026\/04\/d639d3f3-4c34-4d8c-a49e-79d5ba45edb7-700x700.jpeg 700w, https:\/\/ongd.lgs.lu\/wp-content\/uploads\/sites\/15\/2026\/04\/d639d3f3-4c34-4d8c-a49e-79d5ba45edb7-125x125.jpeg 125w\" sizes=\"auto, (max-width: 150px) 100vw, 150px\" \/><\/a>\n\t\t\t<\/div><\/figure><figure class='gallery-item'>\n\t\t\t<div class='gallery-icon landscape'>\n\t\t\t\t<a data-lightbox=\"gallery\" href='https:\/\/ongd.lgs.lu\/wp-content\/uploads\/sites\/15\/2026\/04\/622d18df-cdf3-48ef-ba1a-2140314c7821.jpeg'><img loading=\"lazy\" decoding=\"async\" width=\"150\" height=\"150\" src=\"https:\/\/ongd.lgs.lu\/wp-content\/uploads\/sites\/15\/2026\/04\/622d18df-cdf3-48ef-ba1a-2140314c7821-150x150.jpeg\" class=\"attachment-thumbnail size-thumbnail\" alt=\"\" srcset=\"https:\/\/ongd.lgs.lu\/wp-content\/uploads\/sites\/15\/2026\/04\/622d18df-cdf3-48ef-ba1a-2140314c7821-150x150.jpeg 150w, https:\/\/ongd.lgs.lu\/wp-content\/uploads\/sites\/15\/2026\/04\/622d18df-cdf3-48ef-ba1a-2140314c7821-700x700.jpeg 700w, https:\/\/ongd.lgs.lu\/wp-content\/uploads\/sites\/15\/2026\/04\/622d18df-cdf3-48ef-ba1a-2140314c7821-125x125.jpeg 125w\" sizes=\"auto, (max-width: 150px) 100vw, 150px\" \/><\/a>\n\t\t\t<\/div><\/figure>\n\t\t<\/div>","protected":false},"excerpt":{"rendered":"<p>Lieu (pays, r\u00e9gion, localit\u00e9)\u00a0: Cabo Verde, ville de Ribeira Grande, \u00eele de Santo Ant\u00e3o Contenu et d\u00e9roulement du projet\u00a0: Le projet vise \u00e0 appuyer l\u2019\u00e9ducation secondaire et la formation professionnelle des jeunes de la commune de Ribeira Grande. Il a pour ambition d\u2019am\u00e9liorer l\u2019acc\u00e8s et la qualit\u00e9 de l\u2019\u00e9ducation pour les \u00e9l\u00e8ves en difficult\u00e9 en&#8230;  <a class=\"excerpt-read-more\" href=\"https:\/\/ongd.lgs.lu\/fr\/projeten\/cabo-verde\/fr-ameliorer-la-qualite-de-leducation-et-les-opportunites-pour-les-enfants-et-les-jeunes-sur-lile-de-santo-antao-2026-2030\/\" title=\"ReadAm\u00e9liorer la qualit\u00e9 de l\u2019\u00e9ducation et les opportunit\u00e9s pour les enfants et les jeunes sur l\u2019\u00eele de Santo Ant\u00e3o 2026-2030\">Read more &raquo;<\/a><\/p>\n","protected":false},"author":2258,"featured_media":4291,"parent":2176,"menu_order":0,"comment_status":"closed","ping_status":"closed","template":"","meta":{"footnotes":""},"class_list":["post-4281","page","type-page","status-publish","has-post-thumbnail","hentry"],"_links":{"self":[{"href":"https:\/\/ongd.lgs.lu\/fr\/wp-json\/wp\/v2\/pages\/4281","targetHints":{"allow":["GET"]}}],"collection":[{"href":"https:\/\/ongd.lgs.lu\/fr\/wp-json\/wp\/v2\/pages"}],"about":[{"href":"https:\/\/ongd.lgs.lu\/fr\/wp-json\/wp\/v2\/types\/page"}],"author":[{"embeddable":true,"href":"https:\/\/ongd.lgs.lu\/fr\/wp-json\/wp\/v2\/users\/2258"}],"replies":[{"embeddable":true,"href":"https:\/\/ongd.lgs.lu\/fr\/wp-json\/wp\/v2\/comments?post=4281"}],"version-history":[{"count":1,"href":"https:\/\/ongd.lgs.lu\/fr\/wp-json\/wp\/v2\/pages\/4281\/revisions"}],"predecessor-version":[{"id":4292,"href":"https:\/\/ongd.lgs.lu\/fr\/wp-json\/wp\/v2\/pages\/4281\/revisions\/4292"}],"up":[{"embeddable":true,"href":"https:\/\/ongd.lgs.lu\/fr\/wp-json\/wp\/v2\/pages\/2176"}],"wp:featuredmedia":[{"embeddable":true,"href":"https:\/\/ongd.lgs.lu\/fr\/wp-json\/wp\/v2\/media\/4291"}],"wp:attachment":[{"href":"https:\/\/ongd.lgs.lu\/fr\/wp-json\/wp\/v2\/media?parent=4281"}],"curies":[{"name":"wp","href":"https:\/\/api.w.org\/{rel}","templated":true}]}}