{"id":4297,"date":"2026-04-14T10:08:36","date_gmt":"2026-04-14T08:08:36","guid":{"rendered":"https:\/\/ongd.lgs.lu\/?page_id=4297"},"modified":"2026-04-14T10:08:36","modified_gmt":"2026-04-14T08:08:36","slug":"fr-eduquer-avec-dignite-un-soutien-integral-a-lenfance-de-varzea-da-companhia-2026-2030","status":"publish","type":"page","link":"https:\/\/ongd.lgs.lu\/fr\/projeten\/cabo-verde\/fr-eduquer-avec-dignite-un-soutien-integral-a-lenfance-de-varzea-da-companhia-2026-2030\/","title":{"rendered":"Eduquer avec dignit\u00e9 un soutien int\u00e9gral \u00e0 l\u2019enfance de V\u00e1rzea da Companhia 2026-2030"},"content":{"rendered":"<strong>Lieu<\/strong> (pays, r\u00e9gion, localit\u00e9)\u00a0: Cabo Verde, \u00eele de Santiago, Praia, quartier de V\u00e1rzea da Companhia<\/p>\n<p><strong>Contenu et d\u00e9roulement du projet<\/strong>\u00a0:<\/p>\n<p>Le projet vise \u00e0 renforcer l\u2019<strong>inclusion \u00e9ducative, l\u2019estime de soi et le bien-\u00eatre des enfants vuln\u00e9rables <\/strong>de la communaut\u00e9 de V\u00e1rzea da Companhia. Au Cabo Verde, l\u2019\u00e9cole est obligatoire, mais de nombreux couts indirects (alimentation, uniformes, fournitures, etc) constituent un obstacle majeur pour les familles en situation de pr\u00e9carit\u00e9.<\/p>\n<p>L\u2019Association Juvenil Black Panthers accueille quotidiennement des enfants dans ses espaces communautaires. Le projet permettra de soutenir ces enfants en couvrant les besoins essentiels\u00a0: mat\u00e9riel scolaire, uniformes, alimentation et fournitures. La majorit\u00e9 des enfants accueillis sont issus de familles monoparentales ou sans revenu r\u00e9gulier, qui n\u2019ont pas acc\u00e8s aux structures publiques.<\/p>\n<p><strong>Les activit\u00e9s du projet se d\u00e9clinent en plusieurs composantes <\/strong>:<\/p>\n<ol>\n<li><strong><em>Dotation en mat\u00e9riel et \u00e9quipement pour la cr\u00e8che<\/em><\/strong>\n<ul>\n<li>Achat d\u2019uniformes<\/li>\n<li>Renforcement en produits alimentaires<\/li>\n<li>Achat de mobiliers<\/li>\n<li>Renforcement des fournitures scolaires<\/li>\n<\/ul>\n<\/li>\n<\/ol>\n<p><strong><u>B\u00e9n\u00e9ficiaires\u00a0:<\/u><\/strong> plus de 100 enfants b\u00e9n\u00e9ficieront du projet en 2026<\/p>\n<p>Les activit\u00e9s du projet \u00e9volueront progressivement en int\u00e9grant des actions de formation visant \u00e0 renforcer l\u2019acc\u00e8s \u00e0 l\u2019\u00e9ducation, \u00e0 appuyer le partenaire sur le plan institutionnel et \u00e0 d\u00e9velopper ses capacit\u00e9s. L\u2019objectif est d\u2019assurer un soutien global et durable en faveur d\u2019une \u00e9ducation de qualit\u00e9.<\/p>\n<p><strong>Le partenaire local \u2013 Associa\u00e7\u00e3o Juvenil Black Panthers (AJBP)<\/strong><\/p>\n<p>L\u2019Association Juvenil Black Panthers est une organisation communautaire, qui agit depuis plus de 44 ans dans les domaines social, \u00e9ducatif, r\u00e9cr\u00e9atif et sportif, avec pour mission principale l\u2019am\u00e9lioration des conditions de vie des enfants, des jeunes et des personnes \u00e2g\u00e9es vuln\u00e9rables.<\/p>\n<p>Sa mission est de contribuer \u00e0 la formation civique, \u00e9ducative et culturelle \u00e0 travers des programmes d\u2019inclusion sociale, des activit\u00e9s sportives, \u00e9ducatives et communautaires. Son engagement constant aupr\u00e8s des populations vuln\u00e9rables et son enracinement local font d\u2019elle un acteur cl\u00e9 dans le d\u00e9veloppement social et communautaire.<\/p>\n<p><strong>Dur\u00e9e du projet\u00a0: <\/strong><\/p>\n<p>Projet de 5 ans, du 01\/01\/2026 au 31\/12\/2030<\/p>\n<p><strong>Budget et calendrier d\u2019ex\u00e9cution <\/strong><\/p>\n<p>Budget global\u00a0: 112.120 \u20ac<\/p>\n<p>Participation du MAEE\u00a0(80 %)\u00a0: 89.696 \u20ac<\/p>\n<p>Fonds propres ONG\u00a0(20 %)\u00a0: 22.424 \u20ac<\/p>\n<div id='gallery-1' class='gallery galleryid-4297 gallery-columns-3 gallery-size-thumbnail'><figure class='gallery-item'>\n\t\t\t<div class='gallery-icon portrait'>\n\t\t\t\t<a data-lightbox=\"gallery\" href='https:\/\/ongd.lgs.lu\/wp-content\/uploads\/sites\/15\/2026\/04\/1169b837-8ef9-4235-8973-3973f54ce019.jpg'><img loading=\"lazy\" decoding=\"async\" width=\"150\" height=\"150\" src=\"https:\/\/ongd.lgs.lu\/wp-content\/uploads\/sites\/15\/2026\/04\/1169b837-8ef9-4235-8973-3973f54ce019-150x150.jpg\" class=\"attachment-thumbnail size-thumbnail\" alt=\"\" srcset=\"https:\/\/ongd.lgs.lu\/wp-content\/uploads\/sites\/15\/2026\/04\/1169b837-8ef9-4235-8973-3973f54ce019-150x150.jpg 150w, https:\/\/ongd.lgs.lu\/wp-content\/uploads\/sites\/15\/2026\/04\/1169b837-8ef9-4235-8973-3973f54ce019-700x700.jpg 700w, https:\/\/ongd.lgs.lu\/wp-content\/uploads\/sites\/15\/2026\/04\/1169b837-8ef9-4235-8973-3973f54ce019-125x125.jpg 125w\" sizes=\"auto, (max-width: 150px) 100vw, 150px\" \/><\/a>\n\t\t\t<\/div><\/figure><figure class='gallery-item'>\n\t\t\t<div class='gallery-icon landscape'>\n\t\t\t\t<a data-lightbox=\"gallery\" href='https:\/\/ongd.lgs.lu\/wp-content\/uploads\/sites\/15\/2026\/04\/PHOTO-2025-09-13-19-04-47.jpg'><img loading=\"lazy\" decoding=\"async\" width=\"150\" height=\"150\" src=\"https:\/\/ongd.lgs.lu\/wp-content\/uploads\/sites\/15\/2026\/04\/PHOTO-2025-09-13-19-04-47-150x150.jpg\" class=\"attachment-thumbnail size-thumbnail\" alt=\"\" srcset=\"https:\/\/ongd.lgs.lu\/wp-content\/uploads\/sites\/15\/2026\/04\/PHOTO-2025-09-13-19-04-47-150x150.jpg 150w, https:\/\/ongd.lgs.lu\/wp-content\/uploads\/sites\/15\/2026\/04\/PHOTO-2025-09-13-19-04-47-700x700.jpg 700w, https:\/\/ongd.lgs.lu\/wp-content\/uploads\/sites\/15\/2026\/04\/PHOTO-2025-09-13-19-04-47-125x125.jpg 125w\" sizes=\"auto, (max-width: 150px) 100vw, 150px\" \/><\/a>\n\t\t\t<\/div><\/figure><figure class='gallery-item'>\n\t\t\t<div class='gallery-icon landscape'>\n\t\t\t\t<a data-lightbox=\"gallery\" href='https:\/\/ongd.lgs.lu\/wp-content\/uploads\/sites\/15\/2026\/04\/PHOTO-2025-09-13-19-04-46.jpg'><img loading=\"lazy\" decoding=\"async\" width=\"150\" height=\"150\" src=\"https:\/\/ongd.lgs.lu\/wp-content\/uploads\/sites\/15\/2026\/04\/PHOTO-2025-09-13-19-04-46-150x150.jpg\" class=\"attachment-thumbnail size-thumbnail\" alt=\"\" srcset=\"https:\/\/ongd.lgs.lu\/wp-content\/uploads\/sites\/15\/2026\/04\/PHOTO-2025-09-13-19-04-46-150x150.jpg 150w, https:\/\/ongd.lgs.lu\/wp-content\/uploads\/sites\/15\/2026\/04\/PHOTO-2025-09-13-19-04-46-700x700.jpg 700w, https:\/\/ongd.lgs.lu\/wp-content\/uploads\/sites\/15\/2026\/04\/PHOTO-2025-09-13-19-04-46-125x125.jpg 125w\" sizes=\"auto, (max-width: 150px) 100vw, 150px\" \/><\/a>\n\t\t\t<\/div><\/figure><figure class='gallery-item'>\n\t\t\t<div class='gallery-icon landscape'>\n\t\t\t\t<a data-lightbox=\"gallery\" href='https:\/\/ongd.lgs.lu\/wp-content\/uploads\/sites\/15\/2026\/04\/PHOTO-2025-09-13-19-04-47-2.jpg'><img loading=\"lazy\" decoding=\"async\" width=\"150\" height=\"150\" src=\"https:\/\/ongd.lgs.lu\/wp-content\/uploads\/sites\/15\/2026\/04\/PHOTO-2025-09-13-19-04-47-2-150x150.jpg\" class=\"attachment-thumbnail size-thumbnail\" alt=\"\" srcset=\"https:\/\/ongd.lgs.lu\/wp-content\/uploads\/sites\/15\/2026\/04\/PHOTO-2025-09-13-19-04-47-2-150x150.jpg 150w, https:\/\/ongd.lgs.lu\/wp-content\/uploads\/sites\/15\/2026\/04\/PHOTO-2025-09-13-19-04-47-2-700x700.jpg 700w, https:\/\/ongd.lgs.lu\/wp-content\/uploads\/sites\/15\/2026\/04\/PHOTO-2025-09-13-19-04-47-2-125x125.jpg 125w\" sizes=\"auto, (max-width: 150px) 100vw, 150px\" \/><\/a>\n\t\t\t<\/div><\/figure>\n\t\t<\/div>","protected":false},"excerpt":{"rendered":"<p>Lieu (pays, r\u00e9gion, localit\u00e9)\u00a0: Cabo Verde, \u00eele de Santiago, Praia, quartier de V\u00e1rzea da Companhia Contenu et d\u00e9roulement du projet\u00a0: Le projet vise \u00e0 renforcer l\u2019inclusion \u00e9ducative, l\u2019estime de soi et le bien-\u00eatre des enfants vuln\u00e9rables de la communaut\u00e9 de V\u00e1rzea da Companhia. Au Cabo Verde, l\u2019\u00e9cole est obligatoire, mais de nombreux couts indirects (alimentation,&#8230;  <a class=\"excerpt-read-more\" href=\"https:\/\/ongd.lgs.lu\/fr\/projeten\/cabo-verde\/fr-eduquer-avec-dignite-un-soutien-integral-a-lenfance-de-varzea-da-companhia-2026-2030\/\" title=\"ReadEduquer avec dignit\u00e9 un soutien int\u00e9gral \u00e0 l\u2019enfance de V\u00e1rzea da Companhia 2026-2030\">Read more &raquo;<\/a><\/p>\n","protected":false},"author":2258,"featured_media":4300,"parent":2176,"menu_order":0,"comment_status":"closed","ping_status":"closed","template":"","meta":{"footnotes":""},"class_list":["post-4297","page","type-page","status-publish","has-post-thumbnail","hentry"],"_links":{"self":[{"href":"https:\/\/ongd.lgs.lu\/fr\/wp-json\/wp\/v2\/pages\/4297","targetHints":{"allow":["GET"]}}],"collection":[{"href":"https:\/\/ongd.lgs.lu\/fr\/wp-json\/wp\/v2\/pages"}],"about":[{"href":"https:\/\/ongd.lgs.lu\/fr\/wp-json\/wp\/v2\/types\/page"}],"author":[{"embeddable":true,"href":"https:\/\/ongd.lgs.lu\/fr\/wp-json\/wp\/v2\/users\/2258"}],"replies":[{"embeddable":true,"href":"https:\/\/ongd.lgs.lu\/fr\/wp-json\/wp\/v2\/comments?post=4297"}],"version-history":[{"count":1,"href":"https:\/\/ongd.lgs.lu\/fr\/wp-json\/wp\/v2\/pages\/4297\/revisions"}],"predecessor-version":[{"id":4303,"href":"https:\/\/ongd.lgs.lu\/fr\/wp-json\/wp\/v2\/pages\/4297\/revisions\/4303"}],"up":[{"embeddable":true,"href":"https:\/\/ongd.lgs.lu\/fr\/wp-json\/wp\/v2\/pages\/2176"}],"wp:featuredmedia":[{"embeddable":true,"href":"https:\/\/ongd.lgs.lu\/fr\/wp-json\/wp\/v2\/media\/4300"}],"wp:attachment":[{"href":"https:\/\/ongd.lgs.lu\/fr\/wp-json\/wp\/v2\/media?parent=4297"}],"curies":[{"name":"wp","href":"https:\/\/api.w.org\/{rel}","templated":true}]}}