{"id":4307,"date":"2026-04-14T10:19:46","date_gmt":"2026-04-14T08:19:46","guid":{"rendered":"https:\/\/ongd.lgs.lu\/?page_id=4307"},"modified":"2026-04-14T10:19:46","modified_gmt":"2026-04-14T08:19:46","slug":"fr-projet-dappui-a-lamelioration-de-la-qualite-de-lenseignement-dans-les-ecoles-partenaires-de-niamey-dosso-et-tillaberi-2026-2030","status":"publish","type":"page","link":"https:\/\/ongd.lgs.lu\/fr\/projeten\/niger\/fr-projet-dappui-a-lamelioration-de-la-qualite-de-lenseignement-dans-les-ecoles-partenaires-de-niamey-dosso-et-tillaberi-2026-2030\/","title":{"rendered":"Projet d\u2019appui \u00e0 l\u2019am\u00e9lioration de la qualit\u00e9 de l\u2019enseignement dans les \u00e9coles partenaires de Niamey, Dosso et Tillab\u00e9ri 2026-2030"},"content":{"rendered":"<strong>Lieu<\/strong> (pays, r\u00e9gion, localit\u00e9)\u00a0: Niger, ville de Niamey, r\u00e9gions de Dosso et de Tillab\u00e9ri<\/p>\n<p><strong>Contenu et d\u00e9roulement du projet<\/strong>\u00a0:<\/p>\n<p>Le projet a pour objectif d\u2019appuyer la <strong>scolarisation des enfants et la formation professionnelle des jeunes<\/strong> dans les communes cibl\u00e9es. Il renforce l\u2019acc\u00e8s \u00e0 l\u2019\u00e9ducation et sensibilise l\u2019ensemble de la communaut\u00e9 \u00e0 l\u2019importance de ce droit fondamental.<\/p>\n<p>Les actions men\u00e9es incluent la distribution de fournitures scolaires, le renforcement des comp\u00e9tences des acteurs \u00e9ducatifs, le soutien aux associations de parents d\u2019\u00e9l\u00e8ves, la promotion de la scolarisation des filles et la sensibilisation des \u00e9l\u00e8ves \u00e0 leurs droits. La <strong>protection de l\u2019environnement<\/strong> est int\u00e9gr\u00e9e au projet par des campagnes de sensibilisation et des activit\u00e9s pratiques pour les enfants, comme l\u2019initiation au jardinage. Le projet propose \u00e9galement des formations professionnelles pour les jeunes en dehors des structures \u00e9ducatives formelles.<\/p>\n<p>Dans un contexte marqu\u00e9 par la pauvret\u00e9 et le travail des enfants, plus particuli\u00e8rement en zone rurale, ce soutien mat\u00e9riel et communautaire est essentiel pour permettre aux enfants de rester \u00e0 l\u2019\u00e9cole.<\/p>\n<p><strong><u>B\u00e9n\u00e9ficiaires<\/u><\/strong> : Environ 14.450 enfants de 40 \u00e9coles, 1.125 professionnels de l\u2019\u00e9ducation, 1.000 parents d\u2019\u00e9l\u00e8ves et 50 jeunes en d\u00e9crochage scolaire par an.<\/p>\n<p><strong>Les activit\u00e9s du projet sont r\u00e9parties sur cinq r\u00e9sultats <\/strong>:<\/p>\n<ol>\n<li><strong>Les \u00e9coles partenaires sont dot\u00e9es en infrastructures, fournitures, manuels, mat\u00e9riels didactiques et kits d\u2019hygi\u00e8nes<\/strong>\n<ul>\n<li>Mise \u00e0 disposition de mat\u00e9riel p\u00e9dagogique et didactique, de mat\u00e9riel sportif et informatique et mise en place de jardins potagers dans les \u00e9coles partenaires.<\/li>\n<li>R\u00e9habilitation et dotation de tables et bancs<\/li>\n<li>Dotation en kits d\u2019hygi\u00e8ne et d\u2019assainissement<\/li>\n<li>Construction d\u2019une salle de classe \u00e9quip\u00e9e<\/li>\n<\/ul>\n<\/li>\n<\/ol>\n<ol start=\"2\">\n<li><strong><em>Les comp\u00e9tences des acteurs de l\u2019\u00e9ducation (\u00e9l\u00e8ves, enseignants, membres CGDES, AME, directeurs) des \u00e9coles partenaires sont renforc\u00e9es <\/em><\/strong>\n<ul>\n<li>Atelier d\u2019\u00e9changes p\u00e9dagogiques<\/li>\n<li>Formations p\u00e9dagogiques et forums pour les directeurs, les enseignants et tous les acteurs de l\u2019enseignement<\/li>\n<li>Formation des \u00e9l\u00e8ves en droits des enfants, en hygi\u00e8ne et sant\u00e9 et formation \u00e0 la paix et \u00e0 la tol\u00e9rance<\/li>\n<li>Appui au suivi apr\u00e8s formation<\/li>\n<\/ul>\n<\/li>\n<\/ol>\n<ol start=\"3\">\n<li><strong><em>Les activit\u00e9s du projet sont valoris\u00e9es et diffus\u00e9es ainsi que les activit\u00e9s sportives \u00e0 travers le journal<\/em><\/strong>\n<ul>\n<li>Organisation de championnats scolaires (football)<\/li>\n<li>Edition du journal \u00ab\u00a0L\u2019\u00e9colier\u00a0\u00bb<\/li>\n<\/ul>\n<\/li>\n<\/ol>\n<ol start=\"4\">\n<li><strong>L\u2019accompagnement des \u00e9l\u00e8ves en d\u00e9crochage scolaire sont accompagn\u00e9s <\/strong>\n<ul>\n<li>Insertion de jeunes en d\u00e9crochage scolaire en formation professionnelle<\/li>\n<li>Participation aux activit\u00e9s du cluster \u00e9ducation d\u2019urgence<\/li>\n<\/ul>\n<\/li>\n<\/ol>\n<ol start=\"5\">\n<li><strong>Le renforcement institutionnel du partenaire,<\/strong> ainsi que des sessions de formations sur les probl\u00e9matiques li\u00e9es au terrorisme et \u00e0 l\u2019ins\u00e9curit\u00e9 pour les acteurs du domaine de l\u2019\u00e9ducation.<\/li>\n<\/ol>\n<p><strong>Le partenaire local \u2013 Les Amis de l\u2019Ecole (LADE)<\/strong><\/p>\n<p>L\u2019Association \u00ab\u00a0Les Amis de l\u2019Ecole\u00a0\u00bb est une association \u00e0 but non lucratif dont l\u2019objectif g\u00e9n\u00e9ral est de contribuer \u00e0 l\u2019am\u00e9lioration de l\u2019acc\u00e8s et de la qualit\u00e9 du syst\u00e8me \u00e9ducatif nig\u00e9rien. Elle \u0153uvre pour l\u2019am\u00e9lioration de l\u2019environnement scolaire, notamment \u00e0 travers la mise \u00e0 disposition de mat\u00e9riel \u00e9ducatif et p\u00e9dagogique, la dynamisation des comit\u00e9s de gestion et des espaces de concertation entre acteurs, ainsi que la sensibilisation \u00e0 l\u2019importance de l\u2019\u00e9ducation pour tous les enfants. L\u2019association travaille \u00e9galement \u00e0 am\u00e9liorer la prise en charge des enfants en situation de handicap, \u00e0 renforcer la r\u00e9silience des acteurs \u00e9ducatifs et \u00e0 promouvoir l\u2019esprit de solidarit\u00e9 et d\u2019ouverture sur le monde.<\/p>\n<p><strong>Dur\u00e9e du projet\u00a0: <\/strong><\/p>\n<p>Projet de 5 ans, du 01\/01\/2026 au 31\/12\/2030<\/p>\n<p><strong>Budget\u00a0: <\/strong><\/p>\n<p>Budget global\u00a0: 663.883 \u20ac<strong><em>\u00a0 <\/em><\/strong><\/p>\n<p>Participation du MAEE\u00a0(80 %)\u00a0: 531.106 \u20ac<\/p>\n<p>Fonds propres ONGD\u00a0(20 %)\u00a0: 132.777 \u20ac<\/p>\n<div id='gallery-1' class='gallery galleryid-4307 gallery-columns-3 gallery-size-thumbnail'><figure class='gallery-item'>\n\t\t\t<div class='gallery-icon landscape'>\n\t\t\t\t<a data-lightbox=\"gallery\" href='https:\/\/ongd.lgs.lu\/wp-content\/uploads\/sites\/15\/2026\/04\/C1A8959-scaled.jpg'><img loading=\"lazy\" decoding=\"async\" width=\"150\" height=\"150\" src=\"https:\/\/ongd.lgs.lu\/wp-content\/uploads\/sites\/15\/2026\/04\/C1A8959-150x150.jpg\" class=\"attachment-thumbnail size-thumbnail\" alt=\"\" srcset=\"https:\/\/ongd.lgs.lu\/wp-content\/uploads\/sites\/15\/2026\/04\/C1A8959-150x150.jpg 150w, https:\/\/ongd.lgs.lu\/wp-content\/uploads\/sites\/15\/2026\/04\/C1A8959-700x700.jpg 700w, https:\/\/ongd.lgs.lu\/wp-content\/uploads\/sites\/15\/2026\/04\/C1A8959-125x125.jpg 125w\" sizes=\"auto, (max-width: 150px) 100vw, 150px\" \/><\/a>\n\t\t\t<\/div><\/figure><figure class='gallery-item'>\n\t\t\t<div class='gallery-icon landscape'>\n\t\t\t\t<a data-lightbox=\"gallery\" href='https:\/\/ongd.lgs.lu\/wp-content\/uploads\/sites\/15\/2026\/04\/C1A8960-scaled.jpg'><img loading=\"lazy\" decoding=\"async\" width=\"150\" height=\"150\" src=\"https:\/\/ongd.lgs.lu\/wp-content\/uploads\/sites\/15\/2026\/04\/C1A8960-150x150.jpg\" class=\"attachment-thumbnail size-thumbnail\" alt=\"\" srcset=\"https:\/\/ongd.lgs.lu\/wp-content\/uploads\/sites\/15\/2026\/04\/C1A8960-150x150.jpg 150w, https:\/\/ongd.lgs.lu\/wp-content\/uploads\/sites\/15\/2026\/04\/C1A8960-700x700.jpg 700w, https:\/\/ongd.lgs.lu\/wp-content\/uploads\/sites\/15\/2026\/04\/C1A8960-125x125.jpg 125w\" sizes=\"auto, (max-width: 150px) 100vw, 150px\" \/><\/a>\n\t\t\t<\/div><\/figure><figure class='gallery-item'>\n\t\t\t<div class='gallery-icon landscape'>\n\t\t\t\t<a data-lightbox=\"gallery\" href='https:\/\/ongd.lgs.lu\/wp-content\/uploads\/sites\/15\/2026\/04\/C1A9039-scaled.jpg'><img loading=\"lazy\" decoding=\"async\" width=\"150\" height=\"150\" src=\"https:\/\/ongd.lgs.lu\/wp-content\/uploads\/sites\/15\/2026\/04\/C1A9039-150x150.jpg\" class=\"attachment-thumbnail size-thumbnail\" alt=\"\" srcset=\"https:\/\/ongd.lgs.lu\/wp-content\/uploads\/sites\/15\/2026\/04\/C1A9039-150x150.jpg 150w, https:\/\/ongd.lgs.lu\/wp-content\/uploads\/sites\/15\/2026\/04\/C1A9039-700x700.jpg 700w, https:\/\/ongd.lgs.lu\/wp-content\/uploads\/sites\/15\/2026\/04\/C1A9039-125x125.jpg 125w\" sizes=\"auto, (max-width: 150px) 100vw, 150px\" \/><\/a>\n\t\t\t<\/div><\/figure><figure class='gallery-item'>\n\t\t\t<div class='gallery-icon landscape'>\n\t\t\t\t<a data-lightbox=\"gallery\" href='https:\/\/ongd.lgs.lu\/wp-content\/uploads\/sites\/15\/2026\/04\/0C1A9842-scaled.jpg'><img loading=\"lazy\" decoding=\"async\" width=\"150\" height=\"150\" src=\"https:\/\/ongd.lgs.lu\/wp-content\/uploads\/sites\/15\/2026\/04\/0C1A9842-150x150.jpg\" class=\"attachment-thumbnail size-thumbnail\" alt=\"\" srcset=\"https:\/\/ongd.lgs.lu\/wp-content\/uploads\/sites\/15\/2026\/04\/0C1A9842-150x150.jpg 150w, https:\/\/ongd.lgs.lu\/wp-content\/uploads\/sites\/15\/2026\/04\/0C1A9842-700x700.jpg 700w, https:\/\/ongd.lgs.lu\/wp-content\/uploads\/sites\/15\/2026\/04\/0C1A9842-125x125.jpg 125w\" sizes=\"auto, (max-width: 150px) 100vw, 150px\" \/><\/a>\n\t\t\t<\/div><\/figure><figure class='gallery-item'>\n\t\t\t<div class='gallery-icon landscape'>\n\t\t\t\t<a data-lightbox=\"gallery\" href='https:\/\/ongd.lgs.lu\/wp-content\/uploads\/sites\/15\/2026\/04\/0C1A9935-scaled.jpg'><img loading=\"lazy\" decoding=\"async\" width=\"150\" height=\"150\" src=\"https:\/\/ongd.lgs.lu\/wp-content\/uploads\/sites\/15\/2026\/04\/0C1A9935-150x150.jpg\" class=\"attachment-thumbnail size-thumbnail\" alt=\"\" srcset=\"https:\/\/ongd.lgs.lu\/wp-content\/uploads\/sites\/15\/2026\/04\/0C1A9935-150x150.jpg 150w, https:\/\/ongd.lgs.lu\/wp-content\/uploads\/sites\/15\/2026\/04\/0C1A9935-700x700.jpg 700w, https:\/\/ongd.lgs.lu\/wp-content\/uploads\/sites\/15\/2026\/04\/0C1A9935-125x125.jpg 125w\" sizes=\"auto, (max-width: 150px) 100vw, 150px\" \/><\/a>\n\t\t\t<\/div><\/figure><figure class='gallery-item'>\n\t\t\t<div class='gallery-icon landscape'>\n\t\t\t\t<a data-lightbox=\"gallery\" href='https:\/\/ongd.lgs.lu\/wp-content\/uploads\/sites\/15\/2026\/04\/71.jpg'><img loading=\"lazy\" decoding=\"async\" width=\"150\" height=\"150\" src=\"https:\/\/ongd.lgs.lu\/wp-content\/uploads\/sites\/15\/2026\/04\/71-150x150.jpg\" class=\"attachment-thumbnail size-thumbnail\" alt=\"\" srcset=\"https:\/\/ongd.lgs.lu\/wp-content\/uploads\/sites\/15\/2026\/04\/71-150x150.jpg 150w, https:\/\/ongd.lgs.lu\/wp-content\/uploads\/sites\/15\/2026\/04\/71-700x700.jpg 700w, https:\/\/ongd.lgs.lu\/wp-content\/uploads\/sites\/15\/2026\/04\/71-125x125.jpg 125w\" sizes=\"auto, (max-width: 150px) 100vw, 150px\" \/><\/a>\n\t\t\t<\/div><\/figure><figure class='gallery-item'>\n\t\t\t<div class='gallery-icon portrait'>\n\t\t\t\t<a data-lightbox=\"gallery\" href='https:\/\/ongd.lgs.lu\/wp-content\/uploads\/sites\/15\/2026\/04\/32.jpg'><img loading=\"lazy\" decoding=\"async\" width=\"150\" height=\"150\" src=\"https:\/\/ongd.lgs.lu\/wp-content\/uploads\/sites\/15\/2026\/04\/32-150x150.jpg\" class=\"attachment-thumbnail size-thumbnail\" alt=\"\" srcset=\"https:\/\/ongd.lgs.lu\/wp-content\/uploads\/sites\/15\/2026\/04\/32-150x150.jpg 150w, https:\/\/ongd.lgs.lu\/wp-content\/uploads\/sites\/15\/2026\/04\/32-700x700.jpg 700w, https:\/\/ongd.lgs.lu\/wp-content\/uploads\/sites\/15\/2026\/04\/32-125x125.jpg 125w\" sizes=\"auto, (max-width: 150px) 100vw, 150px\" \/><\/a>\n\t\t\t<\/div><\/figure><figure class='gallery-item'>\n\t\t\t<div class='gallery-icon landscape'>\n\t\t\t\t<a data-lightbox=\"gallery\" href='https:\/\/ongd.lgs.lu\/wp-content\/uploads\/sites\/15\/2026\/04\/Image-.jpg'><img loading=\"lazy\" decoding=\"async\" width=\"150\" height=\"150\" src=\"https:\/\/ongd.lgs.lu\/wp-content\/uploads\/sites\/15\/2026\/04\/Image--150x150.jpg\" class=\"attachment-thumbnail size-thumbnail\" alt=\"\" srcset=\"https:\/\/ongd.lgs.lu\/wp-content\/uploads\/sites\/15\/2026\/04\/Image--150x150.jpg 150w, https:\/\/ongd.lgs.lu\/wp-content\/uploads\/sites\/15\/2026\/04\/Image--125x125.jpg 125w\" sizes=\"auto, (max-width: 150px) 100vw, 150px\" \/><\/a>\n\t\t\t<\/div><\/figure><figure class='gallery-item'>\n\t\t\t<div class='gallery-icon landscape'>\n\t\t\t\t<a data-lightbox=\"gallery\" href='https:\/\/ongd.lgs.lu\/wp-content\/uploads\/sites\/15\/2026\/04\/DK2.jpg'><img loading=\"lazy\" decoding=\"async\" width=\"150\" height=\"150\" src=\"https:\/\/ongd.lgs.lu\/wp-content\/uploads\/sites\/15\/2026\/04\/DK2-150x150.jpg\" class=\"attachment-thumbnail size-thumbnail\" alt=\"\" srcset=\"https:\/\/ongd.lgs.lu\/wp-content\/uploads\/sites\/15\/2026\/04\/DK2-150x150.jpg 150w, https:\/\/ongd.lgs.lu\/wp-content\/uploads\/sites\/15\/2026\/04\/DK2-125x125.jpg 125w\" sizes=\"auto, (max-width: 150px) 100vw, 150px\" \/><\/a>\n\t\t\t<\/div><\/figure>\n\t\t<\/div>","protected":false},"excerpt":{"rendered":"<p>Lieu (pays, r\u00e9gion, localit\u00e9)\u00a0: Niger, ville de Niamey, r\u00e9gions de Dosso et de Tillab\u00e9ri Contenu et d\u00e9roulement du projet\u00a0: Le projet a pour objectif d\u2019appuyer la scolarisation des enfants et la formation professionnelle des jeunes dans les communes cibl\u00e9es. Il renforce l\u2019acc\u00e8s \u00e0 l\u2019\u00e9ducation et sensibilise l\u2019ensemble de la communaut\u00e9 \u00e0 l\u2019importance de ce droit&#8230;  <a class=\"excerpt-read-more\" href=\"https:\/\/ongd.lgs.lu\/fr\/projeten\/niger\/fr-projet-dappui-a-lamelioration-de-la-qualite-de-lenseignement-dans-les-ecoles-partenaires-de-niamey-dosso-et-tillaberi-2026-2030\/\" title=\"ReadProjet d\u2019appui \u00e0 l\u2019am\u00e9lioration de la qualit\u00e9 de l\u2019enseignement dans les \u00e9coles partenaires de Niamey, Dosso et Tillab\u00e9ri 2026-2030\">Read more &raquo;<\/a><\/p>\n","protected":false},"author":2258,"featured_media":4310,"parent":30,"menu_order":0,"comment_status":"closed","ping_status":"closed","template":"","meta":{"footnotes":""},"class_list":["post-4307","page","type-page","status-publish","has-post-thumbnail","hentry"],"_links":{"self":[{"href":"https:\/\/ongd.lgs.lu\/fr\/wp-json\/wp\/v2\/pages\/4307","targetHints":{"allow":["GET"]}}],"collection":[{"href":"https:\/\/ongd.lgs.lu\/fr\/wp-json\/wp\/v2\/pages"}],"about":[{"href":"https:\/\/ongd.lgs.lu\/fr\/wp-json\/wp\/v2\/types\/page"}],"author":[{"embeddable":true,"href":"https:\/\/ongd.lgs.lu\/fr\/wp-json\/wp\/v2\/users\/2258"}],"replies":[{"embeddable":true,"href":"https:\/\/ongd.lgs.lu\/fr\/wp-json\/wp\/v2\/comments?post=4307"}],"version-history":[{"count":1,"href":"https:\/\/ongd.lgs.lu\/fr\/wp-json\/wp\/v2\/pages\/4307\/revisions"}],"predecessor-version":[{"id":4317,"href":"https:\/\/ongd.lgs.lu\/fr\/wp-json\/wp\/v2\/pages\/4307\/revisions\/4317"}],"up":[{"embeddable":true,"href":"https:\/\/ongd.lgs.lu\/fr\/wp-json\/wp\/v2\/pages\/30"}],"wp:featuredmedia":[{"embeddable":true,"href":"https:\/\/ongd.lgs.lu\/fr\/wp-json\/wp\/v2\/media\/4310"}],"wp:attachment":[{"href":"https:\/\/ongd.lgs.lu\/fr\/wp-json\/wp\/v2\/media?parent=4307"}],"curies":[{"name":"wp","href":"https:\/\/api.w.org\/{rel}","templated":true}]}}