{"id":4322,"date":"2026-04-14T10:35:23","date_gmt":"2026-04-14T08:35:23","guid":{"rendered":"https:\/\/ongd.lgs.lu\/?page_id=4322"},"modified":"2026-04-14T10:38:47","modified_gmt":"2026-04-14T08:38:47","slug":"fr-contribuer-a-leducation-et-a-lapprentissage-informel-des-jeunes-a-travers-le-renforcement-des-capacites-de-la-radio-et-de-long-gakassiney-2026-2030","status":"publish","type":"page","link":"https:\/\/ongd.lgs.lu\/fr\/projeten\/niger\/fr-contribuer-a-leducation-et-a-lapprentissage-informel-des-jeunes-a-travers-le-renforcement-des-capacites-de-la-radio-et-de-long-gakassiney-2026-2030\/","title":{"rendered":"Contribuer \u00e0 l\u2019\u00e9ducation et \u00e0 l\u2019apprentissage informel des jeunes \u00e0 travers le renforcement des capacit\u00e9s 2026-2030"},"content":{"rendered":"<strong>Lieu<\/strong> (pays, r\u00e9gion, localit\u00e9)\u00a0: Niger, ville de Niamey, quartiers de Koirategui, Yantala et Couronne Nord.<\/p>\n<p><strong>Contenu et d\u00e9roulement du projet<\/strong>\u00a0:<\/p>\n<p>Le projet vise \u00e0 renforcer <strong>l\u2019\u00e9ducation, la sensibilisation et la formation professionnelle des jeunes<\/strong> de Niamey, en particulier dans le quartier vuln\u00e9rable de Koirategui. Il agit \u00e0 travers la <strong>radio communautaire<\/strong>, l\u2019\u00e9veil culturel, l\u2019alphab\u00e9tisation, l\u2019apprentissage d\u2019un m\u00e9tier et la modernisation des \u00e9coles coraniques.<\/p>\n<p>Les actions prioritaires sont :<\/p>\n<ul>\n<li><strong>Am\u00e9lioration des conditions d\u2019apprentissage de 3 000 talib\u00e9s<\/strong> dans 10 \u00e9coles coraniques afin de contribuer \u00e0 la r\u00e9duction de la mendicit\u00e9.<\/li>\n<li><strong>Sensibiliser plus de 35 000 habitants<\/strong> gr\u00e2ce \u00e0 la radio communautaire sur des th\u00e8mes cl\u00e9s : sant\u00e9, environnement, citoyennet\u00e9, lutte contre la mendicit\u00e9 et les violences urbaines.<\/li>\n<li><strong>Former plus de 420 jeunes vuln\u00e9rables<\/strong> \u00e0 des activit\u00e9s g\u00e9n\u00e9ratrices de revenus pour favoriser leur int\u00e9gration sociale.<\/li>\n<\/ul>\n<p>Ce projet offre un impact direct et durable sur l\u2019\u00e9ducation, la protection et l\u2019autonomie des jeunes les plus fragilis\u00e9s de Niamey.<\/p>\n<p><strong><u>B\u00e9n\u00e9ficiaires<\/u><\/strong>\u00a0: Environ 3.450 jeunes d\u00e9favoris\u00e9s et les jeunes scouts du Niger.<br \/>\nTous les habitants de Koirategui sont b\u00e9n\u00e9ficiaires de la radio communautaire, environ 35.000 auditeurs.<\/p>\n<p><strong>Les activit\u00e9s du projet sont r\u00e9parties sur six r\u00e9sultats <\/strong>:<\/p>\n<ol>\n<li><strong><em>L\u2019\u00e9ducation de la communaut\u00e9 \u00e0 travers la radio, les formations et les sensibilisations de masse sont promues<\/em><\/strong>\n<ul>\n<li>Personnel, \u00e9quipement et entretien de la radio<\/li>\n<li>Echanges avec d\u2019autres radios<\/li>\n<li>Renforcement de capacit\u00e9 des animateurs sur la gestion communautaire de la radio et le journalisme sensible au conflit<\/li>\n<li>Organisation de la Caravane des M\u00e9tiers pour les jeunes<\/li>\n<\/ul>\n<\/li>\n<\/ol>\n<ol start=\"2\">\n<li><strong><em>Les conditions d\u2019acc\u00e8s, de maintien et les performances d&rsquo;apprentissage des jeunes sont am\u00e9lior\u00e9es dans les centres partenaires d\u2019intervention du programme<\/em><\/strong>\n<ul>\n<li>Maintenance et entretien des ordinateurs de la salle informatique<\/li>\n<li>Equipement et dotation de deux biblioth\u00e8ques communautaires de Niamey en livres et mobiliers<\/li>\n<li>Equipement en sonorisation et podium du centre scout<\/li>\n<li>Fonctionnement de la salle d\u2019\u00e9coute des jeunes de Koirategui<\/li>\n<li>Festival des jeunes de Koirategui\u00a0: danse, po\u00e8me, sketch et th\u00e9\u00e2tre traditionnel<\/li>\n<li>Fonctionnement des ateliers de l\u2019\u00e9cole inclusive pour malentendants et formation en activit\u00e9s g\u00e9n\u00e9ratrices de revenus<\/li>\n<li>Renforcement des deux centres pour femmes vuln\u00e9rables, formation en activit\u00e9s g\u00e9n\u00e9ratrices de revenus et alphab\u00e9tisation<\/li>\n<\/ul>\n<\/li>\n<\/ol>\n<ol start=\"3\">\n<li><strong><em>Le renforcement de capacit\u00e9 du personnel d\u2019encadrement est assur\u00e9<\/em><\/strong>\n<ul>\n<li>Renforcement de capacit\u00e9s en langue des signes des encadreurs de l\u2019\u00e9cole pour malentendants<\/li>\n<li>Formation des moniteurs des ateliers des 3 centres partenaires<\/li>\n<li>Formation de 15 relais communautaires<\/li>\n<li>Formation de 10 maitres des \u00e9coles coraniques pour une meilleure prise en charge des enfants<\/li>\n<\/ul>\n<\/li>\n<\/ol>\n<ol start=\"4\">\n<li><strong><em>Les jeunes \u00e2g\u00e9s de 5 \u00e0 25 ans (talib\u00e9s et autres) de Koirategui sont appuy\u00e9s dans l&rsquo;am\u00e9lioration de leurs conditions d&rsquo;apprentissage<\/em><\/strong>\n<ul>\n<li>Appui \u00e0 l\u2019apprentissage des jeunes apprenants de 10 \u00e9coles coraniques (alimentation, \u00e9quipement, mat\u00e9riel p\u00e9dagogiques)<\/li>\n<li>Alphab\u00e9tisation de jeunes talib\u00e9s<\/li>\n<li>Organisation d\u2019une journ\u00e9e talib\u00e9s par an<\/li>\n<li>Formation des jeunes en jardinage et p\u00e9pini\u00e8re<\/li>\n<\/ul>\n<\/li>\n<\/ol>\n<ol start=\"5\">\n<li><strong><em>Le renforcement institutionnel du partenaire, <\/em><\/strong>ainsi que des sessions de formations sur les probl\u00e9matiques li\u00e9es au terrorisme et \u00e0 l\u2019ins\u00e9curit\u00e9.<\/li>\n<\/ol>\n<ol start=\"6\">\n<li><strong><em>Les valeurs scoutes sont vulgaris\u00e9es <\/em><\/strong>\n<ul>\n<li>Camp chantier Scout sur les th\u00e8mes : changement climatique, environnement social migration clandestine et radicalisation \/ extr\u00e9misme violent<\/li>\n<li>Formation des jeunes chefs scouts en leadership et life skills<\/li>\n<li>Formation des responsables r\u00e9gionaux scouts en administration territoriale et communication<\/li>\n<\/ul>\n<\/li>\n<\/ol>\n<p><strong>Le partenaire local \u2013 ONG Gakassiney<\/strong><\/p>\n<p>L\u2019ONG Gakassiney (ONGG), issue du mouvement scout du Niger est active depuis 2012. Elle \u0153uvre pour le d\u00e9veloppement de l\u2019\u00e9ducation, consid\u00e9r\u00e9e comme un levier essentiel pour l\u2019avenir du pays. Sa d\u00e9marche s\u2019appuie sur les valeurs fondamentales du scoutisme\u00a0: solidarit\u00e9, entraide au sein des communaut\u00e9s, honn\u00eatet\u00e9, partage et esprit d\u2019\u00e9quipe.<\/p>\n<p>Sa vision\u00a0: \u00ab\u00a0construire ensemble un monde meilleur, juste, \u00e9quitable gr\u00e2ce \u00e0 la promotion du d\u00e9veloppement durable et de la citoyennet\u00e9 responsable\u00a0\u00bb. A travers ses actions, l\u2019ONGG encourage la participation active des jeunes et renforce leur capacit\u00e9 \u00e0 devenir des citoyens responsables et engag\u00e9s.<\/p>\n<p>L\u2019ONG Gakassiney soutient le fonctionnement du centre scout de Koirategui, un lieu de rassemblement pour les jeunes du quartier. Le centre offre divers services \u00e9ducatifs\u00a0: biblioth\u00e8que, salle informatique, formations pour relais communautaires, organisation du festival culturel des jeunes \u00e9l\u00e8ves du quartier, etc.<\/p>\n<p>Depuis 2015, l\u2019ONG Gakassiney g\u00e8re \u00e9galement la radio communautaire de Koirategui, tr\u00e8s suivie par la population. Cette radio joue un r\u00f4le important dans la sensibilisation sur de nombreux th\u00e8mes li\u00e9s au d\u00e9veloppement, \u00e0 la citoyennet\u00e9 et \u00e0 la jeunesse.<\/p>\n<p><strong>Dur\u00e9e du projet\u00a0: <\/strong><\/p>\n<p>Projet de 5 ans, du 01\/01\/2026 au 31\/12\/2030<\/p>\n<p><strong>Budget\u00a0: <\/strong><\/p>\n<p>Budget global\u00a0: 395.605 \u20ac<strong><em>\u00a0 <\/em><\/strong><\/p>\n<p>Participation du MAEE\u00a0(80 %)\u00a0: 316.484 \u20ac<\/p>\n<p>Fonds propres ONGD (20 %)\u00a0: 79.121 \u20ac<\/p>\n<p><a href=\"https:\/\/ongd.lgs.lu\/wp-content\/uploads\/sites\/15\/2026\/04\/annimation-biblio.jpg\"><img loading=\"lazy\" decoding=\"async\" class=\"alignnone size-medium wp-image-4323\" src=\"https:\/\/ongd.lgs.lu\/wp-content\/uploads\/sites\/15\/2026\/04\/annimation-biblio-300x135.jpg\" alt=\"\" width=\"300\" height=\"135\" srcset=\"https:\/\/ongd.lgs.lu\/wp-content\/uploads\/sites\/15\/2026\/04\/annimation-biblio-300x135.jpg 300w, https:\/\/ongd.lgs.lu\/wp-content\/uploads\/sites\/15\/2026\/04\/annimation-biblio-768x346.jpg 768w, https:\/\/ongd.lgs.lu\/wp-content\/uploads\/sites\/15\/2026\/04\/annimation-biblio.jpg 960w\" sizes=\"auto, (max-width: 300px) 100vw, 300px\" \/><\/a> <a href=\"https:\/\/ongd.lgs.lu\/wp-content\/uploads\/sites\/15\/2026\/04\/apprentissage-couture-4.jpg\"><img loading=\"lazy\" decoding=\"async\" class=\"alignnone size-medium wp-image-4324\" src=\"https:\/\/ongd.lgs.lu\/wp-content\/uploads\/sites\/15\/2026\/04\/apprentissage-couture-4-300x150.jpg\" alt=\"\" width=\"300\" height=\"150\" srcset=\"https:\/\/ongd.lgs.lu\/wp-content\/uploads\/sites\/15\/2026\/04\/apprentissage-couture-4-300x150.jpg 300w, https:\/\/ongd.lgs.lu\/wp-content\/uploads\/sites\/15\/2026\/04\/apprentissage-couture-4-1024x512.jpg 1024w, https:\/\/ongd.lgs.lu\/wp-content\/uploads\/sites\/15\/2026\/04\/apprentissage-couture-4-768x384.jpg 768w, https:\/\/ongd.lgs.lu\/wp-content\/uploads\/sites\/15\/2026\/04\/apprentissage-couture-4-1536x768.jpg 1536w, https:\/\/ongd.lgs.lu\/wp-content\/uploads\/sites\/15\/2026\/04\/apprentissage-couture-4-2048x1024.jpg 2048w\" sizes=\"auto, (max-width: 300px) 100vw, 300px\" \/><\/a> <a href=\"https:\/\/ongd.lgs.lu\/wp-content\/uploads\/sites\/15\/2026\/04\/apprentissage-couture-8.jpg\"><img loading=\"lazy\" decoding=\"async\" class=\"alignnone size-medium wp-image-4325\" src=\"https:\/\/ongd.lgs.lu\/wp-content\/uploads\/sites\/15\/2026\/04\/apprentissage-couture-8-300x150.jpg\" alt=\"\" width=\"300\" height=\"150\" srcset=\"https:\/\/ongd.lgs.lu\/wp-content\/uploads\/sites\/15\/2026\/04\/apprentissage-couture-8-300x150.jpg 300w, https:\/\/ongd.lgs.lu\/wp-content\/uploads\/sites\/15\/2026\/04\/apprentissage-couture-8-1024x512.jpg 1024w, https:\/\/ongd.lgs.lu\/wp-content\/uploads\/sites\/15\/2026\/04\/apprentissage-couture-8-768x384.jpg 768w, https:\/\/ongd.lgs.lu\/wp-content\/uploads\/sites\/15\/2026\/04\/apprentissage-couture-8-1536x768.jpg 1536w, https:\/\/ongd.lgs.lu\/wp-content\/uploads\/sites\/15\/2026\/04\/apprentissage-couture-8-2048x1024.jpg 2048w\" sizes=\"auto, (max-width: 300px) 100vw, 300px\" \/><\/a> <a href=\"https:\/\/ongd.lgs.lu\/wp-content\/uploads\/sites\/15\/2026\/04\/apprentissage-couture-6.jpg\"><img loading=\"lazy\" decoding=\"async\" class=\"alignnone size-medium wp-image-4326\" src=\"https:\/\/ongd.lgs.lu\/wp-content\/uploads\/sites\/15\/2026\/04\/apprentissage-couture-6-300x150.jpg\" alt=\"\" width=\"300\" height=\"150\" srcset=\"https:\/\/ongd.lgs.lu\/wp-content\/uploads\/sites\/15\/2026\/04\/apprentissage-couture-6-300x150.jpg 300w, https:\/\/ongd.lgs.lu\/wp-content\/uploads\/sites\/15\/2026\/04\/apprentissage-couture-6-1024x512.jpg 1024w, https:\/\/ongd.lgs.lu\/wp-content\/uploads\/sites\/15\/2026\/04\/apprentissage-couture-6-768x384.jpg 768w, https:\/\/ongd.lgs.lu\/wp-content\/uploads\/sites\/15\/2026\/04\/apprentissage-couture-6-1536x768.jpg 1536w, https:\/\/ongd.lgs.lu\/wp-content\/uploads\/sites\/15\/2026\/04\/apprentissage-couture-6-2048x1024.jpg 2048w\" sizes=\"auto, (max-width: 300px) 100vw, 300px\" \/><\/a> <a href=\"https:\/\/ongd.lgs.lu\/wp-content\/uploads\/sites\/15\/2026\/04\/festival-3.jpg\"><img loading=\"lazy\" decoding=\"async\" class=\"alignnone size-medium wp-image-4327\" src=\"https:\/\/ongd.lgs.lu\/wp-content\/uploads\/sites\/15\/2026\/04\/festival-3-300x225.jpg\" alt=\"\" width=\"300\" height=\"225\" srcset=\"https:\/\/ongd.lgs.lu\/wp-content\/uploads\/sites\/15\/2026\/04\/festival-3-300x225.jpg 300w, https:\/\/ongd.lgs.lu\/wp-content\/uploads\/sites\/15\/2026\/04\/festival-3-1024x768.jpg 1024w, https:\/\/ongd.lgs.lu\/wp-content\/uploads\/sites\/15\/2026\/04\/festival-3-768x576.jpg 768w, https:\/\/ongd.lgs.lu\/wp-content\/uploads\/sites\/15\/2026\/04\/festival-3.jpg 1280w\" sizes=\"auto, (max-width: 300px) 100vw, 300px\" \/><\/a> <a href=\"https:\/\/ongd.lgs.lu\/wp-content\/uploads\/sites\/15\/2026\/04\/festival-5.jpg\"><img loading=\"lazy\" decoding=\"async\" class=\"alignnone size-medium wp-image-4328\" src=\"https:\/\/ongd.lgs.lu\/wp-content\/uploads\/sites\/15\/2026\/04\/festival-5-300x225.jpg\" alt=\"\" width=\"300\" height=\"225\" srcset=\"https:\/\/ongd.lgs.lu\/wp-content\/uploads\/sites\/15\/2026\/04\/festival-5-300x225.jpg 300w, https:\/\/ongd.lgs.lu\/wp-content\/uploads\/sites\/15\/2026\/04\/festival-5-1024x768.jpg 1024w, https:\/\/ongd.lgs.lu\/wp-content\/uploads\/sites\/15\/2026\/04\/festival-5-768x576.jpg 768w, https:\/\/ongd.lgs.lu\/wp-content\/uploads\/sites\/15\/2026\/04\/festival-5.jpg 1280w\" sizes=\"auto, (max-width: 300px) 100vw, 300px\" \/><\/a> <a href=\"https:\/\/ongd.lgs.lu\/wp-content\/uploads\/sites\/15\/2026\/04\/festival-6.jpg\"><img loading=\"lazy\" decoding=\"async\" class=\"alignnone size-medium wp-image-4329\" src=\"https:\/\/ongd.lgs.lu\/wp-content\/uploads\/sites\/15\/2026\/04\/festival-6-300x225.jpg\" alt=\"\" width=\"300\" height=\"225\" srcset=\"https:\/\/ongd.lgs.lu\/wp-content\/uploads\/sites\/15\/2026\/04\/festival-6-300x225.jpg 300w, https:\/\/ongd.lgs.lu\/wp-content\/uploads\/sites\/15\/2026\/04\/festival-6-1024x768.jpg 1024w, https:\/\/ongd.lgs.lu\/wp-content\/uploads\/sites\/15\/2026\/04\/festival-6-768x576.jpg 768w, https:\/\/ongd.lgs.lu\/wp-content\/uploads\/sites\/15\/2026\/04\/festival-6.jpg 1280w\" sizes=\"auto, (max-width: 300px) 100vw, 300px\" \/><\/a> <a href=\"https:\/\/ongd.lgs.lu\/wp-content\/uploads\/sites\/15\/2026\/04\/Festival-ongg.jpg\"><img loading=\"lazy\" decoding=\"async\" class=\"alignnone size-medium wp-image-4330\" src=\"https:\/\/ongd.lgs.lu\/wp-content\/uploads\/sites\/15\/2026\/04\/Festival-ongg-300x225.jpg\" alt=\"\" width=\"300\" height=\"225\" srcset=\"https:\/\/ongd.lgs.lu\/wp-content\/uploads\/sites\/15\/2026\/04\/Festival-ongg-300x225.jpg 300w, https:\/\/ongd.lgs.lu\/wp-content\/uploads\/sites\/15\/2026\/04\/Festival-ongg-1024x768.jpg 1024w, https:\/\/ongd.lgs.lu\/wp-content\/uploads\/sites\/15\/2026\/04\/Festival-ongg-768x576.jpg 768w, https:\/\/ongd.lgs.lu\/wp-content\/uploads\/sites\/15\/2026\/04\/Festival-ongg.jpg 1080w\" sizes=\"auto, (max-width: 300px) 100vw, 300px\" \/><\/a> <a href=\"https:\/\/ongd.lgs.lu\/wp-content\/uploads\/sites\/15\/2026\/04\/IMG-20251027-WA0105.jpg\"><img loading=\"lazy\" decoding=\"async\" class=\"alignnone size-medium wp-image-4331\" src=\"https:\/\/ongd.lgs.lu\/wp-content\/uploads\/sites\/15\/2026\/04\/IMG-20251027-WA0105-300x135.jpg\" alt=\"\" width=\"300\" height=\"135\" srcset=\"https:\/\/ongd.lgs.lu\/wp-content\/uploads\/sites\/15\/2026\/04\/IMG-20251027-WA0105-300x135.jpg 300w, https:\/\/ongd.lgs.lu\/wp-content\/uploads\/sites\/15\/2026\/04\/IMG-20251027-WA0105-1024x461.jpg 1024w, https:\/\/ongd.lgs.lu\/wp-content\/uploads\/sites\/15\/2026\/04\/IMG-20251027-WA0105-768x346.jpg 768w, https:\/\/ongd.lgs.lu\/wp-content\/uploads\/sites\/15\/2026\/04\/IMG-20251027-WA0105.jpg 1040w\" sizes=\"auto, (max-width: 300px) 100vw, 300px\" \/><\/a> <a href=\"https:\/\/ongd.lgs.lu\/wp-content\/uploads\/sites\/15\/2026\/04\/IMG-20260122-WA0042.jpg\"><img loading=\"lazy\" decoding=\"async\" class=\"alignnone size-medium wp-image-4332\" src=\"https:\/\/ongd.lgs.lu\/wp-content\/uploads\/sites\/15\/2026\/04\/IMG-20260122-WA0042-300x225.jpg\" alt=\"\" width=\"300\" height=\"225\" srcset=\"https:\/\/ongd.lgs.lu\/wp-content\/uploads\/sites\/15\/2026\/04\/IMG-20260122-WA0042-300x225.jpg 300w, https:\/\/ongd.lgs.lu\/wp-content\/uploads\/sites\/15\/2026\/04\/IMG-20260122-WA0042-1024x767.jpg 1024w, https:\/\/ongd.lgs.lu\/wp-content\/uploads\/sites\/15\/2026\/04\/IMG-20260122-WA0042-768x575.jpg 768w, https:\/\/ongd.lgs.lu\/wp-content\/uploads\/sites\/15\/2026\/04\/IMG-20260122-WA0042.jpg 1080w\" sizes=\"auto, (max-width: 300px) 100vw, 300px\" \/><\/a> <a href=\"https:\/\/ongd.lgs.lu\/wp-content\/uploads\/sites\/15\/2026\/04\/IMG-20260122-WA0046.jpg\"><img loading=\"lazy\" decoding=\"async\" class=\"alignnone size-medium wp-image-4333\" src=\"https:\/\/ongd.lgs.lu\/wp-content\/uploads\/sites\/15\/2026\/04\/IMG-20260122-WA0046-300x226.jpg\" alt=\"\" width=\"300\" height=\"226\" srcset=\"https:\/\/ongd.lgs.lu\/wp-content\/uploads\/sites\/15\/2026\/04\/IMG-20260122-WA0046-300x226.jpg 300w, https:\/\/ongd.lgs.lu\/wp-content\/uploads\/sites\/15\/2026\/04\/IMG-20260122-WA0046-768x578.jpg 768w, https:\/\/ongd.lgs.lu\/wp-content\/uploads\/sites\/15\/2026\/04\/IMG-20260122-WA0046.jpg 1020w\" sizes=\"auto, (max-width: 300px) 100vw, 300px\" \/><\/a> <a href=\"https:\/\/ongd.lgs.lu\/wp-content\/uploads\/sites\/15\/2026\/04\/IMG-20260122-WA0056.jpg\"><img loading=\"lazy\" decoding=\"async\" class=\"alignnone size-medium wp-image-4334\" src=\"https:\/\/ongd.lgs.lu\/wp-content\/uploads\/sites\/15\/2026\/04\/IMG-20260122-WA0056-300x226.jpg\" alt=\"\" width=\"300\" height=\"226\" srcset=\"https:\/\/ongd.lgs.lu\/wp-content\/uploads\/sites\/15\/2026\/04\/IMG-20260122-WA0056-300x226.jpg 300w, https:\/\/ongd.lgs.lu\/wp-content\/uploads\/sites\/15\/2026\/04\/IMG-20260122-WA0056-768x578.jpg 768w, https:\/\/ongd.lgs.lu\/wp-content\/uploads\/sites\/15\/2026\/04\/IMG-20260122-WA0056.jpg 1020w\" sizes=\"auto, (max-width: 300px) 100vw, 300px\" \/><\/a>","protected":false},"excerpt":{"rendered":"<p>Lieu (pays, r\u00e9gion, localit\u00e9)\u00a0: Niger, ville de Niamey, quartiers de Koirategui, Yantala et Couronne Nord. Contenu et d\u00e9roulement du projet\u00a0: Le projet vise \u00e0 renforcer l\u2019\u00e9ducation, la sensibilisation et la formation professionnelle des jeunes de Niamey, en particulier dans le quartier vuln\u00e9rable de Koirategui. Il agit \u00e0 travers la radio communautaire, l\u2019\u00e9veil culturel, l\u2019alphab\u00e9tisation, l\u2019apprentissage&#8230;  <a class=\"excerpt-read-more\" href=\"https:\/\/ongd.lgs.lu\/fr\/projeten\/niger\/fr-contribuer-a-leducation-et-a-lapprentissage-informel-des-jeunes-a-travers-le-renforcement-des-capacites-de-la-radio-et-de-long-gakassiney-2026-2030\/\" title=\"ReadContribuer \u00e0 l\u2019\u00e9ducation et \u00e0 l\u2019apprentissage informel des jeunes \u00e0 travers le renforcement des capacit\u00e9s 2026-2030\">Read more &raquo;<\/a><\/p>\n","protected":false},"author":2258,"featured_media":4330,"parent":30,"menu_order":0,"comment_status":"closed","ping_status":"closed","template":"","meta":{"footnotes":""},"class_list":["post-4322","page","type-page","status-publish","has-post-thumbnail","hentry"],"_links":{"self":[{"href":"https:\/\/ongd.lgs.lu\/fr\/wp-json\/wp\/v2\/pages\/4322","targetHints":{"allow":["GET"]}}],"collection":[{"href":"https:\/\/ongd.lgs.lu\/fr\/wp-json\/wp\/v2\/pages"}],"about":[{"href":"https:\/\/ongd.lgs.lu\/fr\/wp-json\/wp\/v2\/types\/page"}],"author":[{"embeddable":true,"href":"https:\/\/ongd.lgs.lu\/fr\/wp-json\/wp\/v2\/users\/2258"}],"replies":[{"embeddable":true,"href":"https:\/\/ongd.lgs.lu\/fr\/wp-json\/wp\/v2\/comments?post=4322"}],"version-history":[{"count":3,"href":"https:\/\/ongd.lgs.lu\/fr\/wp-json\/wp\/v2\/pages\/4322\/revisions"}],"predecessor-version":[{"id":4339,"href":"https:\/\/ongd.lgs.lu\/fr\/wp-json\/wp\/v2\/pages\/4322\/revisions\/4339"}],"up":[{"embeddable":true,"href":"https:\/\/ongd.lgs.lu\/fr\/wp-json\/wp\/v2\/pages\/30"}],"wp:featuredmedia":[{"embeddable":true,"href":"https:\/\/ongd.lgs.lu\/fr\/wp-json\/wp\/v2\/media\/4330"}],"wp:attachment":[{"href":"https:\/\/ongd.lgs.lu\/fr\/wp-json\/wp\/v2\/media?parent=4322"}],"curies":[{"name":"wp","href":"https:\/\/api.w.org\/{rel}","templated":true}]}}