{"id":4360,"date":"2026-04-14T10:56:33","date_gmt":"2026-04-14T08:56:33","guid":{"rendered":"https:\/\/ongd.lgs.lu\/?page_id=4360"},"modified":"2026-04-14T10:56:33","modified_gmt":"2026-04-14T08:56:33","slug":"fr-renforcer-linclusion-financiere-et-la-resilience-des-micro-entrepreneures-vulnerables-au-senegal-2026-2030","status":"publish","type":"page","link":"https:\/\/ongd.lgs.lu\/fr\/projeten\/senegal\/fr-renforcer-linclusion-financiere-et-la-resilience-des-micro-entrepreneures-vulnerables-au-senegal-2026-2030\/","title":{"rendered":"Renforcer l&rsquo;inclusion financi\u00e8re et la r\u00e9silience des micro-entrepreneur(e)s vuln\u00e9rables au S\u00e9n\u00e9gal 2026-2030"},"content":{"rendered":"<strong>Lieu<\/strong>\u00a0: (pays, r\u00e9gion, localit\u00e9)\u00a0: S\u00e9n\u00e9gal, villes de Dakar, Thi\u00e8s et Fatick<\/p>\n<p><strong>Contenu et d\u00e9roulement du projet<\/strong>\u00a0:<\/p>\n<p>Le projet vise \u00e0 renforcer l\u2019inclusion financi\u00e8re, l\u2019autonomie \u00e9conomique et la r\u00e9silience d\u2019environ 600 micro-entrepreneurs vuln\u00e9rables, principalement des femmes et des jeunes en situation de handicap ou de pauvret\u00e9 dans les r\u00e9gions de Dakar, Thi\u00e8s et Fatick. Il s\u2019appuie sur une approche int\u00e9gr\u00e9e combinant le renforcement des capacit\u00e9s financi\u00e8res et entrepreneuriales, un accompagnement de proximit\u00e9 et le renforcement institutionnel du partenaire local, la MEC FONEES.<\/p>\n<p>A travers le partenariat entre la MEC FONEES et l\u2019ONGD Guiden a Scouten fir ENG Welt, plusieurs centaines de femmes ont d\u00e9j\u00e0 pu acc\u00e9der \u00e0 des financements et \u00e0 des formations pour d\u00e9velopper des activit\u00e9s g\u00e9n\u00e9ratrices de revenus telles que la fabrication de savon ou la transformation de c\u00e9r\u00e9ales. L\u2019augmentation des revenus a eu des effets directs sur les conditions de vie des familles (maintien des filles \u00e0 l\u2019\u00e9cole, achat de terrains, augmentation de l\u2019\u00e9pargne des groupements). C\u2019est pourquoi l\u2019ONGD Guiden a Scouten fir ENG Welt continue d\u2019appuyer ces activit\u00e9s dans son nouvel accord-cadre 2026-2030.<\/p>\n<p>Le projet pr\u00e9voit la formation de 600 jeunes en entreprenariat, en \u00e9ducation financi\u00e8re et en gestion d\u2019activit\u00e9s g\u00e9n\u00e9ratrices de revenus. Les comp\u00e9tences num\u00e9riques de base, l\u2019adaptation climatique et les perspectives de genre seront int\u00e9gr\u00e9es dans les modules. Deux fonds de cr\u00e9dit seront mis en place : l\u2019un destin\u00e9 aux jeunes en g\u00e9n\u00e9ral, et l\u2019autre sp\u00e9cifiquement aux jeunes sortants du Centre de Formation Pratique \u00e0 Mboro, afin de cr\u00e9er des synergies avec notre partenaire local Jeunesse et D\u00e9veloppement.<\/p>\n<p>Les b\u00e9n\u00e9ficiaires de cr\u00e9dits, souvent organis\u00e9s en groupes, peuvent d\u00e9velopper des activit\u00e9s vari\u00e9es (commerce, agriculture, cosm\u00e9tiques, couture, etc). Les demandes de financement sont toujours soigneusement analys\u00e9es par la MEC FONEES avant d\u2019\u00eatre accept\u00e9es. Le remboursement des cr\u00e9dits permet de r\u00e9injecter les fonds dans de nouveaux projets, amplifiant ainsi l\u2019impact du programme.<\/p>\n<p>Un accompagnement rapproch\u00e9 est pr\u00e9vu pour soutenir les b\u00e9n\u00e9ficiaires dans la gestion quotidienne de leurs activit\u00e9s.<\/p>\n<p><u>B\u00e9n\u00e9ficiaires\u00a0:<\/u> 600 jeunes et femmes<\/p>\n<p><strong>Les activit\u00e9s du projet sont r\u00e9parties sur trois r\u00e9sultats <\/strong>:<\/p>\n<ol>\n<li><strong><em>Les b\u00e9n\u00e9ficiaires ont acquis les comp\u00e9tences n\u00e9cessaires pour g\u00e9rer efficacement leur micro-activit\u00e9.<\/em><\/strong><\/li>\n<\/ol>\n<ul>\n<li>Conception et adaptation des modules de formation<\/li>\n<li>Organisation et animation des ateliers<\/li>\n<\/ul>\n<ol start=\"2\">\n<li><strong><em>Le dispositif d\u2019accompagnement de proximit\u00e9 est fonctionnel et actif<\/em><\/strong><\/li>\n<\/ol>\n<ul>\n<li>Une ligne de financement pour appuyer les activit\u00e9s g\u00e9n\u00e9ratrices de revenus est mise en place<\/li>\n<li>Les b\u00e9n\u00e9ficiaires sont accompagn\u00e9s dans la mise en \u0153uvre de leurs activit\u00e9s.<\/li>\n<li>Une ligne de financement pour appuyer les sortants du CIFOP<\/li>\n<\/ul>\n<ol start=\"3\">\n<li><strong><em>La MEC FONEES a renforc\u00e9 ses capacit\u00e9s institutionnelles, suivi et \u00e9valuation, gouvernance et gestion des risques<\/em><\/strong><\/li>\n<\/ol>\n<p><strong>Le partenaire local : <\/strong><\/p>\n<p>La Mutuelle d\u2019\u00e9pargne et de cr\u00e9dit du Fonds National des Eclaireurs et Eclaireuses du S\u00e9n\u00e9gal (MEC FONEES), est une institution financi\u00e8re solidaire.<\/p>\n<p>Cr\u00e9\u00e9 en 1999, la MEC FONEES est une mutuelle d\u2019\u00e9pargne et de cr\u00e9dit b\u00e9n\u00e9ficiant de l\u2019expertise de l\u2019association des Eclaireuses et Eclaireurs du S\u00e9n\u00e9gal (EEDS). Elle a son si\u00e8ge principal \u00e0 Dakar et dispose de plusieurs guichets notamment dans les r\u00e9gions de Dakar, Thi\u00e8s et Fatick.<\/p>\n<p>MEC FONEES se positionne comme un levier de lutte contre la pauvret\u00e9, avec un fort engagement en faveur de l\u2019autopromotion \u00e9conomique et sociale des jeunes, des femmes et des personnes en situation de handicap. Elle \u0153uvre \u00e9galement \u00e0 assurer la rentabilit\u00e9 de ses activit\u00e9s afin de garantir la p\u00e9rennit\u00e9 de ses actions.<\/p>\n<p><strong>Dur\u00e9e du projet\u00a0: <\/strong><\/p>\n<p>Projet de 5 ans, du 01\/01\/2026 au 31\/12\/2030<\/p>\n<p><strong>Budget\u00a0: <\/strong><\/p>\n<p>Budget global\u00a0: 216.640 \u20ac<\/p>\n<p>Participation du MAEE\u00a0(80 %)\u00a0: 173.312 \u20ac<\/p>\n<p>Fonds propres ONG\u00a0(20 %)\u00a0: 43.328 \u20ac<\/p>\n<div id='gallery-1' class='gallery galleryid-4360 gallery-columns-3 gallery-size-thumbnail'><figure class='gallery-item'>\n\t\t\t<div class='gallery-icon landscape'>\n\t\t\t\t<a data-lightbox=\"gallery\" href='https:\/\/ongd.lgs.lu\/wp-content\/uploads\/sites\/15\/2026\/04\/IMG_8527.jpg'><img loading=\"lazy\" decoding=\"async\" width=\"150\" height=\"150\" src=\"https:\/\/ongd.lgs.lu\/wp-content\/uploads\/sites\/15\/2026\/04\/IMG_8527-150x150.jpg\" class=\"attachment-thumbnail size-thumbnail\" alt=\"\" srcset=\"https:\/\/ongd.lgs.lu\/wp-content\/uploads\/sites\/15\/2026\/04\/IMG_8527-150x150.jpg 150w, https:\/\/ongd.lgs.lu\/wp-content\/uploads\/sites\/15\/2026\/04\/IMG_8527-700x700.jpg 700w, https:\/\/ongd.lgs.lu\/wp-content\/uploads\/sites\/15\/2026\/04\/IMG_8527-125x125.jpg 125w\" sizes=\"auto, (max-width: 150px) 100vw, 150px\" \/><\/a>\n\t\t\t<\/div><\/figure><figure class='gallery-item'>\n\t\t\t<div class='gallery-icon landscape'>\n\t\t\t\t<a data-lightbox=\"gallery\" href='https:\/\/ongd.lgs.lu\/wp-content\/uploads\/sites\/15\/2026\/04\/IMG_8526.jpg'><img loading=\"lazy\" decoding=\"async\" width=\"150\" height=\"150\" src=\"https:\/\/ongd.lgs.lu\/wp-content\/uploads\/sites\/15\/2026\/04\/IMG_8526-150x150.jpg\" class=\"attachment-thumbnail size-thumbnail\" alt=\"\" srcset=\"https:\/\/ongd.lgs.lu\/wp-content\/uploads\/sites\/15\/2026\/04\/IMG_8526-150x150.jpg 150w, https:\/\/ongd.lgs.lu\/wp-content\/uploads\/sites\/15\/2026\/04\/IMG_8526-700x700.jpg 700w, https:\/\/ongd.lgs.lu\/wp-content\/uploads\/sites\/15\/2026\/04\/IMG_8526-125x125.jpg 125w\" sizes=\"auto, (max-width: 150px) 100vw, 150px\" \/><\/a>\n\t\t\t<\/div><\/figure><figure class='gallery-item'>\n\t\t\t<div class='gallery-icon landscape'>\n\t\t\t\t<a data-lightbox=\"gallery\" href='https:\/\/ongd.lgs.lu\/wp-content\/uploads\/sites\/15\/2026\/04\/thumbnail_IMG_8523.jpg'><img loading=\"lazy\" decoding=\"async\" width=\"150\" height=\"150\" src=\"https:\/\/ongd.lgs.lu\/wp-content\/uploads\/sites\/15\/2026\/04\/thumbnail_IMG_8523-150x150.jpg\" class=\"attachment-thumbnail size-thumbnail\" alt=\"\" srcset=\"https:\/\/ongd.lgs.lu\/wp-content\/uploads\/sites\/15\/2026\/04\/thumbnail_IMG_8523-150x150.jpg 150w, https:\/\/ongd.lgs.lu\/wp-content\/uploads\/sites\/15\/2026\/04\/thumbnail_IMG_8523-700x700.jpg 700w, https:\/\/ongd.lgs.lu\/wp-content\/uploads\/sites\/15\/2026\/04\/thumbnail_IMG_8523-125x125.jpg 125w\" sizes=\"auto, (max-width: 150px) 100vw, 150px\" \/><\/a>\n\t\t\t<\/div><\/figure><figure class='gallery-item'>\n\t\t\t<div class='gallery-icon landscape'>\n\t\t\t\t<a data-lightbox=\"gallery\" href='https:\/\/ongd.lgs.lu\/wp-content\/uploads\/sites\/15\/2026\/04\/PHOTO-2024-10-10-14-48-01.jpg'><img loading=\"lazy\" decoding=\"async\" width=\"150\" height=\"150\" src=\"https:\/\/ongd.lgs.lu\/wp-content\/uploads\/sites\/15\/2026\/04\/PHOTO-2024-10-10-14-48-01-150x150.jpg\" class=\"attachment-thumbnail size-thumbnail\" alt=\"\" srcset=\"https:\/\/ongd.lgs.lu\/wp-content\/uploads\/sites\/15\/2026\/04\/PHOTO-2024-10-10-14-48-01-150x150.jpg 150w, https:\/\/ongd.lgs.lu\/wp-content\/uploads\/sites\/15\/2026\/04\/PHOTO-2024-10-10-14-48-01-700x700.jpg 700w, https:\/\/ongd.lgs.lu\/wp-content\/uploads\/sites\/15\/2026\/04\/PHOTO-2024-10-10-14-48-01-125x125.jpg 125w\" sizes=\"auto, (max-width: 150px) 100vw, 150px\" \/><\/a>\n\t\t\t<\/div><\/figure><figure class='gallery-item'>\n\t\t\t<div class='gallery-icon landscape'>\n\t\t\t\t<a data-lightbox=\"gallery\" href='https:\/\/ongd.lgs.lu\/wp-content\/uploads\/sites\/15\/2026\/04\/PHOTO-2024-11-24-17-43-42.jpg'><img loading=\"lazy\" decoding=\"async\" width=\"150\" height=\"150\" src=\"https:\/\/ongd.lgs.lu\/wp-content\/uploads\/sites\/15\/2026\/04\/PHOTO-2024-11-24-17-43-42-150x150.jpg\" class=\"attachment-thumbnail size-thumbnail\" alt=\"\" srcset=\"https:\/\/ongd.lgs.lu\/wp-content\/uploads\/sites\/15\/2026\/04\/PHOTO-2024-11-24-17-43-42-150x150.jpg 150w, https:\/\/ongd.lgs.lu\/wp-content\/uploads\/sites\/15\/2026\/04\/PHOTO-2024-11-24-17-43-42-700x700.jpg 700w, https:\/\/ongd.lgs.lu\/wp-content\/uploads\/sites\/15\/2026\/04\/PHOTO-2024-11-24-17-43-42-125x125.jpg 125w\" sizes=\"auto, (max-width: 150px) 100vw, 150px\" \/><\/a>\n\t\t\t<\/div><\/figure><figure class='gallery-item'>\n\t\t\t<div class='gallery-icon landscape'>\n\t\t\t\t<a data-lightbox=\"gallery\" href='https:\/\/ongd.lgs.lu\/wp-content\/uploads\/sites\/15\/2026\/04\/PHOTO-2024-11-20-17-18-16.jpg'><img loading=\"lazy\" decoding=\"async\" width=\"150\" height=\"150\" src=\"https:\/\/ongd.lgs.lu\/wp-content\/uploads\/sites\/15\/2026\/04\/PHOTO-2024-11-20-17-18-16-150x150.jpg\" class=\"attachment-thumbnail size-thumbnail\" alt=\"\" srcset=\"https:\/\/ongd.lgs.lu\/wp-content\/uploads\/sites\/15\/2026\/04\/PHOTO-2024-11-20-17-18-16-150x150.jpg 150w, https:\/\/ongd.lgs.lu\/wp-content\/uploads\/sites\/15\/2026\/04\/PHOTO-2024-11-20-17-18-16-700x700.jpg 700w, https:\/\/ongd.lgs.lu\/wp-content\/uploads\/sites\/15\/2026\/04\/PHOTO-2024-11-20-17-18-16-125x125.jpg 125w\" sizes=\"auto, (max-width: 150px) 100vw, 150px\" \/><\/a>\n\t\t\t<\/div><\/figure><figure class='gallery-item'>\n\t\t\t<div class='gallery-icon landscape'>\n\t\t\t\t<a data-lightbox=\"gallery\" href='https:\/\/ongd.lgs.lu\/wp-content\/uploads\/sites\/15\/2026\/04\/PHOTO-2024-02-07-09-51-31-4.jpg'><img loading=\"lazy\" decoding=\"async\" width=\"150\" height=\"150\" src=\"https:\/\/ongd.lgs.lu\/wp-content\/uploads\/sites\/15\/2026\/04\/PHOTO-2024-02-07-09-51-31-4-150x150.jpg\" class=\"attachment-thumbnail size-thumbnail\" alt=\"\" srcset=\"https:\/\/ongd.lgs.lu\/wp-content\/uploads\/sites\/15\/2026\/04\/PHOTO-2024-02-07-09-51-31-4-150x150.jpg 150w, https:\/\/ongd.lgs.lu\/wp-content\/uploads\/sites\/15\/2026\/04\/PHOTO-2024-02-07-09-51-31-4-700x700.jpg 700w, https:\/\/ongd.lgs.lu\/wp-content\/uploads\/sites\/15\/2026\/04\/PHOTO-2024-02-07-09-51-31-4-125x125.jpg 125w\" sizes=\"auto, (max-width: 150px) 100vw, 150px\" \/><\/a>\n\t\t\t<\/div><\/figure><figure class='gallery-item'>\n\t\t\t<div class='gallery-icon landscape'>\n\t\t\t\t<a data-lightbox=\"gallery\" href='https:\/\/ongd.lgs.lu\/wp-content\/uploads\/sites\/15\/2026\/04\/0f3098d2-592f-41ba-8075-f0040de29d23.jpg'><img loading=\"lazy\" decoding=\"async\" width=\"150\" height=\"150\" src=\"https:\/\/ongd.lgs.lu\/wp-content\/uploads\/sites\/15\/2026\/04\/0f3098d2-592f-41ba-8075-f0040de29d23-150x150.jpg\" class=\"attachment-thumbnail size-thumbnail\" alt=\"\" srcset=\"https:\/\/ongd.lgs.lu\/wp-content\/uploads\/sites\/15\/2026\/04\/0f3098d2-592f-41ba-8075-f0040de29d23-150x150.jpg 150w, https:\/\/ongd.lgs.lu\/wp-content\/uploads\/sites\/15\/2026\/04\/0f3098d2-592f-41ba-8075-f0040de29d23-700x700.jpg 700w, https:\/\/ongd.lgs.lu\/wp-content\/uploads\/sites\/15\/2026\/04\/0f3098d2-592f-41ba-8075-f0040de29d23-125x125.jpg 125w\" sizes=\"auto, (max-width: 150px) 100vw, 150px\" \/><\/a>\n\t\t\t<\/div><\/figure><figure class='gallery-item'>\n\t\t\t<div class='gallery-icon landscape'>\n\t\t\t\t<a data-lightbox=\"gallery\" href='https:\/\/ongd.lgs.lu\/wp-content\/uploads\/sites\/15\/2026\/04\/a3c0c3db-0d0b-4f56-9d21-0f8f623b5471.jpg'><img loading=\"lazy\" decoding=\"async\" width=\"150\" height=\"150\" src=\"https:\/\/ongd.lgs.lu\/wp-content\/uploads\/sites\/15\/2026\/04\/a3c0c3db-0d0b-4f56-9d21-0f8f623b5471-150x150.jpg\" class=\"attachment-thumbnail size-thumbnail\" alt=\"\" srcset=\"https:\/\/ongd.lgs.lu\/wp-content\/uploads\/sites\/15\/2026\/04\/a3c0c3db-0d0b-4f56-9d21-0f8f623b5471-150x150.jpg 150w, https:\/\/ongd.lgs.lu\/wp-content\/uploads\/sites\/15\/2026\/04\/a3c0c3db-0d0b-4f56-9d21-0f8f623b5471-700x700.jpg 700w, https:\/\/ongd.lgs.lu\/wp-content\/uploads\/sites\/15\/2026\/04\/a3c0c3db-0d0b-4f56-9d21-0f8f623b5471-125x125.jpg 125w\" sizes=\"auto, (max-width: 150px) 100vw, 150px\" \/><\/a>\n\t\t\t<\/div><\/figure><figure class='gallery-item'>\n\t\t\t<div class='gallery-icon landscape'>\n\t\t\t\t<a data-lightbox=\"gallery\" href='https:\/\/ongd.lgs.lu\/wp-content\/uploads\/sites\/15\/2026\/04\/WhatsApp-Image-2025-11-22-at-14.35.03-2.jpeg'><img loading=\"lazy\" decoding=\"async\" width=\"150\" height=\"150\" src=\"https:\/\/ongd.lgs.lu\/wp-content\/uploads\/sites\/15\/2026\/04\/WhatsApp-Image-2025-11-22-at-14.35.03-2-150x150.jpeg\" class=\"attachment-thumbnail size-thumbnail\" alt=\"\" srcset=\"https:\/\/ongd.lgs.lu\/wp-content\/uploads\/sites\/15\/2026\/04\/WhatsApp-Image-2025-11-22-at-14.35.03-2-150x150.jpeg 150w, https:\/\/ongd.lgs.lu\/wp-content\/uploads\/sites\/15\/2026\/04\/WhatsApp-Image-2025-11-22-at-14.35.03-2-700x700.jpeg 700w, https:\/\/ongd.lgs.lu\/wp-content\/uploads\/sites\/15\/2026\/04\/WhatsApp-Image-2025-11-22-at-14.35.03-2-125x125.jpeg 125w\" sizes=\"auto, (max-width: 150px) 100vw, 150px\" \/><\/a>\n\t\t\t<\/div><\/figure><figure class='gallery-item'>\n\t\t\t<div class='gallery-icon landscape'>\n\t\t\t\t<a data-lightbox=\"gallery\" href='https:\/\/ongd.lgs.lu\/wp-content\/uploads\/sites\/15\/2026\/04\/WhatsApp-Image-2025-11-22-at-14.35.03.jpeg'><img loading=\"lazy\" decoding=\"async\" width=\"150\" height=\"150\" src=\"https:\/\/ongd.lgs.lu\/wp-content\/uploads\/sites\/15\/2026\/04\/WhatsApp-Image-2025-11-22-at-14.35.03-150x150.jpeg\" class=\"attachment-thumbnail size-thumbnail\" alt=\"\" srcset=\"https:\/\/ongd.lgs.lu\/wp-content\/uploads\/sites\/15\/2026\/04\/WhatsApp-Image-2025-11-22-at-14.35.03-150x150.jpeg 150w, https:\/\/ongd.lgs.lu\/wp-content\/uploads\/sites\/15\/2026\/04\/WhatsApp-Image-2025-11-22-at-14.35.03-700x700.jpeg 700w, https:\/\/ongd.lgs.lu\/wp-content\/uploads\/sites\/15\/2026\/04\/WhatsApp-Image-2025-11-22-at-14.35.03-125x125.jpeg 125w\" sizes=\"auto, (max-width: 150px) 100vw, 150px\" \/><\/a>\n\t\t\t<\/div><\/figure><figure class='gallery-item'>\n\t\t\t<div class='gallery-icon landscape'>\n\t\t\t\t<a data-lightbox=\"gallery\" href='https:\/\/ongd.lgs.lu\/wp-content\/uploads\/sites\/15\/2026\/04\/WhatsApp-Image-2025-11-22-at-22.45.03.jpeg'><img loading=\"lazy\" decoding=\"async\" width=\"150\" height=\"150\" src=\"https:\/\/ongd.lgs.lu\/wp-content\/uploads\/sites\/15\/2026\/04\/WhatsApp-Image-2025-11-22-at-22.45.03-150x150.jpeg\" class=\"attachment-thumbnail size-thumbnail\" alt=\"\" srcset=\"https:\/\/ongd.lgs.lu\/wp-content\/uploads\/sites\/15\/2026\/04\/WhatsApp-Image-2025-11-22-at-22.45.03-150x150.jpeg 150w, https:\/\/ongd.lgs.lu\/wp-content\/uploads\/sites\/15\/2026\/04\/WhatsApp-Image-2025-11-22-at-22.45.03-700x700.jpeg 700w, https:\/\/ongd.lgs.lu\/wp-content\/uploads\/sites\/15\/2026\/04\/WhatsApp-Image-2025-11-22-at-22.45.03-125x125.jpeg 125w\" sizes=\"auto, (max-width: 150px) 100vw, 150px\" \/><\/a>\n\t\t\t<\/div><\/figure><figure class='gallery-item'>\n\t\t\t<div class='gallery-icon landscape'>\n\t\t\t\t<a data-lightbox=\"gallery\" href='https:\/\/ongd.lgs.lu\/wp-content\/uploads\/sites\/15\/2026\/04\/WhatsApp-Image-2025-11-22-at-22.48.06.jpeg'><img loading=\"lazy\" decoding=\"async\" width=\"150\" height=\"150\" src=\"https:\/\/ongd.lgs.lu\/wp-content\/uploads\/sites\/15\/2026\/04\/WhatsApp-Image-2025-11-22-at-22.48.06-150x150.jpeg\" class=\"attachment-thumbnail size-thumbnail\" alt=\"\" srcset=\"https:\/\/ongd.lgs.lu\/wp-content\/uploads\/sites\/15\/2026\/04\/WhatsApp-Image-2025-11-22-at-22.48.06-150x150.jpeg 150w, https:\/\/ongd.lgs.lu\/wp-content\/uploads\/sites\/15\/2026\/04\/WhatsApp-Image-2025-11-22-at-22.48.06-700x700.jpeg 700w, https:\/\/ongd.lgs.lu\/wp-content\/uploads\/sites\/15\/2026\/04\/WhatsApp-Image-2025-11-22-at-22.48.06-125x125.jpeg 125w\" sizes=\"auto, (max-width: 150px) 100vw, 150px\" \/><\/a>\n\t\t\t<\/div><\/figure>\n\t\t<\/div>","protected":false},"excerpt":{"rendered":"<p>Lieu\u00a0: (pays, r\u00e9gion, localit\u00e9)\u00a0: S\u00e9n\u00e9gal, villes de Dakar, Thi\u00e8s et Fatick Contenu et d\u00e9roulement du projet\u00a0: Le projet vise \u00e0 renforcer l\u2019inclusion financi\u00e8re, l\u2019autonomie \u00e9conomique et la r\u00e9silience d\u2019environ 600 micro-entrepreneurs vuln\u00e9rables, principalement des femmes et des jeunes en situation de handicap ou de pauvret\u00e9 dans les r\u00e9gions de Dakar, Thi\u00e8s et Fatick. Il s\u2019appuie&#8230;  <a class=\"excerpt-read-more\" href=\"https:\/\/ongd.lgs.lu\/fr\/projeten\/senegal\/fr-renforcer-linclusion-financiere-et-la-resilience-des-micro-entrepreneures-vulnerables-au-senegal-2026-2030\/\" title=\"ReadRenforcer l&rsquo;inclusion financi\u00e8re et la r\u00e9silience des micro-entrepreneur(e)s vuln\u00e9rables au S\u00e9n\u00e9gal 2026-2030\">Read more &raquo;<\/a><\/p>\n","protected":false},"author":2258,"featured_media":4363,"parent":27,"menu_order":0,"comment_status":"closed","ping_status":"closed","template":"","meta":{"footnotes":""},"class_list":["post-4360","page","type-page","status-publish","has-post-thumbnail","hentry"],"_links":{"self":[{"href":"https:\/\/ongd.lgs.lu\/fr\/wp-json\/wp\/v2\/pages\/4360","targetHints":{"allow":["GET"]}}],"collection":[{"href":"https:\/\/ongd.lgs.lu\/fr\/wp-json\/wp\/v2\/pages"}],"about":[{"href":"https:\/\/ongd.lgs.lu\/fr\/wp-json\/wp\/v2\/types\/page"}],"author":[{"embeddable":true,"href":"https:\/\/ongd.lgs.lu\/fr\/wp-json\/wp\/v2\/users\/2258"}],"replies":[{"embeddable":true,"href":"https:\/\/ongd.lgs.lu\/fr\/wp-json\/wp\/v2\/comments?post=4360"}],"version-history":[{"count":1,"href":"https:\/\/ongd.lgs.lu\/fr\/wp-json\/wp\/v2\/pages\/4360\/revisions"}],"predecessor-version":[{"id":4374,"href":"https:\/\/ongd.lgs.lu\/fr\/wp-json\/wp\/v2\/pages\/4360\/revisions\/4374"}],"up":[{"embeddable":true,"href":"https:\/\/ongd.lgs.lu\/fr\/wp-json\/wp\/v2\/pages\/27"}],"wp:featuredmedia":[{"embeddable":true,"href":"https:\/\/ongd.lgs.lu\/fr\/wp-json\/wp\/v2\/media\/4363"}],"wp:attachment":[{"href":"https:\/\/ongd.lgs.lu\/fr\/wp-json\/wp\/v2\/media?parent=4360"}],"curies":[{"name":"wp","href":"https:\/\/api.w.org\/{rel}","templated":true}]}}