{"id":49,"date":"2015-11-30T12:19:27","date_gmt":"2015-11-30T11:19:27","guid":{"rendered":"https:\/\/ongd.lgs.lu\/?page_id=49"},"modified":"2023-02-20T11:08:50","modified_gmt":"2023-02-20T10:08:50","slug":"don","status":"publish","type":"page","link":"https:\/\/ongd.lgs.lu\/fr\/don\/","title":{"rendered":"Soutenez nos projets, faites un don!"},"content":{"rendered":"<p style=\"text-align: left\">Vous pouvez soutenir nos projets par un don sur l&rsquo;un des deux comptes suivants ou par Payconiq. Les enfants et les jeunes de nos pays partenaires vous remercient.<\/p>\n<hr \/>\n<p style=\"text-align: center\"><strong>CCPL\u00a0 <\/strong>LU54 1111 0882 8010 0000<\/p>\n<p style=\"text-align: center\"><strong>BGLL\u00a0 <\/strong>LU88 0030 3469 4611 0000<\/p>\n<p style=\"text-align: center\"><span style=\"font-weight: 400\"><a href=\"https:\/\/www.payconiq.com\/T\/1\/60DF1212648D6300076F366A\" target=\"_blank\" rel=\"noopener\"><img loading=\"lazy\" decoding=\"async\" class=\"wp-image-3032 aligncenter\" src=\"https:\/\/ongd.lgs.lu\/wp-content\/uploads\/sites\/15\/2023\/01\/qrcode.png\" alt=\"Payconiq QR Code\" width=\"171\" height=\"171\" srcset=\"https:\/\/ongd.lgs.lu\/wp-content\/uploads\/sites\/15\/2023\/01\/qrcode.png 250w, https:\/\/ongd.lgs.lu\/wp-content\/uploads\/sites\/15\/2023\/01\/qrcode-150x150.png 150w, https:\/\/ongd.lgs.lu\/wp-content\/uploads\/sites\/15\/2023\/01\/qrcode-125x125.png 125w\" sizes=\"auto, (max-width: 171px) 100vw, 171px\" \/><\/a><\/span><\/p>\n<hr \/>\n<p style=\"text-align: left\"><span style=\"font-weight: 400\">L&rsquo;ONGD Guiden a Scouten fir ENG Welt est une ONG reconnue par l&rsquo;\u00c9tat. <\/span><span style=\"font-weight: 400\">Les dons vers\u00e9s sur le compte sont d\u00e9ductibles de votre revenu imposable si le total de vos dons \u00e0 des associations reconnues atteint au moins 120\u20ac par an.<\/span><\/p>\n<p style=\"text-align: left\"><a href=\"https:\/\/ongd.lgs.lu\/wp-content\/uploads\/sites\/15\/2018\/10\/Politique-de-confidentialit\u00e9-ONG.pdf\" target=\"_blank\" rel=\"noopener\">Politique de confidentialit\u00e9 ONG.pdf<\/a><\/p>\n<p style=\"text-align: left\"><a href=\"https:\/\/ongd.lgs.lu\/wp-content\/uploads\/sites\/15\/2016\/02\/Footer_small-blank.png\" rel=\"attachment wp-att-121\"><img loading=\"lazy\" decoding=\"async\" class=\" wp-image-121 aligncenter\" src=\"https:\/\/ongd.lgs.lu\/wp-content\/uploads\/sites\/15\/2016\/02\/Footer_small-blank-300x16.png\" alt=\"Footer_small-blank\" width=\"772\" height=\"41\" srcset=\"https:\/\/ongd.lgs.lu\/wp-content\/uploads\/sites\/15\/2016\/02\/Footer_small-blank-300x16.png 300w, https:\/\/ongd.lgs.lu\/wp-content\/uploads\/sites\/15\/2016\/02\/Footer_small-blank-768x42.png 768w, https:\/\/ongd.lgs.lu\/wp-content\/uploads\/sites\/15\/2016\/02\/Footer_small-blank.png 1014w\" sizes=\"auto, (max-width: 772px) 100vw, 772px\" \/><\/a><\/p>\n<p><img loading=\"lazy\" decoding=\"async\" class=\"alignleft\" src=\"https:\/\/www.paypalobjects.com\/fr_XC\/i\/scr\/pixel.gif\" alt=\"\" width=\"1\" height=\"1\" border=\"0\" \/>","protected":false},"excerpt":{"rendered":"<p>Vous pouvez soutenir nos projets par un don sur l&rsquo;un des deux comptes suivants ou par Payconiq. Les enfants et les jeunes de nos pays partenaires vous remercient. CCPL\u00a0 LU54 1111 0882 8010 0000 BGLL\u00a0 LU88 0030 3469 4611 0000 L&rsquo;ONGD Guiden a Scouten fir ENG Welt est une ONG reconnue par l&rsquo;\u00c9tat. Les dons&#8230;  <a class=\"excerpt-read-more\" href=\"https:\/\/ongd.lgs.lu\/fr\/don\/\" title=\"ReadSoutenez nos projets, faites un don!\">Read more &raquo;<\/a><\/p>\n","protected":false},"author":1871,"featured_media":2150,"parent":0,"menu_order":1,"comment_status":"closed","ping_status":"closed","template":"","meta":{"footnotes":""},"class_list":["post-49","page","type-page","status-publish","has-post-thumbnail","hentry"],"_links":{"self":[{"href":"https:\/\/ongd.lgs.lu\/fr\/wp-json\/wp\/v2\/pages\/49","targetHints":{"allow":["GET"]}}],"collection":[{"href":"https:\/\/ongd.lgs.lu\/fr\/wp-json\/wp\/v2\/pages"}],"about":[{"href":"https:\/\/ongd.lgs.lu\/fr\/wp-json\/wp\/v2\/types\/page"}],"author":[{"embeddable":true,"href":"https:\/\/ongd.lgs.lu\/fr\/wp-json\/wp\/v2\/users\/1871"}],"replies":[{"embeddable":true,"href":"https:\/\/ongd.lgs.lu\/fr\/wp-json\/wp\/v2\/comments?post=49"}],"version-history":[{"count":42,"href":"https:\/\/ongd.lgs.lu\/fr\/wp-json\/wp\/v2\/pages\/49\/revisions"}],"predecessor-version":[{"id":3435,"href":"https:\/\/ongd.lgs.lu\/fr\/wp-json\/wp\/v2\/pages\/49\/revisions\/3435"}],"wp:featuredmedia":[{"embeddable":true,"href":"https:\/\/ongd.lgs.lu\/fr\/wp-json\/wp\/v2\/media\/2150"}],"wp:attachment":[{"href":"https:\/\/ongd.lgs.lu\/fr\/wp-json\/wp\/v2\/media?parent=49"}],"curies":[{"name":"wp","href":"https:\/\/api.w.org\/{rel}","templated":true}]}}