{"id":584,"date":"2016-09-04T06:46:51","date_gmt":"2016-09-04T05:46:51","guid":{"rendered":"https:\/\/ongd.lgs.lu\/?page_id=584"},"modified":"2023-02-14T13:53:38","modified_gmt":"2023-02-14T12:53:38","slug":"e-blaisteft-fir-den-niger","status":"publish","type":"page","link":"https:\/\/ongd.lgs.lu\/fr\/projeten\/niger\/e-blaisteft-fir-den-niger\/","title":{"rendered":"E Bl\u00e4ist\u00ebft fir den NIGER 2015-2017"},"content":{"rendered":"Au Niger, il y a encore 28% des enfants en \u00e2ge scolaire qui ne sont pas scolaris\u00e9s. Pour ceux qui vont \u00e0 l\u2019\u00e9cole, les conditions sont loin d\u2019\u00eatre id\u00e9ales\u00a0: infrastructures non adapt\u00e9es, classes pl\u00e9thoriques, l\u2019insuffisance en fournitures scolaires, didactiques et p\u00e9dagogiques qui r\u00e9sultent en un enseignement pas toujours de bonne qualit\u00e9. Cette situation, associ\u00e9e au co\u00fbt des fournitures des enfants que les parents doivent endosser entraine trop souvent le retrait pr\u00e9matur\u00e9 des enfants de l\u2019\u00e9cole. Ce qui signifie que m\u00eame si les taux de scolarisation dans les premi\u00e8res ann\u00e9es d\u2019\u00e9cole primaire ont beaucoup progress\u00e9 ces derni\u00e8res ann\u00e9es, le taux d\u2019ach\u00e8vement de l\u2019\u00e9cole primaire reste bas \u00e0 environ 55%.<\/p>\n<p>L\u2019appui de LADE constitue une vrai aide pour les parents qui veulent garder les enfants \u00e0 l\u2019\u00e9cole mais qui n\u2019ont pas les moyens de payer toutes les fournitures n\u00e9cessaires. En effet, le projet finance une partie non n\u00e9gligeable des fournitures scolaires. Il est important de noter que les parents participent \u00e0 l\u2019achat des fournitures qui ne sont pas donn\u00e9es compl\u00e8tement gratuitement pour encourager l\u2019engagement des familles.<\/p>\n<p><strong>Partenaire local<\/strong><\/p>\n<p>Les amis de l\u2019\u00e9cole (LADE)<\/p>\n<p><strong>Objectif<\/strong><\/p>\n<p>A travers ce projet, LADE veut appuyer la scolarisation des enfants de Niamey, Niabere et Sanam et stimuler leur d\u00e9veloppement et le renforcement de l\u2019esprit de responsabilit\u00e9 \u00e0 travers des activit\u00e9s p\u00e9riscolaires telles que la prise en charge d\u2019un poulailler scolaire ou de jardins potagers.<br \/>\nLe soutien se fait sous forme de fournitures scolaires pour les \u00e9l\u00e8ves et les classes, ainsi qu\u2019en organisant des formations et des sessions de sensibilisation pour les \u00e9l\u00e8ves et les instituteurs. Les formations et sensibilisations couvrent les domaines des droits de l\u2019enfance, l\u2019environnement, le changement climatique et la sant\u00e9.<\/p>\n<p><strong>Activit\u00e9s<\/strong><\/p>\n<p>Sur les trois ans (2015-2017), le projet va :<\/p>\n<ul>\n<li>Doter 26 \u00e9coles et un lyc\u00e9e en fournitures scolaires pour les \u00e9coliers<\/li>\n<li>Doter 26 \u00e9coles et un lyc\u00e9e en mat\u00e9riel p\u00e9dagogique<\/li>\n<li>Doter 26 \u00e9coles en mat\u00e9riel ludique et sportif<\/li>\n<li>Acheter 400 table-bancs pour 3 \u00e9coles<\/li>\n<li>Mettre en place des poulaillers dans 3 \u00e9coles et des jardins potagers dans 20 \u00e9coles<\/li>\n<li>Organiser des formations et rencontres p\u00e9dagogiques pour les enseignants des 26 \u00e9coles<\/li>\n<li>Organiser des formations et sensibilisations pour les \u00e9l\u00e8ves sur diff\u00e9rentes th\u00e9matiques\u00a0: le changement climatique, les droits des enfants, l\u2019hygi\u00e8ne et la sant\u00e9.<\/li>\n<\/ul>\n<p><strong>Dur\u00e9e:\u00a0<\/strong>3 ans \u00a0(2015-2016-2017)<\/p>\n<p><strong>Budget Total\u00a0:<\/strong> 321.875 \u20ac<\/p>\n<p>Budgets annuels:<\/p>\n<ul>\n<li>2015\u00a0: 98\u00a0261 \u20ac<\/li>\n<li>2016\u00a0: 100\u00a0224 \u20ac<\/li>\n<li>2017\u00a0: 123 390 \u20ac<\/li>\n<\/ul>\n<p><strong>B\u00e9n\u00e9ficiaires<\/strong><br \/>\nPlus d\u201911.000 \u00e9l\u00e8ves de 7 \u00e0 18 ans, en situation difficile sont accompagn\u00e9s chaque ann\u00e9e r\u00e9partis en 26 \u00e9coles et un lyc\u00e9e.<\/p>\n<p><em>Merci \u00e0 la Commune de Niederanven pour son soutien \u00e0 ce projet!<\/em><\/p>\n<p>&nbsp;<\/p>\n<div id='gallery-2' class='gallery galleryid-584 gallery-columns-3 gallery-size-thumbnail'><figure class='gallery-item'>\n\t\t\t<div class='gallery-icon landscape'>\n\t\t\t\t<a data-lightbox=\"gallery\" href='https:\/\/ongd.lgs.lu\/wp-content\/uploads\/sites\/15\/2015\/11\/LADE-01.jpg'><img loading=\"lazy\" decoding=\"async\" width=\"150\" height=\"150\" src=\"https:\/\/ongd.lgs.lu\/wp-content\/uploads\/sites\/15\/2015\/11\/LADE-01-150x150.jpg\" class=\"attachment-thumbnail size-thumbnail\" alt=\"\" srcset=\"https:\/\/ongd.lgs.lu\/wp-content\/uploads\/sites\/15\/2015\/11\/LADE-01-150x150.jpg 150w, https:\/\/ongd.lgs.lu\/wp-content\/uploads\/sites\/15\/2015\/11\/LADE-01-700x700.jpg 700w, https:\/\/ongd.lgs.lu\/wp-content\/uploads\/sites\/15\/2015\/11\/LADE-01-125x125.jpg 125w\" sizes=\"auto, (max-width: 150px) 100vw, 150px\" \/><\/a>\n\t\t\t<\/div><\/figure><figure class='gallery-item'>\n\t\t\t<div class='gallery-icon landscape'>\n\t\t\t\t<a data-lightbox=\"gallery\" href='https:\/\/ongd.lgs.lu\/wp-content\/uploads\/sites\/15\/2015\/11\/LADE-02.jpg'><img loading=\"lazy\" decoding=\"async\" width=\"150\" height=\"150\" src=\"https:\/\/ongd.lgs.lu\/wp-content\/uploads\/sites\/15\/2015\/11\/LADE-02-150x150.jpg\" class=\"attachment-thumbnail size-thumbnail\" alt=\"\" srcset=\"https:\/\/ongd.lgs.lu\/wp-content\/uploads\/sites\/15\/2015\/11\/LADE-02-150x150.jpg 150w, https:\/\/ongd.lgs.lu\/wp-content\/uploads\/sites\/15\/2015\/11\/LADE-02-700x700.jpg 700w, https:\/\/ongd.lgs.lu\/wp-content\/uploads\/sites\/15\/2015\/11\/LADE-02-125x125.jpg 125w\" sizes=\"auto, (max-width: 150px) 100vw, 150px\" \/><\/a>\n\t\t\t<\/div><\/figure><figure class='gallery-item'>\n\t\t\t<div class='gallery-icon landscape'>\n\t\t\t\t<a data-lightbox=\"gallery\" href='https:\/\/ongd.lgs.lu\/wp-content\/uploads\/sites\/15\/2015\/11\/LADE-03.jpg'><img loading=\"lazy\" decoding=\"async\" width=\"150\" height=\"150\" src=\"https:\/\/ongd.lgs.lu\/wp-content\/uploads\/sites\/15\/2015\/11\/LADE-03-150x150.jpg\" class=\"attachment-thumbnail size-thumbnail\" alt=\"\" srcset=\"https:\/\/ongd.lgs.lu\/wp-content\/uploads\/sites\/15\/2015\/11\/LADE-03-150x150.jpg 150w, https:\/\/ongd.lgs.lu\/wp-content\/uploads\/sites\/15\/2015\/11\/LADE-03-700x700.jpg 700w, https:\/\/ongd.lgs.lu\/wp-content\/uploads\/sites\/15\/2015\/11\/LADE-03-125x125.jpg 125w\" sizes=\"auto, (max-width: 150px) 100vw, 150px\" \/><\/a>\n\t\t\t<\/div><\/figure><figure class='gallery-item'>\n\t\t\t<div class='gallery-icon landscape'>\n\t\t\t\t<a data-lightbox=\"gallery\" href='https:\/\/ongd.lgs.lu\/wp-content\/uploads\/sites\/15\/2015\/11\/LADE-04.jpg'><img loading=\"lazy\" decoding=\"async\" width=\"150\" height=\"150\" src=\"https:\/\/ongd.lgs.lu\/wp-content\/uploads\/sites\/15\/2015\/11\/LADE-04-150x150.jpg\" class=\"attachment-thumbnail size-thumbnail\" alt=\"\" srcset=\"https:\/\/ongd.lgs.lu\/wp-content\/uploads\/sites\/15\/2015\/11\/LADE-04-150x150.jpg 150w, https:\/\/ongd.lgs.lu\/wp-content\/uploads\/sites\/15\/2015\/11\/LADE-04-700x700.jpg 700w, https:\/\/ongd.lgs.lu\/wp-content\/uploads\/sites\/15\/2015\/11\/LADE-04-125x125.jpg 125w\" sizes=\"auto, (max-width: 150px) 100vw, 150px\" \/><\/a>\n\t\t\t<\/div><\/figure><figure class='gallery-item'>\n\t\t\t<div class='gallery-icon portrait'>\n\t\t\t\t<a data-lightbox=\"gallery\" href='https:\/\/ongd.lgs.lu\/wp-content\/uploads\/sites\/15\/2015\/11\/LADE-05.jpg'><img loading=\"lazy\" decoding=\"async\" width=\"150\" height=\"150\" src=\"https:\/\/ongd.lgs.lu\/wp-content\/uploads\/sites\/15\/2015\/11\/LADE-05-150x150.jpg\" class=\"attachment-thumbnail size-thumbnail\" alt=\"\" srcset=\"https:\/\/ongd.lgs.lu\/wp-content\/uploads\/sites\/15\/2015\/11\/LADE-05-150x150.jpg 150w, https:\/\/ongd.lgs.lu\/wp-content\/uploads\/sites\/15\/2015\/11\/LADE-05-700x700.jpg 700w, https:\/\/ongd.lgs.lu\/wp-content\/uploads\/sites\/15\/2015\/11\/LADE-05-125x125.jpg 125w\" sizes=\"auto, (max-width: 150px) 100vw, 150px\" \/><\/a>\n\t\t\t<\/div><\/figure><figure class='gallery-item'>\n\t\t\t<div class='gallery-icon landscape'>\n\t\t\t\t<a data-lightbox=\"gallery\" href='https:\/\/ongd.lgs.lu\/wp-content\/uploads\/sites\/15\/2015\/11\/LADE-06.jpg'><img loading=\"lazy\" decoding=\"async\" width=\"150\" height=\"150\" src=\"https:\/\/ongd.lgs.lu\/wp-content\/uploads\/sites\/15\/2015\/11\/LADE-06-150x150.jpg\" class=\"attachment-thumbnail size-thumbnail\" alt=\"\" srcset=\"https:\/\/ongd.lgs.lu\/wp-content\/uploads\/sites\/15\/2015\/11\/LADE-06-150x150.jpg 150w, https:\/\/ongd.lgs.lu\/wp-content\/uploads\/sites\/15\/2015\/11\/LADE-06-700x700.jpg 700w, https:\/\/ongd.lgs.lu\/wp-content\/uploads\/sites\/15\/2015\/11\/LADE-06-125x125.jpg 125w\" sizes=\"auto, (max-width: 150px) 100vw, 150px\" \/><\/a>\n\t\t\t<\/div><\/figure><figure class='gallery-item'>\n\t\t\t<div class='gallery-icon landscape'>\n\t\t\t\t<a data-lightbox=\"gallery\" href='https:\/\/ongd.lgs.lu\/wp-content\/uploads\/sites\/15\/2015\/11\/LADE-07.jpg'><img loading=\"lazy\" decoding=\"async\" width=\"150\" height=\"150\" src=\"https:\/\/ongd.lgs.lu\/wp-content\/uploads\/sites\/15\/2015\/11\/LADE-07-150x150.jpg\" class=\"attachment-thumbnail size-thumbnail\" alt=\"\" srcset=\"https:\/\/ongd.lgs.lu\/wp-content\/uploads\/sites\/15\/2015\/11\/LADE-07-150x150.jpg 150w, https:\/\/ongd.lgs.lu\/wp-content\/uploads\/sites\/15\/2015\/11\/LADE-07-700x700.jpg 700w, https:\/\/ongd.lgs.lu\/wp-content\/uploads\/sites\/15\/2015\/11\/LADE-07-125x125.jpg 125w\" sizes=\"auto, (max-width: 150px) 100vw, 150px\" \/><\/a>\n\t\t\t<\/div><\/figure><figure class='gallery-item'>\n\t\t\t<div class='gallery-icon landscape'>\n\t\t\t\t<a data-lightbox=\"gallery\" href='https:\/\/ongd.lgs.lu\/wp-content\/uploads\/sites\/15\/2015\/11\/LADE-08.jpg'><img loading=\"lazy\" decoding=\"async\" width=\"150\" height=\"150\" src=\"https:\/\/ongd.lgs.lu\/wp-content\/uploads\/sites\/15\/2015\/11\/LADE-08-150x150.jpg\" class=\"attachment-thumbnail size-thumbnail\" alt=\"\" srcset=\"https:\/\/ongd.lgs.lu\/wp-content\/uploads\/sites\/15\/2015\/11\/LADE-08-150x150.jpg 150w, https:\/\/ongd.lgs.lu\/wp-content\/uploads\/sites\/15\/2015\/11\/LADE-08-700x700.jpg 700w, https:\/\/ongd.lgs.lu\/wp-content\/uploads\/sites\/15\/2015\/11\/LADE-08-125x125.jpg 125w\" sizes=\"auto, (max-width: 150px) 100vw, 150px\" \/><\/a>\n\t\t\t<\/div><\/figure><figure class='gallery-item'>\n\t\t\t<div class='gallery-icon landscape'>\n\t\t\t\t<a data-lightbox=\"gallery\" href='https:\/\/ongd.lgs.lu\/wp-content\/uploads\/sites\/15\/2015\/11\/LADE-09.jpg'><img loading=\"lazy\" decoding=\"async\" width=\"150\" height=\"150\" src=\"https:\/\/ongd.lgs.lu\/wp-content\/uploads\/sites\/15\/2015\/11\/LADE-09-150x150.jpg\" class=\"attachment-thumbnail size-thumbnail\" alt=\"\" srcset=\"https:\/\/ongd.lgs.lu\/wp-content\/uploads\/sites\/15\/2015\/11\/LADE-09-150x150.jpg 150w, https:\/\/ongd.lgs.lu\/wp-content\/uploads\/sites\/15\/2015\/11\/LADE-09-700x700.jpg 700w, https:\/\/ongd.lgs.lu\/wp-content\/uploads\/sites\/15\/2015\/11\/LADE-09-125x125.jpg 125w\" sizes=\"auto, (max-width: 150px) 100vw, 150px\" \/><\/a>\n\t\t\t<\/div><\/figure><figure class='gallery-item'>\n\t\t\t<div class='gallery-icon landscape'>\n\t\t\t\t<a data-lightbox=\"gallery\" href='https:\/\/ongd.lgs.lu\/wp-content\/uploads\/sites\/15\/2015\/11\/LADE-10.jpg'><img loading=\"lazy\" decoding=\"async\" width=\"150\" height=\"150\" src=\"https:\/\/ongd.lgs.lu\/wp-content\/uploads\/sites\/15\/2015\/11\/LADE-10-150x150.jpg\" class=\"attachment-thumbnail size-thumbnail\" alt=\"\" srcset=\"https:\/\/ongd.lgs.lu\/wp-content\/uploads\/sites\/15\/2015\/11\/LADE-10-150x150.jpg 150w, https:\/\/ongd.lgs.lu\/wp-content\/uploads\/sites\/15\/2015\/11\/LADE-10-700x700.jpg 700w, https:\/\/ongd.lgs.lu\/wp-content\/uploads\/sites\/15\/2015\/11\/LADE-10-125x125.jpg 125w\" sizes=\"auto, (max-width: 150px) 100vw, 150px\" \/><\/a>\n\t\t\t<\/div><\/figure><figure class='gallery-item'>\n\t\t\t<div class='gallery-icon landscape'>\n\t\t\t\t<a data-lightbox=\"gallery\" href='https:\/\/ongd.lgs.lu\/wp-content\/uploads\/sites\/15\/2015\/11\/LADE-11.jpg'><img loading=\"lazy\" decoding=\"async\" width=\"150\" height=\"150\" src=\"https:\/\/ongd.lgs.lu\/wp-content\/uploads\/sites\/15\/2015\/11\/LADE-11-150x150.jpg\" class=\"attachment-thumbnail size-thumbnail\" alt=\"\" srcset=\"https:\/\/ongd.lgs.lu\/wp-content\/uploads\/sites\/15\/2015\/11\/LADE-11-150x150.jpg 150w, https:\/\/ongd.lgs.lu\/wp-content\/uploads\/sites\/15\/2015\/11\/LADE-11-700x700.jpg 700w, https:\/\/ongd.lgs.lu\/wp-content\/uploads\/sites\/15\/2015\/11\/LADE-11-125x125.jpg 125w\" sizes=\"auto, (max-width: 150px) 100vw, 150px\" \/><\/a>\n\t\t\t<\/div><\/figure><figure class='gallery-item'>\n\t\t\t<div class='gallery-icon landscape'>\n\t\t\t\t<a data-lightbox=\"gallery\" href='https:\/\/ongd.lgs.lu\/wp-content\/uploads\/sites\/15\/2015\/11\/LADE-12.jpg'><img loading=\"lazy\" decoding=\"async\" width=\"150\" height=\"150\" src=\"https:\/\/ongd.lgs.lu\/wp-content\/uploads\/sites\/15\/2015\/11\/LADE-12-150x150.jpg\" class=\"attachment-thumbnail size-thumbnail\" alt=\"\" srcset=\"https:\/\/ongd.lgs.lu\/wp-content\/uploads\/sites\/15\/2015\/11\/LADE-12-150x150.jpg 150w, https:\/\/ongd.lgs.lu\/wp-content\/uploads\/sites\/15\/2015\/11\/LADE-12-700x700.jpg 700w, https:\/\/ongd.lgs.lu\/wp-content\/uploads\/sites\/15\/2015\/11\/LADE-12-125x125.jpg 125w\" sizes=\"auto, (max-width: 150px) 100vw, 150px\" \/><\/a>\n\t\t\t<\/div><\/figure><figure class='gallery-item'>\n\t\t\t<div class='gallery-icon landscape'>\n\t\t\t\t<a data-lightbox=\"gallery\" href='https:\/\/ongd.lgs.lu\/wp-content\/uploads\/sites\/15\/2015\/11\/LADE-13.jpg'><img loading=\"lazy\" decoding=\"async\" width=\"150\" height=\"150\" src=\"https:\/\/ongd.lgs.lu\/wp-content\/uploads\/sites\/15\/2015\/11\/LADE-13-150x150.jpg\" class=\"attachment-thumbnail size-thumbnail\" alt=\"\" srcset=\"https:\/\/ongd.lgs.lu\/wp-content\/uploads\/sites\/15\/2015\/11\/LADE-13-150x150.jpg 150w, https:\/\/ongd.lgs.lu\/wp-content\/uploads\/sites\/15\/2015\/11\/LADE-13-700x700.jpg 700w, https:\/\/ongd.lgs.lu\/wp-content\/uploads\/sites\/15\/2015\/11\/LADE-13-125x125.jpg 125w\" sizes=\"auto, (max-width: 150px) 100vw, 150px\" \/><\/a>\n\t\t\t<\/div><\/figure><figure class='gallery-item'>\n\t\t\t<div class='gallery-icon landscape'>\n\t\t\t\t<a data-lightbox=\"gallery\" href='https:\/\/ongd.lgs.lu\/wp-content\/uploads\/sites\/15\/2015\/11\/LADE-14.jpg'><img loading=\"lazy\" decoding=\"async\" width=\"150\" height=\"150\" src=\"https:\/\/ongd.lgs.lu\/wp-content\/uploads\/sites\/15\/2015\/11\/LADE-14-150x150.jpg\" class=\"attachment-thumbnail size-thumbnail\" alt=\"\" srcset=\"https:\/\/ongd.lgs.lu\/wp-content\/uploads\/sites\/15\/2015\/11\/LADE-14-150x150.jpg 150w, https:\/\/ongd.lgs.lu\/wp-content\/uploads\/sites\/15\/2015\/11\/LADE-14-700x700.jpg 700w, https:\/\/ongd.lgs.lu\/wp-content\/uploads\/sites\/15\/2015\/11\/LADE-14-125x125.jpg 125w\" sizes=\"auto, (max-width: 150px) 100vw, 150px\" \/><\/a>\n\t\t\t<\/div><\/figure><figure class='gallery-item'>\n\t\t\t<div class='gallery-icon landscape'>\n\t\t\t\t<a data-lightbox=\"gallery\" href='https:\/\/ongd.lgs.lu\/wp-content\/uploads\/sites\/15\/2015\/11\/LADE-15.jpg'><img loading=\"lazy\" decoding=\"async\" width=\"150\" height=\"150\" src=\"https:\/\/ongd.lgs.lu\/wp-content\/uploads\/sites\/15\/2015\/11\/LADE-15-150x150.jpg\" class=\"attachment-thumbnail size-thumbnail\" alt=\"\" srcset=\"https:\/\/ongd.lgs.lu\/wp-content\/uploads\/sites\/15\/2015\/11\/LADE-15-150x150.jpg 150w, https:\/\/ongd.lgs.lu\/wp-content\/uploads\/sites\/15\/2015\/11\/LADE-15-700x700.jpg 700w, https:\/\/ongd.lgs.lu\/wp-content\/uploads\/sites\/15\/2015\/11\/LADE-15-125x125.jpg 125w\" sizes=\"auto, (max-width: 150px) 100vw, 150px\" \/><\/a>\n\t\t\t<\/div><\/figure>\n\t\t<\/div>","protected":false},"excerpt":{"rendered":"<p>Au Niger, il y a encore 28% des enfants en \u00e2ge scolaire qui ne sont pas scolaris\u00e9s. Pour ceux qui vont \u00e0 l\u2019\u00e9cole, les conditions sont loin d\u2019\u00eatre id\u00e9ales\u00a0: infrastructures non adapt\u00e9es, classes pl\u00e9thoriques, l\u2019insuffisance en fournitures scolaires, didactiques et p\u00e9dagogiques qui r\u00e9sultent en un enseignement pas toujours de bonne qualit\u00e9. Cette situation, associ\u00e9e au&#8230;  <a class=\"excerpt-read-more\" href=\"https:\/\/ongd.lgs.lu\/fr\/projeten\/niger\/e-blaisteft-fir-den-niger\/\" title=\"ReadE Bl\u00e4ist\u00ebft fir den NIGER 2015-2017\">Read more &raquo;<\/a><\/p>\n","protected":false},"author":942,"featured_media":327,"parent":30,"menu_order":5,"comment_status":"closed","ping_status":"closed","template":"","meta":{"footnotes":""},"class_list":["post-584","page","type-page","status-publish","has-post-thumbnail","hentry"],"_links":{"self":[{"href":"https:\/\/ongd.lgs.lu\/fr\/wp-json\/wp\/v2\/pages\/584","targetHints":{"allow":["GET"]}}],"collection":[{"href":"https:\/\/ongd.lgs.lu\/fr\/wp-json\/wp\/v2\/pages"}],"about":[{"href":"https:\/\/ongd.lgs.lu\/fr\/wp-json\/wp\/v2\/types\/page"}],"author":[{"embeddable":true,"href":"https:\/\/ongd.lgs.lu\/fr\/wp-json\/wp\/v2\/users\/942"}],"replies":[{"embeddable":true,"href":"https:\/\/ongd.lgs.lu\/fr\/wp-json\/wp\/v2\/comments?post=584"}],"version-history":[{"count":5,"href":"https:\/\/ongd.lgs.lu\/fr\/wp-json\/wp\/v2\/pages\/584\/revisions"}],"predecessor-version":[{"id":3410,"href":"https:\/\/ongd.lgs.lu\/fr\/wp-json\/wp\/v2\/pages\/584\/revisions\/3410"}],"up":[{"embeddable":true,"href":"https:\/\/ongd.lgs.lu\/fr\/wp-json\/wp\/v2\/pages\/30"}],"wp:featuredmedia":[{"embeddable":true,"href":"https:\/\/ongd.lgs.lu\/fr\/wp-json\/wp\/v2\/media\/327"}],"wp:attachment":[{"href":"https:\/\/ongd.lgs.lu\/fr\/wp-json\/wp\/v2\/media?parent=584"}],"curies":[{"name":"wp","href":"https:\/\/api.w.org\/{rel}","templated":true}]}}