{"id":588,"date":"2016-09-04T06:49:56","date_gmt":"2016-09-04T05:49:56","guid":{"rendered":"https:\/\/ongd.lgs.lu\/?page_id=588"},"modified":"2023-02-14T10:22:23","modified_gmt":"2023-02-14T09:22:23","slug":"strukturell-an-organisatoresch-ennerstetzung-vun-der-ong-gakassiney","status":"publish","type":"page","link":"https:\/\/ongd.lgs.lu\/fr\/projeten\/niger\/strukturell-an-organisatoresch-ennerstetzung-vun-der-ong-gakassiney\/","title":{"rendered":"Renforcement de l\u2019ONG Gakassiney 2015-2017"},"content":{"rendered":"<h1>Projet de renforcement structurel et organisationnel de l\u2019ONG Gakassiney<\/h1>\n<p>La collaboration entre les f\u00e9d\u00e9rations scoutes nig\u00e9rienne et luxembourgeoise est n\u00e9e \u00e0 travers des \u00e9changes des membres des deux associations scoutes lors de divers camps chantiers au Niger. Ces \u00e9changes ont permis de mettre en \u0153uvre plusieurs activit\u00e9s sur la formation et des \u00e9changes interculturels de jeunes ayant abouti \u00e0 la construction d\u2019un centre de formation et d\u2019information (Centre Zumuntchi) \u00e0 Niamey, quartier Koira T\u00e9gui. Ce centre national a accueilli et continue d\u2019accueillir des formations, des sensibilisations et des animations diverses de par le Niger et les pays limitrophes.<\/p>\n<p>Pour faciliter et consolider les liens, il a \u00e9t\u00e9 d\u00e9cid\u00e9 la cr\u00e9ation d\u2019une ONG du cot\u00e9 nig\u00e9rien. Cette ONG d\u00e9nomm\u00e9e GAKASSINEY est le partenaire de l\u2019ONGD pour les projets de d\u00e9veloppement.<\/p>\n<p><strong>Partenaire local<\/strong><br \/>\nONG Gakassiney \u2013 ONG des scouts du Niger<\/p>\n<p><strong>Objectif<\/strong><br \/>\nAppuyer le d\u00e9veloppement du centre de formation et d\u2019information scout de Koira T\u00e9gui \u00e0 travers l\u2019am\u00e9lioration de l\u2019infrastructure du centre, notamment du syst\u00e8me \u00e0 \u00e9nergie solaire.<\/p>\n<p>Mise en place et appui d\u2019une radio communautaire pour le centre scout et la communaut\u00e9 de Koira T\u00e9gui pour la sensibilisation de la communaut\u00e9.<\/p>\n<p><strong>Activit\u00e9s<\/strong><\/p>\n<p>Sur les trois ans (2015-2017), le projet va :<\/p>\n<ul>\n<li>R\u00e9nover et renforcer le syst\u00e8me solaire du centre pour ne plus avoir de probl\u00e8mes d\u2019\u00e9lectricit\u00e9.<\/li>\n<li>Organiser des formations pour les agents de la radio communautaire\u00a0: une formation \u00e0 Mboro sur l\u2019exp\u00e9rience de la radio Niayes FM de JED et une formation sur l\u2019environnement l\u00e9gal des radios communautaires du Niger \u00e0 Niamey.<\/li>\n<li>D\u00e9buter les \u00e9missions de la radio communautaire.<\/li>\n<li>Organiser des formations en d\u00e9veloppement communautaire pour les jeunes de la communaut\u00e9 de Koira T\u00e9gui.<\/li>\n<li>R\u00e9nover la salle informatique du centre et la rendre fonctionnelle.<\/li>\n<li>Am\u00e9liorer l\u2019offre en livres et en animation de la biblioth\u00e8que pour inciter les jeunes de la communaut\u00e9 \u00e0 la lecture.<\/li>\n<\/ul>\n<p><strong>Dur\u00e9e:<\/strong>\u00a03 ans (2015-2016-2017)<\/p>\n<p><strong>Budget total\u00a0:<\/strong> 96.050 \u20ac<\/p>\n<p>Budgets annuels\u00a0:<\/p>\n<ul>\n<li>2015\u00a0: 26.050 \u20ac<\/li>\n<li>2016\u00a0: 35.000 \u20ac<\/li>\n<li>2017\u00a0: 35.000 \u20ac<\/li>\n<\/ul>\n<p><strong>B\u00e9n\u00e9ficiaires:<\/strong><\/p>\n<ul>\n<li>Environ 4000 jeunes (7 \u00e0 25 ans) du quartier p\u00e9riph\u00e9rique de Koira T\u00e9gui et les jeunes scouts du Niger.<\/li>\n<li>Pour la radio communautaire, les b\u00e9n\u00e9ficiaires sont estim\u00e9s \u00e0 30.000 personnes, soit les habitants du quartier Koira T\u00e9gui.<\/li>\n<li class=\"wpview-wrap\">\n<div class=\"wpview-body\">\n<div class=\"wpview-content wpview-type-gallery\">\n<div class=\"gallery gallery-columns-3\">\n<dl class=\"gallery-item\">\n<dt class=\"gallery-icon\"><img loading=\"lazy\" decoding=\"async\" src=\"https:\/\/ongd.lgs.lu\/wp-content\/uploads\/sites\/15\/2015\/11\/ONGG-01-150x150.jpg\" alt=\"\" width=\"150\" height=\"150\" \/><\/dt>\n<\/dl>\n<dl class=\"gallery-item\">\n<dt class=\"gallery-icon\"><img loading=\"lazy\" decoding=\"async\" src=\"https:\/\/ongd.lgs.lu\/wp-content\/uploads\/sites\/15\/2015\/11\/ONGG-02-150x150.jpg\" alt=\"\" width=\"150\" height=\"150\" \/><\/dt>\n<\/dl>\n<dl class=\"gallery-item\">\n<dt class=\"gallery-icon\"><img loading=\"lazy\" decoding=\"async\" src=\"https:\/\/ongd.lgs.lu\/wp-content\/uploads\/sites\/15\/2015\/11\/ONGG-03-150x150.jpg\" alt=\"\" width=\"150\" height=\"150\" \/><\/dt>\n<\/dl>\n<p>&nbsp;<\/p>\n<dl class=\"gallery-item\">\n<dt class=\"gallery-icon\"><img loading=\"lazy\" decoding=\"async\" src=\"https:\/\/ongd.lgs.lu\/wp-content\/uploads\/sites\/15\/2015\/11\/ONGG-04-150x150.jpg\" alt=\"\" width=\"150\" height=\"150\" \/><\/dt>\n<\/dl>\n<dl class=\"gallery-item\">\n<dt class=\"gallery-icon\"><img loading=\"lazy\" decoding=\"async\" src=\"https:\/\/ongd.lgs.lu\/wp-content\/uploads\/sites\/15\/2015\/11\/ONGG-05-150x150.jpg\" alt=\"\" width=\"150\" height=\"150\" \/><\/dt>\n<\/dl>\n<dl class=\"gallery-item\">\n<dt class=\"gallery-icon\"><img loading=\"lazy\" decoding=\"async\" src=\"https:\/\/ongd.lgs.lu\/wp-content\/uploads\/sites\/15\/2015\/11\/ONGG-06-150x150.jpg\" alt=\"\" width=\"150\" height=\"150\" \/><\/dt>\n<\/dl>\n<p>&nbsp;<\/p>\n<dl class=\"gallery-item\">\n<dt class=\"gallery-icon\"><img loading=\"lazy\" decoding=\"async\" src=\"https:\/\/ongd.lgs.lu\/wp-content\/uploads\/sites\/15\/2015\/11\/ONGG-07-150x150.jpg\" alt=\"\" width=\"150\" height=\"150\" \/><\/dt>\n<\/dl>\n<dl class=\"gallery-item\">\n<dt class=\"gallery-icon\"><img loading=\"lazy\" decoding=\"async\" src=\"https:\/\/ongd.lgs.lu\/wp-content\/uploads\/sites\/15\/2015\/11\/ONGG-08-150x150.jpg\" alt=\"\" width=\"150\" height=\"150\" \/><\/dt>\n<\/dl>\n<dl class=\"gallery-item\">\n<dt class=\"gallery-icon\"><img loading=\"lazy\" decoding=\"async\" src=\"https:\/\/ongd.lgs.lu\/wp-content\/uploads\/sites\/15\/2015\/11\/ONGG-09-150x150.jpg\" alt=\"\" width=\"150\" height=\"150\" \/><\/dt>\n<\/dl>\n<p>&nbsp;<\/p>\n<dl class=\"gallery-item\">\n<dt class=\"gallery-icon\"><img loading=\"lazy\" decoding=\"async\" src=\"https:\/\/ongd.lgs.lu\/wp-content\/uploads\/sites\/15\/2015\/11\/ONGG-10-150x150.jpg\" alt=\"\" width=\"150\" height=\"150\" \/><\/dt>\n<\/dl>\n<dl class=\"gallery-item\">\n<dt class=\"gallery-icon\"><img loading=\"lazy\" decoding=\"async\" src=\"https:\/\/ongd.lgs.lu\/wp-content\/uploads\/sites\/15\/2015\/11\/ONGG-11-150x150.jpg\" alt=\"\" width=\"150\" height=\"150\" \/><\/dt>\n<\/dl>\n<dl class=\"gallery-item\">\n<dt class=\"gallery-icon\"><img loading=\"lazy\" decoding=\"async\" src=\"https:\/\/ongd.lgs.lu\/wp-content\/uploads\/sites\/15\/2015\/11\/ONGG-12-150x150.jpg\" alt=\"\" width=\"150\" height=\"150\" \/><\/dt>\n<\/dl>\n<p>&nbsp;<\/p>\n<dl class=\"gallery-item\">\n<dt class=\"gallery-icon\"><img loading=\"lazy\" decoding=\"async\" src=\"https:\/\/ongd.lgs.lu\/wp-content\/uploads\/sites\/15\/2015\/11\/ONGG-13-150x150.jpg\" alt=\"\" width=\"150\" height=\"150\" \/><\/dt>\n<\/dl>\n<dl class=\"gallery-item\">\n<dt class=\"gallery-icon\"><img loading=\"lazy\" decoding=\"async\" src=\"https:\/\/ongd.lgs.lu\/wp-content\/uploads\/sites\/15\/2015\/11\/ONGG-14-150x150.jpg\" alt=\"\" width=\"150\" height=\"150\" \/><\/dt>\n<\/dl>\n<\/div>\n<\/div>\n<\/div>\n<\/li>\n<\/ul>","protected":false},"excerpt":{"rendered":"<p>Projet de renforcement structurel et organisationnel de l\u2019ONG Gakassiney La collaboration entre les f\u00e9d\u00e9rations scoutes nig\u00e9rienne et luxembourgeoise est n\u00e9e \u00e0 travers des \u00e9changes des membres des deux associations scoutes lors de divers camps chantiers au Niger. Ces \u00e9changes ont permis de mettre en \u0153uvre plusieurs activit\u00e9s sur la formation et des \u00e9changes interculturels de&#8230;  <a class=\"excerpt-read-more\" href=\"https:\/\/ongd.lgs.lu\/fr\/projeten\/niger\/strukturell-an-organisatoresch-ennerstetzung-vun-der-ong-gakassiney\/\" title=\"ReadRenforcement de l\u2019ONG Gakassiney 2015-2017\">Read more &raquo;<\/a><\/p>\n","protected":false},"author":942,"featured_media":338,"parent":30,"menu_order":5,"comment_status":"closed","ping_status":"closed","template":"","meta":{"footnotes":""},"class_list":["post-588","page","type-page","status-publish","has-post-thumbnail","hentry"],"_links":{"self":[{"href":"https:\/\/ongd.lgs.lu\/fr\/wp-json\/wp\/v2\/pages\/588","targetHints":{"allow":["GET"]}}],"collection":[{"href":"https:\/\/ongd.lgs.lu\/fr\/wp-json\/wp\/v2\/pages"}],"about":[{"href":"https:\/\/ongd.lgs.lu\/fr\/wp-json\/wp\/v2\/types\/page"}],"author":[{"embeddable":true,"href":"https:\/\/ongd.lgs.lu\/fr\/wp-json\/wp\/v2\/users\/942"}],"replies":[{"embeddable":true,"href":"https:\/\/ongd.lgs.lu\/fr\/wp-json\/wp\/v2\/comments?post=588"}],"version-history":[{"count":6,"href":"https:\/\/ongd.lgs.lu\/fr\/wp-json\/wp\/v2\/pages\/588\/revisions"}],"predecessor-version":[{"id":3402,"href":"https:\/\/ongd.lgs.lu\/fr\/wp-json\/wp\/v2\/pages\/588\/revisions\/3402"}],"up":[{"embeddable":true,"href":"https:\/\/ongd.lgs.lu\/fr\/wp-json\/wp\/v2\/pages\/30"}],"wp:featuredmedia":[{"embeddable":true,"href":"https:\/\/ongd.lgs.lu\/fr\/wp-json\/wp\/v2\/media\/338"}],"wp:attachment":[{"href":"https:\/\/ongd.lgs.lu\/fr\/wp-json\/wp\/v2\/media?parent=588"}],"curies":[{"name":"wp","href":"https:\/\/api.w.org\/{rel}","templated":true}]}}