{"id":6,"date":"2015-11-30T10:53:28","date_gmt":"2015-11-30T10:53:28","guid":{"rendered":"https:\/\/ongd.lgs.lu\/?page_id=6"},"modified":"2023-02-20T11:14:39","modified_gmt":"2023-02-20T10:14:39","slug":"startsait","status":"publish","type":"page","link":"https:\/\/ongd.lgs.lu\/fr\/","title":{"rendered":"Accueil"},"content":{"rendered":"&nbsp;<\/p>\n<h1 style=\"text-align: center\"><span style=\"color: #009a88\">Un monde o\u00f9 tous les enfants ont acc\u00e8s \u00e0 une \u00e9ducation de qualit\u00e9 dans un environnement propice \u00e0 leur \u00e9panouissement et \u00e0 leur participation.<\/span><\/h1>\n<p>&nbsp;<\/p>\n<img loading=\"lazy\" decoding=\"async\" class=\"wp-image-121 aligncenter\" src=\"https:\/\/ongd.lgs.lu\/wp-content\/uploads\/sites\/15\/2016\/02\/Footer_small-blank-300x16.png\" alt=\"\" width=\"772\" height=\"42\" srcset=\"https:\/\/ongd.lgs.lu\/wp-content\/uploads\/sites\/15\/2016\/02\/Footer_small-blank-300x16.png 300w, https:\/\/ongd.lgs.lu\/wp-content\/uploads\/sites\/15\/2016\/02\/Footer_small-blank-768x42.png 768w, https:\/\/ongd.lgs.lu\/wp-content\/uploads\/sites\/15\/2016\/02\/Footer_small-blank.png 1014w\" sizes=\"auto, (max-width: 772px) 100vw, 772px\" \/>\n<p>&nbsp;<\/p>\n<h1 style=\"text-align: center\"><span style=\"color: #009a88\">Nos projets<\/span><\/h1>\n<p style=\"text-align: center;font-size: 1.2em\">L\u2019ONGD se concentre sur des projets d\u2019\u00e9ducation, de formation et d\u2019insertion socioprofessionnelle en Bolivie, au S\u00e9n\u00e9gal, au Niger et au Cabo Verde. Une bonne collaboration avec des organisations fiables dans les pays en d\u00e9veloppement, notamment des ONG li\u00e9es aux Guides et Scouts locaux, est tr\u00e8s importante, car les demandes pour les diff\u00e9rents projets sont \u00e9labor\u00e9es par les partenaires eux-m\u00eames.<\/p>\n<p>&nbsp;<\/p>\n<div class=\"infoboxes items-4 clearfix\"><a href=\"https:\/\/ongd.lgs.lu\/fr\/projeten\/senegal\/\" class=\"box\"><div class=\"inner\"><div class=\"image\" style=\"background-image: url(https:\/\/ongd.lgs.lu\/wp-content\/uploads\/sites\/15\/2026\/04\/fd91aade-f9d7-4dee-890c-0e0b1af8c316-700x471.jpg)\"><img decoding=\"async\" src=\"https:\/\/ongd.lgs.lu\/wp-content\/themes\/lgs\/images\/square.png\" \/><\/div><h3>S\u00e9n\u00e9gal<\/h3><\/div><\/a><a href=\"https:\/\/ongd.lgs.lu\/fr\/projeten\/bolivien\/\" class=\"box\"><div class=\"inner\"><div class=\"image\" style=\"background-image: url(https:\/\/ongd.lgs.lu\/wp-content\/uploads\/sites\/15\/2026\/04\/IMG_2225-700x700.jpeg)\"><img decoding=\"async\" src=\"https:\/\/ongd.lgs.lu\/wp-content\/themes\/lgs\/images\/square.png\" \/><\/div><h3>Bolivie<\/h3><\/div><\/a><a href=\"https:\/\/ongd.lgs.lu\/fr\/projeten\/niger\/\" class=\"box\"><div class=\"inner\"><div class=\"image\" style=\"background-image: url(https:\/\/ongd.lgs.lu\/wp-content\/uploads\/sites\/15\/2026\/04\/festival-6-700x700.jpg)\"><img decoding=\"async\" src=\"https:\/\/ongd.lgs.lu\/wp-content\/themes\/lgs\/images\/square.png\" \/><\/div><h3>Niger<\/h3><\/div><\/a><a href=\"https:\/\/ongd.lgs.lu\/fr\/projeten\/cabo-verde\/\" class=\"box\"><div class=\"inner\"><div class=\"image\" style=\"background-image: url(https:\/\/ongd.lgs.lu\/wp-content\/uploads\/sites\/15\/2026\/04\/IMG_4059-700x700.jpg)\"><img decoding=\"async\" src=\"https:\/\/ongd.lgs.lu\/wp-content\/themes\/lgs\/images\/square.png\" \/><\/div><h3>Cabo Verde<\/h3><\/div><\/a><\/div>\n<p>&nbsp;<\/p>\n<a href=\"https:\/\/ongd.lgs.lu\/wp-content\/uploads\/sites\/15\/2016\/02\/Footer_small-blank.png\"><img loading=\"lazy\" decoding=\"async\" class=\"wp-image-121 aligncenter\" src=\"https:\/\/ongd.lgs.lu\/wp-content\/uploads\/sites\/15\/2016\/02\/Footer_small-blank-300x16.png\" alt=\"\" width=\"772\" height=\"42\" srcset=\"https:\/\/ongd.lgs.lu\/wp-content\/uploads\/sites\/15\/2016\/02\/Footer_small-blank-300x16.png 300w, https:\/\/ongd.lgs.lu\/wp-content\/uploads\/sites\/15\/2016\/02\/Footer_small-blank-768x42.png 768w, https:\/\/ongd.lgs.lu\/wp-content\/uploads\/sites\/15\/2016\/02\/Footer_small-blank.png 1014w\" sizes=\"auto, (max-width: 772px) 100vw, 772px\" \/><\/a>\n<p>&nbsp;<\/p>\n<h1 style=\"text-align: center\"><span style=\"color: #009a88\">Education au d\u00e9veloppement au Luxembourg<\/span><\/h1>\n<p style=\"text-align: center;font-size: 1.2em\">Au Luxembourg, nous proposons des activit\u00e9s de sensibilisation pour les jeunes, en priorit\u00e9 ceux issus du mouvement scout, aux th\u00e9matiques li\u00e9es au d\u00e9veloppement et aux relations Nord\/Sud afin de les aider \u00e0 devenir des citoyens responsables et conscients du monde qui les entoure. Les camps-chantiers pour les jeunes adultes dans les pays partenaires permettent d\u2019avoir une bonne perception de la vie et de la culture du pays partenaire.<\/p>\n<p>&nbsp;<\/p>\n<div class=\"infoboxes items-3 clearfix\"><a href=\"https:\/\/ongd.lgs.lu\/fr\/schoul-projeten\/\" class=\"box\"><div class=\"inner\"><div class=\"image\" style=\"background-image: url(https:\/\/ongd.lgs.lu\/wp-content\/uploads\/sites\/15\/2022\/12\/314742585_465880955645578_1422626495554759657_n-700x700.jpg)\"><img decoding=\"async\" src=\"https:\/\/ongd.lgs.lu\/wp-content\/themes\/lgs\/images\/square.png\" \/><\/div><h3>Projets scolaires<\/h3><\/div><\/a><a href=\"https:\/\/ongd.lgs.lu\/fr\/lgs-versammlungen\/\" class=\"box\"><div class=\"inner\"><div class=\"image\" style=\"background-image: url(https:\/\/ongd.lgs.lu\/wp-content\/uploads\/sites\/15\/2022\/12\/272923123_4976359105787742_3690031990783968226_n-700x640.jpg)\"><img decoding=\"async\" src=\"https:\/\/ongd.lgs.lu\/wp-content\/themes\/lgs\/images\/square.png\" \/><\/div><h3>R\u00e9unions scoutes<\/h3><\/div><\/a><a href=\"https:\/\/ongd.lgs.lu\/fr\/lgs-camp-chantier\/\" class=\"box\"><div class=\"inner\"><div class=\"image\" style=\"background-image: url(https:\/\/ongd.lgs.lu\/wp-content\/uploads\/sites\/15\/2015\/11\/2016-Camp-Chantier.jpg)\"><img decoding=\"async\" src=\"https:\/\/ongd.lgs.lu\/wp-content\/themes\/lgs\/images\/square.png\" \/><\/div><h3>LGS Camps-Chantiers<\/h3><\/div><\/a><\/div>\n<p>&nbsp;<\/p>\n<a href=\"https:\/\/ongd.lgs.lu\/wp-content\/uploads\/sites\/15\/2016\/02\/Footer_small-blank.png\"><img loading=\"lazy\" decoding=\"async\" class=\"wp-image-121 aligncenter\" src=\"https:\/\/ongd.lgs.lu\/wp-content\/uploads\/sites\/15\/2016\/02\/Footer_small-blank-300x16.png\" alt=\"\" width=\"772\" height=\"42\" srcset=\"https:\/\/ongd.lgs.lu\/wp-content\/uploads\/sites\/15\/2016\/02\/Footer_small-blank-300x16.png 300w, https:\/\/ongd.lgs.lu\/wp-content\/uploads\/sites\/15\/2016\/02\/Footer_small-blank-768x42.png 768w, https:\/\/ongd.lgs.lu\/wp-content\/uploads\/sites\/15\/2016\/02\/Footer_small-blank.png 1014w\" sizes=\"auto, (max-width: 772px) 100vw, 772px\" \/><\/a>\n<p>&nbsp;<\/p>\n<h1 style=\"text-align: center\"><span style=\"color: #009a88\">Participer !<\/span><\/h1>\n<p style=\"text-align: center;font-size: 1.2em\">Vous souhaitez soutenir notre travail par un don, nous contacter ou vous impliquer \u00e0 nos c\u00f4t\u00e9s par exemple via un service volontaire ? Vous \u00eates au bon endroit !<\/p>\n<p>&nbsp;<\/p>\n<\/section><div class=\"highlights\"><div class=\"wrap\"><ul class=\"items-3 clearfix\"><li>\n                    <a href=\"https:\/\/ongd.lgs.lu\/maach-mat\/don\/\">\n                        <div class=\"bubble icon-cloud\"><i class=\"icon-sun\"><\/i><\/div>\n                        <h3>Faire un don<\/h3>\n                    <\/a>\n                <\/li><li>\n                    <a href=\"https:\/\/ongd.lgs.lu\/sech-engageieren\/\">\n                        <div class=\"bubble icon-cloud\"><i class=\"icon-hands\"><\/i><\/div>\n                        <h3>S'engager<\/h3>\n                    <\/a>\n                <\/li><li>\n                    <a href=\"https:\/\/ongd.lgs.lu\/kontakt\/\">\n                        <div class=\"bubble icon-cloud\"><i class=\"icon-fa-envelope-o\"><\/i><\/div>\n                        <h3>Nous contacter<\/h3>\n                    <\/a>\n                <\/li><\/ul><\/div><\/div><section class=\"wrap\">\n<p>&nbsp;<\/p>\n<p>&nbsp;<\/p>\n<p style=\"text-align: center\"><a href=\"https:\/\/ongd.lgs.lu\/wp-content\/uploads\/sites\/15\/2016\/02\/Footer_small-blank.png\"><img loading=\"lazy\" decoding=\"async\" class=\"wp-image-121 aligncenter\" src=\"https:\/\/ongd.lgs.lu\/wp-content\/uploads\/sites\/15\/2016\/02\/Footer_small-blank-300x16.png\" alt=\"\" width=\"772\" height=\"42\" srcset=\"https:\/\/ongd.lgs.lu\/wp-content\/uploads\/sites\/15\/2016\/02\/Footer_small-blank-300x16.png 300w, https:\/\/ongd.lgs.lu\/wp-content\/uploads\/sites\/15\/2016\/02\/Footer_small-blank-768x42.png 768w, https:\/\/ongd.lgs.lu\/wp-content\/uploads\/sites\/15\/2016\/02\/Footer_small-blank.png 1014w\" sizes=\"auto, (max-width: 772px) 100vw, 772px\" \/><\/a><\/p>\n<p>&nbsp;<\/p>\n<p style=\"text-align: center\"><div class=\"news_and_agenda\"><div class=\"newslist\"><h2>News<\/h2><a href=\"https:\/\/ongd.lgs.lu\/fr\/2026\/03\/20\/appel-a-dons-zelter-fir-an-de-senegal\/\" id=\"post-4249\" class=\"clearfix post-4249 post type-post status-publish format-standard has-post-thumbnail hentry category-letzebuerg\" itemscope itemtype=\"http:\/\/schema.org\/NewsArticle\">\n        <div class=\"thumbnail\" style=\"background-image: url(https:\/\/ongd.lgs.lu\/wp-content\/uploads\/sites\/15\/2026\/03\/222222-20230719_120056-700x700.jpg)\"><\/div>\n    <div class=\"colour\" style=\"background: #009a88\"><\/div>\n    <div class=\"description\">\n        <h2 class=\"title\">Appel \u00e0 dons &#8211; tentes pour le S\u00e9n\u00e9gal<\/h2>\n\n        <div class=\"meta\">\n            L\u00ebtzebuerg        <\/div>\n        <? php\/*echo get_excerpt_max_charlength(240, false);*\/ ?>\n    <\/div>\n<\/a><a href=\"https:\/\/ongd.lgs.lu\/fr\/2026\/03\/09\/benefiziessen-2026\/\" id=\"post-4240\" class=\"clearfix post-4240 post type-post status-publish format-standard has-post-thumbnail hentry category-letzebuerg\" itemscope itemtype=\"http:\/\/schema.org\/NewsArticle\">\n        <div class=\"thumbnail\" style=\"background-image: url(https:\/\/ongd.lgs.lu\/wp-content\/uploads\/sites\/15\/2026\/03\/Capture-decran-2026-03-09-101511-e1773047844530-700x700.jpeg)\"><\/div>\n    <div class=\"colour\" style=\"background: #009a88\"><\/div>\n    <div class=\"description\">\n        <h2 class=\"title\">Benefiziessen 2026<\/h2>\n\n        <div class=\"meta\">\n            L\u00ebtzebuerg        <\/div>\n        <? php\/*echo get_excerpt_max_charlength(240, false);*\/ ?>\n    <\/div>\n<\/a><a href=\"https:\/\/ongd.lgs.lu\/fr\/2026\/03\/02\/fr-signature-du-9%e1%b5%89-accord-cadre-de-cooperation\/\" id=\"post-4231\" class=\"clearfix post-4231 post type-post status-publish format-standard has-post-thumbnail hentry category-letzebuerg\" itemscope itemtype=\"http:\/\/schema.org\/NewsArticle\">\n        <div class=\"thumbnail\" style=\"background-image: url(https:\/\/ongd.lgs.lu\/wp-content\/uploads\/sites\/15\/2026\/03\/MAE05399-700x700.jpg)\"><\/div>\n    <div class=\"colour\" style=\"background: #009a88\"><\/div>\n    <div class=\"description\">\n        <h2 class=\"title\">Signature du 9\u1d49 accord-cadre de coop\u00e9ration<\/h2>\n\n        <div class=\"meta\">\n            L\u00ebtzebuerg        <\/div>\n        <? php\/*echo get_excerpt_max_charlength(240, false);*\/ ?>\n    <\/div>\n<\/a><a href=\"https:\/\/ongd.lgs.lu\/fr\/news\/\" class=\"button\">All news<\/a><\/div><div class=\"eventslist\"><h2>Agenda<\/h2><\/div><\/div>","protected":false},"excerpt":{"rendered":"<p>&nbsp; Un monde o\u00f9 tous les enfants ont acc\u00e8s \u00e0 une \u00e9ducation de qualit\u00e9 dans un environnement propice \u00e0 leur \u00e9panouissement et \u00e0 leur participation. &nbsp; &nbsp; Nos projets L\u2019ONGD se concentre sur des projets d\u2019\u00e9ducation, de formation et d\u2019insertion socioprofessionnelle en Bolivie, au S\u00e9n\u00e9gal, au Niger et au Cabo Verde. Une bonne collaboration avec&#8230;  <a class=\"excerpt-read-more\" href=\"https:\/\/ongd.lgs.lu\/fr\/2026\/03\/02\/fr-signature-du-9%e1%b5%89-accord-cadre-de-cooperation\/\" title=\"ReadSignature du 9\u1d49 accord-cadre de coop\u00e9ration\">Read more &raquo;<\/a><\/p>\n","protected":false},"author":1871,"featured_media":0,"parent":0,"menu_order":0,"comment_status":"closed","ping_status":"closed","template":"page-home.php","meta":{"footnotes":""},"class_list":["post-6","page","type-page","status-publish","hentry"],"_links":{"self":[{"href":"https:\/\/ongd.lgs.lu\/fr\/wp-json\/wp\/v2\/pages\/6","targetHints":{"allow":["GET"]}}],"collection":[{"href":"https:\/\/ongd.lgs.lu\/fr\/wp-json\/wp\/v2\/pages"}],"about":[{"href":"https:\/\/ongd.lgs.lu\/fr\/wp-json\/wp\/v2\/types\/page"}],"author":[{"embeddable":true,"href":"https:\/\/ongd.lgs.lu\/fr\/wp-json\/wp\/v2\/users\/1871"}],"replies":[{"embeddable":true,"href":"https:\/\/ongd.lgs.lu\/fr\/wp-json\/wp\/v2\/comments?post=6"}],"version-history":[{"count":32,"href":"https:\/\/ongd.lgs.lu\/fr\/wp-json\/wp\/v2\/pages\/6\/revisions"}],"predecessor-version":[{"id":3438,"href":"https:\/\/ongd.lgs.lu\/fr\/wp-json\/wp\/v2\/pages\/6\/revisions\/3438"}],"wp:attachment":[{"href":"https:\/\/ongd.lgs.lu\/fr\/wp-json\/wp\/v2\/media?parent=6"}],"curies":[{"name":"wp","href":"https:\/\/api.w.org\/{rel}","templated":true}]}}