{"id":842,"date":"2018-02-09T11:48:55","date_gmt":"2018-02-09T10:48:55","guid":{"rendered":"https:\/\/ongd.lgs.lu\/?page_id=842"},"modified":"2023-02-14T13:50:47","modified_gmt":"2023-02-14T12:50:47","slug":"projeten-2","status":"publish","type":"page","link":"https:\/\/ongd.lgs.lu\/fr\/projeten\/senegal\/projeten-2\/","title":{"rendered":"Jeunesse et D\u00e9veloppement 2018-2021"},"content":{"rendered":"<b>Jeunesse et D\u00e9veloppement &#8211; Contribuer \u00e0 l\u2019\u00e9ducation, la formation et l\u2019insertion socio-\u00e9conomique\u00a0des enfants et jeunes en phase avec les politiques nationales du S\u00e9n\u00e9gal<\/b><\/p>\n<p>Depuis 30 ans, notre partenaire Jeunesse et D\u00e9veloppement, travaille pour l\u2019am\u00e9lioration de l\u2019\u00e9ducation dans les communes de Mboro, Taiba Ndiaye et Darou Khoudoss. Au fil des ann\u00e9es, le contexte a chang\u00e9. Il faut en effet noter que les efforts de l\u2019\u00c9tat du S\u00e9n\u00e9gal, qui a adopt\u00e9 les Objectifs de d\u00e9veloppement du mill\u00e9naire en 2000 et les Objectifs de d\u00e9veloppement durable en 2015, et qui s\u2019est engag\u00e9 \u00e0 rendre accessible l\u2019\u00e9ducation \u00e0 tous les enfants s\u00e9n\u00e9galais. Le cursus est maintenant obligatoire pendant dix ans.<\/p>\n<p>Des avanc\u00e9es certaines ont \u00e9t\u00e9 enregistr\u00e9es, notamment pour ce qui est du taux brut de scolarisation au niveau national qui est maintenant de 86% au primaire. Malgr\u00e9 cela, des progr\u00e8s en termes de qualit\u00e9 et d\u2019ach\u00e8vement du cycle primaire restent \u00e0 r\u00e9aliser, en effet le taux d\u2019ach\u00e8vement du cycle primaire n\u2019est que de 60%. Ces donn\u00e9es sont de caract\u00e8re national et les avanc\u00e9es sont sensiblement plus lentes dans les zones rurales. De plus, les efforts de toutes les institutions autour de l\u2019\u00e9cole doivent \u00eatre maintenus sans rel\u00e2che, car il a aussi \u00e9t\u00e9 not\u00e9 que le progr\u00e8s d\u2019une ann\u00e9e peut reculer l\u2019ann\u00e9e suivante si la vigilance est rel\u00e2ch\u00e9e. Ceci signifie que les communaut\u00e9s doivent \u00eatre impliqu\u00e9es dans les projets et qu\u2019elles doivent comprendre l\u2019importance de l\u2019\u00e9ducation pour tous et surtout pour les enfants les plus vuln\u00e9rables. C\u2019est dans cette direction que Jeunesse et D\u00e9veloppement travaille depuis trois d\u00e9cennies\u00a0: en mobilisant les communaut\u00e9s, en les impliquant dans l\u2019\u00e9ducation de leurs enfants et en appuyant les autorit\u00e9s locales en charge de l\u2019\u00e9ducation pour am\u00e9liorer la qualit\u00e9 de l\u2019offre.<\/p>\n<p>Concr\u00e8tement, JED a mis en place deux structures \u00e9ducatives priv\u00e9es\u00a0<strong>\u00e0 Mboro<\/strong>: le<\/p>\n<p>Centre <strong>de ressources \u00e9ducationnelles et de promotion des enfants (CREPE) <\/strong>pour le cycle primaire. Il accueille les enfants handicap\u00e9s et tous ceux qui n\u2019ont pas pu acc\u00e9der \u00e0 l\u2019\u00e9cole publique. En moyenne, le centre accueille tous les ans environ 180 enfants entre 5 et 15 ans. Le<strong> CIFOP (Centre International de Formation Pratique)<\/strong> est une \u00e9cole professionnelle pour les jeunes \u00e0 partir de 15 ans qui comprend plusieurs fili\u00e8res telles que couture, coiffure, m\u00e9canique, menuiserie m\u00e9tallique et agriculture.<\/p>\n<p>Il y a aussi beaucoup d\u2019activit\u00e9s dans les \u00e9coles formelles o\u00f9 les enfants sont suivis par des b\u00e9n\u00e9voles de l\u2019association avec des cours de rattrapage et des activit\u00e9s p\u00e9riscolaires.<\/p>\n<p>Les enfants encadr\u00e9s dans les \u00e9coles coraniques ont \u00e9galement trouv\u00e9 des appuis dans les activit\u00e9s de JED\u00a0: ils sont maintenant suivis aussi pour l\u2019alphab\u00e9tisation en fran\u00e7ais et l\u2019apprentissage des math\u00e9matiques. De plus, les ma\u00eetres des \u00e9coles coraniques sont amen\u00e9s et accompagn\u00e9s \u00e0 changer de m\u00e9thodes p\u00e9dagogiques avec les enfants pour une \u00e9ducation de meilleure qualit\u00e9 et plus respectueuse des droits des enfants.<\/p>\n<p>Enfin, JED a mis en place une radio communautaire dans la commune qui sert de relais \u00e0 toutes les activit\u00e9s et aux campagnes de sensibilisation sur l\u2019\u00e9ducation, mais \u00e9galement sur d\u2019autres th\u00e9matiques importantes li\u00e9es au d\u00e9veloppement. Cette radio est largement suivie par la communaut\u00e9 et les populations b\u00e9n\u00e9ficiaires.<\/p>\n<p>Notre nouvel appui de quatre ans \u2013 2018-2021 &#8211; \u00a0a comme objectif de consolider ces acquis et d\u2019aller encore plus loin dans sa contribution \u00e0 une meilleure \u00e9ducation pour tous les enfants des communes de Mboro, Taiba Ndiaye et Darou Khoudoss.<\/p>\n<p><strong><em>Objectif <\/em><\/strong><\/p>\n<p>Le projet a pour objectif d\u2019appuyer la scolarisation des enfants des communes de Mboro, Taiba Ndiaye et Darou Khoudoss. En premier lieu, le centre accueille les enfants et au-del\u00e0 de cet accueil le projet veut sensibiliser toute la communaut\u00e9 \u00e0 l\u2019importance de l\u2019\u00e9ducation en tant que droit fondamental de chaque enfant.<\/p>\n<p><strong><em>Activit\u00e9s<\/em><\/strong><\/p>\n<p>Sur les quatre ans (2018-2021), le projet va \u0153uvrer pour :<\/p>\n<ul>\n<li>Favoriser l\u2019inscription et le maintien des enfants \u00e0 l\u2019\u00e9cole formelle.<\/li>\n<li>Appuyer les enfants scolaris\u00e9s en vue de l\u2019am\u00e9lioration de leur performance scolaire.<\/li>\n<li>Former 150 moniteurs de quartiers sur les techniques d\u2019accompagnement scolaire des \u00e9l\u00e8ves faibles en famille.<\/li>\n<li>Appuyer le fonctionnement du Centre CREPE pour 200 enfants par an.<\/li>\n<li>Appuyer la scolarisation d\u2019enfants handicap\u00e9s.<\/li>\n<li>Appuyer les activit\u00e9s extrascolaires pour les enfants et notamment le camp de vacances CREVAQ qui a eu beaucoup de succ\u00e8s les trois derni\u00e8res ann\u00e9es (pour 3.000 enfants par an)<\/li>\n<li>Amener les enfants et les jeunes \u00e0 participer au d\u00e9veloppement local \u00e0 travers la mise en place de \u00ab\u00a0conseils municipaux des enfants\u00a0\u00bb pour qu\u2019ils puissent y d\u00e9fendre leurs points de vue.<\/li>\n<li>Former\/instruire 250 enfants des \u00e9coles coraniques par an.<\/li>\n<li>Appuyer la formation professionnelle de 100 jeunes par an au CIFOP.<\/li>\n<li>Renouveler les modules et le mat\u00e9riel d\u2019apprentissage du CIFOP.<\/li>\n<li>Contribuer au fonctionnement de la radio communautaire Niayes FM.<\/li>\n<li>Renforcer la sensibilisation aux droits des enfants au niveau des communaut\u00e9s \u00e0 travers des campagnes d\u2019information et des visites \u00e0 domicile.<\/li>\n<li>Mener des campagnes de sensibilisation pour la protection des droits des enfants, et s\u2019engager particuli\u00e8rement contre le travail, la mendicit\u00e9 et toute forme d\u2019exploitation et d\u2019abus des enfants.<\/li>\n<li>Renforcer et capitaliser les acquis de l\u2019\u00e9quipe de JED.<\/li>\n<\/ul>\n<p><strong><em>Dur\u00e9e <\/em><\/strong><\/p>\n<p>4 ans\u00a0: 2018-2021<\/p>\n<p><strong><em>Budget<\/em><\/strong> <strong>total<\/strong><strong>\u00a0: \u00a0942.062 \u20ac<\/strong><\/p>\n<ul>\n<li>2018 :\u00a0265.327 \u20ac<\/li>\n<li>2019 :\u00a0219.365 \u20ac<\/li>\n<li>2020 :\u00a0242.185 \u20ac<\/li>\n<li>2021 :\u00a0\u00a0215.185 \u20ac<\/li>\n<\/ul>\n<p><strong><em>B\u00e9n\u00e9ficiaires<\/em><\/strong><strong><em>\u00a0<\/em><\/strong><\/p>\n<p>8.000 enfants et jeunes de Mboro, Taiba Ndiaye et Darou Khoudoss, ainsi que leurs familles, vont b\u00e9n\u00e9ficier de l\u2019appui des activit\u00e9s du projet \u00e0 travers l\u2019acc\u00e8s \u00e0 l\u2019\u00e9ducation formelle et non formelle et \u00e0 la formation professionnelle.<\/p>\n<p><em>Merci \u00e0 la Commune de Hesperange pour son soutien \u00e0 ce projet!\u00a0<\/em><\/p>\n<div id='gallery-2' class='gallery galleryid-842 gallery-columns-3 gallery-size-thumbnail'><figure class='gallery-item'>\n\t\t\t<div class='gallery-icon portrait'>\n\t\t\t\t<a data-lightbox=\"gallery\" href='https:\/\/ongd.lgs.lu\/wp-content\/uploads\/sites\/15\/2018\/02\/P1030310.jpg'><img loading=\"lazy\" decoding=\"async\" width=\"150\" height=\"150\" src=\"https:\/\/ongd.lgs.lu\/wp-content\/uploads\/sites\/15\/2018\/02\/P1030310-150x150.jpg\" class=\"attachment-thumbnail size-thumbnail\" alt=\"\" srcset=\"https:\/\/ongd.lgs.lu\/wp-content\/uploads\/sites\/15\/2018\/02\/P1030310-150x150.jpg 150w, https:\/\/ongd.lgs.lu\/wp-content\/uploads\/sites\/15\/2018\/02\/P1030310-700x700.jpg 700w, https:\/\/ongd.lgs.lu\/wp-content\/uploads\/sites\/15\/2018\/02\/P1030310-125x125.jpg 125w\" sizes=\"auto, (max-width: 150px) 100vw, 150px\" \/><\/a>\n\t\t\t<\/div><\/figure><figure class='gallery-item'>\n\t\t\t<div class='gallery-icon portrait'>\n\t\t\t\t<a data-lightbox=\"gallery\" href='https:\/\/ongd.lgs.lu\/wp-content\/uploads\/sites\/15\/2018\/02\/P1030486.jpg'><img loading=\"lazy\" decoding=\"async\" width=\"150\" height=\"150\" src=\"https:\/\/ongd.lgs.lu\/wp-content\/uploads\/sites\/15\/2018\/02\/P1030486-150x150.jpg\" class=\"attachment-thumbnail size-thumbnail\" alt=\"\" srcset=\"https:\/\/ongd.lgs.lu\/wp-content\/uploads\/sites\/15\/2018\/02\/P1030486-150x150.jpg 150w, https:\/\/ongd.lgs.lu\/wp-content\/uploads\/sites\/15\/2018\/02\/P1030486-700x700.jpg 700w, https:\/\/ongd.lgs.lu\/wp-content\/uploads\/sites\/15\/2018\/02\/P1030486-125x125.jpg 125w\" sizes=\"auto, (max-width: 150px) 100vw, 150px\" \/><\/a>\n\t\t\t<\/div><\/figure><figure class='gallery-item'>\n\t\t\t<div class='gallery-icon landscape'>\n\t\t\t\t<a data-lightbox=\"gallery\" href='https:\/\/ongd.lgs.lu\/wp-content\/uploads\/sites\/15\/2018\/02\/DSCN35391.jpg'><img loading=\"lazy\" decoding=\"async\" width=\"150\" height=\"150\" src=\"https:\/\/ongd.lgs.lu\/wp-content\/uploads\/sites\/15\/2018\/02\/DSCN35391-150x150.jpg\" class=\"attachment-thumbnail size-thumbnail\" alt=\"\" srcset=\"https:\/\/ongd.lgs.lu\/wp-content\/uploads\/sites\/15\/2018\/02\/DSCN35391-150x150.jpg 150w, https:\/\/ongd.lgs.lu\/wp-content\/uploads\/sites\/15\/2018\/02\/DSCN35391-700x700.jpg 700w, https:\/\/ongd.lgs.lu\/wp-content\/uploads\/sites\/15\/2018\/02\/DSCN35391-125x125.jpg 125w\" sizes=\"auto, (max-width: 150px) 100vw, 150px\" \/><\/a>\n\t\t\t<\/div><\/figure><figure class='gallery-item'>\n\t\t\t<div class='gallery-icon landscape'>\n\t\t\t\t<a data-lightbox=\"gallery\" href='https:\/\/ongd.lgs.lu\/wp-content\/uploads\/sites\/15\/2018\/02\/P1030339.jpg'><img loading=\"lazy\" decoding=\"async\" width=\"150\" height=\"150\" src=\"https:\/\/ongd.lgs.lu\/wp-content\/uploads\/sites\/15\/2018\/02\/P1030339-150x150.jpg\" class=\"attachment-thumbnail size-thumbnail\" alt=\"\" srcset=\"https:\/\/ongd.lgs.lu\/wp-content\/uploads\/sites\/15\/2018\/02\/P1030339-150x150.jpg 150w, https:\/\/ongd.lgs.lu\/wp-content\/uploads\/sites\/15\/2018\/02\/P1030339-700x700.jpg 700w, https:\/\/ongd.lgs.lu\/wp-content\/uploads\/sites\/15\/2018\/02\/P1030339-125x125.jpg 125w\" sizes=\"auto, (max-width: 150px) 100vw, 150px\" \/><\/a>\n\t\t\t<\/div><\/figure><figure class='gallery-item'>\n\t\t\t<div class='gallery-icon landscape'>\n\t\t\t\t<a data-lightbox=\"gallery\" href='https:\/\/ongd.lgs.lu\/wp-content\/uploads\/sites\/15\/2018\/02\/P1030286.jpg'><img loading=\"lazy\" decoding=\"async\" width=\"150\" height=\"150\" src=\"https:\/\/ongd.lgs.lu\/wp-content\/uploads\/sites\/15\/2018\/02\/P1030286-150x150.jpg\" class=\"attachment-thumbnail size-thumbnail\" alt=\"\" srcset=\"https:\/\/ongd.lgs.lu\/wp-content\/uploads\/sites\/15\/2018\/02\/P1030286-150x150.jpg 150w, https:\/\/ongd.lgs.lu\/wp-content\/uploads\/sites\/15\/2018\/02\/P1030286-700x700.jpg 700w, https:\/\/ongd.lgs.lu\/wp-content\/uploads\/sites\/15\/2018\/02\/P1030286-125x125.jpg 125w\" sizes=\"auto, (max-width: 150px) 100vw, 150px\" \/><\/a>\n\t\t\t<\/div><\/figure><figure class='gallery-item'>\n\t\t\t<div class='gallery-icon portrait'>\n\t\t\t\t<a data-lightbox=\"gallery\" href='https:\/\/ongd.lgs.lu\/wp-content\/uploads\/sites\/15\/2018\/02\/DSC04105.jpg'><img loading=\"lazy\" decoding=\"async\" width=\"150\" height=\"150\" src=\"https:\/\/ongd.lgs.lu\/wp-content\/uploads\/sites\/15\/2018\/02\/DSC04105-150x150.jpg\" class=\"attachment-thumbnail size-thumbnail\" alt=\"\" srcset=\"https:\/\/ongd.lgs.lu\/wp-content\/uploads\/sites\/15\/2018\/02\/DSC04105-150x150.jpg 150w, https:\/\/ongd.lgs.lu\/wp-content\/uploads\/sites\/15\/2018\/02\/DSC04105-125x125.jpg 125w\" sizes=\"auto, (max-width: 150px) 100vw, 150px\" \/><\/a>\n\t\t\t<\/div><\/figure><figure class='gallery-item'>\n\t\t\t<div class='gallery-icon landscape'>\n\t\t\t\t<a data-lightbox=\"gallery\" href='https:\/\/ongd.lgs.lu\/wp-content\/uploads\/sites\/15\/2018\/02\/P1030625.jpg'><img loading=\"lazy\" decoding=\"async\" width=\"150\" height=\"150\" src=\"https:\/\/ongd.lgs.lu\/wp-content\/uploads\/sites\/15\/2018\/02\/P1030625-150x150.jpg\" class=\"attachment-thumbnail size-thumbnail\" alt=\"\" srcset=\"https:\/\/ongd.lgs.lu\/wp-content\/uploads\/sites\/15\/2018\/02\/P1030625-150x150.jpg 150w, https:\/\/ongd.lgs.lu\/wp-content\/uploads\/sites\/15\/2018\/02\/P1030625-700x700.jpg 700w, https:\/\/ongd.lgs.lu\/wp-content\/uploads\/sites\/15\/2018\/02\/P1030625-125x125.jpg 125w\" sizes=\"auto, (max-width: 150px) 100vw, 150px\" \/><\/a>\n\t\t\t<\/div><\/figure><figure class='gallery-item'>\n\t\t\t<div class='gallery-icon landscape'>\n\t\t\t\t<a data-lightbox=\"gallery\" href='https:\/\/ongd.lgs.lu\/wp-content\/uploads\/sites\/15\/2018\/02\/P1030219.jpg'><img loading=\"lazy\" decoding=\"async\" width=\"150\" height=\"150\" src=\"https:\/\/ongd.lgs.lu\/wp-content\/uploads\/sites\/15\/2018\/02\/P1030219-150x150.jpg\" class=\"attachment-thumbnail size-thumbnail\" alt=\"\" srcset=\"https:\/\/ongd.lgs.lu\/wp-content\/uploads\/sites\/15\/2018\/02\/P1030219-150x150.jpg 150w, https:\/\/ongd.lgs.lu\/wp-content\/uploads\/sites\/15\/2018\/02\/P1030219-700x700.jpg 700w, https:\/\/ongd.lgs.lu\/wp-content\/uploads\/sites\/15\/2018\/02\/P1030219-125x125.jpg 125w\" sizes=\"auto, (max-width: 150px) 100vw, 150px\" \/><\/a>\n\t\t\t<\/div><\/figure><figure class='gallery-item'>\n\t\t\t<div class='gallery-icon landscape'>\n\t\t\t\t<a data-lightbox=\"gallery\" href='https:\/\/ongd.lgs.lu\/wp-content\/uploads\/sites\/15\/2018\/02\/P1030579.jpg'><img loading=\"lazy\" decoding=\"async\" width=\"150\" height=\"150\" src=\"https:\/\/ongd.lgs.lu\/wp-content\/uploads\/sites\/15\/2018\/02\/P1030579-150x150.jpg\" class=\"attachment-thumbnail size-thumbnail\" alt=\"\" srcset=\"https:\/\/ongd.lgs.lu\/wp-content\/uploads\/sites\/15\/2018\/02\/P1030579-150x150.jpg 150w, https:\/\/ongd.lgs.lu\/wp-content\/uploads\/sites\/15\/2018\/02\/P1030579-700x700.jpg 700w, https:\/\/ongd.lgs.lu\/wp-content\/uploads\/sites\/15\/2018\/02\/P1030579-125x125.jpg 125w\" sizes=\"auto, (max-width: 150px) 100vw, 150px\" \/><\/a>\n\t\t\t<\/div><\/figure><figure class='gallery-item'>\n\t\t\t<div class='gallery-icon landscape'>\n\t\t\t\t<a data-lightbox=\"gallery\" href='https:\/\/ongd.lgs.lu\/wp-content\/uploads\/sites\/15\/2018\/02\/DSC03994.jpg'><img loading=\"lazy\" decoding=\"async\" width=\"150\" height=\"150\" src=\"https:\/\/ongd.lgs.lu\/wp-content\/uploads\/sites\/15\/2018\/02\/DSC03994-150x150.jpg\" class=\"attachment-thumbnail size-thumbnail\" alt=\"\" srcset=\"https:\/\/ongd.lgs.lu\/wp-content\/uploads\/sites\/15\/2018\/02\/DSC03994-150x150.jpg 150w, https:\/\/ongd.lgs.lu\/wp-content\/uploads\/sites\/15\/2018\/02\/DSC03994-700x700.jpg 700w, https:\/\/ongd.lgs.lu\/wp-content\/uploads\/sites\/15\/2018\/02\/DSC03994-125x125.jpg 125w\" sizes=\"auto, (max-width: 150px) 100vw, 150px\" \/><\/a>\n\t\t\t<\/div><\/figure><figure class='gallery-item'>\n\t\t\t<div class='gallery-icon landscape'>\n\t\t\t\t<a data-lightbox=\"gallery\" href='https:\/\/ongd.lgs.lu\/wp-content\/uploads\/sites\/15\/2018\/02\/P1030131.jpg'><img loading=\"lazy\" decoding=\"async\" width=\"150\" height=\"150\" src=\"https:\/\/ongd.lgs.lu\/wp-content\/uploads\/sites\/15\/2018\/02\/P1030131-150x150.jpg\" class=\"attachment-thumbnail size-thumbnail\" alt=\"\" srcset=\"https:\/\/ongd.lgs.lu\/wp-content\/uploads\/sites\/15\/2018\/02\/P1030131-150x150.jpg 150w, https:\/\/ongd.lgs.lu\/wp-content\/uploads\/sites\/15\/2018\/02\/P1030131-700x700.jpg 700w, https:\/\/ongd.lgs.lu\/wp-content\/uploads\/sites\/15\/2018\/02\/P1030131-125x125.jpg 125w\" sizes=\"auto, (max-width: 150px) 100vw, 150px\" \/><\/a>\n\t\t\t<\/div><\/figure>\n\t\t<\/div>","protected":false},"excerpt":{"rendered":"<p>Jeunesse et D\u00e9veloppement &#8211; Contribuer \u00e0 l\u2019\u00e9ducation, la formation et l\u2019insertion socio-\u00e9conomique\u00a0des enfants et jeunes en phase avec les politiques nationales du S\u00e9n\u00e9gal Depuis 30 ans, notre partenaire Jeunesse et D\u00e9veloppement, travaille pour l\u2019am\u00e9lioration de l\u2019\u00e9ducation dans les communes de Mboro, Taiba Ndiaye et Darou Khoudoss. Au fil des ann\u00e9es, le contexte a chang\u00e9. Il&#8230;  <a class=\"excerpt-read-more\" href=\"https:\/\/ongd.lgs.lu\/fr\/projeten\/senegal\/projeten-2\/\" title=\"ReadJeunesse et D\u00e9veloppement 2018-2021\">Read more &raquo;<\/a><\/p>\n","protected":false},"author":1298,"featured_media":723,"parent":27,"menu_order":5,"comment_status":"closed","ping_status":"closed","template":"","meta":{"footnotes":""},"class_list":["post-842","page","type-page","status-publish","has-post-thumbnail","hentry"],"_links":{"self":[{"href":"https:\/\/ongd.lgs.lu\/fr\/wp-json\/wp\/v2\/pages\/842","targetHints":{"allow":["GET"]}}],"collection":[{"href":"https:\/\/ongd.lgs.lu\/fr\/wp-json\/wp\/v2\/pages"}],"about":[{"href":"https:\/\/ongd.lgs.lu\/fr\/wp-json\/wp\/v2\/types\/page"}],"author":[{"embeddable":true,"href":"https:\/\/ongd.lgs.lu\/fr\/wp-json\/wp\/v2\/users\/1298"}],"replies":[{"embeddable":true,"href":"https:\/\/ongd.lgs.lu\/fr\/wp-json\/wp\/v2\/comments?post=842"}],"version-history":[{"count":21,"href":"https:\/\/ongd.lgs.lu\/fr\/wp-json\/wp\/v2\/pages\/842\/revisions"}],"predecessor-version":[{"id":1435,"href":"https:\/\/ongd.lgs.lu\/fr\/wp-json\/wp\/v2\/pages\/842\/revisions\/1435"}],"up":[{"embeddable":true,"href":"https:\/\/ongd.lgs.lu\/fr\/wp-json\/wp\/v2\/pages\/27"}],"wp:featuredmedia":[{"embeddable":true,"href":"https:\/\/ongd.lgs.lu\/fr\/wp-json\/wp\/v2\/media\/723"}],"wp:attachment":[{"href":"https:\/\/ongd.lgs.lu\/fr\/wp-json\/wp\/v2\/media?parent=842"}],"curies":[{"name":"wp","href":"https:\/\/api.w.org\/{rel}","templated":true}]}}