{"id":855,"date":"2018-02-09T17:34:22","date_gmt":"2018-02-09T16:34:22","guid":{"rendered":"https:\/\/ongd.lgs.lu\/?page_id=855"},"modified":"2023-02-14T13:50:54","modified_gmt":"2023-02-14T12:50:54","slug":"projeten","status":"publish","type":"page","link":"https:\/\/ongd.lgs.lu\/fr\/projeten\/senegal\/projeten\/","title":{"rendered":"MEC FONEES 2018-2021"},"content":{"rendered":"<strong>MEC FONEES \u2013 <\/strong><strong>Projet de promotion des activit\u00e9s g\u00e9n\u00e9ratrices de revenus \u00e0 Mboro et \u00e0 Dakar<\/strong><\/p>\n<p>Depuis le d\u00e9but des ann\u00e9es 2000, la Mutuelle d\u2019\u00e9pargne et de cr\u00e9dit FONEES facilite l\u2019acc\u00e8s au cr\u00e9dit pour les communaut\u00e9s et notamment les couches les plus vuln\u00e9rables de la soci\u00e9t\u00e9. Elle a \u00e9t\u00e9 cr\u00e9\u00e9e pour une client\u00e8le \u00e0 tr\u00e8s bas revenus et consid\u00e9r\u00e9e plus risqu\u00e9e et particuli\u00e8rement pour les jeunes, les femmes et les personnes handicap\u00e9es qui sont en m\u00eame temps fortement touch\u00e9s par le ch\u00f4mage et ou le sous-emploi. La MEC FONEES a aussi voulu r\u00e9pondre au manque d\u2019acc\u00e8s au cr\u00e9dit dans des zones rurales et a ouvert huit caisses locales au-del\u00e0 de Dakar et notamment \u00e0 Mboro o\u00f9 elle travaille en \u00e9troite collaboration avec un autre des partenaires de l\u2019ONGD Guiden a Scouten fir ENG Welt, Jeunesse et D\u00e9veloppement, aussi issu du mouvement des \u00c9claireuses et \u00c9claireurs du S\u00e9n\u00e9gal.<\/p>\n<p>La Mec FONEES compte ainsi\u00a0 plus de 2.500 membres (personnes physiques) et 150 groupements (compos\u00e9s en moyenne de 15 personnes par groupement).<\/p>\n<p>L\u2019ONGD Guiden a Scouten fir ENG Welt appuie la MEC FONEES depuis 2005 par le soutien aux formations pour les jeunes. En effet, autant le FONEES que l\u2019ONGD sont de l\u2019avis qu\u2019un meilleur accompagnement des personnes \u00e0 travers des formations en cr\u00e9ation et gestion d\u2019entreprise peut aider les b\u00e9n\u00e9ficiaires \u00e0 mieux g\u00e9rer les cr\u00e9dits et \u00e0 avoir plus de succ\u00e8s dans leurs mini entreprises. Ceci a \u00e9t\u00e9 confirm\u00e9 lors des pr\u00e9c\u00e9dents projets, pendant lesquels il a \u00e9t\u00e9 constat\u00e9 que les femmes et les jeunes qui avaient pu participer aux formations avaient moins de probl\u00e8mes au niveau du remboursement de leurs cr\u00e9dits. L\u2019entreprenariat est aussi reconnu comme une vraie opportunit\u00e9 de travail pour les jeunes et les femmes touch\u00e9s fortement par le ch\u00f4mage.<\/p>\n<p>C\u2019est pour cette raison que l\u2019ONGD Guiden a Scouten fir ENG Welt a d\u00e9cid\u00e9 de continuer ce projet de soutien \u00e0 la formation des jeunes et des femmes qui sont b\u00e9n\u00e9ficiaires de cr\u00e9dit du MEC FONEES.<\/p>\n<p><strong><em>Partenaire<\/em><\/strong><\/p>\n<p>La Mutuelle d\u2019\u00e9pargne et de cr\u00e9dit du fonds national des \u00e9claireuses et \u00e9claireurs du S\u00e9n\u00e9gal (MEC\/FONEES).<\/p>\n<p><strong><em>Objectif<\/em><\/strong><\/p>\n<p>Offrir des services financiers et non financiers adapt\u00e9s pour contribuer \u00e0 l\u2019am\u00e9lioration durable des conditions de vie des groupes vuln\u00e9rables que sont notamment les jeunes, les femmes et les personnes handicap\u00e9s, agissant ainsi conform\u00e9ment aux valeurs scoutes.<\/p>\n<p>Les services non financiers sont surtout des formations en cr\u00e9ation et gestion d\u2019entreprise qui donnent aux b\u00e9n\u00e9ficiaires de cr\u00e9dit les outils n\u00e9cessaires pour g\u00e9rer leurs cr\u00e9dits au mieux.<\/p>\n<p><strong><em>Activit\u00e9s<\/em><\/strong><\/p>\n<p>Sur les quatre ans (2018-2021), le projet va :<\/p>\n<ul>\n<li>Organiser au profit de 500 jeunes cinq ateliers par an de formation en cr\u00e9ation et gestion de PME (petite et moyenne entreprise) et en activit\u00e9 g\u00e9n\u00e9ratrices de revenus.<\/li>\n<li>Mettre en place un fonds de cr\u00e9dit pour la mise en place de micro-entreprises \u00e0 Mboro. Les cr\u00e9dits sont parfois octroy\u00e9s \u00e0 des groupements, par exemple des groupements de femmes, qui par apr\u00e8s s\u2019organisent pour l\u2019utilisation interne des fonds. Les b\u00e9n\u00e9ficiaires peuvent avoir des activit\u00e9s de commerce, d\u2019agriculture, de coiffure, de couture, etc. Les projets sont toujours soigneusement analys\u00e9s avant d\u2019\u00eatre accept\u00e9s pour le financement.<\/li>\n<li>Organiser le suivi des b\u00e9n\u00e9ficiaires\u00a0: une r\u00e9union mensuelle avec les b\u00e9n\u00e9ficiaires de cr\u00e9dit, et des r\u00e9unions de suivi p\u00e9riodique avec les b\u00e9n\u00e9ficiaires des formations.<\/li>\n<li>Renforcer les capacit\u00e9s de l\u2019\u00e9quipe de MEC\/FONEES \u00e0 travers la formation continue et le soutien \u00e0 la structure m\u00eame.<\/li>\n<\/ul>\n<p><strong><em>Dur\u00e9e <\/em><\/strong><\/p>\n<p>4 ans\u00a0: 2018-2021<\/p>\n<p><strong><em>Budget<\/em><\/strong> <strong>total<\/strong><strong>\u00a0:\u00a0\u00a0\u00a0\u00a0\u00a0\u00a0\u00a0\u00a0\u00a0\u00a0\u00a0\u00a0\u00a0\u00a0\u00a0 140.167 \u20ac <\/strong><\/p>\n<ul>\n<li><em>2018:\u00a0<\/em><em>33 874,80 \u20ac<\/em><\/li>\n<li><em>2019:\u00a0<\/em><em>33 874,80 \u20ac<\/em><\/li>\n<li><em>2020:\u00a0<\/em><em>36 208,92 \u20ac\u00a0<\/em><\/li>\n<li><em>2021:\u00a0<\/em><em>\u00a036 208,92 \u20ac<\/em><\/li>\n<\/ul>\n<p><em><strong>B\u00e9n\u00e9ficiaires<\/strong><\/em><\/p>\n<p>500 jeunes de Mboro et de Dakar vont b\u00e9n\u00e9ficier de l\u2019appui des activit\u00e9s du projet \u00e0 travers des formations et des cr\u00e9dits pour leurs micro-entreprises.<\/p>\n<p>&nbsp;<\/p>\n<div id='gallery-2' class='gallery galleryid-855 gallery-columns-3 gallery-size-thumbnail'><figure class='gallery-item'>\n\t\t\t<div class='gallery-icon landscape'>\n\t\t\t\t<a data-lightbox=\"gallery\" href='https:\/\/ongd.lgs.lu\/wp-content\/uploads\/sites\/15\/2018\/02\/IMG_2854.jpg'><img loading=\"lazy\" decoding=\"async\" width=\"150\" height=\"150\" src=\"https:\/\/ongd.lgs.lu\/wp-content\/uploads\/sites\/15\/2018\/02\/IMG_2854-150x150.jpg\" class=\"attachment-thumbnail size-thumbnail\" alt=\"\" srcset=\"https:\/\/ongd.lgs.lu\/wp-content\/uploads\/sites\/15\/2018\/02\/IMG_2854-150x150.jpg 150w, https:\/\/ongd.lgs.lu\/wp-content\/uploads\/sites\/15\/2018\/02\/IMG_2854-125x125.jpg 125w\" sizes=\"auto, (max-width: 150px) 100vw, 150px\" \/><\/a>\n\t\t\t<\/div><\/figure><figure class='gallery-item'>\n\t\t\t<div class='gallery-icon portrait'>\n\t\t\t\t<a data-lightbox=\"gallery\" href='https:\/\/ongd.lgs.lu\/wp-content\/uploads\/sites\/15\/2018\/02\/WhatsApp-Image-2018-02-27-at-15.27.04.jpeg'><img loading=\"lazy\" decoding=\"async\" width=\"150\" height=\"150\" src=\"https:\/\/ongd.lgs.lu\/wp-content\/uploads\/sites\/15\/2018\/02\/WhatsApp-Image-2018-02-27-at-15.27.04-150x150.jpeg\" class=\"attachment-thumbnail size-thumbnail\" alt=\"\" srcset=\"https:\/\/ongd.lgs.lu\/wp-content\/uploads\/sites\/15\/2018\/02\/WhatsApp-Image-2018-02-27-at-15.27.04-150x150.jpeg 150w, https:\/\/ongd.lgs.lu\/wp-content\/uploads\/sites\/15\/2018\/02\/WhatsApp-Image-2018-02-27-at-15.27.04-700x700.jpeg 700w, https:\/\/ongd.lgs.lu\/wp-content\/uploads\/sites\/15\/2018\/02\/WhatsApp-Image-2018-02-27-at-15.27.04-125x125.jpeg 125w\" sizes=\"auto, (max-width: 150px) 100vw, 150px\" \/><\/a>\n\t\t\t<\/div><\/figure><figure class='gallery-item'>\n\t\t\t<div class='gallery-icon portrait'>\n\t\t\t\t<a data-lightbox=\"gallery\" href='https:\/\/ongd.lgs.lu\/wp-content\/uploads\/sites\/15\/2018\/02\/WhatsApp-Image-2018-02-27-at-15.27.00.jpeg'><img loading=\"lazy\" decoding=\"async\" width=\"150\" height=\"150\" src=\"https:\/\/ongd.lgs.lu\/wp-content\/uploads\/sites\/15\/2018\/02\/WhatsApp-Image-2018-02-27-at-15.27.00-150x150.jpeg\" class=\"attachment-thumbnail size-thumbnail\" alt=\"\" srcset=\"https:\/\/ongd.lgs.lu\/wp-content\/uploads\/sites\/15\/2018\/02\/WhatsApp-Image-2018-02-27-at-15.27.00-150x150.jpeg 150w, https:\/\/ongd.lgs.lu\/wp-content\/uploads\/sites\/15\/2018\/02\/WhatsApp-Image-2018-02-27-at-15.27.00-700x700.jpeg 700w, https:\/\/ongd.lgs.lu\/wp-content\/uploads\/sites\/15\/2018\/02\/WhatsApp-Image-2018-02-27-at-15.27.00-125x125.jpeg 125w\" sizes=\"auto, (max-width: 150px) 100vw, 150px\" \/><\/a>\n\t\t\t<\/div><\/figure><figure class='gallery-item'>\n\t\t\t<div class='gallery-icon portrait'>\n\t\t\t\t<a data-lightbox=\"gallery\" href='https:\/\/ongd.lgs.lu\/wp-content\/uploads\/sites\/15\/2018\/02\/WhatsApp-Image-2018-02-27-at-15.26.58.jpeg'><img loading=\"lazy\" decoding=\"async\" width=\"150\" height=\"150\" src=\"https:\/\/ongd.lgs.lu\/wp-content\/uploads\/sites\/15\/2018\/02\/WhatsApp-Image-2018-02-27-at-15.26.58-150x150.jpeg\" class=\"attachment-thumbnail size-thumbnail\" alt=\"\" srcset=\"https:\/\/ongd.lgs.lu\/wp-content\/uploads\/sites\/15\/2018\/02\/WhatsApp-Image-2018-02-27-at-15.26.58-150x150.jpeg 150w, https:\/\/ongd.lgs.lu\/wp-content\/uploads\/sites\/15\/2018\/02\/WhatsApp-Image-2018-02-27-at-15.26.58-700x700.jpeg 700w, https:\/\/ongd.lgs.lu\/wp-content\/uploads\/sites\/15\/2018\/02\/WhatsApp-Image-2018-02-27-at-15.26.58-125x125.jpeg 125w\" sizes=\"auto, (max-width: 150px) 100vw, 150px\" \/><\/a>\n\t\t\t<\/div><\/figure><figure class='gallery-item'>\n\t\t\t<div class='gallery-icon portrait'>\n\t\t\t\t<a data-lightbox=\"gallery\" href='https:\/\/ongd.lgs.lu\/wp-content\/uploads\/sites\/15\/2018\/02\/WhatsApp-Image-2018-02-27-at-14.34.20.jpeg'><img loading=\"lazy\" decoding=\"async\" width=\"150\" height=\"150\" src=\"https:\/\/ongd.lgs.lu\/wp-content\/uploads\/sites\/15\/2018\/02\/WhatsApp-Image-2018-02-27-at-14.34.20-150x150.jpeg\" class=\"attachment-thumbnail size-thumbnail\" alt=\"\" srcset=\"https:\/\/ongd.lgs.lu\/wp-content\/uploads\/sites\/15\/2018\/02\/WhatsApp-Image-2018-02-27-at-14.34.20-150x150.jpeg 150w, https:\/\/ongd.lgs.lu\/wp-content\/uploads\/sites\/15\/2018\/02\/WhatsApp-Image-2018-02-27-at-14.34.20-125x125.jpeg 125w\" sizes=\"auto, (max-width: 150px) 100vw, 150px\" \/><\/a>\n\t\t\t<\/div><\/figure><figure class='gallery-item'>\n\t\t\t<div class='gallery-icon portrait'>\n\t\t\t\t<a data-lightbox=\"gallery\" href='https:\/\/ongd.lgs.lu\/wp-content\/uploads\/sites\/15\/2018\/02\/WhatsApp-Image-2018-02-27-at-14.34.09.jpeg'><img loading=\"lazy\" decoding=\"async\" width=\"150\" height=\"150\" src=\"https:\/\/ongd.lgs.lu\/wp-content\/uploads\/sites\/15\/2018\/02\/WhatsApp-Image-2018-02-27-at-14.34.09-150x150.jpeg\" class=\"attachment-thumbnail size-thumbnail\" alt=\"\" srcset=\"https:\/\/ongd.lgs.lu\/wp-content\/uploads\/sites\/15\/2018\/02\/WhatsApp-Image-2018-02-27-at-14.34.09-150x150.jpeg 150w, https:\/\/ongd.lgs.lu\/wp-content\/uploads\/sites\/15\/2018\/02\/WhatsApp-Image-2018-02-27-at-14.34.09-125x125.jpeg 125w\" sizes=\"auto, (max-width: 150px) 100vw, 150px\" \/><\/a>\n\t\t\t<\/div><\/figure><figure class='gallery-item'>\n\t\t\t<div class='gallery-icon landscape'>\n\t\t\t\t<a data-lightbox=\"gallery\" href='https:\/\/ongd.lgs.lu\/wp-content\/uploads\/sites\/15\/2018\/02\/SAM_0059.jpg'><img loading=\"lazy\" decoding=\"async\" width=\"150\" height=\"150\" src=\"https:\/\/ongd.lgs.lu\/wp-content\/uploads\/sites\/15\/2018\/02\/SAM_0059-150x150.jpg\" class=\"attachment-thumbnail size-thumbnail\" alt=\"\" srcset=\"https:\/\/ongd.lgs.lu\/wp-content\/uploads\/sites\/15\/2018\/02\/SAM_0059-150x150.jpg 150w, https:\/\/ongd.lgs.lu\/wp-content\/uploads\/sites\/15\/2018\/02\/SAM_0059-700x700.jpg 700w, https:\/\/ongd.lgs.lu\/wp-content\/uploads\/sites\/15\/2018\/02\/SAM_0059-125x125.jpg 125w\" sizes=\"auto, (max-width: 150px) 100vw, 150px\" \/><\/a>\n\t\t\t<\/div><\/figure><figure class='gallery-item'>\n\t\t\t<div class='gallery-icon landscape'>\n\t\t\t\t<a data-lightbox=\"gallery\" href='https:\/\/ongd.lgs.lu\/wp-content\/uploads\/sites\/15\/2018\/02\/PHOTO1-ENTREPRENARIAT-DEC-2017.jpg'><img loading=\"lazy\" decoding=\"async\" width=\"150\" height=\"150\" src=\"https:\/\/ongd.lgs.lu\/wp-content\/uploads\/sites\/15\/2018\/02\/PHOTO1-ENTREPRENARIAT-DEC-2017-150x150.jpg\" class=\"attachment-thumbnail size-thumbnail\" alt=\"\" srcset=\"https:\/\/ongd.lgs.lu\/wp-content\/uploads\/sites\/15\/2018\/02\/PHOTO1-ENTREPRENARIAT-DEC-2017-150x150.jpg 150w, https:\/\/ongd.lgs.lu\/wp-content\/uploads\/sites\/15\/2018\/02\/PHOTO1-ENTREPRENARIAT-DEC-2017-125x125.jpg 125w\" sizes=\"auto, (max-width: 150px) 100vw, 150px\" \/><\/a>\n\t\t\t<\/div><\/figure><figure class='gallery-item'>\n\t\t\t<div class='gallery-icon landscape'>\n\t\t\t\t<a data-lightbox=\"gallery\" href='https:\/\/ongd.lgs.lu\/wp-content\/uploads\/sites\/15\/2018\/02\/IMG_2858.jpg'><img loading=\"lazy\" decoding=\"async\" width=\"150\" height=\"150\" src=\"https:\/\/ongd.lgs.lu\/wp-content\/uploads\/sites\/15\/2018\/02\/IMG_2858-150x150.jpg\" class=\"attachment-thumbnail size-thumbnail\" alt=\"\" srcset=\"https:\/\/ongd.lgs.lu\/wp-content\/uploads\/sites\/15\/2018\/02\/IMG_2858-150x150.jpg 150w, https:\/\/ongd.lgs.lu\/wp-content\/uploads\/sites\/15\/2018\/02\/IMG_2858-125x125.jpg 125w\" sizes=\"auto, (max-width: 150px) 100vw, 150px\" \/><\/a>\n\t\t\t<\/div><\/figure><figure class='gallery-item'>\n\t\t\t<div class='gallery-icon landscape'>\n\t\t\t\t<a data-lightbox=\"gallery\" href='https:\/\/ongd.lgs.lu\/wp-content\/uploads\/sites\/15\/2018\/02\/IMG_2916.jpg'><img loading=\"lazy\" decoding=\"async\" width=\"150\" height=\"150\" src=\"https:\/\/ongd.lgs.lu\/wp-content\/uploads\/sites\/15\/2018\/02\/IMG_2916-150x150.jpg\" class=\"attachment-thumbnail size-thumbnail\" alt=\"\" srcset=\"https:\/\/ongd.lgs.lu\/wp-content\/uploads\/sites\/15\/2018\/02\/IMG_2916-150x150.jpg 150w, https:\/\/ongd.lgs.lu\/wp-content\/uploads\/sites\/15\/2018\/02\/IMG_2916-125x125.jpg 125w\" sizes=\"auto, (max-width: 150px) 100vw, 150px\" \/><\/a>\n\t\t\t<\/div><\/figure><figure class='gallery-item'>\n\t\t\t<div class='gallery-icon landscape'>\n\t\t\t\t<a data-lightbox=\"gallery\" href='https:\/\/ongd.lgs.lu\/wp-content\/uploads\/sites\/15\/2018\/02\/IMG_2972.jpg'><img loading=\"lazy\" decoding=\"async\" width=\"150\" height=\"150\" src=\"https:\/\/ongd.lgs.lu\/wp-content\/uploads\/sites\/15\/2018\/02\/IMG_2972-150x150.jpg\" class=\"attachment-thumbnail size-thumbnail\" alt=\"\" srcset=\"https:\/\/ongd.lgs.lu\/wp-content\/uploads\/sites\/15\/2018\/02\/IMG_2972-150x150.jpg 150w, https:\/\/ongd.lgs.lu\/wp-content\/uploads\/sites\/15\/2018\/02\/IMG_2972-125x125.jpg 125w\" sizes=\"auto, (max-width: 150px) 100vw, 150px\" \/><\/a>\n\t\t\t<\/div><\/figure><figure class='gallery-item'>\n\t\t\t<div class='gallery-icon landscape'>\n\t\t\t\t<a data-lightbox=\"gallery\" href='https:\/\/ongd.lgs.lu\/wp-content\/uploads\/sites\/15\/2018\/02\/PHOTO-ENTREPRENARIAT-DEC-2017.jpg'><img loading=\"lazy\" decoding=\"async\" width=\"150\" height=\"150\" src=\"https:\/\/ongd.lgs.lu\/wp-content\/uploads\/sites\/15\/2018\/02\/PHOTO-ENTREPRENARIAT-DEC-2017-150x150.jpg\" class=\"attachment-thumbnail size-thumbnail\" alt=\"\" srcset=\"https:\/\/ongd.lgs.lu\/wp-content\/uploads\/sites\/15\/2018\/02\/PHOTO-ENTREPRENARIAT-DEC-2017-150x150.jpg 150w, https:\/\/ongd.lgs.lu\/wp-content\/uploads\/sites\/15\/2018\/02\/PHOTO-ENTREPRENARIAT-DEC-2017-125x125.jpg 125w\" sizes=\"auto, (max-width: 150px) 100vw, 150px\" \/><\/a>\n\t\t\t<\/div><\/figure>\n\t\t<\/div>","protected":false},"excerpt":{"rendered":"<p>MEC FONEES \u2013 Projet de promotion des activit\u00e9s g\u00e9n\u00e9ratrices de revenus \u00e0 Mboro et \u00e0 Dakar Depuis le d\u00e9but des ann\u00e9es 2000, la Mutuelle d\u2019\u00e9pargne et de cr\u00e9dit FONEES facilite l\u2019acc\u00e8s au cr\u00e9dit pour les communaut\u00e9s et notamment les couches les plus vuln\u00e9rables de la soci\u00e9t\u00e9. Elle a \u00e9t\u00e9 cr\u00e9\u00e9e pour une client\u00e8le \u00e0 tr\u00e8s&#8230;  <a class=\"excerpt-read-more\" href=\"https:\/\/ongd.lgs.lu\/fr\/projeten\/senegal\/projeten\/\" title=\"ReadMEC FONEES 2018-2021\">Read more &raquo;<\/a><\/p>\n","protected":false},"author":1298,"featured_media":882,"parent":27,"menu_order":5,"comment_status":"closed","ping_status":"closed","template":"","meta":{"footnotes":""},"class_list":["post-855","page","type-page","status-publish","has-post-thumbnail","hentry"],"_links":{"self":[{"href":"https:\/\/ongd.lgs.lu\/fr\/wp-json\/wp\/v2\/pages\/855","targetHints":{"allow":["GET"]}}],"collection":[{"href":"https:\/\/ongd.lgs.lu\/fr\/wp-json\/wp\/v2\/pages"}],"about":[{"href":"https:\/\/ongd.lgs.lu\/fr\/wp-json\/wp\/v2\/types\/page"}],"author":[{"embeddable":true,"href":"https:\/\/ongd.lgs.lu\/fr\/wp-json\/wp\/v2\/users\/1298"}],"replies":[{"embeddable":true,"href":"https:\/\/ongd.lgs.lu\/fr\/wp-json\/wp\/v2\/comments?post=855"}],"version-history":[{"count":11,"href":"https:\/\/ongd.lgs.lu\/fr\/wp-json\/wp\/v2\/pages\/855\/revisions"}],"predecessor-version":[{"id":1088,"href":"https:\/\/ongd.lgs.lu\/fr\/wp-json\/wp\/v2\/pages\/855\/revisions\/1088"}],"up":[{"embeddable":true,"href":"https:\/\/ongd.lgs.lu\/fr\/wp-json\/wp\/v2\/pages\/27"}],"wp:featuredmedia":[{"embeddable":true,"href":"https:\/\/ongd.lgs.lu\/fr\/wp-json\/wp\/v2\/media\/882"}],"wp:attachment":[{"href":"https:\/\/ongd.lgs.lu\/fr\/wp-json\/wp\/v2\/media?parent=855"}],"curies":[{"name":"wp","href":"https:\/\/api.w.org\/{rel}","templated":true}]}}