{"id":859,"date":"2018-02-09T17:34:05","date_gmt":"2018-02-09T16:34:05","guid":{"rendered":"https:\/\/ongd.lgs.lu\/?page_id=859"},"modified":"2023-02-14T13:52:04","modified_gmt":"2023-02-14T12:52:04","slug":"fr-projet-dentrepreneuriat-des-jeunes-aje-2018-2020","status":"publish","type":"page","link":"https:\/\/ongd.lgs.lu\/fr\/projeten\/senegal\/fr-projet-dentrepreneuriat-des-jeunes-aje-2018-2020\/","title":{"rendered":"Projet d&rsquo;entrepreneuriat des jeunes AJE 2018-2020"},"content":{"rendered":"<strong>Action Jeunesse Environnement &#8211; <\/strong><strong><em>Contribuer \u00e0 la <\/em><em>promotion<\/em><em> de l\u2019emploi et de l\u2019auto emploi par l\u2019insertion socio-\u00e9conomique des jeunes artisans form\u00e9s et certifi\u00e9s.\u00a0<\/em><\/strong><\/p>\n<p><strong><em>Objectif<\/em><\/strong><\/p>\n<p>Accompagner 150 jeunes artisans form\u00e9s et certifi\u00e9s dans les ateliers-\u00e9cole de Thi\u00e8s dans la cr\u00e9ation de 15 entreprises pour assurer leur insertion socio\u00e9conomique.<\/p>\n<p><strong><em>Contexte<\/em><\/strong><\/p>\n<p>Le secteur de l\u2019artisanat informel est encore tr\u00e8s important au S\u00e9n\u00e9gal. A Thi\u00e8s, on a recens\u00e9 plus de 2.000 ateliers\u00a0: couture, coiffure, menuiserie bois et m\u00e9tallique, m\u00e9canique, transformation de fruits et l\u00e9gumes. Beaucoup de jeunes non scolaris\u00e9s apprennent un m\u00e9tier dans ces ateliers, mais la structure de leur apprentissage demeure informelle et malgr\u00e9 leurs comp\u00e9tences ils n\u2019ont pas automatiquement acc\u00e8s \u00e0 la certification ou \u00e0 un poste de travail fixe \u00e0 la fin de leur formation.<\/p>\n<p>Lors des deux pr\u00e9c\u00e9dents projets (2012-2014 et 2015-2017) l\u2019appui de l\u2019ONGD \u00e0 Action Jeunesse environnement s\u2019\u00e9tait focalis\u00e9 sur l\u2019am\u00e9lioration des conditions d\u2019apprentissage des jeunes dans les ateliers artisanaux informels de la ville de Thi\u00e8s. Les jeunes \u00e9taient davantage accompagn\u00e9s dans leurs formations et les b\u00e9n\u00e9ficiaires des projets ont pu acc\u00e9der \u00e0 une certification formelle de leur savoir-faire.<\/p>\n<p>Ce projet veut capitaliser sur les acquis du pass\u00e9 et m\u00eame aller au-del\u00e0, car il se fixe pour objectif de former 150 jeunes certifi\u00e9s \u00e0 l\u2019entreprenariat et de les accompagner \u00e0 la mise en place de leur petite entreprise, individuellement ou en coop\u00e9rative.<\/p>\n<p>Enfin, les jeunes seront aussi appuy\u00e9s dans la recherche et l\u2019obtention de microcr\u00e9dits pour leurs projets.<\/p>\n<p>Ces activit\u00e9s visent \u00e0 contribuer \u00e0 l\u2019emploi des jeunes dans un pays o\u00f9 le ch\u00f4mage et l\u2019emploi informel sont \u00e9lev\u00e9s et o\u00f9 il n\u2019est donc pas \u00e9vident pour les jeunes de s\u2019int\u00e9grer dans la vie active.<\/p>\n<p><strong><em>Dur\u00e9e &#8211; 3 ans<\/em><\/strong>\u00a0: 2018-2019-2020<\/p>\n<p><strong><em>Budget du projet\u00a0: <\/em><\/strong><strong><em>153.750<\/em><\/strong> <strong><em>\u20ac\u00a0 <\/em><\/strong><\/p>\n<ul>\n<li>2018 :\u00a051 250 \u20ac<\/li>\n<li>2019 : 51 250 \u20ac<\/li>\n<li>2020 : 51 250 \u20ac<\/li>\n<\/ul>\n<p><strong><em>B\u00e9n\u00e9ficiaires<\/em><\/strong>\u00a0: 150 jeunes apprentis de Thi\u00e8s.<\/p>\n<p><strong><em>Activit\u00e9s<\/em><\/strong><strong><em>\u00a0: <\/em><\/strong><\/p>\n<p>Sur les trois ans (2018-2020), le projet va :<\/p>\n<ul>\n<li>former 150 jeunes artisans en gestion et entreprenariat\u00a0;<\/li>\n<li>former 150 jeunes artisans en alphab\u00e9tisation num\u00e9rique\u00a0;<\/li>\n<li>assurer le recyclage continu des jeunes artisans par l\u2019\u00e9quipe du projet\u00a0;<\/li>\n<li>appuyer les jeunes artisans dans leur cr\u00e9ation d\u2019entreprise, de Groupement d\u2019int\u00e9r\u00eat \u00e9conomique ou de Coop\u00e9rative\u00a0;<\/li>\n<li>accompagner les jeunes artisans dans la constitution des dossiers de microcr\u00e9dits et les orienter vers les institutions de micro finances.<\/li>\n<\/ul>\n<p><em>Merci \u00e0 la Commune d&rsquo;Ettelbr\u00fcck pour son soutien \u00e0 ce projet!\u00a0<\/em><\/p>\n<div id='gallery-2' class='gallery galleryid-859 gallery-columns-3 gallery-size-thumbnail'><figure class='gallery-item'>\n\t\t\t<div class='gallery-icon landscape'>\n\t\t\t\t<a data-lightbox=\"gallery\" href='https:\/\/ongd.lgs.lu\/wp-content\/uploads\/sites\/15\/2018\/02\/Restauratrices3-1.jpg'><img loading=\"lazy\" decoding=\"async\" width=\"150\" height=\"150\" src=\"https:\/\/ongd.lgs.lu\/wp-content\/uploads\/sites\/15\/2018\/02\/Restauratrices3-1-150x150.jpg\" class=\"attachment-thumbnail size-thumbnail\" alt=\"\" aria-describedby=\"gallery-2-1064\" srcset=\"https:\/\/ongd.lgs.lu\/wp-content\/uploads\/sites\/15\/2018\/02\/Restauratrices3-1-150x150.jpg 150w, https:\/\/ongd.lgs.lu\/wp-content\/uploads\/sites\/15\/2018\/02\/Restauratrices3-1-700x700.jpg 700w, https:\/\/ongd.lgs.lu\/wp-content\/uploads\/sites\/15\/2018\/02\/Restauratrices3-1-125x125.jpg 125w\" sizes=\"auto, (max-width: 150px) 100vw, 150px\" \/><\/a>\n\t\t\t<\/div>\n\t\t\t\t<figcaption class='wp-caption-text gallery-caption' id='gallery-2-1064'>\n\t\t\t\tExif_JPEG_420\n\t\t\t\t<\/figcaption><\/figure><figure class='gallery-item'>\n\t\t\t<div class='gallery-icon landscape'>\n\t\t\t\t<a data-lightbox=\"gallery\" href='https:\/\/ongd.lgs.lu\/wp-content\/uploads\/sites\/15\/2018\/02\/Restauratrices2-1.jpg'><img loading=\"lazy\" decoding=\"async\" width=\"150\" height=\"150\" src=\"https:\/\/ongd.lgs.lu\/wp-content\/uploads\/sites\/15\/2018\/02\/Restauratrices2-1-150x150.jpg\" class=\"attachment-thumbnail size-thumbnail\" alt=\"\" aria-describedby=\"gallery-2-1063\" srcset=\"https:\/\/ongd.lgs.lu\/wp-content\/uploads\/sites\/15\/2018\/02\/Restauratrices2-1-150x150.jpg 150w, https:\/\/ongd.lgs.lu\/wp-content\/uploads\/sites\/15\/2018\/02\/Restauratrices2-1-700x700.jpg 700w, https:\/\/ongd.lgs.lu\/wp-content\/uploads\/sites\/15\/2018\/02\/Restauratrices2-1-125x125.jpg 125w\" sizes=\"auto, (max-width: 150px) 100vw, 150px\" \/><\/a>\n\t\t\t<\/div>\n\t\t\t\t<figcaption class='wp-caption-text gallery-caption' id='gallery-2-1063'>\n\t\t\t\tExif_JPEG_420\n\t\t\t\t<\/figcaption><\/figure><figure class='gallery-item'>\n\t\t\t<div class='gallery-icon landscape'>\n\t\t\t\t<a data-lightbox=\"gallery\" href='https:\/\/ongd.lgs.lu\/wp-content\/uploads\/sites\/15\/2018\/02\/Restauratrices-1.jpg'><img loading=\"lazy\" decoding=\"async\" width=\"150\" height=\"150\" src=\"https:\/\/ongd.lgs.lu\/wp-content\/uploads\/sites\/15\/2018\/02\/Restauratrices-1-150x150.jpg\" class=\"attachment-thumbnail size-thumbnail\" alt=\"\" aria-describedby=\"gallery-2-1062\" srcset=\"https:\/\/ongd.lgs.lu\/wp-content\/uploads\/sites\/15\/2018\/02\/Restauratrices-1-150x150.jpg 150w, https:\/\/ongd.lgs.lu\/wp-content\/uploads\/sites\/15\/2018\/02\/Restauratrices-1-700x700.jpg 700w, https:\/\/ongd.lgs.lu\/wp-content\/uploads\/sites\/15\/2018\/02\/Restauratrices-1-125x125.jpg 125w\" sizes=\"auto, (max-width: 150px) 100vw, 150px\" \/><\/a>\n\t\t\t<\/div>\n\t\t\t\t<figcaption class='wp-caption-text gallery-caption' id='gallery-2-1062'>\n\t\t\t\tExif_JPEG_420\n\t\t\t\t<\/figcaption><\/figure><figure class='gallery-item'>\n\t\t\t<div class='gallery-icon portrait'>\n\t\t\t\t<a data-lightbox=\"gallery\" href='https:\/\/ongd.lgs.lu\/wp-content\/uploads\/sites\/15\/2018\/02\/IMG_20170702_142119_1CS1.jpg'><img loading=\"lazy\" decoding=\"async\" width=\"150\" height=\"150\" src=\"https:\/\/ongd.lgs.lu\/wp-content\/uploads\/sites\/15\/2018\/02\/IMG_20170702_142119_1CS1-150x150.jpg\" class=\"attachment-thumbnail size-thumbnail\" alt=\"\" srcset=\"https:\/\/ongd.lgs.lu\/wp-content\/uploads\/sites\/15\/2018\/02\/IMG_20170702_142119_1CS1-150x150.jpg 150w, https:\/\/ongd.lgs.lu\/wp-content\/uploads\/sites\/15\/2018\/02\/IMG_20170702_142119_1CS1-700x700.jpg 700w, https:\/\/ongd.lgs.lu\/wp-content\/uploads\/sites\/15\/2018\/02\/IMG_20170702_142119_1CS1-125x125.jpg 125w\" sizes=\"auto, (max-width: 150px) 100vw, 150px\" \/><\/a>\n\t\t\t<\/div><\/figure><figure class='gallery-item'>\n\t\t\t<div class='gallery-icon landscape'>\n\t\t\t\t<a data-lightbox=\"gallery\" href='https:\/\/ongd.lgs.lu\/wp-content\/uploads\/sites\/15\/2018\/02\/DSCN6753.jpg'><img loading=\"lazy\" decoding=\"async\" width=\"150\" height=\"150\" src=\"https:\/\/ongd.lgs.lu\/wp-content\/uploads\/sites\/15\/2018\/02\/DSCN6753-150x150.jpg\" class=\"attachment-thumbnail size-thumbnail\" alt=\"\" srcset=\"https:\/\/ongd.lgs.lu\/wp-content\/uploads\/sites\/15\/2018\/02\/DSCN6753-150x150.jpg 150w, https:\/\/ongd.lgs.lu\/wp-content\/uploads\/sites\/15\/2018\/02\/DSCN6753-700x700.jpg 700w, https:\/\/ongd.lgs.lu\/wp-content\/uploads\/sites\/15\/2018\/02\/DSCN6753-125x125.jpg 125w\" sizes=\"auto, (max-width: 150px) 100vw, 150px\" \/><\/a>\n\t\t\t<\/div><\/figure><figure class='gallery-item'>\n\t\t\t<div class='gallery-icon landscape'>\n\t\t\t\t<a data-lightbox=\"gallery\" href='https:\/\/ongd.lgs.lu\/wp-content\/uploads\/sites\/15\/2017\/10\/P1030419.jpg'><img loading=\"lazy\" decoding=\"async\" width=\"150\" height=\"150\" src=\"https:\/\/ongd.lgs.lu\/wp-content\/uploads\/sites\/15\/2017\/10\/P1030419-150x150.jpg\" class=\"attachment-thumbnail size-thumbnail\" alt=\"\" aria-describedby=\"gallery-2-716\" srcset=\"https:\/\/ongd.lgs.lu\/wp-content\/uploads\/sites\/15\/2017\/10\/P1030419-150x150.jpg 150w, https:\/\/ongd.lgs.lu\/wp-content\/uploads\/sites\/15\/2017\/10\/P1030419-700x700.jpg 700w, https:\/\/ongd.lgs.lu\/wp-content\/uploads\/sites\/15\/2017\/10\/P1030419-125x125.jpg 125w\" sizes=\"auto, (max-width: 150px) 100vw, 150px\" \/><\/a>\n\t\t\t<\/div>\n\t\t\t\t<figcaption class='wp-caption-text gallery-caption' id='gallery-2-716'>\n\t\t\t\tLes visites \n\t\t\t\t<\/figcaption><\/figure><figure class='gallery-item'>\n\t\t\t<div class='gallery-icon landscape'>\n\t\t\t\t<a data-lightbox=\"gallery\" href='https:\/\/ongd.lgs.lu\/wp-content\/uploads\/sites\/15\/2015\/11\/Thies-13.jpg'><img loading=\"lazy\" decoding=\"async\" width=\"150\" height=\"150\" src=\"https:\/\/ongd.lgs.lu\/wp-content\/uploads\/sites\/15\/2015\/11\/Thies-13-150x150.jpg\" class=\"attachment-thumbnail size-thumbnail\" alt=\"\" srcset=\"https:\/\/ongd.lgs.lu\/wp-content\/uploads\/sites\/15\/2015\/11\/Thies-13-150x150.jpg 150w, https:\/\/ongd.lgs.lu\/wp-content\/uploads\/sites\/15\/2015\/11\/Thies-13-700x700.jpg 700w, https:\/\/ongd.lgs.lu\/wp-content\/uploads\/sites\/15\/2015\/11\/Thies-13-125x125.jpg 125w\" sizes=\"auto, (max-width: 150px) 100vw, 150px\" \/><\/a>\n\t\t\t<\/div><\/figure><figure class='gallery-item'>\n\t\t\t<div class='gallery-icon landscape'>\n\t\t\t\t<a data-lightbox=\"gallery\" href='https:\/\/ongd.lgs.lu\/wp-content\/uploads\/sites\/15\/2015\/11\/Thies-12.jpg'><img loading=\"lazy\" decoding=\"async\" width=\"150\" height=\"150\" src=\"https:\/\/ongd.lgs.lu\/wp-content\/uploads\/sites\/15\/2015\/11\/Thies-12-150x150.jpg\" class=\"attachment-thumbnail size-thumbnail\" alt=\"\" srcset=\"https:\/\/ongd.lgs.lu\/wp-content\/uploads\/sites\/15\/2015\/11\/Thies-12-150x150.jpg 150w, https:\/\/ongd.lgs.lu\/wp-content\/uploads\/sites\/15\/2015\/11\/Thies-12-700x700.jpg 700w, https:\/\/ongd.lgs.lu\/wp-content\/uploads\/sites\/15\/2015\/11\/Thies-12-125x125.jpg 125w\" sizes=\"auto, (max-width: 150px) 100vw, 150px\" \/><\/a>\n\t\t\t<\/div><\/figure>\n\t\t<\/div>","protected":false},"excerpt":{"rendered":"<p>Action Jeunesse Environnement &#8211; Contribuer \u00e0 la promotion de l\u2019emploi et de l\u2019auto emploi par l\u2019insertion socio-\u00e9conomique des jeunes artisans form\u00e9s et certifi\u00e9s.\u00a0 Objectif Accompagner 150 jeunes artisans form\u00e9s et certifi\u00e9s dans les ateliers-\u00e9cole de Thi\u00e8s dans la cr\u00e9ation de 15 entreprises pour assurer leur insertion socio\u00e9conomique. Contexte Le secteur de l\u2019artisanat informel est encore&#8230;  <a class=\"excerpt-read-more\" href=\"https:\/\/ongd.lgs.lu\/fr\/projeten\/senegal\/fr-projet-dentrepreneuriat-des-jeunes-aje-2018-2020\/\" title=\"ReadProjet d&rsquo;entrepreneuriat des jeunes AJE 2018-2020\">Read more &raquo;<\/a><\/p>\n","protected":false},"author":1298,"featured_media":714,"parent":27,"menu_order":5,"comment_status":"closed","ping_status":"closed","template":"","meta":{"footnotes":""},"class_list":["post-859","page","type-page","status-publish","has-post-thumbnail","hentry"],"_links":{"self":[{"href":"https:\/\/ongd.lgs.lu\/fr\/wp-json\/wp\/v2\/pages\/859","targetHints":{"allow":["GET"]}}],"collection":[{"href":"https:\/\/ongd.lgs.lu\/fr\/wp-json\/wp\/v2\/pages"}],"about":[{"href":"https:\/\/ongd.lgs.lu\/fr\/wp-json\/wp\/v2\/types\/page"}],"author":[{"embeddable":true,"href":"https:\/\/ongd.lgs.lu\/fr\/wp-json\/wp\/v2\/users\/1298"}],"replies":[{"embeddable":true,"href":"https:\/\/ongd.lgs.lu\/fr\/wp-json\/wp\/v2\/comments?post=859"}],"version-history":[{"count":16,"href":"https:\/\/ongd.lgs.lu\/fr\/wp-json\/wp\/v2\/pages\/859\/revisions"}],"predecessor-version":[{"id":3407,"href":"https:\/\/ongd.lgs.lu\/fr\/wp-json\/wp\/v2\/pages\/859\/revisions\/3407"}],"up":[{"embeddable":true,"href":"https:\/\/ongd.lgs.lu\/fr\/wp-json\/wp\/v2\/pages\/27"}],"wp:featuredmedia":[{"embeddable":true,"href":"https:\/\/ongd.lgs.lu\/fr\/wp-json\/wp\/v2\/media\/714"}],"wp:attachment":[{"href":"https:\/\/ongd.lgs.lu\/fr\/wp-json\/wp\/v2\/media?parent=859"}],"curies":[{"name":"wp","href":"https:\/\/api.w.org\/{rel}","templated":true}]}}