{"id":887,"date":"2018-02-09T16:58:54","date_gmt":"2018-02-09T15:58:54","guid":{"rendered":"https:\/\/ongd.lgs.lu\/?page_id=887"},"modified":"2023-02-14T10:22:13","modified_gmt":"2023-02-14T09:22:13","slug":"fr-centre-zumuntchi-de-long-gakassiney-2018-2021","status":"publish","type":"page","link":"https:\/\/ongd.lgs.lu\/fr\/projeten\/niger\/fr-centre-zumuntchi-de-long-gakassiney-2018-2021\/","title":{"rendered":"\u00cbnnerst\u00ebtzung vun der Zenter Zumuntchi 2018-2021"},"content":{"rendered":"<p><em>D\u2019\u00a0\u00cbnnerst\u00ebtzung vun der ONGD, vum Zenter Zumuntchi, an dem communautairen Radiosender fir deenen Jonken en Informatiouns-, Formatiouns- an Expressiounskader ze bidden fir aus hinnen verantwortlech Bierger ze machen d\u00e9i un der lokaler Entw\u00e9cklung deelhuelen.<\/em><\/p>\n<p><strong><em>Lokale Partner<\/em><\/strong><\/p>\n<p>ONG Gakassiney \u2013 ONG des scouts du Niger<\/p>\n<p><strong><em>Ziler<\/em><\/strong><\/p>\n<p>Verbesseren vum Formatiouns- an Sensibilisatiounskader vun den Jonken aus der Communaut\u00e9it Koira Tequi zu Niamey\u00a0 mat der H\u00ebllef vum communautairen Radio deen am virechten Projet gegr\u00ebnnt gouf.<\/p>\n<p>Verbesseren vun\u00a0 der communautairer Biblioth\u00e9ik, der Alphabetisatioun , der H\u00ebllef bei der Modernis\u00e9ierung vun den Koranschoulen an den Ausbildungen (Informatik, Gesondheet,\u00a0\u00cbmwelt, Fridden).<\/p>\n<p><strong><em>Historique<\/em><\/strong><\/p>\n<p>D\u2019Zesummenaarbecht\u00a0t\u00ebscht de\u00a0L\u00ebtzebuerger Guiden a Scouten an de\u00a0Scouten am Niger ass enstannen duerch den Austausch w\u00e4rend de\u00a0Campchantieren.<\/p>\n<p>D\u00ebs Kontakter an den Austausch hunn\u00a0et erlaabt fir verschidde\u00a0Formatiounen op d\u2019Been ze setzen an och de\u00a0Bau vun engem Formatiouns- an Informatiounszenter\u00a0(Centre Zumuntchi) zu Nimaey ze \u00ebnnerst\u00ebtzen.<\/p>\n<p>D\u00ebsen Zentrum ass ganz s\u00e9ier den nationale\u00a0Centre vun de\u00a0Scouten aus dem Niger ginn a\u00a0bitt\u00a0weider Formatiounen, Sensibilisatiounen a\u00a0verschidden Animatiounen am Niger mee och fir d\u00e9i direkt Nopeschl\u00e4nner\u00a0un.<\/p>\n<p>Doraus an och fir Entw\u00e9cklungsprojete\u00a0besser k\u00ebnnen \u00ebm ze setzen, ass 2012 eng nigerianesch ONGD, d\u00e9i de\u00a0Scouten am Niger \u00ebnnersteet, gegr\u00ebnnt ginn.<\/p>\n<p>D\u00ebs ONGD mam Numm GAKASSINEY, ass de\u00a0Partner vun der ONGD fir d\u2019Entw\u00e9cklungsprojeten.<\/p>\n<p>Am leschten\u00a0Accord-cadre 2015-2017, huet ONGD Guiden a Scoute\u00a0fir eng Welt, Schafen\u00a0an de\u00a0Fonctionnement\u00a0vun engem communautair\u00eb\u00a0Radio fir de\u00a0Quartier \u00ebnnerst\u00ebtzt.<\/p>\n<p>Am November 2017, gouf en Concours fir de\u00a0RACOM (R\u00e9seau des Radio Communautaire du Niger) organis\u00e9iert mat der H\u00ebllef vun engem \u00ab\u00a0Programm\u00a0en d&rsquo;Appui aux Medias\u00a0\u00bb an engem d\u00e4neschen Institut fir d\u2019\u00cbnnerst\u00ebtzung vun de\u00a0Medien (IMS) wou d\u00e9i bescht Sendunge\u00a0vun de communautair\u00eb\u00a0Radio\u00ebn aus dem Land ge\u00e9iert goufen.<\/p>\n<p>Vun den 184 communautair\u00eb\u00a0Radio\u00ebn aus dem Niger, huet de\u00a0Radio vun de\u00a0Scouten aus dem Niger den zweete\u00a0Pr\u00e4iss kritt fir eng Sendung zum Thema \u00ab\u00a0citoyennet\u00e9 et bonne gouvernance\u00a0\u00bb an der Djerma Sprooch.\u00a0D\u00ebse Pr\u00e4is best\u00e4tegt ons d\u2019Qualit\u00e9it an d&rsquo;Pertinenz vun der Aarbecht d\u00e9i gemaach gouf an encourag\u00e9iert eis fir onst Vertrauen an ons \u00cbnnerst\u00ebtzung fir d\u00ebse Radio fir d\u00e9i n\u00e4chst v\u00e9ier Joer ze erneieren.<\/p>\n<p>D&rsquo;Biblioth\u00e9ik huet och bewisen, datt\u00a0si\u00a0eng Plaz fir d\u00e9i Jonk aus dem Quartier ass, d\u00e9i zu ganz vill dohi\u00a0kommen an dovu\u00a0profit\u00e9ieren do ze liesen, Gesellschaftsspiller ze mache\u00a0wat si w\u00e9ineg doheem hunn. Et ass aus d\u00ebse Gr\u00ebnn, datt <span class=\"eifeler_regel\" title=\"sinn\">si<\/span> och an dee\u00a0bestoende\u00a0Projet integr\u00e9iert gouf.<\/p>\n<p>Zu gudder L\u00e4scht, ass och den Informatikssall vun deene\u00a0Jonken aus dem Quartier vill besicht a\u00a0g\u00ebtt\u00a0dofir weider vun der ONGD \u00ebnnerst\u00ebtzt, och well d\u2019Informatik an der Formatioun net\u00a0m\u00e9i ewech ze denken ass.<\/p>\n<p>D\u00e9i zwee nei Ber\u00e4icher op d\u00e9i de\u00a0Projet 2018-2021 sech konzentr\u00e9iere\u00a0w\u00e4ert, sinn d\u2019Alphabetisatioun\u00a0vun de jonke\u00a0Meedercher a\u00a0Modernis\u00e9ierung vun de\u00a0Koranschoulen.<\/p>\n<p>Koranschoulen d\u00e9i nach \u00ebmmer vill Famillen unz\u00e9ien, mussen sech der Z\u00e4it\u00a0upassen a\u00a0m\u00e9i eng grouss Vilfalt vu\u00a0Formatiounen ubidde\u00a0fir dass Kanner eng besser Schoulausbildung kr\u00e9ien.<\/p>\n<p>Esou solle\u00a0Schoulmeeschter m\u00e9i op Rechter a\u00a0Besoin\u00a0vun de\u00a0Kanner souw\u00e9i an der Pedagogik an a verschidde Formatioune\u00a0sensibilis\u00e9iert\u00a0ginn, d\u00e9i sinn\u00a0an de\u00a0Couren integr\u00e9iere k\u00ebnne\u00a0fir eng m\u00e9i fr\u00e4i Entfale\u00a0vun de\u00a0Kanner.<\/p>\n<p><strong><em>Dauer<\/em><\/strong><\/p>\n<p>4 Joer (2018-2021)<\/p>\n<p><strong><em>Budget vum Projet\u00a0: 191.679 \u20ac\u00a0 &#8211; <\/em><\/strong><\/p>\n<ul>\n<li>2018 :\u00a046 415,03 \u20ac<\/li>\n<li>2019 :\u00a047 363,68 \u20ac<\/li>\n<li>2020 :\u00a047 680,20 \u20ac<\/li>\n<li>2021 :\u00a050 220,20 \u20ac<\/li>\n<\/ul>\n<p>Ongef\u00e9ier 6000 Jonker (7 bis 25 Jo\u00ebr) aus der P\u00e9riph\u00e9rie vun Koirat\u00e9gui an d\u00e9i jonk Scouten aus dem Niger.<\/p>\n<p><em><strong>Beneficiairen<\/strong><\/em><\/p>\n<p>Vum Communautaire Radio profit\u00e9ieren ongef\u00e9ier 30.000 Leit, d.h. all Awunner aus dem Quartier Koira Tegui.<\/p>\n<p><strong><em>Aktivit\u00e9iten<\/em><\/strong><\/p>\n<p>An deene n\u00e4chste 4 Joer (2018-2021), w\u00e4ert den Projet :<\/p>\n<ul>\n<li>D\u2019Radiossendungen an d\u2019Infrastruktur vum communautair\u00eb\u00a0Radio \u00ebnnerst\u00ebtzen &#8211; <span class=\"eifeler_regel\" title=\"de\">den<\/span> Radio send\u00a0all Dag vu\u00a006h00 bis 24h00 a\u00a0verschidden national Sproochen an op Frans\u00e9isch. D\u2019Sendunge si\u00a0ganz verschidden (Sensibilis\u00e9ierung zu verschidden Themen, Museksemissiounen, Sport, Informatioun, Politik, etc.) an d\u2019Awunner am Quartier bedeelegen sech ganz aktiv, mat hiren Aussoen, un der\u00a0 Qualit\u00e9it vun de propos\u00e9ierte\u00a0Sendungen<\/li>\n<li>E ganze\u00a0Pak vu Formatioune\u00a0fir d\u00e9i Jonk aus dem Quartier un bidden\u00a0: Informatik, Gesondheet an\u00a0\u00cbmwelt, Friddenserz\u00e9iung<\/li>\n<li>Modernis\u00e9ierung vun de\u00a0Koranschoulen \u00ebnnerst\u00ebtzen<\/li>\n<li>D\u2019Ausbildung vun den Educateuren aus dem Centre organis\u00e9ieren, fir och Kapassit\u00e9ite\u00a0vun de\u00a0Responsabel vun der ONGD ze verst\u00e4erken<\/li>\n<li>De Fonctionnement a\u00a0p\u00e4dagogesch Offer vun der Biblioth\u00e9ik vum Centre fir d\u00e9i Jonk aus dem Quartier verbesseren.<\/li>\n<\/ul>\n<p>&nbsp;<\/p>\n<p><em>Merci un Diddel\u00e9ng H\u00eblleft fir hir \u00cbnnerst\u00ebtzung !<\/em><\/p>\n<div id='gallery-1' class='gallery galleryid-887 gallery-columns-1 gallery-size-thumbnail'><figure class='gallery-item'>\n\t\t\t<div class='gallery-icon landscape'>\n\t\t\t\t<a data-lightbox=\"gallery\" href='https:\/\/ongd.lgs.lu\/wp-content\/uploads\/sites\/15\/2018\/02\/DSC00225.jpg'><img loading=\"lazy\" decoding=\"async\" width=\"150\" height=\"150\" src=\"https:\/\/ongd.lgs.lu\/wp-content\/uploads\/sites\/15\/2018\/02\/DSC00225-150x150.jpg\" class=\"attachment-thumbnail size-thumbnail\" alt=\"\" srcset=\"https:\/\/ongd.lgs.lu\/wp-content\/uploads\/sites\/15\/2018\/02\/DSC00225-150x150.jpg 150w, https:\/\/ongd.lgs.lu\/wp-content\/uploads\/sites\/15\/2018\/02\/DSC00225-700x700.jpg 700w, https:\/\/ongd.lgs.lu\/wp-content\/uploads\/sites\/15\/2018\/02\/DSC00225-125x125.jpg 125w\" sizes=\"auto, (max-width: 150px) 100vw, 150px\" \/><\/a>\n\t\t\t<\/div><\/figure><figure class='gallery-item'>\n\t\t\t<div class='gallery-icon landscape'>\n\t\t\t\t<a data-lightbox=\"gallery\" href='https:\/\/ongd.lgs.lu\/wp-content\/uploads\/sites\/15\/2018\/02\/DSC00375.jpg'><img loading=\"lazy\" decoding=\"async\" width=\"150\" height=\"150\" src=\"https:\/\/ongd.lgs.lu\/wp-content\/uploads\/sites\/15\/2018\/02\/DSC00375-150x150.jpg\" class=\"attachment-thumbnail size-thumbnail\" alt=\"\" srcset=\"https:\/\/ongd.lgs.lu\/wp-content\/uploads\/sites\/15\/2018\/02\/DSC00375-150x150.jpg 150w, https:\/\/ongd.lgs.lu\/wp-content\/uploads\/sites\/15\/2018\/02\/DSC00375-700x700.jpg 700w, https:\/\/ongd.lgs.lu\/wp-content\/uploads\/sites\/15\/2018\/02\/DSC00375-125x125.jpg 125w\" sizes=\"auto, (max-width: 150px) 100vw, 150px\" \/><\/a>\n\t\t\t<\/div><\/figure><figure class='gallery-item'>\n\t\t\t<div class='gallery-icon landscape'>\n\t\t\t\t<a data-lightbox=\"gallery\" href='https:\/\/ongd.lgs.lu\/wp-content\/uploads\/sites\/15\/2018\/02\/DSC00325.jpg'><img loading=\"lazy\" decoding=\"async\" width=\"150\" height=\"150\" src=\"https:\/\/ongd.lgs.lu\/wp-content\/uploads\/sites\/15\/2018\/02\/DSC00325-150x150.jpg\" class=\"attachment-thumbnail size-thumbnail\" alt=\"\" srcset=\"https:\/\/ongd.lgs.lu\/wp-content\/uploads\/sites\/15\/2018\/02\/DSC00325-150x150.jpg 150w, https:\/\/ongd.lgs.lu\/wp-content\/uploads\/sites\/15\/2018\/02\/DSC00325-700x700.jpg 700w, https:\/\/ongd.lgs.lu\/wp-content\/uploads\/sites\/15\/2018\/02\/DSC00325-125x125.jpg 125w\" sizes=\"auto, (max-width: 150px) 100vw, 150px\" \/><\/a>\n\t\t\t<\/div><\/figure><figure class='gallery-item'>\n\t\t\t<div class='gallery-icon landscape'>\n\t\t\t\t<a data-lightbox=\"gallery\" href='https:\/\/ongd.lgs.lu\/wp-content\/uploads\/sites\/15\/2018\/02\/DSC00235.jpg'><img loading=\"lazy\" decoding=\"async\" width=\"150\" height=\"150\" src=\"https:\/\/ongd.lgs.lu\/wp-content\/uploads\/sites\/15\/2018\/02\/DSC00235-150x150.jpg\" class=\"attachment-thumbnail size-thumbnail\" alt=\"\" srcset=\"https:\/\/ongd.lgs.lu\/wp-content\/uploads\/sites\/15\/2018\/02\/DSC00235-150x150.jpg 150w, https:\/\/ongd.lgs.lu\/wp-content\/uploads\/sites\/15\/2018\/02\/DSC00235-700x700.jpg 700w, https:\/\/ongd.lgs.lu\/wp-content\/uploads\/sites\/15\/2018\/02\/DSC00235-125x125.jpg 125w\" sizes=\"auto, (max-width: 150px) 100vw, 150px\" \/><\/a>\n\t\t\t<\/div><\/figure><figure class='gallery-item'>\n\t\t\t<div class='gallery-icon landscape'>\n\t\t\t\t<a data-lightbox=\"gallery\" href='https:\/\/ongd.lgs.lu\/wp-content\/uploads\/sites\/15\/2018\/02\/P1030049.jpg'><img loading=\"lazy\" decoding=\"async\" width=\"150\" height=\"150\" src=\"https:\/\/ongd.lgs.lu\/wp-content\/uploads\/sites\/15\/2018\/02\/P1030049-150x150.jpg\" class=\"attachment-thumbnail size-thumbnail\" alt=\"\" srcset=\"https:\/\/ongd.lgs.lu\/wp-content\/uploads\/sites\/15\/2018\/02\/P1030049-150x150.jpg 150w, https:\/\/ongd.lgs.lu\/wp-content\/uploads\/sites\/15\/2018\/02\/P1030049-700x700.jpg 700w, https:\/\/ongd.lgs.lu\/wp-content\/uploads\/sites\/15\/2018\/02\/P1030049-125x125.jpg 125w\" sizes=\"auto, (max-width: 150px) 100vw, 150px\" \/><\/a>\n\t\t\t<\/div><\/figure><figure class='gallery-item'>\n\t\t\t<div class='gallery-icon landscape'>\n\t\t\t\t<a data-lightbox=\"gallery\" href='https:\/\/ongd.lgs.lu\/wp-content\/uploads\/sites\/15\/2018\/02\/P1030059.jpg'><img loading=\"lazy\" decoding=\"async\" width=\"150\" height=\"150\" src=\"https:\/\/ongd.lgs.lu\/wp-content\/uploads\/sites\/15\/2018\/02\/P1030059-150x150.jpg\" class=\"attachment-thumbnail size-thumbnail\" alt=\"\" srcset=\"https:\/\/ongd.lgs.lu\/wp-content\/uploads\/sites\/15\/2018\/02\/P1030059-150x150.jpg 150w, https:\/\/ongd.lgs.lu\/wp-content\/uploads\/sites\/15\/2018\/02\/P1030059-700x700.jpg 700w, https:\/\/ongd.lgs.lu\/wp-content\/uploads\/sites\/15\/2018\/02\/P1030059-125x125.jpg 125w\" sizes=\"auto, (max-width: 150px) 100vw, 150px\" \/><\/a>\n\t\t\t<\/div><\/figure><figure class='gallery-item'>\n\t\t\t<div class='gallery-icon landscape'>\n\t\t\t\t<a data-lightbox=\"gallery\" href='https:\/\/ongd.lgs.lu\/wp-content\/uploads\/sites\/15\/2018\/02\/P1030054.jpg'><img loading=\"lazy\" decoding=\"async\" width=\"150\" height=\"150\" src=\"https:\/\/ongd.lgs.lu\/wp-content\/uploads\/sites\/15\/2018\/02\/P1030054-150x150.jpg\" class=\"attachment-thumbnail size-thumbnail\" alt=\"\" srcset=\"https:\/\/ongd.lgs.lu\/wp-content\/uploads\/sites\/15\/2018\/02\/P1030054-150x150.jpg 150w, https:\/\/ongd.lgs.lu\/wp-content\/uploads\/sites\/15\/2018\/02\/P1030054-700x700.jpg 700w, https:\/\/ongd.lgs.lu\/wp-content\/uploads\/sites\/15\/2018\/02\/P1030054-125x125.jpg 125w\" sizes=\"auto, (max-width: 150px) 100vw, 150px\" \/><\/a>\n\t\t\t<\/div><\/figure><figure class='gallery-item'>\n\t\t\t<div class='gallery-icon landscape'>\n\t\t\t\t<a data-lightbox=\"gallery\" href='https:\/\/ongd.lgs.lu\/wp-content\/uploads\/sites\/15\/2018\/02\/P1030053.jpg'><img loading=\"lazy\" decoding=\"async\" width=\"150\" height=\"150\" src=\"https:\/\/ongd.lgs.lu\/wp-content\/uploads\/sites\/15\/2018\/02\/P1030053-150x150.jpg\" class=\"attachment-thumbnail size-thumbnail\" alt=\"\" srcset=\"https:\/\/ongd.lgs.lu\/wp-content\/uploads\/sites\/15\/2018\/02\/P1030053-150x150.jpg 150w, https:\/\/ongd.lgs.lu\/wp-content\/uploads\/sites\/15\/2018\/02\/P1030053-700x700.jpg 700w, https:\/\/ongd.lgs.lu\/wp-content\/uploads\/sites\/15\/2018\/02\/P1030053-125x125.jpg 125w\" sizes=\"auto, (max-width: 150px) 100vw, 150px\" \/><\/a>\n\t\t\t<\/div><\/figure><figure class='gallery-item'>\n\t\t\t<div class='gallery-icon portrait'>\n\t\t\t\t<a data-lightbox=\"gallery\" href='https:\/\/ongd.lgs.lu\/wp-content\/uploads\/sites\/15\/2018\/02\/photo-niger-299.jpg'><img loading=\"lazy\" decoding=\"async\" width=\"150\" height=\"150\" src=\"https:\/\/ongd.lgs.lu\/wp-content\/uploads\/sites\/15\/2018\/02\/photo-niger-299-150x150.jpg\" class=\"attachment-thumbnail size-thumbnail\" alt=\"\" srcset=\"https:\/\/ongd.lgs.lu\/wp-content\/uploads\/sites\/15\/2018\/02\/photo-niger-299-150x150.jpg 150w, https:\/\/ongd.lgs.lu\/wp-content\/uploads\/sites\/15\/2018\/02\/photo-niger-299-700x700.jpg 700w, https:\/\/ongd.lgs.lu\/wp-content\/uploads\/sites\/15\/2018\/02\/photo-niger-299-125x125.jpg 125w\" sizes=\"auto, (max-width: 150px) 100vw, 150px\" \/><\/a>\n\t\t\t<\/div><\/figure>\n\t\t<\/div>\n\n","protected":false},"excerpt":{"rendered":"<p>D\u2019\u00a0\u00cbnnerst\u00ebtzung vun der ONGD, vum Zenter Zumuntchi, an dem communautairen Radiosender fir deenen Jonken en Informatiouns-, Formatiouns- an Expressiounskader ze bidden fir aus hinnen verantwortlech Bierger ze machen d\u00e9i un der lokaler Entw\u00e9cklung deelhuelen. Lokale Partner ONG Gakassiney \u2013 ONG des scouts du Niger Ziler Verbesseren vum Formatiouns- an Sensibilisatiounskader vun den Jonken aus der&#8230;  <a class=\"excerpt-read-more\" href=\"https:\/\/ongd.lgs.lu\/fr\/projeten\/niger\/fr-centre-zumuntchi-de-long-gakassiney-2018-2021\/\" title=\"Read\u00cbnnerst\u00ebtzung vun der Zenter Zumuntchi 2018-2021\">Read more &raquo;<\/a><\/p>\n","protected":false},"author":1298,"featured_media":890,"parent":30,"menu_order":5,"comment_status":"closed","ping_status":"closed","template":"","meta":{"footnotes":""},"class_list":["post-887","page","type-page","status-publish","has-post-thumbnail","hentry"],"_links":{"self":[{"href":"https:\/\/ongd.lgs.lu\/fr\/wp-json\/wp\/v2\/pages\/887","targetHints":{"allow":["GET"]}}],"collection":[{"href":"https:\/\/ongd.lgs.lu\/fr\/wp-json\/wp\/v2\/pages"}],"about":[{"href":"https:\/\/ongd.lgs.lu\/fr\/wp-json\/wp\/v2\/types\/page"}],"author":[{"embeddable":true,"href":"https:\/\/ongd.lgs.lu\/fr\/wp-json\/wp\/v2\/users\/1298"}],"replies":[{"embeddable":true,"href":"https:\/\/ongd.lgs.lu\/fr\/wp-json\/wp\/v2\/comments?post=887"}],"version-history":[{"count":19,"href":"https:\/\/ongd.lgs.lu\/fr\/wp-json\/wp\/v2\/pages\/887\/revisions"}],"predecessor-version":[{"id":3387,"href":"https:\/\/ongd.lgs.lu\/fr\/wp-json\/wp\/v2\/pages\/887\/revisions\/3387"}],"up":[{"embeddable":true,"href":"https:\/\/ongd.lgs.lu\/fr\/wp-json\/wp\/v2\/pages\/30"}],"wp:featuredmedia":[{"embeddable":true,"href":"https:\/\/ongd.lgs.lu\/fr\/wp-json\/wp\/v2\/media\/890"}],"wp:attachment":[{"href":"https:\/\/ongd.lgs.lu\/fr\/wp-json\/wp\/v2\/media?parent=887"}],"curies":[{"name":"wp","href":"https:\/\/api.w.org\/{rel}","templated":true}]}}